{"id":2,"date":"2022-07-28T09:57:16","date_gmt":"2022-07-28T09:57:16","guid":{"rendered":"https:\/\/carbonizationplant.com\/?page_id=2"},"modified":"2022-12-02T15:40:52","modified_gmt":"2022-12-02T07:40:52","slug":"about-us","status":"publish","type":"page","link":"https:\/\/carbonizationplant.com\/es\/about-us\/","title":{"rendered":"Sobre nosotros"},"content":{"rendered":"<h2 class=\"wp-block-heading\">CULTURA DE LA EMPRESA<\/h2>    <p>Shuliy Machinery siempre se ha adherido a la misi\u00f3n de \"permitir que las m\u00e1quinas chinas cambien todos los rincones del mundo\". Hacemos todo lo posible para brindar valor a los clientes, permitir que nuestras m\u00e1quinas ayuden a los clientes en la producci\u00f3n y operaci\u00f3n, mejorar la eficiencia de la producci\u00f3n y generar mayores ganancias.<\/p>    <figure class=\"wp-block-image size-full\"><img loading=\"lazy\" decoding=\"async\" width=\"1024\" height=\"536\" src=\"https:\/\/carbonizationplant.com\/wp-content\/uploads\/2022\/08\/shuliy-machinery-1024x536-1.webp\" alt=\"\" class=\"wp-image-151\" title=\"\"><\/figure>    <h2 class=\"wp-block-heading\" id=\"h-what-we-do\">QUE HACEMOS<\/h2>    <p>Promovemos soluciones de carbonizaci\u00f3n de biomasa, m\u00e1quinas de carbonizaci\u00f3n de carb\u00f3n vegetal e implementaci\u00f3n de proyectos espec\u00edficos en el mercado global. La gama de carbonizaci\u00f3n incluye combustibles de biomasa, incluidos troncos, bamb\u00fa, c\u00e1scaras de arroz, c\u00e1scaras de coco, c\u00e1scaras de palma, etc. Tambi\u00e9n se puede utilizar para carbonizar lodos de depuradora y desechos dom\u00e9sticos.<\/p>    <h2 class=\"wp-block-heading\" id=\"h-why-choose-us\">Por qu\u00e9 elegirnos<\/h2>    <ul class=\"wp-block-list\"> <li>Especializados en la fabricaci\u00f3n de equipos para carb\u00f3n, todos los productos de Shuliy han sido certificados por ISO, SGS, CE, etc.<\/li>    <li>El \u00e1mbito de aplicaci\u00f3n es m\u00e1s completo. Las m\u00e1quinas de carb\u00f3n de Shuliy pueden procesar todo tipo de biomasa y lodos de depuradora industriales. Y los clientes pueden elegir entre una amplia gama de modelos y opciones de m\u00e1quinas que ofrecemos.<\/li>    <li>Shuliy Machinery proporciona un excelente sistema de servicio postventa. Despu\u00e9s de que la m\u00e1quina para fabricar carb\u00f3n llegue a su ciudad sin problemas, le brindaremos orientaci\u00f3n remota en l\u00ednea para ayudarlo a instalar el equipo o enviaremos a nuestros t\u00e9cnicos al extranjero para recibir orientaci\u00f3n en el sitio. Recientemente, nuestra biomasa <a href=\"https:\/\/carbonizationplant.com\/es\/Info\/biomass-charcoal-making-machine-exported-to-guinea\/\"><strong>La m\u00e1quina para fabricar carb\u00f3n se export\u00f3 a Guinea.<\/strong><\/a>, y debido al gran volumen de producci\u00f3n del cliente, enviamos a nuestros t\u00e9cnicos a Guinea para brindar el servicio de instalaci\u00f3n, y ahora la planta ha sido instalada y puesta en producci\u00f3n.<\/li> <\/ul>   <div class=\"wp-block-image\"> <figure class=\"aligncenter size-full\"><img loading=\"lazy\" decoding=\"async\" width=\"1900\" height=\"800\" src=\"https:\/\/carbonizationplant.com\/wp-content\/uploads\/2022\/08\/CETificate.webp\" alt=\"\" class=\"wp-image-231\" title=\"\"><\/figure> <\/div>   <h2 class=\"wp-block-heading\">D\u00d3NDE ESTAMOS<\/h2>    <p>Shuliy Machinery est\u00e1 ubicada en la zona de desarrollo econ\u00f3mico de Zhengzhou, Henan, China. \u00a1Bienvenido a visitar la f\u00e1brica de Shuliy en cualquier momento!<\/p>    <figure class=\"wp-block-image size-full\"><img loading=\"lazy\" decoding=\"async\" width=\"720\" height=\"540\" src=\"https:\/\/carbonizationplant.com\/wp-content\/uploads\/2022\/08\/location-1.webp\" alt=\"\" class=\"wp-image-223\" title=\"\"><\/figure>    <div class=\"wp-block-shuliy-wp-blocks-heading\" style=\"padding:0 0 0 0 ;margin:20px auto 0 auto \"><h2 class=\"wp-block-shuliy-wp-blocks-heading__content\" placeholder=\"heading content\" style=\"justify-content:flex-start;font-size:24px\"><\/h2><\/div>    <div class=\"wp-block-shuliy-wp-blocks-heading\" style=\"padding:0 0 0 0 ;margin:20px auto 0 auto \"><h2 class=\"wp-block-shuliy-wp-blocks-heading__content\" placeholder=\"heading content\" style=\"justify-content:flex-start;font-size:24px\"><\/h2><\/div>","protected":false},"excerpt":{"rendered":"<p>COMPANY CULTURE Shuliy Machinery has always adhered to the mission of &#8220;letting Chinese machines change every corner of the world&#8221;. We do everything possible to provide value to customers, let our machines help customers in production and operation, improve production efficiency, and create more high profits. WHAT WE DO We promote biomass carbonization solutions, charcoal [&hellip;]<\/p>\n","protected":false},"author":1,"featured_media":0,"parent":0,"menu_order":0,"comment_status":"closed","ping_status":"open","template":"","meta":{"footnotes":""},"class_list":["post-2","page","type-page","status-publish","hentry"],"_links":{"self":[{"href":"https:\/\/carbonizationplant.com\/es\/wp-json\/wp\/v2\/pages\/2","targetHints":{"allow":["GET"]}}],"collection":[{"href":"https:\/\/carbonizationplant.com\/es\/wp-json\/wp\/v2\/pages"}],"about":[{"href":"https:\/\/carbonizationplant.com\/es\/wp-json\/wp\/v2\/types\/page"}],"author":[{"embeddable":true,"href":"https:\/\/carbonizationplant.com\/es\/wp-json\/wp\/v2\/users\/1"}],"replies":[{"embeddable":true,"href":"https:\/\/carbonizationplant.com\/es\/wp-json\/wp\/v2\/comments?post=2"}],"version-history":[{"count":0,"href":"https:\/\/carbonizationplant.com\/es\/wp-json\/wp\/v2\/pages\/2\/revisions"}],"wp:attachment":[{"href":"https:\/\/carbonizationplant.com\/es\/wp-json\/wp\/v2\/media?parent=2"}],"curies":[{"name":"wp","href":"https:\/\/api.w.org\/{rel}","templated":true}]}}