{"id":634,"date":"2025-09-24T17:53:44","date_gmt":"2025-09-24T09:53:44","guid":{"rendered":"https:\/\/carbonizationplant.com\/?page_id=634"},"modified":"2025-09-24T17:53:45","modified_gmt":"2025-09-24T09:53:45","slug":"3d-design-capability","status":"publish","type":"page","link":"https:\/\/carbonizationplant.com\/es\/3d-design-capability\/","title":{"rendered":"Capacidad de dise\u00f1o 3D"},"content":{"rendered":"<h2 class=\"wp-block-heading\">Aplicaciones de <strong><a href=\"https:\/\/carbonizationplant.com\/es\/product\/horno-de-carbonizacion-horizontal\/\">horno de carbonizaci\u00f3n horizontal<\/a><\/strong><\/h2>    <div class=\"wp-block-columns is-layout-flex wp-container-core-columns-is-layout-9d6595d7 wp-block-columns-is-layout-flex\"> <div class=\"wp-block-column is-layout-flow wp-block-column-is-layout-flow\"> <figure class=\"wp-block-image size-full\"><img loading=\"lazy\" decoding=\"async\" width=\"720\" height=\"540\" src=\"https:\/\/carbonizationplant.com\/wp-content\/uploads\/2025\/09\/Applications-of-horizontal-carbonization-furnace-1.webp\" alt=\"Aplicaciones del horno de carbonizaci\u00f3n horizontal 1\" class=\"wp-image-621\" title=\"\" srcset=\"https:\/\/carbonizationplant.com\/wp-content\/uploads\/2025\/09\/Applications-of-horizontal-carbonization-furnace-1.webp 720w, https:\/\/carbonizationplant.com\/wp-content\/uploads\/2025\/09\/Applications-of-horizontal-carbonization-furnace-1-300x225.webp 300w, https:\/\/carbonizationplant.com\/wp-content\/uploads\/2025\/09\/Applications-of-horizontal-carbonization-furnace-1-16x12.webp 16w\" sizes=\"auto, (max-width: 720px) 100vw, 720px\" \/><figcaption class=\"wp-element-caption\">Aplicaciones del horno de carbonizaci\u00f3n horizontal 1<\/figcaption><\/figure> <\/div>    <div class=\"wp-block-column is-layout-flow wp-block-column-is-layout-flow\"> <figure class=\"wp-block-image size-full\"><img loading=\"lazy\" decoding=\"async\" width=\"720\" height=\"540\" src=\"https:\/\/carbonizationplant.com\/wp-content\/uploads\/2025\/09\/Applications-of-horizontal-carbonization-furnace-2.webp\" alt=\"Aplicaciones del horno de carbonizaci\u00f3n horizontal 2\" class=\"wp-image-622\" title=\"\" srcset=\"https:\/\/carbonizationplant.com\/wp-content\/uploads\/2025\/09\/Applications-of-horizontal-carbonization-furnace-2.webp 720w, https:\/\/carbonizationplant.com\/wp-content\/uploads\/2025\/09\/Applications-of-horizontal-carbonization-furnace-2-300x225.webp 300w, https:\/\/carbonizationplant.com\/wp-content\/uploads\/2025\/09\/Applications-of-horizontal-carbonization-furnace-2-16x12.webp 16w\" sizes=\"auto, (max-width: 720px) 100vw, 720px\" \/><figcaption class=\"wp-element-caption\">Aplicaciones del horno de carbonizaci\u00f3n horizontal 2<\/figcaption><\/figure> <\/div> <\/div>    <h2 class=\"wp-block-heading\">Aplicaciones de <strong><a href=\"https:\/\/carbonizationplant.com\/es\/product\/hoisting-carbonization-furnace\/\">horno de carbonizaci\u00f3n vertical<\/a><\/strong><\/h2>    <div class=\"wp-block-columns is-layout-flex wp-container-core-columns-is-layout-9d6595d7 wp-block-columns-is-layout-flex\"> <div class=\"wp-block-column is-layout-flow wp-block-column-is-layout-flow\"> <figure class=\"wp-block-image size-full\"><img loading=\"lazy\" decoding=\"async\" width=\"720\" height=\"540\" src=\"https:\/\/carbonizationplant.com\/wp-content\/uploads\/2025\/09\/Applications-of-vertical-carbonization-furnace-1.webp\" alt=\"Aplicaciones del horno de carbonizaci\u00f3n vertical 1.\" class=\"wp-image-629\" title=\"\" srcset=\"https:\/\/carbonizationplant.com\/wp-content\/uploads\/2025\/09\/Applications-of-vertical-carbonization-furnace-1.webp 720w, https:\/\/carbonizationplant.com\/wp-content\/uploads\/2025\/09\/Applications-of-vertical-carbonization-furnace-1-300x225.webp 300w, https:\/\/carbonizationplant.com\/wp-content\/uploads\/2025\/09\/Applications-of-vertical-carbonization-furnace-1-16x12.webp 16w\" sizes=\"auto, (max-width: 720px) 100vw, 720px\" \/><figcaption class=\"wp-element-caption\">Aplicaciones del horno de carbonizaci\u00f3n vertical 1.<\/figcaption><\/figure> <\/div>    <div class=\"wp-block-column is-layout-flow wp-block-column-is-layout-flow\"> <figure class=\"wp-block-image size-full\"><img loading=\"lazy\" decoding=\"async\" width=\"720\" height=\"540\" src=\"https:\/\/carbonizationplant.com\/wp-content\/uploads\/2025\/09\/Applications-of-vertical-carbonization-furnace-2.webp\" alt=\"Aplicaciones del horno de carbonizaci\u00f3n vertical 2\" class=\"wp-image-630\" title=\"\" srcset=\"https:\/\/carbonizationplant.com\/wp-content\/uploads\/2025\/09\/Applications-of-vertical-carbonization-furnace-2.webp 720w, https:\/\/carbonizationplant.com\/wp-content\/uploads\/2025\/09\/Applications-of-vertical-carbonization-furnace-2-300x225.webp 300w, https:\/\/carbonizationplant.com\/wp-content\/uploads\/2025\/09\/Applications-of-vertical-carbonization-furnace-2-16x12.webp 16w\" sizes=\"auto, (max-width: 720px) 100vw, 720px\" \/><figcaption class=\"wp-element-caption\">Aplicaciones del horno de carbonizaci\u00f3n vertical 2<\/figcaption><\/figure> <\/div> <\/div>    <h2 class=\"wp-block-heading\">Aplicaciones de <strong><a href=\"https:\/\/carbonizationplant.com\/es\/product\/continuous-charcoal-making-stove\/\">horno de carbonizaci\u00f3n continua<\/a><\/strong><\/h2>    <div class=\"wp-block-columns is-layout-flex wp-container-core-columns-is-layout-9d6595d7 wp-block-columns-is-layout-flex\"> <div class=\"wp-block-column is-layout-flow wp-block-column-is-layout-flow\"> <figure class=\"wp-block-image size-full\"><img loading=\"lazy\" decoding=\"async\" width=\"720\" height=\"540\" src=\"https:\/\/carbonizationplant.com\/wp-content\/uploads\/2025\/09\/Applications-of-continuous-carbonization-furnace-1.webp\" alt=\"Aplicaciones del horno de carbonizaci\u00f3n continua 1\" class=\"wp-image-627\" title=\"\" srcset=\"https:\/\/carbonizationplant.com\/wp-content\/uploads\/2025\/09\/Applications-of-continuous-carbonization-furnace-1.webp 720w, https:\/\/carbonizationplant.com\/wp-content\/uploads\/2025\/09\/Applications-of-continuous-carbonization-furnace-1-300x225.webp 300w, https:\/\/carbonizationplant.com\/wp-content\/uploads\/2025\/09\/Applications-of-continuous-carbonization-furnace-1-16x12.webp 16w\" sizes=\"auto, (max-width: 720px) 100vw, 720px\" \/><figcaption class=\"wp-element-caption\">Aplicaciones del horno de carbonizaci\u00f3n continua 1<\/figcaption><\/figure> <\/div>    <div class=\"wp-block-column is-layout-flow wp-block-column-is-layout-flow\"> <figure class=\"wp-block-image size-full\"><img loading=\"lazy\" decoding=\"async\" width=\"720\" height=\"540\" src=\"https:\/\/carbonizationplant.com\/wp-content\/uploads\/2025\/09\/Applications-of-continuous-carbonization-furnace-2.webp\" alt=\"Aplicaciones del horno de carbonizaci\u00f3n continua 2\" class=\"wp-image-628\" title=\"\" srcset=\"https:\/\/carbonizationplant.com\/wp-content\/uploads\/2025\/09\/Applications-of-continuous-carbonization-furnace-2.webp 720w, https:\/\/carbonizationplant.com\/wp-content\/uploads\/2025\/09\/Applications-of-continuous-carbonization-furnace-2-300x225.webp 300w, https:\/\/carbonizationplant.com\/wp-content\/uploads\/2025\/09\/Applications-of-continuous-carbonization-furnace-2-16x12.webp 16w\" sizes=\"auto, (max-width: 720px) 100vw, 720px\" \/><figcaption class=\"wp-element-caption\">Aplicaciones del horno de carbonizaci\u00f3n continua 2<\/figcaption><\/figure> <\/div> <\/div>    <p>Los anteriores son solo ejemplos de planes de producci\u00f3n que hemos elaborado para nuestros clientes. Shuliy ha proporcionado soluciones de producci\u00f3n de carbonizaci\u00f3n de primera clase a m\u00e1s de 50 pa\u00edses y regiones. Ofrecemos servicios completos antes de la venta, durante la venta y despu\u00e9s de la venta. Le invitamos a consultarnos sobre cualquier producto o duda relacionada con hornos de carbonizaci\u00f3n, y nos pondremos en contacto con usted en 24 horas para ofrecer informaci\u00f3n m\u00e1s detallada.<\/p>","protected":false},"excerpt":{"rendered":"<p>Applications of horizontal carbonization furnace Applications of vertical carbonization furnace Applications of continuous carbonization furnace The above are just examples of production plans we made for our customers. Shuliy has provided first-class carbonization production solutions to more than 50 countries and regions. We offer complete pre-sale, in-sale, and after-sale services. You are welcome to consult [&hellip;]<\/p>\n","protected":false},"author":1,"featured_media":0,"parent":0,"menu_order":0,"comment_status":"closed","ping_status":"closed","template":"","meta":{"footnotes":""},"class_list":["post-634","page","type-page","status-publish","hentry"],"_links":{"self":[{"href":"https:\/\/carbonizationplant.com\/es\/wp-json\/wp\/v2\/pages\/634","targetHints":{"allow":["GET"]}}],"collection":[{"href":"https:\/\/carbonizationplant.com\/es\/wp-json\/wp\/v2\/pages"}],"about":[{"href":"https:\/\/carbonizationplant.com\/es\/wp-json\/wp\/v2\/types\/page"}],"author":[{"embeddable":true,"href":"https:\/\/carbonizationplant.com\/es\/wp-json\/wp\/v2\/users\/1"}],"replies":[{"embeddable":true,"href":"https:\/\/carbonizationplant.com\/es\/wp-json\/wp\/v2\/comments?post=634"}],"version-history":[{"count":0,"href":"https:\/\/carbonizationplant.com\/es\/wp-json\/wp\/v2\/pages\/634\/revisions"}],"wp:attachment":[{"href":"https:\/\/carbonizationplant.com\/es\/wp-json\/wp\/v2\/media?parent=634"}],"curies":[{"name":"wp","href":"https:\/\/api.w.org\/{rel}","templated":true}]}}