{"id":105,"date":"2022-08-03T07:46:43","date_gmt":"2022-08-03T07:46:43","guid":{"rendered":"https:\/\/carbonizationplant.com\/?post_type=product&#038;p=105"},"modified":"2022-10-10T17:25:23","modified_gmt":"2022-10-10T09:25:23","slug":"coconut-shell-charcoal-making-machine","status":"publish","type":"product","link":"https:\/\/carbonizationplant.com\/es\/product\/maquina-para-fabricar-carbon-de-cascara-de-coco\/","title":{"rendered":"La mejor m\u00e1quina para fabricar carb\u00f3n de c\u00e1scara de coco"},"content":{"rendered":"<p>La m\u00e1quina para fabricar carb\u00f3n de c\u00e1scara de coco Shuliy a la venta es competitiva, podemos proporcionar muchos tipos diferentes de m\u00e1quinas seg\u00fan su situaci\u00f3n personal. El proceso de fabricaci\u00f3n de carb\u00f3n vegetal no causa problemas ambientales al medio ambiente y el producto final generar\u00e1 grandes ganancias para los clientes. <\/p>   <div class=\"wp-block-image\"> <figure class=\"aligncenter size-full\"><img loading=\"lazy\" decoding=\"async\" width=\"720\" height=\"540\" src=\"https:\/\/carbonizationplant.com\/wp-content\/uploads\/2022\/08\/charcoal-making-machine-21.webp\" alt=\"\" class=\"wp-image-115\" title=\"\"><figcaption>m\u00e1quina para fabricar carb\u00f3n de c\u00e1scara de coco<\/figcaption><\/figure> <\/div>   <h2 class=\"wp-block-heading\">Materias primas y productos finales.<\/h2>    <p>Las c\u00e1scaras de coco usadas est\u00e1n por todas partes, y si las c\u00e1scaras de coco desechadas se tiran o se queman, no se aprovechan por completo. Sin embargo, fabricar carb\u00f3n vegetal a partir de c\u00e1scaras de coco puede aumentar su valor comercial. El carb\u00f3n de c\u00e1scara de coco final puede ser una materia prima de alta calidad para fabricar carb\u00f3n para barbacoa y carb\u00f3n para narguile.<\/p>    <figure class=\"wp-block-gallery has-nested-images columns-default is-cropped wp-block-gallery-2 is-layout-flex wp-block-gallery-is-layout-flex\"> <figure class=\"wp-block-image size-large\"><img loading=\"lazy\" decoding=\"async\" width=\"720\" height=\"540\" data-id=\"107\" src=\"https:\/\/carbonizationplant.com\/wp-content\/uploads\/2022\/08\/coconut-shells-.webp\" alt=\"c\u00e1scaras de coco\" class=\"wp-image-107\" title=\"\"><figcaption>c\u00e1scaras de coco<\/figcaption><\/figure>    <figure class=\"wp-block-image size-large\"><img loading=\"lazy\" decoding=\"async\" width=\"500\" height=\"500\" data-id=\"108\" src=\"https:\/\/carbonizationplant.com\/wp-content\/uploads\/2022\/08\/coconut-shell-charcoal.webp\" alt=\"carb\u00f3n de c\u00e1scara de coco\" class=\"wp-image-108\" title=\"\"><figcaption>carb\u00f3n de c\u00e1scara de coco<\/figcaption><\/figure> <\/figure>    <p> <\/p>    <h2 class=\"wp-block-heading\">Datos t\u00e9cnicos de la m\u00e1quina para fabricar carb\u00f3n vegetal de c\u00e1scara de coco.<\/h2>    <figure class=\"wp-block-table\"><table><tbody><tr><td>Modelo<\/td><td>SL-0812<\/td><td>SL-1015<\/td><td>SL-1218<\/td><td>SL-1320<\/td><\/tr><tr><td>Capacidad de alimentaci\u00f3n por hora<\/td><td>500 kilos<\/td><td>0,8-1\u00a0toneladas<\/td><td>1,5-2 toneladas<\/td><td>2,5-3 toneladas<\/td><\/tr><tr><td>M\u00e9todo de trabajo<\/td><td>carbonizaci\u00f3n continua<\/td><td><\/td><td><\/td><td><\/td><\/tr><tr><td>Tama\u00f1o del reactor<\/td><td>800 mm<\/td><td>1000 mm<\/td><td>1300 mm<\/td><td>1700 mm<\/td><\/tr><tr><td>Materiales de calefacci\u00f3n<\/td><td>Carb\u00f3n, le\u00f1a, gas\u00f3leo, gas natural, GLP, pellets de biomasa, etc.<\/td><td><\/td><td><\/td><td><\/td><\/tr><tr><td>Poder total<\/td><td>40 kw\/h<\/td><td>55 kw\/h<\/td><td>60 kw\/h<\/td><td>72 kw\/h<\/td><\/tr><tr><td>\u00c1rea de piso (L*W*H)<\/td><td>30m*15m*7m<\/td><td>35*15*7m<\/td><td>45*15*10m<\/td><td>50*15*10m<\/td><\/tr><tr><td>Presi\u00f3n operacional<\/td><td>Presi\u00f3n constante<\/td><td>Presi\u00f3n constante<\/td><td>Presi\u00f3n constante<\/td><td>Presi\u00f3n constante<\/td><\/tr><tr><td>M\u00e9todo de enfriamiento<\/td><td>Refrigeraci\u00f3n por agua de reciclaje<\/td><td><\/td><td><\/td><td><\/td><\/tr><\/tbody><\/table><\/figure>    <h2 class=\"wp-block-heading\">M\u00e1quina de carb\u00f3n de c\u00e1scara de coco Shuliy a la venta<\/h2>    <p>El grupo Shuliy ofrece a sus clientes cuatro tipos de m\u00e1quinas para fabricar carb\u00f3n de coco, incluidos dos tipos por lotes y dos tipos continuos. Los tipos discontinuos son un horno de carbonizaci\u00f3n elevador y uno horizontal, son mucho m\u00e1s adecuados para peque\u00f1as plantas de carb\u00f3n vegetal. <\/p>    <p>Los tipos continuos son la peque\u00f1a m\u00e1quina de carb\u00f3n continuo y la m\u00e1quina de carb\u00f3n de pir\u00f3lisis. Adem\u00e1s, los clientes pueden elegir el horno de carb\u00f3n m\u00e1s adecuado para usted seg\u00fan el tama\u00f1o de la materia prima, la instalaci\u00f3n, el espacio y el nivel de automatizaci\u00f3n. Env\u00edenos sus requisitos y le recomendaremos la m\u00e1quina para fabricar carb\u00f3n de c\u00e1scara de coco adecuada para usted.<\/p>    <div class=\"wp-block-media-text alignwide is-stacked-on-mobile\"><figure class=\"wp-block-media-text__media\"><a href=\"https:\/\/carbonizationplant.com\/es\/product\/hoisting-carbonization-furnace\/\"><img loading=\"lazy\" decoding=\"async\" width=\"720\" height=\"540\" src=\"https:\/\/carbonizationplant.com\/wp-content\/uploads\/2022\/08\/vertical-charcoal-making-machine1.webp\" alt=\"m\u00e1quina vertical para fabricar carb\u00f3n\" class=\"wp-image-116 size-full\" title=\"\"><\/a><\/figure><div class=\"wp-block-media-text__content\"> <h3 class=\"wp-block-heading\"><a href=\"https:\/\/carbonizationplant.com\/es\/product\/hoisting-carbonization-furnace\/\">Horno de carbonizaci\u00f3n de elevaci\u00f3n<\/a><\/h3>    <ul class=\"wp-block-list\"><li>Trabajo tipo lote, completando un lote de carb\u00f3n cada 6-8 horas<\/li><li>Operaci\u00f3n simple y tecnolog\u00eda f\u00e1cil de aprender.<\/li><li>Cada m\u00e1quina vertical para fabricar carb\u00f3n est\u00e1 equipada con un revestimiento interior adicional para mejorar la eficiencia de la carbonizaci\u00f3n.<\/li><\/ul> <\/div><\/div>    <div class=\"wp-block-media-text alignwide has-media-on-the-right is-stacked-on-mobile\"><figure class=\"wp-block-media-text__media\"><a href=\"https:\/\/carbonizationplant.com\/es\/product\/horno-de-carbonizacion-horizontal\/\"><img loading=\"lazy\" decoding=\"async\" width=\"720\" height=\"540\" src=\"https:\/\/carbonizationplant.com\/wp-content\/uploads\/2022\/08\/horizontal-charcoal-making-machine1.webp\" alt=\"m\u00e1quina para fabricar carb\u00f3n horizontal\" class=\"wp-image-118 size-full\" title=\"\"><\/a><\/figure><div class=\"wp-block-media-text__content\"> <h3 class=\"wp-block-heading\"><a href=\"https:\/\/carbonizationplant.com\/es\/product\/horno-de-carbonizacion-horizontal\/\">Horno de carbonizaci\u00f3n de elevaci\u00f3n<\/a><\/h3>    <ul class=\"wp-block-list\"><li>Trabajo tipo lote, completando un lote de carbonizaci\u00f3n cada 12 horas.<\/li><li>La lana de roca de alta temperatura dentro del horno de carbonizaci\u00f3n asegura la temperatura dentro del horno.<\/li><li>La m\u00e1quina horizontal para fabricar carb\u00f3n vegetal de c\u00e1scara de coco est\u00e1 equipada con un carro, que es muy c\u00f3modo de operar y tiene una gran capacidad.<\/li><\/ul> <\/div><\/div>    <div class=\"wp-block-media-text alignwide is-stacked-on-mobile\"><figure class=\"wp-block-media-text__media\"><img loading=\"lazy\" decoding=\"async\" width=\"720\" height=\"540\" src=\"https:\/\/carbonizationplant.com\/wp-content\/uploads\/2022\/08\/small-type-continuous-charcoal-maker1-1.webp\" alt=\"fabricante de carb\u00f3n continuo de tipo peque\u00f1o\" class=\"wp-image-120 size-full\" title=\"\"><\/figure><div class=\"wp-block-media-text__content\"> <h3 class=\"wp-block-heading\"><a href=\"https:\/\/carbonizationplant.com\/es\/product\/continuous-charcoal-making-stove\/\">Horno de carb\u00f3n continuo<\/a><\/h3>    <ul class=\"wp-block-list\"><li>El horno de carb\u00f3n continuo puede funcionar de forma continua durante 24 horas, con alta eficiencia de producci\u00f3n y alto rendimiento.<\/li><li>La materia prima debe tener preferiblemente menos de 2 cm, para que el efecto de carbonizaci\u00f3n sea bueno.<\/li><li>El horno de carbonizaci\u00f3n continua realiza las funciones de recolecci\u00f3n autom\u00e1tica de l\u00edquido de vinagre de madera y alquitr\u00e1n y sincronizaci\u00f3n de la circulaci\u00f3n de gas combustible.<\/li><\/ul> <\/div><\/div>    <div class=\"wp-block-media-text alignwide has-media-on-the-right is-stacked-on-mobile\"><figure class=\"wp-block-media-text__media\"><a href=\"https:\/\/carbonizationplant.com\/es\/product\/newest-continuous-carbonization-furnace\/\"><img loading=\"lazy\" decoding=\"async\" width=\"720\" height=\"540\" src=\"https:\/\/carbonizationplant.com\/wp-content\/uploads\/2022\/08\/continuous-charcoal-maker1.webp\" alt=\"\" class=\"wp-image-119 size-full\" title=\"\"><\/a><\/figure><div class=\"wp-block-media-text__content\"> <h3 class=\"wp-block-heading\"><a href=\"https:\/\/carbonizationplant.com\/es\/product\/newest-continuous-carbonization-furnace\/\">M\u00e1quina de carb\u00f3n continuo avanzada<\/a><\/h3>    <ul class=\"wp-block-list\"><li>La m\u00e1quina para fabricar carb\u00f3n vegetal de c\u00e1scara de coco adopta un modo de trabajo de tipo continuo.<\/li><li>El equipo est\u00e1 muy bien sellado, no habr\u00e1 llamas abiertas.<\/li><li>Presi\u00f3n negativa dentro del horno para garantizar un funcionamiento seguro y un dispositivo a prueba de explosiones al final para garantizar la seguridad operativa.<\/li><\/ul> <\/div><\/div>    <h2 class=\"wp-block-heading\">Proceso de elaboraci\u00f3n del carb\u00f3n de c\u00e1scara de coco.<\/h2>    <p>Triturar y secar las c\u00e1scaras de coco es el primer paso. Si la humedad y el volumen de las c\u00e1scaras de coco son grandes, es necesario utilizar una secadora y una trituradora para procesarlas, el tama\u00f1o de las c\u00e1scaras de coco puede ser preferiblemente inferior a 2 cm, cuanto m\u00e1s peque\u00f1o sea el tama\u00f1o, mejor ser\u00e1 el efecto de carbonizaci\u00f3n y m\u00e1s corto ser\u00e1 el tiempo de carbonizaci\u00f3n. requerido.<\/p>    <p>Las c\u00e1scaras de coco se introducen autom\u00e1ticamente en el reactor de fabricaci\u00f3n de carb\u00f3n de c\u00e1scara de coco mediante un transportador. Despu\u00e9s del precalentamiento, la reacci\u00f3n de pir\u00f3lisis de la c\u00e1scara de coco comienza a medida que aumenta la temperatura. Cuando la temperatura alcanza los 300-600 grados, se elabora carb\u00f3n de c\u00e1scara de coco.<\/p>    <p>Teniendo en cuenta el aspecto de protecci\u00f3n ambiental, en el proceso de fabricaci\u00f3n de carb\u00f3n vegetal de c\u00e1scara de coco, el gas combustible producido en el proceso de pir\u00f3lisis ingresa al sello de agua para eliminar el azufre y el polvo. En este proceso se produce biog\u00e1s, alquitr\u00e1n y vinagre de madera l\u00edquido. El carb\u00f3n final de c\u00e1scara de coco se descargar\u00e1 al final del reactor a trav\u00e9s de un emisor enfriado por agua a una temperatura de unos 30 grados cent\u00edgrados.<\/p>    <h2 class=\"wp-block-heading\">Precio de la m\u00e1quina de carb\u00f3n de c\u00e1scara de coco<\/h2>    <p>Cada equipo de carbonizaci\u00f3n de Shuliy Machinery es de alta calidad y precio razonable. Creemos que su inversi\u00f3n en nuestra planta vale la pena. El precio de los diferentes tipos de m\u00e1quinas para fabricar carb\u00f3n de c\u00e1scara de coco var\u00eda. El precio se ve afectado por el estilo de la m\u00e1quina, el tama\u00f1o de la producci\u00f3n, el precio del equipo auxiliar, el precio del equipo opcional y el costo de env\u00edo. Si los clientes tienen requisitos personalizados, se cambiar\u00e1 el costo. Puede consultarnos y le facilitaremos una lista de precios detallada.<\/p>    <h2 class=\"wp-block-heading\">Exitoso proyecto de fabricaci\u00f3n de carb\u00f3n de coco<\/h2>    <p>Malasia es rica en recursos naturales y la planta local de procesamiento de madera compr\u00f3 nuestra gran m\u00e1quina para fabricar carb\u00f3n vegetal de c\u00e1scara de coco para carbonizar c\u00e1scaras de coco y madera. Eligieron la m\u00e1quina para fabricar carb\u00f3n vegetal SL-1015, que puede producir entre 0,8 y 1 toneladas por hora. Ahora la m\u00e1quina para fabricar carb\u00f3n vegetal de c\u00e1scara de coco est\u00e1 en producci\u00f3n.<\/p>    <figure class=\"wp-block-gallery has-nested-images columns-default is-cropped wp-block-gallery-3 is-layout-flex wp-block-gallery-is-layout-flex\"> <figure class=\"wp-block-image size-large\"><img loading=\"lazy\" decoding=\"async\" width=\"720\" height=\"540\" data-id=\"114\" src=\"https:\/\/carbonizationplant.com\/wp-content\/uploads\/2022\/08\/coconut-charcoal-making-machine-1.webp\" alt=\"\" class=\"wp-image-114\" title=\"\"><\/figure>    <figure class=\"wp-block-image size-large\"><img loading=\"lazy\" decoding=\"async\" width=\"720\" height=\"540\" data-id=\"113\" src=\"https:\/\/carbonizationplant.com\/wp-content\/uploads\/2022\/08\/charcoal-machine-delivery1.webp\" alt=\"\" class=\"wp-image-113\" title=\"\"><\/figure> <\/figure>    <h2 class=\"wp-block-heading\" id=\"h-faqs-of-coconut-shell-charcoal-making-machine\">Preguntas frecuentes sobre la m\u00e1quina para fabricar carb\u00f3n de c\u00e1scara de coco<\/h2>    <div class=\"schema-faq wp-block-yoast-faq-block\"><div class=\"schema-faq-section\" id=\"faq-question-1659492735761\"><strong class=\"schema-faq-question\">\u00bfC\u00f3mo elegir el horno de carbonizaci\u00f3n m\u00e1s adecuado?<\/strong> <p class=\"schema-faq-answer\">Si tu materia prima son c\u00e1scaras de coco enteras y de gran volumen, te recomendamos elegir un horno de carbonizaci\u00f3n vertical u horizontal. Si tritura previamente las c\u00e1scaras de coco y la materia prima son trozos peque\u00f1os de unos 2 cm, en este caso recomendamos utilizar un horno de carbonizaci\u00f3n continua, el modelo espec\u00edfico se puede decidir seg\u00fan su producci\u00f3n y \u00e1rea de f\u00e1brica.<\/p> <\/div> <div class=\"schema-faq-section\" id=\"faq-question-1659494872984\"><strong class=\"schema-faq-question\">\u00bfCu\u00e1l es la mejor m\u00e1quina para fabricar carb\u00f3n de coco?<\/strong> <p class=\"schema-faq-answer\">Cada tipo de m\u00e1quina para fabricar carb\u00f3n es excelente, tienen sus propias caracter\u00edsticas. S\u00f3lo aquella que satisfaga sus necesidades reales es la mejor m\u00e1quina.<\/p> <\/div> <div class=\"schema-faq-section\" id=\"faq-question-1659510161496\"><strong class=\"schema-faq-question\">\u00bfExiste alg\u00fan proyecto exitoso de carb\u00f3n de coco en el extranjero?<\/strong> <p class=\"schema-faq-answer\">Shuliy Machinery ha exportado m\u00e1quinas para fabricar carb\u00f3n vegetal a Inglaterra, Filipinas, Malasia y muchos otros pa\u00edses.<\/p> <\/div> <div class=\"schema-faq-section\" id=\"faq-question-1659510248496\"><strong class=\"schema-faq-question\">\u00bfCu\u00e1les son las ventajas del carb\u00f3n de c\u00e1scara de coco?<\/strong> <p class=\"schema-faq-answer\">El carb\u00f3n de c\u00e1scara de coco se puede utilizar ampliamente para fabricar carb\u00f3n para barbacoa, carb\u00f3n moldeado, carb\u00f3n para shisha, etc.<\/p> <\/div> <\/div>","protected":false},"excerpt":{"rendered":"<p>Shuliy coconut shell charcoal making machine for sale is competitive, we can provide many different types of machine according to your personal situation. The process of making charcoal does not cause environmental problems to the environment, and the final product will create a big profit for customers. Raw materials and final products Used coconut shells [&hellip;]<\/p>\n","protected":false},"author":1,"featured_media":109,"parent":0,"template":"","tags":[],"product-type":[13],"class_list":["post-105","product","type-product","status-publish","has-post-thumbnail","hentry","product-type-by-material"],"_links":{"self":[{"href":"https:\/\/carbonizationplant.com\/es\/wp-json\/wp\/v2\/product\/105","targetHints":{"allow":["GET"]}}],"collection":[{"href":"https:\/\/carbonizationplant.com\/es\/wp-json\/wp\/v2\/product"}],"about":[{"href":"https:\/\/carbonizationplant.com\/es\/wp-json\/wp\/v2\/types\/product"}],"author":[{"embeddable":true,"href":"https:\/\/carbonizationplant.com\/es\/wp-json\/wp\/v2\/users\/1"}],"wp:featuredmedia":[{"embeddable":true,"href":"https:\/\/carbonizationplant.com\/es\/wp-json\/wp\/v2\/media\/109"}],"wp:attachment":[{"href":"https:\/\/carbonizationplant.com\/es\/wp-json\/wp\/v2\/media?parent=105"}],"wp:term":[{"taxonomy":"post_tag","embeddable":true,"href":"https:\/\/carbonizationplant.com\/es\/wp-json\/wp\/v2\/tags?post=105"},{"taxonomy":"product-type","embeddable":true,"href":"https:\/\/carbonizationplant.com\/es\/wp-json\/wp\/v2\/product-type?post=105"}],"curies":[{"name":"wp","href":"https:\/\/api.w.org\/{rel}","templated":true}]}}