{"id":156,"date":"2022-08-08T07:58:08","date_gmt":"2022-08-08T07:58:08","guid":{"rendered":"https:\/\/carbonizationplant.com\/?post_type=product&#038;p=156"},"modified":"2022-09-20T06:26:16","modified_gmt":"2022-09-20T06:26:16","slug":"sewage-sludge-carbonization-machine","status":"publish","type":"product","link":"https:\/\/carbonizationplant.com\/es\/product\/maquina-de-carbonizacion-de-lodos-de-depuradora\/","title":{"rendered":"M\u00e1quina de carbonizaci\u00f3n de lodos de depuradora | Planta de tratamiento de lodos de depuradora"},"content":{"rendered":"<p>La tecnolog\u00eda de carbonizaci\u00f3n de lodos tiene un alto valor de aplicaci\u00f3n, no s\u00f3lo para el tratamiento eficaz de los lodos sino tambi\u00e9n para la obtenci\u00f3n de un valor \u00fatil del carb\u00f3n vegetal. Shuliy Machinery cuenta con una m\u00e1quina profesional de carbonizaci\u00f3n de lodos de depuradora, que es un tratamiento de lodos de depuradora eficiente y respetuoso con el medio ambiente. Adem\u00e1s, ofrecemos una amplia gama de opciones para servicios de configuraci\u00f3n e instalaci\u00f3n, as\u00ed que cont\u00e1ctenos si tiene alguna necesidad.<\/p>   <div class=\"wp-block-image\"> <figure class=\"aligncenter size-full\"><img loading=\"lazy\" decoding=\"async\" width=\"720\" height=\"540\" src=\"https:\/\/carbonizationplant.com\/wp-content\/uploads\/2022\/08\/charcoal-making-machine-21.webp\" alt=\"\" class=\"wp-image-115\" title=\"\"><figcaption>m\u00e1quina de carbonizaci\u00f3n de lodos de depuradora<\/figcaption><\/figure> <\/div>   <h2 class=\"wp-block-heading\">Materias primas de la m\u00e1quina de carbonizaci\u00f3n de lodos de depuradora.<\/h2>    <figure class=\"wp-block-gallery has-nested-images columns-default is-cropped wp-block-gallery-2 is-layout-flex wp-block-gallery-is-layout-flex\"> <figure class=\"wp-block-image size-large\"><img loading=\"lazy\" decoding=\"async\" width=\"600\" height=\"400\" data-id=\"158\" src=\"https:\/\/carbonizationplant.com\/wp-content\/uploads\/2022\/08\/industrial-sludge.webp\" alt=\"lodos industriales\" class=\"wp-image-158\" title=\"\"><figcaption>lodos industriales<\/figcaption><\/figure>    <figure class=\"wp-block-image size-large\"><img loading=\"lazy\" decoding=\"async\" width=\"720\" height=\"540\" data-id=\"159\" src=\"https:\/\/carbonizationplant.com\/wp-content\/uploads\/2022\/08\/Sewage-sludge.webp\" alt=\"Lodos de depuradora\" class=\"wp-image-159\" title=\"\"><figcaption>lodos de depuradora<\/figcaption><\/figure> <\/figure>    <p class=\"translation-block\">La m\u00e1quina de carbonizaci\u00f3n de lodos de aguas residuales puede carbonizar lodos de aguas residuales, lodos municipales, lodos de impresi\u00f3n y tintura, lodos industriales, etc., el tama\u00f1o de los materiales s\u00f3lidos debe ser inferior a 3 mm. Adem\u00e1s, la m\u00e1quina tambi\u00e9n puede carbonizar <strong><a href=\"https:\/\/carbonizationplant.com\/es\/product\/maquina-para-fabricar-carbon-de-cascara-de-coco\/\">c\u00e1scaras de coco<\/a><\/strong>, <a href=\"https:\/\/carbonizationplant.com\/es\/product\/bamboo-charcoal-making-machine\/\">bamb\u00fa<\/a>, y otros residuos de biomasa.<\/p>    <h2 class=\"wp-block-heading\" id=\"h-sewage-sludge-carbonization-process\">Proceso de carbonizaci\u00f3n de lodos de depuradora.<\/h2>    <ul class=\"wp-block-list\"><li>Secar la materia prima. Cuando la humedad supera los 15%, se debe utilizar un secador para mejorar la eficiencia de la carbonataci\u00f3n final. Los lodos de depuradora se conducen al secador a trav\u00e9s de una cinta transportadora. Al precalentarlo durante un per\u00edodo de tiempo, los lodos de depuradora pueden eliminar el exceso de humedad en poco tiempo, acortando el tiempo de carbonizaci\u00f3n y mejorando la eficiencia de la carbonizaci\u00f3n.<\/li><li>El lodo seco se transporta a la unidad principal de carbonizaci\u00f3n mediante una cinta transportadora. Mediante carbonizaci\u00f3n a alta temperatura de 300-600 \u2103 para producir carb\u00f3n vegetal de lodos de depuradora.<\/li><li>El producto terminado se enfr\u00eda mediante un dispositivo de refrigeraci\u00f3n por agua y se descarga en el sello completo, la temperatura final del carb\u00f3n es baja, alrededor de 30 grados Celsius, lo que no provocar\u00e1 quemaduras.<\/li><\/ul>    <h2 class=\"wp-block-heading\">V\u00eddeo 3D de planta de carbonizaci\u00f3n.<\/h2>    <p>El v\u00eddeo muestra el proceso de trabajo completo de la planta de carbonizaci\u00f3n de lodos de depuradora, las materias primas pueden ser astillas de madera, aserr\u00edn, residuos de biomasa y lodos de depuradora.<\/p>    <figure class=\"wp-block-embed is-type-video is-provider-youtube wp-block-embed-youtube wp-embed-aspect-16-9 wp-has-aspect-ratio\"><div class=\"wp-block-embed__wrapper\"> <iframe loading=\"lazy\" title=\"\u00bfC\u00f3mo funciona la m\u00e1quina para fabricar carb\u00f3n continuo? | V\u00eddeo 3D del proceso de funcionamiento del horno de carb\u00f3n.\" width=\"500\" height=\"281\" src=\"https:\/\/www.youtube.com\/embed\/bOzrHR-9HFs?start=1&#038;feature=oembed\" frameborder=\"0\" allow=\"accelerometer; autoplay; clipboard-write; encrypted-media; gyroscope; picture-in-picture; web-share\" referrerpolicy=\"strict-origin-when-cross-origin\" allowfullscreen><\/iframe> <\/div><\/figure>    <h2 class=\"wp-block-heading\">Ventajas de la planta de carbonizaci\u00f3n de lodos de depuradora.<\/h2>    <ul class=\"wp-block-list\"><li>La planta de carbonizaci\u00f3n de lodos de depuradora est\u00e1 modularizada para un montaje y puesta en marcha r\u00e1pidos.<\/li><li>La m\u00e1quina adopta tecnolog\u00eda de automatizaci\u00f3n avanzada para ahorrar costos de mano de obra.<\/li><li>La m\u00e1quina adopta un controlador Siemens PLC S7-1500 de gran marca o control Modbus, con una larga vida \u00fatil.<\/li><li>La m\u00e1quina de carbonizaci\u00f3n de lodos de depuradora tiene un sistema de control de red f\u00edsica IOT altamente confiable, que es conveniente para la adquisici\u00f3n y el procesamiento de datos.<\/li><\/ul>   <div class=\"wp-block-image\"> <figure class=\"aligncenter size-full\"><img loading=\"lazy\" decoding=\"async\" width=\"720\" height=\"540\" src=\"https:\/\/carbonizationplant.com\/wp-content\/uploads\/2022\/08\/continuous-charcoal-maker1.webp\" alt=\"\" class=\"wp-image-119\" title=\"\"><figcaption>Vista 3D de la m\u00e1quina de carbonizaci\u00f3n de lodos de depuradora.<\/figcaption><\/figure> <\/div>   <h2 class=\"wp-block-heading\" id=\"h-sludge-carbonation-technology-principle\">Principio de la tecnolog\u00eda de carbonataci\u00f3n de lodos.<\/h2>    <p>En comparaci\u00f3n con m\u00e9todos de tratamiento como el secado o la incineraci\u00f3n directa, la tecnolog\u00eda de carbonizaci\u00f3n de lodos tiene las caracter\u00edsticas de alto consumo de energ\u00eda, alto contenido de carbono en productos residuales y gran poder calor\u00edfico, lo que es muy adecuado para el tratamiento de lodos urbanos. El alto efecto de aplicaci\u00f3n de la tecnolog\u00eda de carbonizaci\u00f3n de lodos se debe principalmente a que la tecnolog\u00eda puede utilizar altas temperaturas para eliminar la humedad del lodo durante el proceso de aplicaci\u00f3n, y la proporci\u00f3n de carbono en el lodo aumenta considerablemente. Bajo la acci\u00f3n de la destilaci\u00f3n seca y la pir\u00f3lisis, la materia org\u00e1nica se convierte en vapor de agua sin condensaci\u00f3n de gas ni carbono.<\/p>    <h2 class=\"wp-block-heading\">Par\u00e1metros de la m\u00e1quina de carbonizaci\u00f3n de lodos de depuradora.<\/h2>    <figure class=\"wp-block-table\"><table><tbody><tr><td>Modelo<\/td><td>SL-0812<\/td><td>SL-1015<\/td><td>SL-1218<\/td><td>SL-1320<\/td><\/tr><tr><td>Capacidad de alimentaci\u00f3n por hora<\/td><td>500 kilos<\/td><td>0,8-1\u00a0toneladas<\/td><td>1,5-2 toneladas<\/td><td>2,5-3 toneladas<\/td><\/tr><tr><td>M\u00e9todo de trabajo<\/td><td>carbonizaci\u00f3n continua<\/td><td><\/td><td><\/td><td><\/td><\/tr><tr><td>Tama\u00f1o del reactor<\/td><td>800 mm<\/td><td>1000 mm<\/td><td>1300 mm<\/td><td>1700 mm<\/td><\/tr><tr><td>Materiales de calefacci\u00f3n<\/td><td>Carb\u00f3n, le\u00f1a, gas\u00f3leo, gas natural, GLP, pellets de biomasa, etc.<\/td><td><\/td><td><\/td><td><\/td><\/tr><tr><td>Poder total<\/td><td>40 kw\/h<\/td><td>55 kw\/h<\/td><td>60 kw\/h<\/td><td>72 kw\/h<\/td><\/tr><tr><td>\u00c1rea de piso (L*W*H)<\/td><td>30m*15m*7m<\/td><td>35*15*7m<\/td><td>45*15*10m<\/td><td>50*15*10m<\/td><\/tr><tr><td>Presi\u00f3n operacional<\/td><td>Presi\u00f3n constante<\/td><td>Presi\u00f3n constante<\/td><td>Presi\u00f3n constante<\/td><td>Presi\u00f3n constante<\/td><\/tr><tr><td>M\u00e9todo de enfriamiento<\/td><td>Refrigeraci\u00f3n por agua de reciclaje<\/td><td><\/td><td><\/td><td><\/td><\/tr><\/tbody><\/table><\/figure>    <h2 class=\"wp-block-heading\">Requisitos de instalaci\u00f3n de la planta de carbonizaci\u00f3n de lodos de depuradora.<\/h2>    <h3 class=\"wp-block-heading\">Requisitos de materia prima<\/h3>    <p>Valor calor\u00edfico \u2018 10 MJ\/kg MS (sustancia cruda)<br>MS \u2018 75% MS (materia seca)<br>Tama\u00f1o del material \u2018 30 mm<\/p>    <h3 class=\"wp-block-heading\">Requisitos de personal<\/h3>    <p>Debido a la complejidad del proceso y al proceso de carbonizaci\u00f3n de lodos en grandes plantas de carbonizaci\u00f3n continua, los operadores deben tener experiencia relevante en la operaci\u00f3n del equipo y tambi\u00e9n deben tener la capacidad de manejar situaciones inesperadas.<\/p>    <h3 class=\"wp-block-heading\">Requisitos de conexi\u00f3n<\/h3>    <p>Electricidad (380V, trif\u00e1sica), Gas natural (GNC, GLP) 100 mbar, Agua + aguas residuales, Nitr\u00f3geno y aire comprimido, Internet<\/p>    <p>La cimentaci\u00f3n debe tener una capacidad de carga superior a 325 kN.<\/p>    <p>Requerimiento de espacio m\u00ednimo de 150 m\u00b2 para la planta de carbonizaci\u00f3n.<\/p>    <h3 class=\"wp-block-heading\">Requisitos de pol\u00edtica<\/h3>    <p>Comprenda las condiciones ambientales locales y otras pol\u00edticas antes de carbonizar el trabajo.<\/p>","protected":false},"excerpt":{"rendered":"<p>Sludge carbonization technology has a high application value, not only for the effective treatment of sludge but also for obtaining a useful value of charcoal. Shuliy machinery has a professional sewage sludge carbonization machine, which is an efficient and environmentally friendly treatment of sewage sludge. In addition, we offer a wide range of options for [&hellip;]<\/p>\n","protected":false},"author":1,"featured_media":178,"parent":0,"template":"","tags":[],"product-type":[13],"class_list":["post-156","product","type-product","status-publish","has-post-thumbnail","hentry","product-type-by-material"],"_links":{"self":[{"href":"https:\/\/carbonizationplant.com\/es\/wp-json\/wp\/v2\/product\/156","targetHints":{"allow":["GET"]}}],"collection":[{"href":"https:\/\/carbonizationplant.com\/es\/wp-json\/wp\/v2\/product"}],"about":[{"href":"https:\/\/carbonizationplant.com\/es\/wp-json\/wp\/v2\/types\/product"}],"author":[{"embeddable":true,"href":"https:\/\/carbonizationplant.com\/es\/wp-json\/wp\/v2\/users\/1"}],"wp:featuredmedia":[{"embeddable":true,"href":"https:\/\/carbonizationplant.com\/es\/wp-json\/wp\/v2\/media\/178"}],"wp:attachment":[{"href":"https:\/\/carbonizationplant.com\/es\/wp-json\/wp\/v2\/media?parent=156"}],"wp:term":[{"taxonomy":"post_tag","embeddable":true,"href":"https:\/\/carbonizationplant.com\/es\/wp-json\/wp\/v2\/tags?post=156"},{"taxonomy":"product-type","embeddable":true,"href":"https:\/\/carbonizationplant.com\/es\/wp-json\/wp\/v2\/product-type?post=156"}],"curies":[{"name":"wp","href":"https:\/\/api.w.org\/{rel}","templated":true}]}}