{"id":165,"date":"2022-08-08T10:35:07","date_gmt":"2022-08-08T10:35:07","guid":{"rendered":"https:\/\/carbonizationplant.com\/?post_type=product&#038;p=165"},"modified":"2022-10-10T17:43:00","modified_gmt":"2022-10-10T09:43:00","slug":"newest-continuous-carbonization-furnace","status":"publish","type":"product","link":"https:\/\/carbonizationplant.com\/es\/product\/newest-continuous-carbonization-furnace\/","title":{"rendered":"El horno de carbonizaci\u00f3n continua m\u00e1s nuevo"},"content":{"rendered":"<p>El horno de carbonizaci\u00f3n continua es un nuevo tipo de m\u00e1quina para fabricar carb\u00f3n vegetal respetuosa con el medio ambiente, que adopta un m\u00e9todo de trabajo continuo y puede funcionar de forma continua durante 3 a 5 d\u00edas. La m\u00e1quina para fabricar carb\u00f3n continuo m\u00e1s nueva puede carbonizar biomasa como c\u00e1scaras de coco, aserr\u00edn, paja, etc. Tambi\u00e9n puede carbonizar lodos y desechos dom\u00e9sticos. Despu\u00e9s de la carbonizaci\u00f3n, podemos obtener algunos productos valiosos, como carb\u00f3n vegetal, \u00e1cido ac\u00e9tico de madera y alquitr\u00e1n de madera, y todos ellos tienen un alto valor econ\u00f3mico.<\/p>   <div class=\"wp-block-image\"> <figure class=\"aligncenter size-full\"><img loading=\"lazy\" decoding=\"async\" width=\"720\" height=\"540\" src=\"https:\/\/carbonizationplant.com\/wp-content\/uploads\/2022\/08\/charcoal-making-machine-21.webp\" alt=\"m\u00e1quina para fabricar carb\u00f3n continuo \" class=\"wp-image-115\" title=\"\"><figcaption>m\u00e1quina para fabricar carb\u00f3n continuo <\/figcaption><\/figure> <\/div>     <h2 class=\"wp-block-heading\" id=\"h-3d-video-of-continuous-charcoal-making-machine-working-process\">V\u00eddeo en 3D del proceso de funcionamiento de la m\u00e1quina de fabricaci\u00f3n continua de carb\u00f3n vegetal.<\/h2>    <p>El siguiente video muestra el proceso de trabajo del horno de carbonizaci\u00f3n continua Shuliy, que incluye principalmente cuatro pasos. Son el secado de materias primas, la carboizaci\u00f3n a alta temperatura, la recogida de subproductos (vinagre de madera y alquitr\u00e1n de madera) y la eliminaci\u00f3n de gases residuales.<\/p>    <figure class=\"wp-block-embed is-type-video is-provider-youtube wp-block-embed-youtube wp-embed-aspect-16-9 wp-has-aspect-ratio\"><div class=\"wp-block-embed__wrapper\"> <iframe loading=\"lazy\" title=\"\u00bfC\u00f3mo funciona la m\u00e1quina para fabricar carb\u00f3n continuo? | V\u00eddeo 3D del proceso de funcionamiento del horno de carb\u00f3n.\" width=\"500\" height=\"281\" src=\"https:\/\/www.youtube.com\/embed\/bOzrHR-9HFs?start=4&#038;feature=oembed\" frameborder=\"0\" allow=\"accelerometer; autoplay; clipboard-write; encrypted-media; gyroscope; picture-in-picture; web-share\" referrerpolicy=\"strict-origin-when-cross-origin\" allowfullscreen><\/iframe> <\/div><\/figure>    <h2 class=\"wp-block-heading\" id=\"h-raw-materials-of-continuous-carbonization-furnace\">Materias primas del horno de carbonizaci\u00f3n continua.<\/h2>    <p>La m\u00e1quina para fabricar carb\u00f3n continuo puede procesar diversas materias primas de biomasa, como paja, c\u00e1scara de arroz, aserr\u00edn, corteza, ramitas, bagazo, c\u00e1scara de coco, c\u00e1scara de palma, c\u00e1scara de man\u00ed, c\u00e1scara de fruta, posos de caf\u00e9, semilla de oliva, etc.<\/p>    <figure class=\"wp-block-gallery has-nested-images columns-default is-cropped wp-block-gallery-2 is-layout-flex wp-block-gallery-is-layout-flex\"> <figure class=\"wp-block-image size-large\"><img loading=\"lazy\" decoding=\"async\" width=\"720\" height=\"540\" data-id=\"43\" src=\"https:\/\/carbonizationplant.com\/wp-content\/uploads\/2022\/07\/materials1.webp\" alt=\"\" class=\"wp-image-43\" title=\"\"><\/figure>    <figure class=\"wp-block-image size-large\"><img loading=\"lazy\" decoding=\"async\" width=\"720\" height=\"540\" data-id=\"42\" src=\"https:\/\/carbonizationplant.com\/wp-content\/uploads\/2022\/07\/newest-charcoal-making-machine1.webp\" alt=\"\" class=\"wp-image-42\" title=\"\"><\/figure> <\/figure>    <p>Un horno de carbonizaci\u00f3n continua no solo puede carbonizar materias primas de biomasa sino tambi\u00e9n carbonizar desechos dom\u00e9sticos, desechos de f\u00e1bricas de papel, lodos de r\u00edos, lodos industriales, etc. La carbonizaci\u00f3n de basura es m\u00e1s respetuosa con el medio ambiente que la quema y los vertederos tradicionales, mientras que el carb\u00f3n vegetal obtenido despu\u00e9s de la carbonizaci\u00f3n tiene beneficios econ\u00f3micos. .<\/p>    <figure class=\"wp-block-gallery has-nested-images columns-default is-cropped wp-block-gallery-3 is-layout-flex wp-block-gallery-is-layout-flex\"> <figure class=\"wp-block-image size-large\"><img loading=\"lazy\" decoding=\"async\" width=\"720\" height=\"540\" data-id=\"45\" src=\"https:\/\/carbonizationplant.com\/wp-content\/uploads\/2022\/07\/raw-materials1.webp\" alt=\"\" class=\"wp-image-45\" title=\"\"><figcaption>Materias primas del horno de carbonizaci\u00f3n continua.<\/figcaption><\/figure> <\/figure>    <h2 class=\"wp-block-heading\" id=\"h-carbonization-effect-of-continuous-charcoal-making-machine\">Efecto de carbonizaci\u00f3n de la m\u00e1quina para fabricar carb\u00f3n continuo.<\/h2>    <p>El efecto ser\u00e1 mucho mejor si el tama\u00f1o de las materias primas es inferior a 3 cm. <\/p>    <figure class=\"wp-block-gallery has-nested-images columns-default is-cropped wp-block-gallery-4 is-layout-flex wp-block-gallery-is-layout-flex\"> <figure class=\"wp-block-image size-large\"><img loading=\"lazy\" decoding=\"async\" width=\"720\" height=\"597\" data-id=\"167\" src=\"https:\/\/carbonizationplant.com\/wp-content\/uploads\/2022\/08\/carbonization-effect.webp\" alt=\"\" class=\"wp-image-167\" title=\"\"><figcaption>efecto de carbonizaci\u00f3n<\/figcaption><\/figure>    <figure class=\"wp-block-image size-large\"><img loading=\"lazy\" decoding=\"async\" width=\"720\" height=\"597\" data-id=\"168\" src=\"https:\/\/carbonizationplant.com\/wp-content\/uploads\/2022\/08\/carbonization-effect-2.webp\" alt=\"efecto de carbonizaci\u00f3n \" class=\"wp-image-168\" title=\"\"><figcaption>efecto de carbonizaci\u00f3n <\/figcaption><\/figure> <\/figure>    <h2 class=\"wp-block-heading\">Proceso de fabricaci\u00f3n de carb\u00f3n vegetal.<\/h2>    <h3 class=\"wp-block-heading\">Trituraci\u00f3n y secado<\/h3>    <p class=\"translation-block\">Los materiales de m\u00e1s de 30 mm deben triturarse primero. Si sus materiales son troncos grandes u otros materiales cuyo tama\u00f1o sea mayor a 30 mm y quiere obtener carb\u00f3n de gran tama\u00f1o, puede elegir una <strong><a href=\"https:\/\/carbonizationplant.com\/es\/product\/hoisting-carbonization-furnace\/\">m\u00e1quina de carbonizaci\u00f3n con izado<\/a><\/strong> o una <strong><a href=\"https:\/\/carbonizationplant.com\/es\/product\/horno-de-carbonizacion-horizontal\/\">m\u00e1quina de carb\u00f3n horizontal<\/a><\/strong>. Adem\u00e1s, si la humedad de la materia prima es superior al 25%, es necesario secarla con un secador, como c\u00e1scaras de coco frescas o virutas de madera, que tienen un mayor contenido de humedad.<\/p>    <h3 class=\"wp-block-heading\">Pir\u00f3lisis de la madera<\/h3>    <p>Despu\u00e9s de precalentar el horno de carbonizaci\u00f3n continua, los materiales secos se transportan mediante una cinta transportadora al horno de carbonizaci\u00f3n principal para su carbonizaci\u00f3n. Cuando la temperatura alcanza los 380 grados cent\u00edgrados, se produce carb\u00f3n vegetal. Adem\u00e1s del carb\u00f3n vegetal, en el reactor hay gases combustibles. Los gases de escape son tratados por el condensador y pueden reciclarse y reutilizarse. Adem\u00e1s, entrar\u00e1 algo de aire caliente en la secadora para proporcionar calor.<\/p>    <h3 class=\"wp-block-heading\">Utilizaci\u00f3n de gases de escape<\/h3>    <p>Una parte de los gases de combusti\u00f3n se puede transportar a la secadora a trav\u00e9s de la tuber\u00eda para calentar la secadora, y el gas de combusti\u00f3n restante se descarga a trav\u00e9s de un sistema de eliminaci\u00f3n de polvo, como lavado con agua y pulverizaci\u00f3n de agua.<\/p>    <h3 class=\"wp-block-heading\">Descarga de carb\u00f3n vegetal<\/h3>    <p>El carb\u00f3n se descargar\u00e1 autom\u00e1ticamente al final de la m\u00e1quina de carb\u00f3n. Dado que la m\u00e1quina est\u00e1 equipada con un descargador refrigerado por agua, lo que har\u00e1 que la temperatura final del carb\u00f3n sea de unos 30 grados.<\/p>    <h2 class=\"wp-block-heading\">Ventajas del horno de carbonizaci\u00f3n de madera Shuliy<\/h2>    <h3 class=\"wp-block-heading\">Operaci\u00f3n continua ininterrumpida<\/h3>    <p>La m\u00e1quina para fabricar carb\u00f3n continuo Shuliy puede funcionar continuamente durante 24 horas sin interrupci\u00f3n. El m\u00e9todo de trabajo automatizado garantiza jornadas laborales largas y estables al tiempo que reduce los costes laborales. Este m\u00e9todo de producci\u00f3n de carb\u00f3n ayuda a los clientes a maximizar sus beneficios.<\/p>    <h3 class=\"wp-block-heading\">Garantizar la seguridad de la operaci\u00f3n.<\/h3>    <p>Aunque la temperatura de carbonizaci\u00f3n es de varios cientos de grados, la temperatura de la carcasa es inferior a 35 \u2103, lo que puede garantizar la seguridad de los trabajadores. Adem\u00e1s, el PLC est\u00e1 equipado con un dispositivo de alarma. Autom\u00e1ticamente emitir\u00e1 una alarma cuando ciertas piezas fallen.<\/p>    <h3 class=\"wp-block-heading\">Equipos amigables con el medio ambiente<\/h3>    <p>Los gases de combusti\u00f3n generados por el horno de carbonizaci\u00f3n continua en el proceso de carbonizaci\u00f3n se tratan mediante un dispositivo de eliminaci\u00f3n de polvo para cumplir con los est\u00e1ndares de emisi\u00f3n. Las m\u00e1quinas de carb\u00f3n Shuliy son equipos ideales con un sistema de eliminaci\u00f3n de polvo para limpiar los humos residuales.<\/p>    <h2 class=\"wp-block-heading\">Elige un modelo que te guste<\/h2>    <figure class=\"wp-block-table\"><table><tbody><tr><td>Modelo<\/td><td>SL-0812<\/td><td>SL-1015<\/td><td>SL-1218<\/td><td>SL-1320<\/td><\/tr><tr><td>Capacidad de alimentaci\u00f3n por hora<\/td><td>500 kilos<\/td><td>0,8-1\u00a0toneladas<\/td><td>1,5-2 toneladas<\/td><td>2,5-3 toneladas<\/td><\/tr><tr><td>M\u00e9todo de trabajo<\/td><td>carbonizaci\u00f3n continua<\/td><td><\/td><td><\/td><td><\/td><\/tr><tr><td>Tama\u00f1o del reactor<\/td><td>800 mm<\/td><td>1000 mm<\/td><td>1300 mm<\/td><td>1700 mm<\/td><\/tr><tr><td>Materiales de calefacci\u00f3n<\/td><td>Carb\u00f3n, le\u00f1a, gas\u00f3leo, gas natural, GLP, pellets de biomasa, etc.<\/td><td><\/td><td><\/td><td><\/td><\/tr><tr><td>Poder total<\/td><td>40 kw\/h<\/td><td>55 kw\/h<\/td><td>60 kw\/h<\/td><td>72 kw\/h<\/td><\/tr><tr><td>\u00c1rea de piso (L*W*H)<\/td><td>30m*15m*7m<\/td><td>35*15*7m<\/td><td>45*15*10m<\/td><td>50*15*10m<\/td><\/tr><tr><td>Presi\u00f3n operacional<\/td><td>Presi\u00f3n constante<\/td><td>Presi\u00f3n constante<\/td><td>Presi\u00f3n constante<\/td><td>Presi\u00f3n constante<\/td><\/tr><tr><td>M\u00e9todo de enfriamiento<\/td><td>Refrigeraci\u00f3n por agua de reciclaje<\/td><td><\/td><td><\/td><td><\/td><\/tr><\/tbody><\/table><\/figure>    <p>Los m\u00e9todos de calentamiento son varios, incluidos pellets de madera, pellets de biomasa, di\u00e9sel, gas natural, GLP, etc. Los clientes deben prestar atenci\u00f3n al \u00e1rea ocupada por la m\u00e1quina de carb\u00f3n continuo, la m\u00e1s peque\u00f1a ocupar\u00e1 35*15*7 m.<\/p>    <h2 class=\"wp-block-heading\">Casos globales de horno de carbonizaci\u00f3n continua.<\/h2>    <figure class=\"wp-block-gallery has-nested-images columns-default is-cropped wp-block-gallery-5 is-layout-flex wp-block-gallery-is-layout-flex\"> <figure class=\"wp-block-image size-large\"><img loading=\"lazy\" decoding=\"async\" width=\"720\" height=\"540\" data-id=\"171\" src=\"https:\/\/carbonizationplant.com\/wp-content\/uploads\/2022\/08\/Shuliy-wood-carbonization-furnace-shipped-to-Malaysia1.webp\" alt=\"Horno de carbonizaci\u00f3n de madera Shuliy enviado a Malasia\" class=\"wp-image-171\" title=\"\"><figcaption>Horno de carbonizaci\u00f3n de madera Shuliy enviado a Malasia<\/figcaption><\/figure>    <figure class=\"wp-block-image size-large\"><img loading=\"lazy\" decoding=\"async\" width=\"720\" height=\"540\" data-id=\"172\" src=\"https:\/\/carbonizationplant.com\/wp-content\/uploads\/2022\/08\/Biomass-charcoal-making-machine-sent-to-Iran1.webp\" alt=\"M\u00e1quina para fabricar carb\u00f3n vegetal de biomasa enviada a Ir\u00e1n\" class=\"wp-image-172\" title=\"\"><figcaption>M\u00e1quina para fabricar carb\u00f3n vegetal de biomasa enviada a Ir\u00e1n<\/figcaption><\/figure> <\/figure>    <figure class=\"wp-block-gallery has-nested-images columns-default is-cropped wp-block-gallery-6 is-layout-flex wp-block-gallery-is-layout-flex\"> <figure class=\"wp-block-image size-large\"><img loading=\"lazy\" decoding=\"async\" width=\"720\" height=\"540\" data-id=\"173\" src=\"https:\/\/carbonizationplant.com\/wp-content\/uploads\/2022\/08\/continuous-charchou-makingmachin-sent-to-Germany1.webp\" alt=\"M\u00e1quina de fabricaci\u00f3n continua de charchou enviada a Alemania\" class=\"wp-image-173\" title=\"\"><figcaption>M\u00e1quina de fabricaci\u00f3n continua de charchou enviada a Alemania<\/figcaption><\/figure>    <figure class=\"wp-block-image size-large\"><img loading=\"lazy\" decoding=\"async\" width=\"720\" height=\"540\" data-id=\"174\" src=\"https:\/\/carbonizationplant.com\/wp-content\/uploads\/2022\/08\/continuous-charcoal-machine-in-Japan1.webp\" alt=\"m\u00e1quina de carb\u00f3n continuo en Jap\u00f3n\" class=\"wp-image-174\" title=\"\"><figcaption>m\u00e1quina de carb\u00f3n continuo en Jap\u00f3n<\/figcaption><\/figure> <\/figure>","protected":false},"excerpt":{"rendered":"<p>The continuous carbonization furnace is a new type of environmentally friendly charcoal making machine, which takes a continuous working method and can work continuously for 3 to 5 days. The newest continuous charcoal making machine can carbonize biomass such as coconut shells, sawdust, straw, etc. It can also carbonize sludge and domestic waste. After carbonization, [&hellip;]<\/p>\n","protected":false},"author":1,"featured_media":176,"parent":0,"template":"","tags":[],"product-type":[14],"class_list":["post-165","product","type-product","status-publish","has-post-thumbnail","hentry","product-type-by-machine-type"],"_links":{"self":[{"href":"https:\/\/carbonizationplant.com\/es\/wp-json\/wp\/v2\/product\/165","targetHints":{"allow":["GET"]}}],"collection":[{"href":"https:\/\/carbonizationplant.com\/es\/wp-json\/wp\/v2\/product"}],"about":[{"href":"https:\/\/carbonizationplant.com\/es\/wp-json\/wp\/v2\/types\/product"}],"author":[{"embeddable":true,"href":"https:\/\/carbonizationplant.com\/es\/wp-json\/wp\/v2\/users\/1"}],"wp:featuredmedia":[{"embeddable":true,"href":"https:\/\/carbonizationplant.com\/es\/wp-json\/wp\/v2\/media\/176"}],"wp:attachment":[{"href":"https:\/\/carbonizationplant.com\/es\/wp-json\/wp\/v2\/media?parent=165"}],"wp:term":[{"taxonomy":"post_tag","embeddable":true,"href":"https:\/\/carbonizationplant.com\/es\/wp-json\/wp\/v2\/tags?post=165"},{"taxonomy":"product-type","embeddable":true,"href":"https:\/\/carbonizationplant.com\/es\/wp-json\/wp\/v2\/product-type?post=165"}],"curies":[{"name":"wp","href":"https:\/\/api.w.org\/{rel}","templated":true}]}}