{"id":204,"date":"2022-08-10T09:45:34","date_gmt":"2022-08-10T09:45:34","guid":{"rendered":"https:\/\/carbonizationplant.com\/?post_type=product&#038;p=204"},"modified":"2022-10-10T17:40:46","modified_gmt":"2022-10-10T09:40:46","slug":"continuous-charcoal-making-stove","status":"publish","type":"product","link":"https:\/\/carbonizationplant.com\/es\/product\/continuous-charcoal-making-stove\/","title":{"rendered":"Estufa de producci\u00f3n continua de carb\u00f3n | M\u00e1quina para fabricar carb\u00f3n biol\u00f3gico"},"content":{"rendered":"<p>La estufa de producci\u00f3n continua de carb\u00f3n puede convertir materias primas de biomasa en carb\u00f3n vegetal mediante tecnolog\u00eda de carbonizaci\u00f3n, generando ganancias para los clientes y logrando el uso eficiente y racional de los recursos renovables.<\/p>   <div class=\"wp-block-image\"> <figure class=\"aligncenter size-full\"><img loading=\"lazy\" decoding=\"async\" width=\"720\" height=\"540\" src=\"https:\/\/carbonizationplant.com\/wp-content\/uploads\/2022\/09\/charcoal-making-machine1.webp\" alt=\"\" class=\"wp-image-338\" title=\"\"><\/figure> <\/div>  <div class=\"wp-block-image\"> <figure class=\"aligncenter size-full\"><img loading=\"lazy\" decoding=\"async\" width=\"720\" height=\"540\" src=\"https:\/\/carbonizationplant.com\/wp-content\/uploads\/2022\/09\/Bio-charcoal-machine1.webp\" alt=\"\" class=\"wp-image-334\" title=\"\"><\/figure> <\/div>  <div class=\"wp-block-image\"> <figure class=\"aligncenter size-full\"><img loading=\"lazy\" decoding=\"async\" width=\"720\" height=\"540\" src=\"https:\/\/carbonizationplant.com\/wp-content\/uploads\/2022\/09\/carbonizing-furnace1.webp\" alt=\"\" class=\"wp-image-336\" title=\"\"><\/figure> <\/div>   <h2 class=\"wp-block-heading\" id=\"h-raw-materials-of-continuous-charcoal-making-stove\">Materias primas de la estufa de carb\u00f3n continuo.<\/h2>    <p>La estufa de producci\u00f3n continua de carb\u00f3n puede carbonizar una variedad de materiales de biomasa, como c\u00e1scaras de man\u00ed, ramas, cortezas, c\u00e1scaras de nueces, bagazo, c\u00e1scaras de coco, c\u00e1scaras de palma, aserr\u00edn, etc. Antes de alimentar, se deben tener en cuenta dos requisitos.<\/p>    <ol class=\"wp-block-list\"><li>Requisitos de tama\u00f1o. El material debe ser peque\u00f1o y delgado, el tama\u00f1o debe ser inferior a 10 cm, cuanto m\u00e1s peque\u00f1o sea el material, mejor ser\u00e1 el efecto de carbonizaci\u00f3n. Los materiales de gran volumen deben procesarse previamente con una trituradora, como troncos y ramas.<\/li><li>Requisitos de humedad. Controlar la humedad de la materia prima por debajo de 20% puede mejorar la eficiencia de la carbonizaci\u00f3n. Si la materia prima est\u00e1 demasiado h\u00fameda, se debe utilizar una secadora para secar la materia prima.<\/li><\/ol>   <div class=\"wp-block-image\"> <figure class=\"aligncenter size-full\"><img loading=\"lazy\" decoding=\"async\" width=\"720\" height=\"540\" src=\"https:\/\/carbonizationplant.com\/wp-content\/uploads\/2022\/08\/raw-materials-of-continuous-carbonization-furnace1.webp\" alt=\"Materias primas del horno de carbonizaci\u00f3n continua.\" class=\"wp-image-208\" title=\"\"><figcaption>Materias primas del horno de carbonizaci\u00f3n continua.<\/figcaption><\/figure> <\/div>   <h2 class=\"wp-block-heading\" id=\"h-final-product-of-bio-charcoal-making-machine\">Producto final de la m\u00e1quina para fabricar carb\u00f3n biol\u00f3gico.<\/h2>    <h3 class=\"wp-block-heading\">Exhibici\u00f3n del producto final<\/h3>    <p>El carb\u00f3n natural puro final no contiene sustancias qu\u00edmicas, no es t\u00f3xico, es ins\u00edpido y no contamina. Adem\u00e1s, el contenido de agua del producto terminado est\u00e1 dentro de 5%, el poder calor\u00edfico es alto y el tiempo de combusti\u00f3n es largo.<\/p>    <figure class=\"wp-block-gallery has-nested-images columns-default is-cropped wp-block-gallery-2 is-layout-flex wp-block-gallery-is-layout-flex\"> <figure class=\"wp-block-image size-large\"><img loading=\"lazy\" decoding=\"async\" width=\"720\" height=\"597\" data-id=\"167\" src=\"https:\/\/carbonizationplant.com\/wp-content\/uploads\/2022\/08\/carbonization-effect.webp\" alt=\"\" class=\"wp-image-167\" title=\"\"><\/figure>    <figure class=\"wp-block-image size-large\"><img loading=\"lazy\" decoding=\"async\" width=\"720\" height=\"597\" data-id=\"168\" src=\"https:\/\/carbonizationplant.com\/wp-content\/uploads\/2022\/08\/carbonization-effect-2.webp\" alt=\"efecto de carbonizaci\u00f3n\" class=\"wp-image-168\" title=\"\"><\/figure> <figcaption class=\"blocks-gallery-caption\">Carbonizaci\u00f3n de estufa de carb\u00f3n continuo.<\/figcaption><\/figure>    <h3 class=\"wp-block-heading\">Aplicaci\u00f3n del carb\u00f3n final<\/h3>    <ul class=\"wp-block-list\"><li>El carb\u00f3n vegetal terminado tambi\u00e9n se puede utilizar directamente como combustible en plantas qu\u00edmicas, centrales el\u00e9ctricas, etc.<\/li><li>El carb\u00f3n de madera terminado, el carb\u00f3n de c\u00e1scara de nuez y el carb\u00f3n de c\u00e1scara de coco se pueden utilizar para reprocesar y producir carb\u00f3n para barbacoa o carb\u00f3n para narguile, que pueden satisfacer las diversas necesidades del mercado.<\/li><\/ul>    <figure class=\"wp-block-gallery has-nested-images columns-default is-cropped wp-block-gallery-3 is-layout-flex wp-block-gallery-is-layout-flex\"> <figure class=\"wp-block-image size-large\"><img loading=\"lazy\" decoding=\"async\" width=\"720\" height=\"540\" data-id=\"333\" src=\"https:\/\/carbonizationplant.com\/wp-content\/uploads\/2022\/09\/bbq-charcoal-briquettes1.webp\" alt=\"briquetas de carb\u00f3n para barbacoa\" class=\"wp-image-333\" title=\"\"><figcaption>briquetas de carb\u00f3n para barbacoa<\/figcaption><\/figure>    <figure class=\"wp-block-image size-large\"><img loading=\"lazy\" decoding=\"async\" width=\"720\" height=\"540\" data-id=\"346\" src=\"https:\/\/carbonizationplant.com\/wp-content\/uploads\/2022\/09\/shisha-charcoal-briquettes1.webp\" alt=\"briquetas de carb\u00f3n para shisha\" class=\"wp-image-346\" title=\"\"><figcaption>briquetas de carb\u00f3n para shisha<\/figcaption><\/figure> <\/figure>    <h2 class=\"wp-block-heading\">Estructuras de horno continuo de producci\u00f3n de carb\u00f3n vegetal.<\/h2>    <p>La m\u00e1quina para fabricar carb\u00f3n continuo incluye principalmente equipo de alimentaci\u00f3n, host de carbonizaci\u00f3n, descarga de condensaci\u00f3n, cabezales de encendido, piscina de combusti\u00f3n, equipo de purificaci\u00f3n, gabinete de distribuci\u00f3n de energ\u00eda, etc. La materia prima debe pasar por la zona de precalentamiento, la zona de carbonizaci\u00f3n de alta temperatura y finalmente descargarse. a trav\u00e9s de la zona de enfriamiento.<\/p>    <div class=\"wp-block-media-text alignwide has-media-on-the-right is-stacked-on-mobile\"><figure class=\"wp-block-media-text__media\"><img loading=\"lazy\" decoding=\"async\" width=\"720\" height=\"540\" src=\"https:\/\/carbonizationplant.com\/wp-content\/uploads\/2022\/09\/feeder1.webp\" alt=\"\" class=\"wp-image-342 size-full\" title=\"\"><\/figure><div class=\"wp-block-media-text__content\"> <h3 class=\"wp-block-heading\">Transportador de alimentaci\u00f3n<\/h3>    <p>La alimentaci\u00f3n adopta un transportador de tornillo y la abertura de alimentaci\u00f3n ampliada puede adaptarse a diferentes tama\u00f1os de materias primas y evitar atascos, y el proceso de transporte est\u00e1 cerrado para evitar la entrada de objetos extra\u00f1os.<\/p> <\/div><\/div>    <div class=\"wp-block-media-text alignwide is-stacked-on-mobile\"><figure class=\"wp-block-media-text__media\"><img loading=\"lazy\" decoding=\"async\" width=\"720\" height=\"540\" src=\"https:\/\/carbonizationplant.com\/wp-content\/uploads\/2022\/09\/Bio-charcoal-making-machine1.webp\" alt=\"\" class=\"wp-image-335 size-full\" title=\"\"><\/figure><div class=\"wp-block-media-text__content\"> <h3 class=\"wp-block-heading\">Estructura principal del horno de carbonizaci\u00f3n.<\/h3>    <p>La m\u00e1quina anfitriona se utiliza para carbonizar las materias primas mediante pir\u00f3lisis an\u00f3xica para producir carb\u00f3n vegetal terminado calificado. Se divide principalmente en tambor y parche de fuego.<\/p> <\/div><\/div>    <div class=\"wp-block-media-text alignwide has-media-on-the-right is-stacked-on-mobile\"><figure class=\"wp-block-media-text__media\"><img loading=\"lazy\" decoding=\"async\" width=\"720\" height=\"540\" src=\"https:\/\/carbonizationplant.com\/wp-content\/uploads\/2022\/08\/ignition-head1.webp\" alt=\"cabeza de encendido\" class=\"wp-image-82 size-full\" title=\"\"><\/figure><div class=\"wp-block-media-text__content\"> <h3 class=\"wp-block-heading\">Cabezal de encendido de piscina en llamas<\/h3>    <p>Una estufa de carb\u00f3n continuo generalmente utiliza GLP como fuente de calor, y esta parte es el dispositivo de encendido de la m\u00e1quina. El n\u00famero de cabezales de encendido var\u00eda de un modelo a otro. Por ejemplo, el modelo SL-CF1200 tiene un total de 18, el modelo SL-CF1200 tiene 18 cabezales de encendido en total y el modelo SL-CF1000 tiene 16 cabezales de encendido en total.<\/p> <\/div><\/div>    <div class=\"wp-block-media-text alignwide is-stacked-on-mobile\"><figure class=\"wp-block-media-text__media\"><img loading=\"lazy\" decoding=\"async\" width=\"720\" height=\"540\" src=\"https:\/\/carbonizationplant.com\/wp-content\/uploads\/2022\/08\/mineral-wool1.webp\" alt=\"lana mineral\" class=\"wp-image-86 size-full\" title=\"\"><\/figure><div class=\"wp-block-media-text__content\"> <h3 class=\"wp-block-heading\">Tambor del horno de carbonizaci\u00f3n<\/h3>    <p>Los rodillos est\u00e1n hechos de lana de roca de alta temperatura con buen aislamiento t\u00e9rmico y rendimiento de sellado para garantizar que las materias primas est\u00e9n completamente carbonizadas en ausencia de ox\u00edgeno.<\/p> <\/div><\/div>    <div class=\"wp-block-media-text alignwide has-media-on-the-right is-stacked-on-mobile\"><figure class=\"wp-block-media-text__media\"><img loading=\"lazy\" decoding=\"async\" width=\"720\" height=\"540\" src=\"https:\/\/carbonizationplant.com\/wp-content\/uploads\/2022\/08\/burning-pool1.webp\" alt=\"piscina en llamas\" class=\"wp-image-83 size-full\" title=\"\"><\/figure><div class=\"wp-block-media-text__content\"> <h3 class=\"wp-block-heading\">El exterior del hu\u00e9sped y la celda de combusti\u00f3n.<\/h3>    <p>La celda de combusti\u00f3n de la m\u00e1quina para fabricar carb\u00f3n vegetal est\u00e1 hecha de acero Q235 de 4 mm de espesor y lana de roca de alta temperatura de 5 cm de espesor. El aislamiento t\u00e9rmico es bueno.<\/p> <\/div><\/div>    <div class=\"wp-block-media-text alignwide is-stacked-on-mobile\"><figure class=\"wp-block-media-text__media\"><img loading=\"lazy\" decoding=\"async\" width=\"720\" height=\"540\" src=\"https:\/\/carbonizationplant.com\/wp-content\/uploads\/2022\/08\/inside-structure-of-the-burning-pool1.webp\" alt=\"Estructura interior de la piscina en llamas.\" class=\"wp-image-84 size-full\" title=\"\"><\/figure><div class=\"wp-block-media-text__content\"> <h3 class=\"wp-block-heading\">La estructura interna de la celda de combusti\u00f3n.<\/h3>    <p>Dentro de la celda de combusti\u00f3n hay lana de roca resistente a altas temperaturas, lo que mejora el sellado y el aislamiento t\u00e9rmico de la m\u00e1quina.<\/p> <\/div><\/div>    <h2 class=\"wp-block-heading\" id=\"h-bio-charcoal-making-machine-working-process\">Proceso de trabajo de la m\u00e1quina para fabricar carb\u00f3n biol\u00f3gico.<\/h2>    <h3 class=\"wp-block-heading\">Precalentar la m\u00e1quina<\/h3>    <p>Despu\u00e9s de encender la estufa de carb\u00f3n continuo, se necesita aproximadamente 1 hora para calentar la m\u00e1quina usando gas licuado de petr\u00f3leo (GLP) para encender la m\u00e1quina, lo que requiere de 20 a 30 kg de GLP por encendido.<\/p>    <h3 class=\"wp-block-heading\">Materiales carbonizantes<\/h3>    <p>El precalentamiento se completa cuando la temperatura de precalentamiento alcanza 280\u00b0-330\u00b0 y se alimenta la materia prima. Despu\u00e9s de 20 minutos de carbonizaci\u00f3n, observe si se genera gas inflamable en la celda de combusti\u00f3n. Si se produce gas inflamable, encienda la c\u00e1mara de combusti\u00f3n; el gas inflamable proporcionar\u00e1 calor para carbonizar el material; no se utilizar\u00e1 m\u00e1s GLP.<\/p>    <h3 class=\"wp-block-heading\">Enfriamiento y descarga<\/h3>    <p>Se requiere enfriamiento para la descarga y para evitar la combusti\u00f3n espont\u00e1nea. La estufa de carb\u00f3n continuo est\u00e1 equipada con un doble condensador, el material carbonizado se descarga desde el interior y el exterior se llena con agua circulante para enfriar, la temperatura de la descarga final es de 30 grados Celsius.<\/p>    <h2 class=\"wp-block-heading\">Dise\u00f1o avanzado de estufa de carb\u00f3n continuo.<\/h2>    <ul class=\"wp-block-list\"><li>El horno de carbonizaci\u00f3n realiza el proceso de producci\u00f3n de alimentaci\u00f3n continua, carbonizaci\u00f3n continua y carbonizaci\u00f3n continua, lo que soluciona el problema de que el equipo de carbonizaci\u00f3n tradicional no se puede carbonizar continuamente y mejora la eficiencia de producci\u00f3n.<\/li><li>El horno de carbonizaci\u00f3n continua adopta un sistema de control inteligente, con un alto nivel de automatizaci\u00f3n y un trabajo de carbonizaci\u00f3n m\u00e1s eficiente.<\/li><li>Los equipos profesionales de extracci\u00f3n de humos pueden eliminar los gases de escape producidos durante un incendio de carb\u00f3n, lo que no contaminar\u00e1 el medio ambiente. Utilizar gas licuado y gas combustible para generar calor, no talar \u00e1rboles y proteger el medio ambiente.<\/li><li>En el proceso de carbonizaci\u00f3n, la estufa de producci\u00f3n continua de carb\u00f3n puede recolectar autom\u00e1ticamente alquitr\u00e1n, l\u00edquido de vinagre de madera y gas combustible para lograr el uso eficiente e integral de la energ\u00eda renovable.<\/li><\/ul>    <h2 class=\"wp-block-heading\">Equipo de purificaci\u00f3n de estufa de carb\u00f3n continuo.<\/h2>   <div class=\"wp-block-image\"> <figure class=\"aligncenter size-full\"><img loading=\"lazy\" decoding=\"async\" width=\"720\" height=\"540\" src=\"https:\/\/carbonizationplant.com\/wp-content\/uploads\/2022\/09\/Purification-equipment-of-continuous-charcoal-making-stove1.webp\" alt=\"Equipo de purificaci\u00f3n de estufa de carb\u00f3n continuo.\" class=\"wp-image-345\" title=\"\"><figcaption>Equipo de purificaci\u00f3n de estufa de carb\u00f3n continuo.<\/figcaption><\/figure> <\/div>   <p>El equipo de purificaci\u00f3n adopta el principio de purificaci\u00f3n del aire y utiliza c\u00e1scaras de man\u00ed, virutas, etc. como medio para filtrar los gases combustibles generados dentro del horno de carbonizaci\u00f3n y reducir la contaminaci\u00f3n.<\/p>    <p>En comparaci\u00f3n con la purificaci\u00f3n de agua original, no se producir\u00e1n obstrucciones y tambi\u00e9n puede reducir la descarga de aguas residuales y proteger el medio ambiente. El material filtrante de gases de combusti\u00f3n utiliza c\u00e1scaras de man\u00ed y virutas y se puede reemplazar una vez cada seis meses, lo que ahorra mucho energ\u00eda.<\/p>    <h2 class=\"wp-block-heading\">Elige un modelo que te guste<\/h2>   <div class=\"wp-block-image\"> <figure class=\"aligncenter size-full\"><img loading=\"lazy\" decoding=\"async\" width=\"720\" height=\"540\" src=\"https:\/\/carbonizationplant.com\/wp-content\/uploads\/2022\/08\/small-type-continuous-charcoal-maker1-1.webp\" alt=\"fabricante de carb\u00f3n continuo de tipo peque\u00f1o\" class=\"wp-image-120\" title=\"\"><figcaption>Visualizaci\u00f3n 3D de carbonera continua.<\/figcaption><\/figure> <\/div>   <p>Los siguientes datos son los par\u00e1metros t\u00e9cnicos de la estufa de carb\u00f3n continuo, puedes elegir el que necesites o contactar con nuestro gerente comercial para consultar el modelo que necesitas.  <\/p>    <figure class=\"wp-block-table\"><table><tbody><tr><td>Modelo<\/td><td>SL-CF800<\/td><td>SL-CF1000<\/td><td>SL-CF1200<\/td><\/tr><tr><td>M\u00e9todo de trabajo<\/td><td>Tipo continuo<\/td><td>Tipo continuo<\/td><td>Tipo continuo<\/td><\/tr><tr><td>Di\u00e1metro (mm)<\/td><td>800<\/td><td>1000<\/td><td>1200<\/td><\/tr><tr><td>Capacidad (kg\/h)<\/td><td>200-300<\/td><td>400-500<\/td><td>500-600<\/td><\/tr><tr><td>Potencia principal (kilovatios)<\/td><td>18.5<\/td><td>20<\/td><td>25<\/td><\/tr><tr><td>Temperatura de carbonizaci\u00f3n (\u2103)<\/td><td>500-800<\/td><td>500-800<\/td><td>500-800<\/td><\/tr><tr><td>Potencia del ventilador (kilovatios)<\/td><td>5.5<\/td><td>5.5<\/td><td>5.5<\/td><\/tr><\/tbody><\/table><\/figure>    <h2 class=\"wp-block-heading\">Casos globales de m\u00e1quina de carbonizaci\u00f3n continua.<\/h2>    <h3 class=\"wp-block-heading\">M\u00e1quina de carb\u00f3n enviada a Ghana<\/h3>    <p class=\"translation-block\">\u00a1Felicidades! Un cliente de Ghana eligi\u00f3 la m\u00e1quina de fabricaci\u00f3n de carb\u00f3n Shuliy recientemente, ahora la <a href=\"https:\/\/carbonizationplant.com\/es\/Info\/continuous-charcoal-making-kiln-sent-to-ghana\/\">m\u00e1quina se env\u00eda a Ghana<\/a>. La m\u00e1quina de fabricaci\u00f3n de carb\u00f3n se utilizar\u00e1 para fabricar carb\u00f3n a partir de c\u00e1scara de coco y carb\u00f3n de c\u00e1scara de palma.<\/p>    <figure class=\"wp-block-gallery has-nested-images columns-default is-cropped wp-block-gallery-4 is-layout-flex wp-block-gallery-is-layout-flex\"> <figure class=\"wp-block-image size-large\"><a href=\"https:\/\/carbonizationplant.com\/es\/Info\/continuous-charcoal-making-kiln-sent-to-ghana\/\"><img loading=\"lazy\" decoding=\"async\" width=\"720\" height=\"540\" data-id=\"209\" src=\"https:\/\/carbonizationplant.com\/wp-content\/uploads\/2022\/08\/charcaoal-machine-to-Ghana1.webp\" alt=\"m\u00e1quina de carb\u00f3n a Ghana\" class=\"wp-image-209\" title=\"\"><\/a><figcaption>m\u00e1quina de carb\u00f3n a Ghana<\/figcaption><\/figure>    <figure class=\"wp-block-image size-large\"><a href=\"https:\/\/carbonizationplant.com\/es\/Info\/continuous-charcoal-making-kiln-sent-to-ghana\/\"><img loading=\"lazy\" decoding=\"async\" width=\"720\" height=\"540\" data-id=\"210\" src=\"https:\/\/carbonizationplant.com\/wp-content\/uploads\/2022\/08\/charcoal-making-machine-shipped-to-Ghana1.webp\" alt=\"m\u00e1quina para fabricar carb\u00f3n enviada a Ghana\" class=\"wp-image-210\" title=\"\"><\/a><figcaption>m\u00e1quina para fabricar carb\u00f3n enviada a Ghana<\/figcaption><\/figure> <\/figure>    <h3 class=\"wp-block-heading\">Estufa de carb\u00f3n continuo del Reino Unido<\/h3>    <p class=\"translation-block\">Nuestro <a href=\"https:\/\/carbonizationplant.com\/es\/Info\/continuous-carbonizing-furnace-exported-to-the-uk\/\">cliente en el Reino Unido<\/a> est\u00e1 en la industria del carb\u00f3n y su negocio principal es carbonizar astillas de madera y enviar las astillas de madera carbonizadas a plantas de energ\u00eda para su uso como combustible. Despu\u00e9s de navegar por nuestro sitio web, mostr\u00f3 inter\u00e9s en nuestro equipo de carbonizaci\u00f3n y se puso en contacto con nosotros. Beco, el gerente de cuentas, recomend\u00f3 la m\u00e1quina de carb\u00f3n SL-1200, con una producci\u00f3n de 500-600 kg por hora, la producci\u00f3n satisface las necesidades del cliente y el precio est\u00e1 dentro del presupuesto del cliente. As\u00ed que la m\u00e1quina fue comprada r\u00e1pidamente.<\/p>    <figure class=\"wp-block-gallery has-nested-images columns-default is-cropped wp-block-gallery-5 is-layout-flex wp-block-gallery-is-layout-flex\"> <figure class=\"wp-block-image size-large\"><a href=\"https:\/\/carbonizationplant.com\/es\/Info\/continuous-carbonizing-furnace-exported-to-the-uk\/\"><img loading=\"lazy\" decoding=\"async\" width=\"720\" height=\"540\" data-id=\"57\" src=\"https:\/\/carbonizationplant.com\/wp-content\/uploads\/2022\/07\/charcoal-machine1.webp\" alt=\"\" class=\"wp-image-57\" title=\"\"><\/a><figcaption>Horno de carbonizaci\u00f3n continua del Reino Unido<\/figcaption><\/figure>    <figure class=\"wp-block-image size-large\"><a href=\"https:\/\/carbonizationplant.com\/es\/Info\/continuous-carbonizing-furnace-exported-to-the-uk\/\"><img loading=\"lazy\" decoding=\"async\" width=\"720\" height=\"540\" data-id=\"61\" src=\"https:\/\/carbonizationplant.com\/wp-content\/uploads\/2022\/07\/continuous-charcoal-machine-to-England1.webp\" alt=\"\" class=\"wp-image-61\" title=\"\"><\/a><figcaption>m\u00e1quina de carb\u00f3n continuo enviada a Inglaterra<\/figcaption><\/figure> <\/figure>    <h3 class=\"wp-block-heading\">Horno de carbonizaci\u00f3n continua de Uganda<\/h3>    <p class=\"translation-block\">La maquinaria de Shuliy para carb\u00f3n <a href=\"https:\/\/carbonizationplant.com\/es\/Info\/charcoal-manufacturing-plant-in-uganda\/\">ha exportado m\u00e1quinas de carb\u00f3n a Uganda<\/a>, nuestro cliente ugando ha comprado una l\u00ednea de producci\u00f3n de carb\u00f3n completa de nuestra empresa, su materia prima son virutas de madera y el producto final son briquetas de carb\u00f3n. <\/p>    <p>Con la ayuda de nuestro personal t\u00e9cnico, el cliente instal\u00f3 la planta de fabricaci\u00f3n de carb\u00f3n vegetal y comenz\u00f3 a producir carb\u00f3n vegetal calificado oficialmente. Si lo necesita, podemos equiparlo con una l\u00ednea completa de producci\u00f3n de carb\u00f3n, que incluye una trituradora de madera, un horno de carb\u00f3n, una m\u00e1quina de carb\u00f3n, etc.<\/p>    <figure class=\"wp-block-gallery has-nested-images columns-default is-cropped wp-block-gallery-6 is-layout-flex wp-block-gallery-is-layout-flex\"> <figure class=\"wp-block-image size-large\"><a href=\"https:\/\/carbonizationplant.com\/es\/Info\/charcoal-manufacturing-plant-in-uganda\/\"><img loading=\"lazy\" decoding=\"async\" width=\"720\" height=\"540\" data-id=\"248\" src=\"https:\/\/carbonizationplant.com\/wp-content\/uploads\/2022\/08\/our-Chinese-engineer-and-our-Uganda-customer-1.webp\" alt=\"nuestro ingeniero chino y nuestro cliente de Uganda\" class=\"wp-image-248\" title=\"\"><\/a><figcaption>nuestro ingeniero chino y nuestro cliente de Uganda <\/figcaption><\/figure>    <figure class=\"wp-block-image size-large\"><a href=\"https:\/\/carbonizationplant.com\/es\/Info\/charcoal-manufacturing-plant-in-uganda\/\"><img loading=\"lazy\" decoding=\"async\" width=\"720\" height=\"540\" data-id=\"241\" src=\"https:\/\/carbonizationplant.com\/wp-content\/uploads\/2022\/08\/continuous-carbonization-furnace1.webp\" alt=\"horno de carbonizaci\u00f3n continua\" class=\"wp-image-241\" title=\"\"><\/a><figcaption>horno de carbonizaci\u00f3n continua<\/figcaption><\/figure> <\/figure>    <p>El v\u00eddeo muestra el proceso de elaboraci\u00f3n de carb\u00f3n vegetal en Uganda.<\/p>    <figure class=\"wp-block-embed is-type-video is-provider-youtube wp-block-embed-youtube wp-embed-aspect-16-9 wp-has-aspect-ratio\"><div class=\"wp-block-embed__wrapper\"> <iframe loading=\"lazy\" title=\"\u00bfC\u00f3mo hacer briquetas de carb\u00f3n en Uganda? | \u00a1Hacer briquetas de carb\u00f3n a partir de madera triturada!\" width=\"500\" height=\"281\" src=\"https:\/\/www.youtube.com\/embed\/DaCiipJMVK0?start=14&#038;feature=oembed\" frameborder=\"0\" allow=\"accelerometer; autoplay; clipboard-write; encrypted-media; gyroscope; picture-in-picture; web-share\" referrerpolicy=\"strict-origin-when-cross-origin\" allowfullscreen><\/iframe> <\/div><\/figure>    <h3 class=\"wp-block-heading\">Estufa de carb\u00f3n continua de Indonesia<\/h3>    <p class=\"translation-block\">Un <a href=\"https:\/\/carbonizationplant.com\/es\/Info\/continuous-carbonizing-stove-indonesia\/\">cliente de Indonesia compr\u00f3 nuestra caldera de carbonizaci\u00f3n<\/a>, que se utiliza principalmente para carbonizar virutas de madera, y las virutas de madera carbonizadas se procesan luego en polvo de carb\u00f3n para la producci\u00f3n de carb\u00f3n para shisha.<\/p>    <figure class=\"wp-block-gallery has-nested-images columns-default is-cropped wp-block-gallery-7 is-layout-flex wp-block-gallery-is-layout-flex\"> <figure class=\"wp-block-image size-large\"><a href=\"https:\/\/carbonizationplant.com\/es\/Info\/continuous-carbonizing-stove-indonesia\/\"><img loading=\"lazy\" decoding=\"async\" width=\"720\" height=\"540\" data-id=\"339\" src=\"https:\/\/carbonizationplant.com\/wp-content\/uploads\/2022\/09\/Continuous-Carbonizing-Stove-Shipped-to-Indonesia1.webp\" alt=\"\" class=\"wp-image-339\" title=\"\"><\/a><figcaption>Estufa de carb\u00f3n continua de Indonesia<\/figcaption><\/figure>    <figure class=\"wp-block-image size-large\"><a href=\"https:\/\/carbonizationplant.com\/es\/Info\/continuous-carbonizing-stove-indonesia\/\"><img loading=\"lazy\" decoding=\"async\" width=\"720\" height=\"540\" data-id=\"337\" src=\"https:\/\/carbonizationplant.com\/wp-content\/uploads\/2022\/09\/Carbonizing-Stove-Shipped-to-Indonesia1.webp\" alt=\"Estufa de carbonizaci\u00f3n continua enviada a Indonesia\" class=\"wp-image-337\" title=\"\"><\/a><figcaption>carga y entrega<\/figcaption><\/figure> <\/figure>","protected":false},"excerpt":{"rendered":"<p>The continuous charcoal making stove can turn biomass raw materials into charcoal through charring technology, bringing profit to customers and realizing the efficient and rational use of renewable resources. Raw materials of continuous charcoal making stove Continuous charcoal making stove can carbonize a variety of biomass materials, such as peanut shells, branches, bark, walnut shells, [&hellip;]<\/p>\n","protected":false},"author":1,"featured_media":206,"parent":0,"template":"","tags":[],"product-type":[14],"class_list":["post-204","product","type-product","status-publish","has-post-thumbnail","hentry","product-type-by-machine-type"],"_links":{"self":[{"href":"https:\/\/carbonizationplant.com\/es\/wp-json\/wp\/v2\/product\/204","targetHints":{"allow":["GET"]}}],"collection":[{"href":"https:\/\/carbonizationplant.com\/es\/wp-json\/wp\/v2\/product"}],"about":[{"href":"https:\/\/carbonizationplant.com\/es\/wp-json\/wp\/v2\/types\/product"}],"author":[{"embeddable":true,"href":"https:\/\/carbonizationplant.com\/es\/wp-json\/wp\/v2\/users\/1"}],"wp:featuredmedia":[{"embeddable":true,"href":"https:\/\/carbonizationplant.com\/es\/wp-json\/wp\/v2\/media\/206"}],"wp:attachment":[{"href":"https:\/\/carbonizationplant.com\/es\/wp-json\/wp\/v2\/media?parent=204"}],"wp:term":[{"taxonomy":"post_tag","embeddable":true,"href":"https:\/\/carbonizationplant.com\/es\/wp-json\/wp\/v2\/tags?post=204"},{"taxonomy":"product-type","embeddable":true,"href":"https:\/\/carbonizationplant.com\/es\/wp-json\/wp\/v2\/product-type?post=204"}],"curies":[{"name":"wp","href":"https:\/\/api.w.org\/{rel}","templated":true}]}}