{"id":69,"date":"2022-08-01T08:40:17","date_gmt":"2022-08-01T08:40:17","guid":{"rendered":"https:\/\/carbonizationplant.com\/?post_type=product&#038;p=69"},"modified":"2024-03-26T18:11:15","modified_gmt":"2024-03-26T10:11:15","slug":"rice-husk-charcoal-making-machine","status":"publish","type":"product","link":"https:\/\/carbonizationplant.com\/es\/product\/maquina-para-fabricar-carbon-de-cascara-de-arroz\/","title":{"rendered":"M\u00e1quina para fabricar carb\u00f3n vegetal de c\u00e1scara de arroz | Carbonizador de c\u00e1scara de arroz"},"content":{"rendered":"<p>La m\u00e1quina para fabricar carb\u00f3n vegetal de c\u00e1scara de arroz es un equipo popular para producir c\u00e1scara de arroz carbonizada. La c\u00e1scara de arroz carbonizada es una nueva fuente de energ\u00eda para proporcionar calor a la industria u otros equipos y es una alternativa a las fuentes de energ\u00eda tradicionales. Shuliy Machinery ofrece dos tipos de m\u00e1quinas carbonizadoras de c\u00e1scara de arroz, incluida la de tipo continuo. Con la creciente falta de fuentes de energ\u00eda como el petr\u00f3leo, el mercado del carb\u00f3n de c\u00e1scara de arroz como fuente de energ\u00eda alternativa seguir\u00e1 creciendo, y este es el momento de invertir en una m\u00e1quina para fabricar carb\u00f3n de c\u00e1scara de arroz para aprovechar la oportunidad del mercado y generar ganancias sustanciales. .<\/p>   <div class=\"wp-block-image\"> <figure class=\"aligncenter size-full\"><img loading=\"lazy\" decoding=\"async\" width=\"800\" height=\"533\" src=\"https:\/\/carbonizationplant.com\/wp-content\/uploads\/2022\/08\/carbonized-rice-hull.webp\" alt=\"c\u00e1scara de arroz carbonizada\" class=\"wp-image-81\" title=\"\"><figcaption class=\"wp-element-caption\">c\u00e1scara de arroz carbonizada<\/figcaption><\/figure> <\/div>   <h2 class=\"wp-block-heading\" id=\"h-rice-husk-charcoal-making-machine-for-sale\">Venta de m\u00e1quina para fabricar carb\u00f3n de c\u00e1scara de arroz<\/h2>    <p>El grupo Shuliy ofrece a sus clientes dos hornos de carbonizaci\u00f3n de c\u00e1scara de arroz diferentes, ambos m\u00e9todos de trabajo son continuos. Son duraderos y respetuosos con el medio ambiente. Adem\u00e1s, la m\u00e1quina se puede aplicar a astillas de madera carbonizadas, c\u00e1scaras de coco u otros materiales. Ind\u00edcanos las materias primas que necesitas para carbonizar y te daremos un servicio personalizado.<\/p>   <div class=\"wp-block-image\"> <figure class=\"aligncenter size-full\"><a href=\"https:\/\/carbonizationplant.com\/es\/product\/newest-continuous-carbonization-furnace\/\"><img loading=\"lazy\" decoding=\"async\" width=\"720\" height=\"540\" src=\"https:\/\/carbonizationplant.com\/wp-content\/uploads\/2022\/07\/continuous-charcoal-making-machine-21.webp\" alt=\"m\u00e1quina para fabricar carb\u00f3n continuo\" class=\"wp-image-41\" title=\"\"><\/a><figcaption class=\"wp-element-caption\">m\u00e1quina para fabricar carb\u00f3n continuo<\/figcaption><\/figure> <\/div>   <figure class=\"wp-block-table\"><table><tbody><tr><td>Modelo<\/td><td>SL-0812<\/td><td>SL-1015<\/td><td>SL-1218<\/td><td>SL-1320<\/td><\/tr><tr><td>Capacidad de alimentaci\u00f3n por hora<\/td><td>500 kilos<\/td><td>0,8-1\u00a0toneladas<\/td><td>1,5-2 toneladas<\/td><td>2,5-3 toneladas<\/td><\/tr><tr><td>M\u00e9todo de trabajo<\/td><td>Carbonizaci\u00f3n continua<\/td><td><\/td><td><\/td><td><\/td><\/tr><tr><td>Tama\u00f1o del reactor<\/td><td>800 mm<\/td><td>1000 mm<\/td><td>1300 mm<\/td><td>1700 mm<\/td><\/tr><tr><td>Materiales de calefacci\u00f3n<\/td><td>Carb\u00f3n, le\u00f1a, gas\u00f3leo, gas natural, GLP, pellets de biomasa, etc.<\/td><td><\/td><td><\/td><td><\/td><\/tr><tr><td>Poder total<\/td><td>40 kw\/h<\/td><td>55 kw\/h<\/td><td>60 kw\/h<\/td><td>72 kw\/h<\/td><\/tr><tr><td>\u00c1rea de piso (L*W*H)<\/td><td>30m*15m*7m<\/td><td>35*15*7m<\/td><td>45*15*10m<\/td><td>50*15*10m<\/td><\/tr><tr><td>Presi\u00f3n operacional<\/td><td>Presi\u00f3n constante<\/td><td>Presi\u00f3n constante<\/td><td>Presi\u00f3n constante<\/td><td>Presi\u00f3n constante<\/td><\/tr><tr><td>M\u00e9todo de enfriamiento<\/td><td>Refrigeraci\u00f3n por agua de reciclaje<\/td><td><\/td><td><\/td><td><\/td><\/tr><\/tbody><\/table><\/figure>   <div class=\"wp-block-image\"> <figure class=\"aligncenter size-full\"><a href=\"https:\/\/carbonizationplant.com\/es\/product\/continuous-charcoal-making-stove\/\"><img loading=\"lazy\" decoding=\"async\" width=\"720\" height=\"540\" src=\"https:\/\/carbonizationplant.com\/wp-content\/uploads\/2022\/07\/continuous-charcoal-making-machine1.webp\" alt=\"\" class=\"wp-image-40\" title=\"\"><\/a><figcaption class=\"wp-element-caption\">M\u00e1quina continua para fabricar carb\u00f3n vegetal de c\u00e1scara de arroz<\/figcaption><\/figure> <\/div>   <figure class=\"wp-block-table\"><table><tbody><tr><td>Modelo<\/td><td>SL-CF800<\/td><td>SL-CF1000<\/td><td>SL-CF1200<\/td><\/tr><tr><td>Di\u00e1metro (mm)<\/td><td>800<\/td><td>1000<\/td><td>1200<\/td><\/tr><tr><td>Capacidad (kg\/h)<\/td><td>400-600<\/td><td>800-1000<\/td><td>1200-1500<\/td><\/tr><tr><td>Potencia principal (kilovatios)<\/td><td>18.5<\/td><td>18.5<\/td><td>20<\/td><\/tr><tr><td>Temperatura de carbonizaci\u00f3n (\u2103)<\/td><td>500-800<\/td><td>500-800<\/td><td>500-800<\/td><\/tr><tr><td>Potencia del ventilador (kilovatios)<\/td><td>5.5<\/td><td>5.5<\/td><td>5.5<\/td><\/tr><\/tbody><\/table><\/figure>    <h2 class=\"wp-block-heading\" id=\"h-rice-hull-carbonizer-design\"><strong>Dise\u00f1o de carbonizador de c\u00e1scara de arroz.<\/strong><\/h2>    <h3 class=\"wp-block-heading\"><strong><a href=\"https:\/\/carbonizationplant.com\/es\/product\/continuous-charcoal-making-stove\/\">M\u00e1quina de carb\u00f3n continuo <\/a><\/strong><\/h3>    <p>Esta m\u00e1quina para fabricar carb\u00f3n vegetal de c\u00e1scara de arroz incluye principalmente alimentaci\u00f3n en espiral, alimentaci\u00f3n plana, m\u00e1quina principal, descarga de condensaci\u00f3n, cabezal de llama, piscina de combusti\u00f3n, equipo de purificaci\u00f3n, gabinete de distribuci\u00f3n de energ\u00eda, etc. La m\u00e1quina se divide principalmente en tres \u00e1reas de trabajo, que son el \u00e1rea de precalentamiento, \u00c1rea de carbonizaci\u00f3n a alta temperatura y \u00e1rea de enfriamiento.<\/p>    <div class=\"wp-block-media-text alignwide is-stacked-on-mobile\"><figure class=\"wp-block-media-text__media\"><img loading=\"lazy\" decoding=\"async\" width=\"720\" height=\"540\" src=\"https:\/\/carbonizationplant.com\/wp-content\/uploads\/2022\/08\/ignition-head1.webp\" alt=\"cabeza de encendido\" class=\"wp-image-82 size-full\" title=\"\"><\/figure><div class=\"wp-block-media-text__content\"> <h2 class=\"wp-block-heading\"><strong>Cabezal de encendido de piscina en llamas<\/strong><\/h2>    <p>El n\u00famero de cabezales de encendido var\u00eda de un modelo a otro; por ejemplo, el modelo SL-CF1200 tiene 18 cabezales de encendido en total. Los utilizamos como dispositivos de encendido cuando elegimos GLP como fuente de calor.<\/p> <\/div><\/div>    <div class=\"wp-block-media-text alignwide has-media-on-the-right is-stacked-on-mobile\"><div class=\"wp-block-media-text__content\"> <h2 class=\"wp-block-heading\"><strong> Celda de combusti\u00f3n<\/strong><\/h2> <\/div><figure class=\"wp-block-media-text__media\"><img loading=\"lazy\" decoding=\"async\" width=\"720\" height=\"540\" src=\"https:\/\/carbonizationplant.com\/wp-content\/uploads\/2022\/08\/burning-pool1.webp\" alt=\"piscina en llamas\" class=\"wp-image-83 size-full\" title=\"\"><\/figure><\/div>    <div class=\"wp-block-media-text alignwide is-stacked-on-mobile\"><figure class=\"wp-block-media-text__media\"><img loading=\"lazy\" decoding=\"async\" width=\"720\" height=\"540\" src=\"https:\/\/carbonizationplant.com\/wp-content\/uploads\/2022\/08\/inside-structure-of-the-burning-pool1.webp\" alt=\"Estructura interior de la piscina en llamas.\" class=\"wp-image-84 size-full\" title=\"\"><\/figure><div class=\"wp-block-media-text__content\"> <h2 class=\"wp-block-heading\"><strong>Estructura interna de la celda de combusti\u00f3n.<\/strong><\/h2>    <p>Est\u00e1 hecho de acero Q235 de 4 mm de espesor y lana de roca de alta temperatura de 5 cm de espesor, que tiene un buen aislamiento t\u00e9rmico y garantiza el efecto de carbonizaci\u00f3n.<\/p> <\/div><\/div>    <div class=\"wp-block-media-text alignwide has-media-on-the-right is-stacked-on-mobile\"><div class=\"wp-block-media-text__content\"> <h2 class=\"wp-block-heading\"><strong>Dise\u00f1o dentro del carbonizador de c\u00e1scara de arroz.<\/strong><\/h2>    <p>La m\u00e1quina para fabricar carb\u00f3n vegetal de c\u00e1scara de arroz adopta una placa de acero inoxidable 310s y lana de roca, lo que mejora el sellado y la preservaci\u00f3n del calor.<\/p> <\/div><figure class=\"wp-block-media-text__media\"><img loading=\"lazy\" decoding=\"async\" width=\"720\" height=\"540\" src=\"https:\/\/carbonizationplant.com\/wp-content\/uploads\/2022\/08\/mineral-wool1.webp\" alt=\"lana mineral\" class=\"wp-image-86 size-full\" title=\"\"><\/figure><\/div>    <h3 class=\"wp-block-heading\">Horno de carbonizaci\u00f3n continua de tipo m\u00e1s nuevo<\/h3>    <figure class=\"wp-block-embed is-type-video is-provider-youtube wp-block-embed-youtube wp-embed-aspect-16-9 wp-has-aspect-ratio\"><div class=\"wp-block-embed__wrapper\"> <iframe loading=\"lazy\" title=\"\u00bfC\u00f3mo funciona la m\u00e1quina para fabricar carb\u00f3n continuo? | V\u00eddeo 3D del proceso de funcionamiento del horno de carb\u00f3n.\" width=\"500\" height=\"281\" src=\"https:\/\/www.youtube.com\/embed\/bOzrHR-9HFs?start=1&#038;feature=oembed\" frameborder=\"0\" allow=\"accelerometer; autoplay; clipboard-write; encrypted-media; gyroscope; picture-in-picture; web-share\" referrerpolicy=\"strict-origin-when-cross-origin\" allowfullscreen><\/iframe> <\/div><\/figure>    <h2 class=\"wp-block-heading\">Preguntas frecuentes sobre la m\u00e1quina para fabricar carb\u00f3n vegetal de c\u00e1scara de arroz<\/h2>   <div id=\"rank-math-faq\" class=\"rank-math-block\"> <div class=\"rank-math-list\"> <div id=\"faq-question-1711447351470\" class=\"rank-math-list-item\"> <h3 class=\"rank-math-question\">\u00bfExisten requisitos para la c\u00e1scara de arroz?<\/h3> <div class=\"rank-math-answer\">  <p>El contenido de humedad de las materias primas debe ser inferior a 20%. Si el contenido de humedad es alto, es necesario secarlo previamente con un equipo de secado.<\/p>  <\/div> <\/div> <div id=\"faq-question-1711447418724\" class=\"rank-math-list-item\"> <h3 class=\"rank-math-question\">\u00bfEste equipo puede utilizar c\u00e1scaras de man\u00ed para producir carb\u00f3n?<\/h3> <div class=\"rank-math-answer\">  <p>Por supuesto, es aceptable cualquier material menor de 10 cent\u00edmetros, como c\u00e1scaras de man\u00ed, mazorcas de ma\u00edz, tallos de sorgo, c\u00e1scaras de coco, bagazo de ca\u00f1a, aserr\u00edn, etc.<\/p>  <\/div> <\/div> <div id=\"faq-question-1711447606358\" class=\"rank-math-list-item\"> <h3 class=\"rank-math-question\">\u00bfLos subproductos de la combusti\u00f3n causan contaminaci\u00f3n?<\/h3> <div class=\"rank-math-answer\">  <p>El alquitr\u00e1n y el vinagre de madera producidos por nuestros equipos cuentan con un equipo anti-quema, que quemar\u00e1 el alquitr\u00e1n y el vinagre de madera sin causar contaminaci\u00f3n.<\/p>  <\/div> <\/div> <\/div> <\/div>   <h2 class=\"wp-block-heading\"><strong>Proceso de elaboraci\u00f3n de carb\u00f3n vegetal de c\u00e1scara de arroz.<\/strong><\/h2>    <ul class=\"wp-block-list\"> <li>Despu\u00e9s de encender la m\u00e1quina para fabricar carb\u00f3n de c\u00e1scara de arroz, la m\u00e1quina se enciende con gas licuado de petr\u00f3leo (GLP). La m\u00e1quina debe precalentarse durante aproximadamente 1 hora y se necesitan entre 20 y 30 kg de GLP para encenderse una vez (todo el proceso solo necesita encender el GLP una vez).<\/li>    <li>Cuando la temperatura en la zona de precalentamiento alcance 280\u00b0-330\u00b0, coloque materias primas como c\u00e1scara de arroz y astillas de madera.<\/li>    <li>Encienda la c\u00e1mara de combusti\u00f3n. Despu\u00e9s de carbonizar durante 10 a 20 minutos, observe la c\u00e1mara de combusti\u00f3n. Si se produce gas combustible, apague el quemador y utilice estos gases como combustible, no m\u00e1s GLP.<\/li>    <li>Como la c\u00e1scara de arroz carbonizada est\u00e1 demasiado caliente, es necesario enfriarla antes de descargarla. El horno de carbonizaci\u00f3n est\u00e1 equipado con un doble condensador para ayudar a enfriar el carb\u00f3n de c\u00e1scara de arroz.<\/li> <\/ul>    <h2 class=\"wp-block-heading\"><strong>\u00bfPor qu\u00e9 elegir la m\u00e1quina para fabricar carb\u00f3n vegetal con c\u00e1scara de arroz Shuliy?<\/strong><\/h2>    <p>La m\u00e1quina de carb\u00f3n Shuliy produce carb\u00f3n de c\u00e1scara de arroz de excelente calidad. Despu\u00e9s de experimentos en la f\u00e1brica, se descubre que este carb\u00f3n de c\u00e1scara de arroz se vuelve s\u00f3lido granular de color negro despu\u00e9s de ser triturado a mano y no se amasa hasta formar una masa o arena. Parte del carb\u00f3n de c\u00e1scara de arroz que se vende en el mercado se convierte en cenizas cuando se frota con la mano, lo cual es de baja calidad y tendr\u00e1 un efecto negativo en el acero cuando se utilice en la fabricaci\u00f3n de acero.<\/p>    <h2 class=\"wp-block-heading\">Uso de c\u00e1scara de arroz carbonizada.<\/h2>    <ul class=\"wp-block-list\"> <li>La c\u00e1scara de arroz carbonizada se puede utilizar en la producci\u00f3n industrial y es un material excelente para proporcionar calor a la producci\u00f3n de acero y hierro. El uso de c\u00e1scaras de arroz carbonizadas puede reducir el consumo de energ\u00eda y es rentable.<\/li>    <li>En la agricultura, algunos inversores utilizan el carb\u00f3n vegetal final de la c\u00e1scara de arroz como materia prima para fertilizantes y acondicionadores del suelo. Las c\u00e1scaras de arroz carbonizadas con un valor de Ph superior a 7,0 pueden neutralizar el suelo \u00e1cido y evitar la acidificaci\u00f3n del suelo. Adem\u00e1s, mezclar c\u00e1scaras de arroz carbonizadas en el medio puede hacer que el suelo arenoso retenga m\u00e1s agua y ayudar a que las plantas crezcan.<\/li>    <li>Tambi\u00e9n hay muchos clientes que reprocesan c\u00e1scaras de arroz carbonizadas moli\u00e9ndolas hasta convertirlas en polvo y agregando aglutinantes para hacer bloques de carb\u00f3n de diversas formas que pueden usarse para calefacci\u00f3n dom\u00e9stica y carb\u00f3n para barbacoas, etc.<\/li> <\/ul>","protected":false},"excerpt":{"rendered":"<p>Rice husk charcoal making machine is a piece of popular equipment for producing carbonized rice husk. carbonized rice hull is a new energy source to provide heat for industry or other equipment and is an alternative to traditional energy sources. Shuliy Machinery offers two types of rice husk charring machines, including and continuous type. With [&hellip;]<\/p>\n","protected":false},"author":1,"featured_media":71,"parent":0,"template":"","tags":[9],"product-type":[13],"class_list":["post-69","product","type-product","status-publish","has-post-thumbnail","hentry","tag-charcoal-making-machine","product-type-by-material"],"_links":{"self":[{"href":"https:\/\/carbonizationplant.com\/es\/wp-json\/wp\/v2\/product\/69","targetHints":{"allow":["GET"]}}],"collection":[{"href":"https:\/\/carbonizationplant.com\/es\/wp-json\/wp\/v2\/product"}],"about":[{"href":"https:\/\/carbonizationplant.com\/es\/wp-json\/wp\/v2\/types\/product"}],"author":[{"embeddable":true,"href":"https:\/\/carbonizationplant.com\/es\/wp-json\/wp\/v2\/users\/1"}],"wp:featuredmedia":[{"embeddable":true,"href":"https:\/\/carbonizationplant.com\/es\/wp-json\/wp\/v2\/media\/71"}],"wp:attachment":[{"href":"https:\/\/carbonizationplant.com\/es\/wp-json\/wp\/v2\/media?parent=69"}],"wp:term":[{"taxonomy":"post_tag","embeddable":true,"href":"https:\/\/carbonizationplant.com\/es\/wp-json\/wp\/v2\/tags?post=69"},{"taxonomy":"product-type","embeddable":true,"href":"https:\/\/carbonizationplant.com\/es\/wp-json\/wp\/v2\/product-type?post=69"}],"curies":[{"name":"wp","href":"https:\/\/api.w.org\/{rel}","templated":true}]}}