{"id":87,"date":"2022-08-02T07:55:41","date_gmt":"2022-08-02T07:55:41","guid":{"rendered":"https:\/\/carbonizationplant.com\/?post_type=product&#038;p=87"},"modified":"2024-03-28T09:09:39","modified_gmt":"2024-03-28T01:09:39","slug":"wood-charcoal-making-machine","status":"publish","type":"product","link":"https:\/\/carbonizationplant.com\/es\/product\/maquina-para-fabricar-carbon-vegetal\/","title":{"rendered":"M\u00e1quina para fabricar carb\u00f3n vegetal | Horno de carbonizaci\u00f3n de troncos"},"content":{"rendered":"<p>La m\u00e1quina para fabricar carb\u00f3n vegetal se usa ampliamente en varias plantas de carb\u00f3n vegetal. Algunos pa\u00edses tienen abundantes recursos madereros, como el Reino Unido, Filipinas, Indonesia, Tailandia, etc. Si utiliza el horno de carbonizaci\u00f3n para convertir estas maderas en carb\u00f3n vegetal, obtendr\u00e1 un rendimiento considerable. Ahora Shuliy ofrece dos tipos de hornos de carbonizaci\u00f3n de madera, incluida la m\u00e1quina de carbonizaci\u00f3n vertical y la m\u00e1quina de carbonizaci\u00f3n horizontal.<\/p>    <figure class=\"wp-block-gallery has-nested-images columns-default is-cropped wp-block-gallery-2 is-layout-flex wp-block-gallery-is-layout-flex\"> <figure class=\"wp-block-image size-large\"><img loading=\"lazy\" decoding=\"async\" width=\"1568\" height=\"1045\" data-id=\"90\" src=\"https:\/\/carbonizationplant.com\/wp-content\/uploads\/2022\/08\/wood-logs-.webp\" alt=\"troncos de madera\" class=\"wp-image-90\" title=\"\"><figcaption class=\"wp-element-caption\">troncos de madera<\/figcaption><\/figure>    <figure class=\"wp-block-image size-large\"><img loading=\"lazy\" decoding=\"async\" width=\"500\" height=\"500\" data-id=\"89\" src=\"https:\/\/carbonizationplant.com\/wp-content\/uploads\/2022\/08\/wood-charcoal.webp\" alt=\"carb\u00f3n de madera\" class=\"wp-image-89\" title=\"\"><figcaption class=\"wp-element-caption\">carb\u00f3n de madera<\/figcaption><\/figure> <\/figure>    <h2 class=\"wp-block-heading\" id=\"h-hoisting-carbonization-furnace-for-sale\">Horno de carbonizaci\u00f3n de elevaci\u00f3n a la venta<\/h2>    <p class=\"translation-block\"><strong><a href=\"https:\/\/carbonizationplant.com\/es\/product\/hoisting-carbonization-furnace\/\">Horno de carbonizaci\u00f3n de elevaci\u00f3n<\/a><\/strong> tambi\u00e9n se llama horno de carbonizaci\u00f3n vertical, que es un equipo ideal para la destilaci\u00f3n anaer\u00f3bica y la carbonizaci\u00f3n. Adopta un sistema de enfriamiento por vapor avanzado, que puede ahorrar mucho calor. El horno de carbonizaci\u00f3n vertical es un equipo ideal para carbonizar troncos y bloques de madera.<\/p>    <figure class=\"wp-block-gallery has-nested-images columns-default is-cropped wp-block-gallery-3 is-layout-flex wp-block-gallery-is-layout-flex\"> <figure class=\"wp-block-image size-large\"><img loading=\"lazy\" decoding=\"async\" width=\"720\" height=\"540\" data-id=\"92\" src=\"https:\/\/carbonizationplant.com\/wp-content\/uploads\/2022\/08\/ourter-shell-of-the-carbonizing-furnace1.webp\" alt=\"Carcasa exterior del horno de carbonizaci\u00f3n.\" class=\"wp-image-92\" title=\"\"><figcaption class=\"wp-element-caption\">Carcasa exterior de la m\u00e1quina para fabricar carb\u00f3n vegetal.<\/figcaption><\/figure>    <figure class=\"wp-block-image size-large\"><img loading=\"lazy\" decoding=\"async\" width=\"720\" height=\"540\" data-id=\"93\" src=\"https:\/\/carbonizationplant.com\/wp-content\/uploads\/2022\/08\/three-inner-tanks-for-continuously-working1.webp\" alt=\"Tres tanques internos para trabajar continuamente.\" class=\"wp-image-93\" title=\"\"><figcaption class=\"wp-element-caption\">Tres tanques internos para trabajar continuamente.<\/figcaption><\/figure> <\/figure>    <h3 class=\"wp-block-heading\">Video de la m\u00e1quina para fabricar carb\u00f3n vegetal.<\/h3>    <figure class=\"wp-block-embed is-type-video is-provider-youtube wp-block-embed-youtube wp-embed-aspect-16-9 wp-has-aspect-ratio\"><div class=\"wp-block-embed__wrapper\"> <iframe loading=\"lazy\" title=\"Venta de m\u00e1quinas para fabricar carb\u00f3n | Horno de carbonizaci\u00f3n de elevaci\u00f3n para troncos, c\u00e1scara de coco y bamb\u00fa.\" width=\"500\" height=\"281\" src=\"https:\/\/www.youtube.com\/embed\/AhiE6lVFOnk?feature=oembed\" frameborder=\"0\" allow=\"accelerometer; autoplay; clipboard-write; encrypted-media; gyroscope; picture-in-picture; web-share\" referrerpolicy=\"strict-origin-when-cross-origin\" allowfullscreen><\/iframe> <\/div><\/figure>    <h3 class=\"wp-block-heading\">Par\u00e1metros del horno de carbonizaci\u00f3n vertical.<\/h3>    <figure class=\"wp-block-table\"><table><tbody><tr><td>Modelo<\/td><td>SL-C1500<\/td><\/tr><tr><td>Dimensi\u00f3n<\/td><td>1940mm*1900mm*1900mm<\/td><\/tr><tr><td>Tama\u00f1o del tanque interior<\/td><td>1500mm*1500mm<\/td><\/tr><tr><td>Grosor de la vejiga exterior<\/td><td>6mm<\/td><\/tr><tr><td>Capacidad de salida<\/td><td>2500-3000kg\/24 horas<\/td><\/tr><tr><td>Capacidad de carga<\/td><td>2600-3000kg\/por 8 horas<\/td><\/tr><tr><td>Peso<\/td><td>2,8 toneladas<\/td><\/tr><\/tbody><\/table><\/figure>    <h3 class=\"wp-block-heading\" id=\"h-advantages-of-hoisting-carbonization-furnace\">Ventajas de elevar el horno de carbonizaci\u00f3n.<\/h3>    <ul class=\"wp-block-list\"> <li>Cada horno de carbonizaci\u00f3n vertical puede carbonizar entre 50 y 80 kg de materiales en un horno; si el cliente tiene una gran producci\u00f3n, pueden funcionar varios hornos de carbonizaci\u00f3n al mismo tiempo y el propio cliente puede decidir libremente el n\u00famero de hornos de carbonizaci\u00f3n seg\u00fan la producci\u00f3n. el funcionamiento es muy flexible y controlable.<\/li>    <li>Cada horno de carbonizaci\u00f3n vertical est\u00e1 equipado con un revestimiento interior adicional. Cuando finaliza la carbonizaci\u00f3n de un horno, no hay necesidad de intervalos de tiempo, se coloca directamente otro lleno de materias primas en el dan interno para carbonizar, para aumentar la eficiencia.<\/li>    <li>El combustible para la m\u00e1quina para fabricar carb\u00f3n vegetal es madera, carb\u00f3n vegetal, pellets de madera, etc. Estos combustibles son baratos y f\u00e1ciles de conseguir. El proceso de carbonizaci\u00f3n ahorra combustible, el combustible producir\u00e1 gas combustible despu\u00e9s de quemarse durante un per\u00edodo de tiempo, estos gases se utilizar\u00e1n como combustible, no es necesario agregarle madera o carb\u00f3n.<\/li>    <li>Todo el horno de carbonizaci\u00f3n cubre un \u00e1rea peque\u00f1a, lo cual es muy adecuado para f\u00e1bricas de carbonizaci\u00f3n peque\u00f1as y medianas.<\/li> <\/ul>    <h2 class=\"wp-block-heading\">Venta de horno de carbonizaci\u00f3n horizontal<\/h2>    <p class=\"translation-block\">Un <strong><a href=\"https:\/\/carbonizationplant.com\/es\/product\/horno-de-carbonizacion-horizontal\/\">horno de carbonizaci\u00f3n horizontal<\/a><\/strong> es un equipo de carbonizaci\u00f3n para procesar carb\u00f3n, adecuado para carbonizar materias primas voluminosas, como bamb\u00fa, troncos, varillas de biomasa, c\u00e1scaras de coco, etc.<\/p>    <figure class=\"wp-block-gallery has-nested-images columns-default is-cropped wp-block-gallery-4 is-layout-flex wp-block-gallery-is-layout-flex\"> <figure class=\"wp-block-image size-large\"><img loading=\"lazy\" decoding=\"async\" width=\"720\" height=\"540\" data-id=\"94\" src=\"https:\/\/carbonizationplant.com\/wp-content\/uploads\/2022\/08\/horizontal-charcoal-furnace1.webp\" alt=\"\" class=\"wp-image-94\" title=\"\"><figcaption class=\"wp-element-caption\">horno de carb\u00f3n horizontal<\/figcaption><\/figure>    <figure class=\"wp-block-image size-large\"><img loading=\"lazy\" decoding=\"async\" width=\"720\" height=\"540\" data-id=\"95\" src=\"https:\/\/carbonizationplant.com\/wp-content\/uploads\/2022\/08\/structures-of-horizontal-carbonization-furnace1.webp\" alt=\" horno de carbonizaci\u00f3n horizontal\" class=\"wp-image-95\" title=\"\"><figcaption class=\"wp-element-caption\"> horno de carbonizaci\u00f3n horizontal<\/figcaption><\/figure> <\/figure>    <h3 class=\"wp-block-heading\">Par\u00e1metros del horno de carbonizaci\u00f3n horizontal.<\/h3>    <figure class=\"wp-block-table\"><table><tbody><tr><td>Tipo<\/td><td>Capacidad<\/td><td>Peso<\/td><td>Tama\u00f1o<\/td><\/tr><tr><td>SL-C1300&nbsp;&nbsp;<\/td><td>900-1200kg\/12-14h<\/td><td>2500 kilos<\/td><td>3*1,7*2,2 m<\/td><\/tr><tr><td>SL-C1500&nbsp;<\/td><td>1500-2000kg\/12-14h<\/td><td>4000 kilos<\/td><td>4,5*1,9*2,3 m<\/td><\/tr><tr><td>SL-C1900&nbsp;&nbsp;<\/td><td>2500-3000kg\/12-14h<\/td><td>5500 kilos<\/td><td>5*2,3*2,5 m<\/td><\/tr><\/tbody><\/table><\/figure>    <h3 class=\"wp-block-heading\">Video de la m\u00e1quina para fabricar carb\u00f3n vegetal.<\/h3>    <figure class=\"wp-block-embed is-type-video is-provider-youtube wp-block-embed-youtube wp-embed-aspect-16-9 wp-has-aspect-ratio\"><div class=\"wp-block-embed__wrapper\"> <iframe loading=\"lazy\" title=\"Horno de carbonizaci\u00f3n horizontal para troncos, bloques de madera y bamb\u00fa.\" width=\"500\" height=\"281\" src=\"https:\/\/www.youtube.com\/embed\/pq6ped8C1RY?start=25&#038;feature=oembed\" frameborder=\"0\" allow=\"accelerometer; autoplay; clipboard-write; encrypted-media; gyroscope; picture-in-picture; web-share\" referrerpolicy=\"strict-origin-when-cross-origin\" allowfullscreen><\/iframe> <\/div><\/figure>    <h3 class=\"wp-block-heading\" id=\"h-advantages-of-horizontal-carbonization-furnace\">Ventajas del horno de carbonizaci\u00f3n horizontal.<\/h3>    <ul class=\"wp-block-list\"> <li>La m\u00e1quina horizontal para fabricar carb\u00f3n vegetal tiene una gran producci\u00f3n, la producci\u00f3n m\u00ednima es de 900 kg de material carbonizado cada 12 horas y la producci\u00f3n m\u00e1xima es de 3000 kg de material carbonizado cada 12 horas.<\/li>    <li>El horno de carbonizaci\u00f3n horizontal est\u00e1 equipado con rieles gu\u00eda y carros, llene el carro con materiales, emp\u00fajelo hacia el horno a trav\u00e9s de los rieles gu\u00eda y s\u00e1quelo directamente despu\u00e9s de terminar la carbonizaci\u00f3n, lo cual es muy conveniente de operar y aprovecha al m\u00e1ximo el espacio. dentro del horno.<\/li>    <li>En el interior de la m\u00e1quina horizontal para fabricar carb\u00f3n vegetal se encuentra lana de roca de alta temperatura, que evita que se pierda temperatura durante la carbonizaci\u00f3n y garantiza el efecto de carbonizaci\u00f3n.<\/li> <\/ul>    <h2 class=\"wp-block-heading\">Preguntas frecuentes sobre la m\u00e1quina de carb\u00f3n de le\u00f1a<\/h2>   <div id=\"rank-math-faq\" class=\"rank-math-block\"> <div class=\"rank-math-list\"> <div id=\"faq-question-1711587750434\" class=\"rank-math-list-item\"> <h3 class=\"rank-math-question\">\u00bfLa gr\u00faa del horno elevador de carbonizaci\u00f3n es autom\u00e1tica?<\/h3> <div class=\"rank-math-answer\">  <p>S\u00ed, los trabajadores s\u00f3lo necesitan operar la gr\u00faa.<\/p>  <\/div> <\/div> <div id=\"faq-question-1711587945158\" class=\"rank-math-list-item\"> <h3 class=\"rank-math-question\">\u00bfCu\u00e1l es el material de la m\u00e1quina?<\/h3> <div class=\"rank-math-answer\">  <p>La m\u00e1quina est\u00e1 fabricada \u00edntegramente en acero y es muy duradera.<\/p>  <\/div> <\/div> <div id=\"faq-question-1711588044604\" class=\"rank-math-list-item\"> <h3 class=\"rank-math-question\">\u00bfCu\u00e1nto tiempo se tarda en quemar un horno?<\/h3> <div class=\"rank-math-answer\">  <p>Por lo general, son de 8 a 10 horas. Adem\u00e1s, el tiempo de enfriamiento tarda entre 8 y 10 horas m\u00e1s.<\/p>  <\/div> <\/div> <\/div> <\/div>   <h2 class=\"wp-block-heading\">\u00bfPor qu\u00e9 elegir la m\u00e1quina de carb\u00f3n vegetal Shuliy?<\/h2>    <ol class=\"wp-block-list\"> <li>Variedad de modelos. Contamos con una amplia gama de equipos de carbonizaci\u00f3n para que los clientes elijan, por lo que no importa qu\u00e9 material desee procesar, podemos encontrar el mejor equipo de carbonizaci\u00f3n para usted.<\/li>    <li>Dise\u00f1o no contaminante. Los problemas medioambientales se han convertido en una cuesti\u00f3n grave que deber\u00eda preocuparnos, especialmente en Asia y \u00c1frica. La m\u00e1quina para fabricar carb\u00f3n Shuliy es ideal con un sistema de eliminaci\u00f3n de polvo para limpiar el humo residual.<\/li>    <li>Servicio atento. Shuliy Machinery brindar\u00e1 un excelente servicio preventa y posventa, soporte t\u00e9cnico y soluciones a nuestros clientes. Si necesita nuestros servicios y m\u00e1quinas para fabricar carb\u00f3n vegetal, no dude en contactarnos ahora mismo.<\/li> <\/ol>","protected":false},"excerpt":{"rendered":"<p>Wood charcoal making machine is widely used in various charcoal plants. Some countries have abundant wood resources, such as UK, Philippines, Indonesia, Thailand, etc. If you use the carbonization furnace to turn these woods into charcoal, you will get a considerable return. Now Shuliy provides two types of wood carbonization furnace, including vertical carbonization machine [&hellip;]<\/p>\n","protected":false},"author":1,"featured_media":91,"parent":0,"template":"","tags":[12],"product-type":[13],"class_list":["post-87","product","type-product","status-publish","has-post-thumbnail","hentry","tag-wood-charcoal-making-machine","product-type-by-material"],"_links":{"self":[{"href":"https:\/\/carbonizationplant.com\/es\/wp-json\/wp\/v2\/product\/87","targetHints":{"allow":["GET"]}}],"collection":[{"href":"https:\/\/carbonizationplant.com\/es\/wp-json\/wp\/v2\/product"}],"about":[{"href":"https:\/\/carbonizationplant.com\/es\/wp-json\/wp\/v2\/types\/product"}],"author":[{"embeddable":true,"href":"https:\/\/carbonizationplant.com\/es\/wp-json\/wp\/v2\/users\/1"}],"wp:featuredmedia":[{"embeddable":true,"href":"https:\/\/carbonizationplant.com\/es\/wp-json\/wp\/v2\/media\/91"}],"wp:attachment":[{"href":"https:\/\/carbonizationplant.com\/es\/wp-json\/wp\/v2\/media?parent=87"}],"wp:term":[{"taxonomy":"post_tag","embeddable":true,"href":"https:\/\/carbonizationplant.com\/es\/wp-json\/wp\/v2\/tags?post=87"},{"taxonomy":"product-type","embeddable":true,"href":"https:\/\/carbonizationplant.com\/es\/wp-json\/wp\/v2\/product-type?post=87"}],"curies":[{"name":"wp","href":"https:\/\/api.w.org\/{rel}","templated":true}]}}