{"id":2,"date":"2022-07-28T09:57:16","date_gmt":"2022-07-28T09:57:16","guid":{"rendered":"https:\/\/carbonizationplant.com\/?page_id=2"},"modified":"2022-12-02T15:40:52","modified_gmt":"2022-12-02T07:40:52","slug":"about-us","status":"publish","type":"page","link":"https:\/\/carbonizationplant.com\/fr\/about-us\/","title":{"rendered":"\u00c0 propos de nous"},"content":{"rendered":"<h2 class=\"wp-block-heading\">CULTURE D'ENTREPRISE<\/h2>    <p>Shuliy Machinery a toujours adh\u00e9r\u00e9 \u00e0 la mission de \u00ab laisser les machines chinoises changer tous les coins du monde \u00bb. Nous faisons tout notre possible pour apporter de la valeur aux clients, laisser nos machines aider les clients dans la production et l'exploitation, am\u00e9liorer l'efficacit\u00e9 de la production et cr\u00e9er des b\u00e9n\u00e9fices plus \u00e9lev\u00e9s.<\/p>    <figure class=\"wp-block-image size-full\"><img loading=\"lazy\" decoding=\"async\" width=\"1024\" height=\"536\" src=\"https:\/\/carbonizationplant.com\/wp-content\/uploads\/2022\/08\/shuliy-machinery-1024x536-1.webp\" alt=\"\" class=\"wp-image-151\" title=\"\"><\/figure>    <h2 class=\"wp-block-heading\" id=\"h-what-we-do\">CE QUE NOUS FAISONS<\/h2>    <p>Nous promouvons les solutions de carbonisation de la biomasse, les machines de carbonisation du charbon de bois et la mise en \u0153uvre de projets sp\u00e9cifiques sur le march\u00e9 mondial. La gamme de carbonisation comprend les combustibles de la biomasse, notamment les b\u00fbches, le bambou, la balle de riz, les coquilles de noix de coco, les coquilles de palmier, etc. Elle peut \u00e9galement \u00eatre utilis\u00e9e pour carboniser les boues d'\u00e9puration et les d\u00e9chets m\u00e9nagers.<\/p>    <h2 class=\"wp-block-heading\" id=\"h-why-choose-us\">Pourquoi nous choisir<\/h2>    <ul class=\"wp-block-list\"> <li>Sp\u00e9cialis\u00e9 dans la fabrication d'\u00e9quipements \u00e0 charbon de bois, tous les produits Shuliy ont \u00e9t\u00e9 certifi\u00e9s ISO, SGS, CE, etc.<\/li>    <li>Le champ d'application est plus complet. Les machines \u00e0 charbon de bois Shuliy peuvent traiter toutes sortes de biomasse et de boues d\u2019\u00e9puration industrielles. Et les clients peuvent choisir parmi une large gamme de mod\u00e8les et d\u2019options de machines.<\/li>    <li>Shuliy Machinery fournit un excellent syst\u00e8me de service apr\u00e8s-vente. Une fois la machine \u00e0 charbon de bois arriv\u00e9e sans probl\u00e8me dans votre ville, nous vous fournirons des conseils en ligne \u00e0 distance pour vous aider \u00e0 installer l'\u00e9quipement ou enverrons nos techniciens \u00e0 l'\u00e9tranger pour des conseils sur place. R\u00e9cemment, notre biomasse <a href=\"https:\/\/carbonizationplant.com\/fr\/Info\/biomass-charcoal-making-machine-exported-to-guinea\/\"><strong>la machine de fabrication de charbon de bois a \u00e9t\u00e9 export\u00e9e vers la Guin\u00e9e<\/strong><\/a>, et en raison du volume de production important du client, nous avons envoy\u00e9 nos techniciens en Guin\u00e9e pour fournir un service d'installation, et maintenant l'usine a \u00e9t\u00e9 install\u00e9e et mise en production.<\/li> <\/ul>   <div class=\"wp-block-image\"> <figure class=\"aligncenter size-full\"><img loading=\"lazy\" decoding=\"async\" width=\"1900\" height=\"800\" src=\"https:\/\/carbonizationplant.com\/wp-content\/uploads\/2022\/08\/CETificate.webp\" alt=\"\" class=\"wp-image-231\" title=\"\"><\/figure> <\/div>   <h2 class=\"wp-block-heading\">O\u00d9 SOMMES-NOUS<\/h2>    <p>Shuliy Machinery est situ\u00e9e dans la zone de d\u00e9veloppement \u00e9conomique de Zhengzhou, Henan, Chine. Bienvenue \u00e0 visiter l'usine Shuliy \u00e0 tout moment\u00a0!<\/p>    <figure class=\"wp-block-image size-full\"><img loading=\"lazy\" decoding=\"async\" width=\"720\" height=\"540\" src=\"https:\/\/carbonizationplant.com\/wp-content\/uploads\/2022\/08\/location-1.webp\" alt=\"\" class=\"wp-image-223\" title=\"\"><\/figure>    <div class=\"wp-block-shuliy-wp-blocks-heading\" style=\"padding:0 0 0 0 ;margin:20px auto 0 auto \"><h2 class=\"wp-block-shuliy-wp-blocks-heading__content\" placeholder=\"heading content\" style=\"justify-content:flex-start;font-size:24px\"><\/h2><\/div>    <div class=\"wp-block-shuliy-wp-blocks-heading\" style=\"padding:0 0 0 0 ;margin:20px auto 0 auto \"><h2 class=\"wp-block-shuliy-wp-blocks-heading__content\" placeholder=\"heading content\" style=\"justify-content:flex-start;font-size:24px\"><\/h2><\/div>","protected":false},"excerpt":{"rendered":"<p>COMPANY CULTURE Shuliy Machinery has always adhered to the mission of &#8220;letting Chinese machines change every corner of the world&#8221;. We do everything possible to provide value to customers, let our machines help customers in production and operation, improve production efficiency, and create more high profits. WHAT WE DO We promote biomass carbonization solutions, charcoal [&hellip;]<\/p>\n","protected":false},"author":1,"featured_media":0,"parent":0,"menu_order":0,"comment_status":"closed","ping_status":"open","template":"","meta":{"footnotes":""},"class_list":["post-2","page","type-page","status-publish","hentry"],"_links":{"self":[{"href":"https:\/\/carbonizationplant.com\/fr\/wp-json\/wp\/v2\/pages\/2","targetHints":{"allow":["GET"]}}],"collection":[{"href":"https:\/\/carbonizationplant.com\/fr\/wp-json\/wp\/v2\/pages"}],"about":[{"href":"https:\/\/carbonizationplant.com\/fr\/wp-json\/wp\/v2\/types\/page"}],"author":[{"embeddable":true,"href":"https:\/\/carbonizationplant.com\/fr\/wp-json\/wp\/v2\/users\/1"}],"replies":[{"embeddable":true,"href":"https:\/\/carbonizationplant.com\/fr\/wp-json\/wp\/v2\/comments?post=2"}],"version-history":[{"count":0,"href":"https:\/\/carbonizationplant.com\/fr\/wp-json\/wp\/v2\/pages\/2\/revisions"}],"wp:attachment":[{"href":"https:\/\/carbonizationplant.com\/fr\/wp-json\/wp\/v2\/media?parent=2"}],"curies":[{"name":"wp","href":"https:\/\/api.w.org\/{rel}","templated":true}]}}