{"id":634,"date":"2025-09-24T17:53:44","date_gmt":"2025-09-24T09:53:44","guid":{"rendered":"https:\/\/carbonizationplant.com\/?page_id=634"},"modified":"2025-09-24T17:53:45","modified_gmt":"2025-09-24T09:53:45","slug":"3d-design-capability","status":"publish","type":"page","link":"https:\/\/carbonizationplant.com\/fr\/3d-design-capability\/","title":{"rendered":"Capacit\u00e9 de conception 3D"},"content":{"rendered":"<h2 class=\"wp-block-heading\">Applications de <strong><a href=\"https:\/\/carbonizationplant.com\/fr\/product\/four-de-carbonisation-horizontal\/\">four de carbonisation horizontal<\/a><\/strong><\/h2>    <div class=\"wp-block-columns is-layout-flex wp-container-core-columns-is-layout-9d6595d7 wp-block-columns-is-layout-flex\"> <div class=\"wp-block-column is-layout-flow wp-block-column-is-layout-flow\"> <figure class=\"wp-block-image size-full\"><img loading=\"lazy\" decoding=\"async\" width=\"720\" height=\"540\" src=\"https:\/\/carbonizationplant.com\/wp-content\/uploads\/2025\/09\/Applications-of-horizontal-carbonization-furnace-1.webp\" alt=\"Applications du four \u00e0 carbonisation horizontal 1\" class=\"wp-image-621\" title=\"\" srcset=\"https:\/\/carbonizationplant.com\/wp-content\/uploads\/2025\/09\/Applications-of-horizontal-carbonization-furnace-1.webp 720w, https:\/\/carbonizationplant.com\/wp-content\/uploads\/2025\/09\/Applications-of-horizontal-carbonization-furnace-1-300x225.webp 300w, https:\/\/carbonizationplant.com\/wp-content\/uploads\/2025\/09\/Applications-of-horizontal-carbonization-furnace-1-16x12.webp 16w\" sizes=\"auto, (max-width: 720px) 100vw, 720px\" \/><figcaption class=\"wp-element-caption\">Applications du four \u00e0 carbonisation horizontal 1<\/figcaption><\/figure> <\/div>    <div class=\"wp-block-column is-layout-flow wp-block-column-is-layout-flow\"> <figure class=\"wp-block-image size-full\"><img loading=\"lazy\" decoding=\"async\" width=\"720\" height=\"540\" src=\"https:\/\/carbonizationplant.com\/wp-content\/uploads\/2025\/09\/Applications-of-horizontal-carbonization-furnace-2.webp\" alt=\"Applications du four \u00e0 carbonisation horizontal 2\" class=\"wp-image-622\" title=\"\" srcset=\"https:\/\/carbonizationplant.com\/wp-content\/uploads\/2025\/09\/Applications-of-horizontal-carbonization-furnace-2.webp 720w, https:\/\/carbonizationplant.com\/wp-content\/uploads\/2025\/09\/Applications-of-horizontal-carbonization-furnace-2-300x225.webp 300w, https:\/\/carbonizationplant.com\/wp-content\/uploads\/2025\/09\/Applications-of-horizontal-carbonization-furnace-2-16x12.webp 16w\" sizes=\"auto, (max-width: 720px) 100vw, 720px\" \/><figcaption class=\"wp-element-caption\">Applications du four \u00e0 carbonisation horizontal 2<\/figcaption><\/figure> <\/div> <\/div>    <h2 class=\"wp-block-heading\">Applications de <strong><a href=\"https:\/\/carbonizationplant.com\/fr\/product\/four-de-carbonisation-de-levage\/\">four de carbonisation vertical<\/a><\/strong><\/h2>    <div class=\"wp-block-columns is-layout-flex wp-container-core-columns-is-layout-9d6595d7 wp-block-columns-is-layout-flex\"> <div class=\"wp-block-column is-layout-flow wp-block-column-is-layout-flow\"> <figure class=\"wp-block-image size-full\"><img loading=\"lazy\" decoding=\"async\" width=\"720\" height=\"540\" src=\"https:\/\/carbonizationplant.com\/wp-content\/uploads\/2025\/09\/Applications-of-vertical-carbonization-furnace-1.webp\" alt=\"Applications du four de carbonisation vertical\" class=\"wp-image-629\" title=\"\" srcset=\"https:\/\/carbonizationplant.com\/wp-content\/uploads\/2025\/09\/Applications-of-vertical-carbonization-furnace-1.webp 720w, https:\/\/carbonizationplant.com\/wp-content\/uploads\/2025\/09\/Applications-of-vertical-carbonization-furnace-1-300x225.webp 300w, https:\/\/carbonizationplant.com\/wp-content\/uploads\/2025\/09\/Applications-of-vertical-carbonization-furnace-1-16x12.webp 16w\" sizes=\"auto, (max-width: 720px) 100vw, 720px\" \/><figcaption class=\"wp-element-caption\">Applications du four de carbonisation vertical<\/figcaption><\/figure> <\/div>    <div class=\"wp-block-column is-layout-flow wp-block-column-is-layout-flow\"> <figure class=\"wp-block-image size-full\"><img loading=\"lazy\" decoding=\"async\" width=\"720\" height=\"540\" src=\"https:\/\/carbonizationplant.com\/wp-content\/uploads\/2025\/09\/Applications-of-vertical-carbonization-furnace-2.webp\" alt=\"Applications du four de carbonisation vertical 2\" class=\"wp-image-630\" title=\"\" srcset=\"https:\/\/carbonizationplant.com\/wp-content\/uploads\/2025\/09\/Applications-of-vertical-carbonization-furnace-2.webp 720w, https:\/\/carbonizationplant.com\/wp-content\/uploads\/2025\/09\/Applications-of-vertical-carbonization-furnace-2-300x225.webp 300w, https:\/\/carbonizationplant.com\/wp-content\/uploads\/2025\/09\/Applications-of-vertical-carbonization-furnace-2-16x12.webp 16w\" sizes=\"auto, (max-width: 720px) 100vw, 720px\" \/><figcaption class=\"wp-element-caption\">Applications du four de carbonisation vertical 2<\/figcaption><\/figure> <\/div> <\/div>    <h2 class=\"wp-block-heading\">Applications de <strong><a href=\"https:\/\/carbonizationplant.com\/fr\/product\/continuous-charcoal-making-stove\/\">four de carbonisation continue<\/a><\/strong><\/h2>    <div class=\"wp-block-columns is-layout-flex wp-container-core-columns-is-layout-9d6595d7 wp-block-columns-is-layout-flex\"> <div class=\"wp-block-column is-layout-flow wp-block-column-is-layout-flow\"> <figure class=\"wp-block-image size-full\"><img loading=\"lazy\" decoding=\"async\" width=\"720\" height=\"540\" src=\"https:\/\/carbonizationplant.com\/wp-content\/uploads\/2025\/09\/Applications-of-continuous-carbonization-furnace-1.webp\" alt=\"Applications du four de carbonisation continue 1\" class=\"wp-image-627\" title=\"\" srcset=\"https:\/\/carbonizationplant.com\/wp-content\/uploads\/2025\/09\/Applications-of-continuous-carbonization-furnace-1.webp 720w, https:\/\/carbonizationplant.com\/wp-content\/uploads\/2025\/09\/Applications-of-continuous-carbonization-furnace-1-300x225.webp 300w, https:\/\/carbonizationplant.com\/wp-content\/uploads\/2025\/09\/Applications-of-continuous-carbonization-furnace-1-16x12.webp 16w\" sizes=\"auto, (max-width: 720px) 100vw, 720px\" \/><figcaption class=\"wp-element-caption\">Applications du four de carbonisation continue 1<\/figcaption><\/figure> <\/div>    <div class=\"wp-block-column is-layout-flow wp-block-column-is-layout-flow\"> <figure class=\"wp-block-image size-full\"><img loading=\"lazy\" decoding=\"async\" width=\"720\" height=\"540\" src=\"https:\/\/carbonizationplant.com\/wp-content\/uploads\/2025\/09\/Applications-of-continuous-carbonization-furnace-2.webp\" alt=\"Applications du four de carbonisation continue 2\" class=\"wp-image-628\" title=\"\" srcset=\"https:\/\/carbonizationplant.com\/wp-content\/uploads\/2025\/09\/Applications-of-continuous-carbonization-furnace-2.webp 720w, https:\/\/carbonizationplant.com\/wp-content\/uploads\/2025\/09\/Applications-of-continuous-carbonization-furnace-2-300x225.webp 300w, https:\/\/carbonizationplant.com\/wp-content\/uploads\/2025\/09\/Applications-of-continuous-carbonization-furnace-2-16x12.webp 16w\" sizes=\"auto, (max-width: 720px) 100vw, 720px\" \/><figcaption class=\"wp-element-caption\">Applications du four de carbonisation continue 2<\/figcaption><\/figure> <\/div> <\/div>    <p>Les \u00e9l\u00e9ments ci-dessus ne sont que des exemples de plans de production que nous avons \u00e9labor\u00e9s pour nos clients. Shuliy a fourni des solutions de production de carbonisation de premier ordre \u00e0 plus de 50 pays et r\u00e9gions. Nous offrons des services complets avant-vente, vente et apr\u00e8s-vente. Vous \u00eates invit\u00e9s \u00e0 nous consulter sur tout produit ou question concernant les fours de carbonisation, et nous vous contacterons dans les 24 heures pour fournir des informations plus d\u00e9taill\u00e9es.<\/p>","protected":false},"excerpt":{"rendered":"<p>Applications of horizontal carbonization furnace Applications of vertical carbonization furnace Applications of continuous carbonization furnace The above are just examples of production plans we made for our customers. Shuliy has provided first-class carbonization production solutions to more than 50 countries and regions. We offer complete pre-sale, in-sale, and after-sale services. You are welcome to consult [&hellip;]<\/p>\n","protected":false},"author":1,"featured_media":0,"parent":0,"menu_order":0,"comment_status":"closed","ping_status":"closed","template":"","meta":{"footnotes":""},"class_list":["post-634","page","type-page","status-publish","hentry"],"_links":{"self":[{"href":"https:\/\/carbonizationplant.com\/fr\/wp-json\/wp\/v2\/pages\/634","targetHints":{"allow":["GET"]}}],"collection":[{"href":"https:\/\/carbonizationplant.com\/fr\/wp-json\/wp\/v2\/pages"}],"about":[{"href":"https:\/\/carbonizationplant.com\/fr\/wp-json\/wp\/v2\/types\/page"}],"author":[{"embeddable":true,"href":"https:\/\/carbonizationplant.com\/fr\/wp-json\/wp\/v2\/users\/1"}],"replies":[{"embeddable":true,"href":"https:\/\/carbonizationplant.com\/fr\/wp-json\/wp\/v2\/comments?post=634"}],"version-history":[{"count":0,"href":"https:\/\/carbonizationplant.com\/fr\/wp-json\/wp\/v2\/pages\/634\/revisions"}],"wp:attachment":[{"href":"https:\/\/carbonizationplant.com\/fr\/wp-json\/wp\/v2\/media?parent=634"}],"curies":[{"name":"wp","href":"https:\/\/api.w.org\/{rel}","templated":true}]}}