{"id":105,"date":"2022-08-03T07:46:43","date_gmt":"2022-08-03T07:46:43","guid":{"rendered":"https:\/\/carbonizationplant.com\/?post_type=product&#038;p=105"},"modified":"2022-10-10T17:25:23","modified_gmt":"2022-10-10T09:25:23","slug":"coconut-shell-charcoal-making-machine","status":"publish","type":"product","link":"https:\/\/carbonizationplant.com\/fr\/product\/machine-de-fabrication-de-charbon-de-bois-de-noix-de-coco\/","title":{"rendered":"Meilleure machine de fabrication de charbon de bois de noix de coco"},"content":{"rendered":"<p>La machine de fabrication de charbon de bois de coquille de noix de coco Shuliy \u00e0 vendre est comp\u00e9titive, nous pouvons fournir de nombreux types de machines diff\u00e9rents en fonction de votre situation personnelle. Le processus de fabrication du charbon de bois ne pose pas de probl\u00e8mes environnementaux et le produit final cr\u00e9era un gros profit pour les clients. <\/p>   <div class=\"wp-block-image\"> <figure class=\"aligncenter size-full\"><img loading=\"lazy\" decoding=\"async\" width=\"720\" height=\"540\" src=\"https:\/\/carbonizationplant.com\/wp-content\/uploads\/2022\/08\/charcoal-making-machine-21.webp\" alt=\"\" class=\"wp-image-115\" title=\"\"><figcaption>Machine de fabrication de charbon de bois de noix de coco<\/figcaption><\/figure> <\/div>   <h2 class=\"wp-block-heading\">Mati\u00e8res premi\u00e8res et produits finis<\/h2>    <p>Les coquilles de noix de coco usag\u00e9es sont partout, et si les coquilles de noix de coco jet\u00e9es sont jet\u00e9es ou br\u00fbl\u00e9es, elles ne sont pas pleinement utilis\u00e9es. Cependant, fabriquer du charbon de bois \u00e0 partir de coques de noix de coco peut augmenter sa valeur commerciale. Le charbon de noix de coco final peut \u00eatre une mati\u00e8re premi\u00e8re de haute qualit\u00e9 pour la fabrication de charbon de barbecue et de charbon de narguil\u00e9.<\/p>    <figure class=\"wp-block-gallery has-nested-images columns-default is-cropped wp-block-gallery-2 is-layout-flex wp-block-gallery-is-layout-flex\"> <figure class=\"wp-block-image size-large\"><img loading=\"lazy\" decoding=\"async\" width=\"720\" height=\"540\" data-id=\"107\" src=\"https:\/\/carbonizationplant.com\/wp-content\/uploads\/2022\/08\/coconut-shells-.webp\" alt=\"coquilles de noix de coco\" class=\"wp-image-107\" title=\"\"><figcaption>coquilles de noix de coco<\/figcaption><\/figure>    <figure class=\"wp-block-image size-large\"><img loading=\"lazy\" decoding=\"async\" width=\"500\" height=\"500\" data-id=\"108\" src=\"https:\/\/carbonizationplant.com\/wp-content\/uploads\/2022\/08\/coconut-shell-charcoal.webp\" alt=\"charbon de noix de coco\" class=\"wp-image-108\" title=\"\"><figcaption>charbon de noix de coco<\/figcaption><\/figure> <\/figure>    <p> <\/p>    <h2 class=\"wp-block-heading\">Donn\u00e9es techniques de la machine de fabrication de charbon de bois de noix de coco<\/h2>    <figure class=\"wp-block-table\"><table><tbody><tr><td>Mod\u00e8le<\/td><td>SL-0812<\/td><td>SL-1015<\/td><td>SL-1218<\/td><td>SL-1320<\/td><\/tr><tr><td>Capacit\u00e9 d'alimentation horaire<\/td><td>500 kg<\/td><td>0,8 \u00e0 1\u00a0tonne<\/td><td>1,5-2 tonnes<\/td><td>2,5-3 tonnes<\/td><\/tr><tr><td>M\u00e9thode de travail<\/td><td>carbonisation continue<\/td><td><\/td><td><\/td><td><\/td><\/tr><tr><td>Taille du r\u00e9acteur<\/td><td>800mm<\/td><td>1000mm<\/td><td>1300 mm<\/td><td>1700mm<\/td><\/tr><tr><td>Mat\u00e9riaux chauffants<\/td><td>Charbon de bois, bois, diesel, gaz naturel, GPL, pellets de biomasse, etc.<\/td><td><\/td><td><\/td><td><\/td><\/tr><tr><td>Pouvoir total<\/td><td>40 kW\/h<\/td><td>55 kW\/h<\/td><td>60 kW\/h<\/td><td>72 kW\/h<\/td><\/tr><tr><td>Surface au sol (L*W*H)<\/td><td>30m*15m*7m<\/td><td>35*15*7m<\/td><td>45*15*10m<\/td><td>50*15*10m<\/td><\/tr><tr><td>Pression de fonctionnement<\/td><td>Pression constante<\/td><td>Pression constante<\/td><td>Pression constante<\/td><td>Pression constante<\/td><\/tr><tr><td>M\u00e9thode de refroidissement<\/td><td>Recyclage de l'eau de refroidissement<\/td><td><\/td><td><\/td><td><\/td><\/tr><\/tbody><\/table><\/figure>    <h2 class=\"wp-block-heading\">Machine \u00e0 charbon de bois de coquille de noix de coco Shuliy \u00e0 vendre<\/h2>    <p>Le groupe Shuliy propose quatre types de machines de fabrication de charbon de coco aux clients, dont deux types par lots et deux types continus. Les types de lots sont des fours de carbonisation \u00e0 levage et un four horizontal, ils sont beaucoup plus adapt\u00e9s aux petites usines de charbon de bois. <\/p>    <p>Les types continus sont les petites machines \u00e0 charbon continu et les machines \u00e0 charbon de pyrolyse. De plus, les clients peuvent choisir le four \u00e0 charbon de bois le plus appropri\u00e9 pour vous en fonction de la taille des mati\u00e8res premi\u00e8res, de l'installation, de la surface au sol et du niveau d'automatisation. Envoyez-nous vos besoins et nous vous recommanderons la machine de fabrication de charbon de bois de noix de coco qui vous convient.<\/p>    <div class=\"wp-block-media-text alignwide is-stacked-on-mobile\"><figure class=\"wp-block-media-text__media\"><a href=\"https:\/\/carbonizationplant.com\/fr\/product\/four-de-carbonisation-de-levage\/\"><img loading=\"lazy\" decoding=\"async\" width=\"720\" height=\"540\" src=\"https:\/\/carbonizationplant.com\/wp-content\/uploads\/2022\/08\/vertical-charcoal-making-machine1.webp\" alt=\"machine de fabrication de charbon de bois verticale\" class=\"wp-image-116 size-full\" title=\"\"><\/a><\/figure><div class=\"wp-block-media-text__content\"> <h3 class=\"wp-block-heading\"><a href=\"https:\/\/carbonizationplant.com\/fr\/product\/four-de-carbonisation-de-levage\/\">Four de carbonisation de levage<\/a><\/h3>    <ul class=\"wp-block-list\"><li>Travail par lots, compl\u00e9tant un lot de charbon de bois toutes les 6 \u00e0 8 heures<\/li><li>Fonctionnement simple et technologie facile \u00e0 apprendre.<\/li><li>Chaque machine verticale de fabrication de charbon de bois est \u00e9quip\u00e9e d'un rev\u00eatement int\u00e9rieur suppl\u00e9mentaire pour am\u00e9liorer l'efficacit\u00e9 de la carbonisation.<\/li><\/ul> <\/div><\/div>    <div class=\"wp-block-media-text alignwide has-media-on-the-right is-stacked-on-mobile\"><figure class=\"wp-block-media-text__media\"><a href=\"https:\/\/carbonizationplant.com\/fr\/product\/four-de-carbonisation-horizontal\/\"><img loading=\"lazy\" decoding=\"async\" width=\"720\" height=\"540\" src=\"https:\/\/carbonizationplant.com\/wp-content\/uploads\/2022\/08\/horizontal-charcoal-making-machine1.webp\" alt=\"machine de fabrication de charbon de bois horizontale\" class=\"wp-image-118 size-full\" title=\"\"><\/a><\/figure><div class=\"wp-block-media-text__content\"> <h3 class=\"wp-block-heading\"><a href=\"https:\/\/carbonizationplant.com\/fr\/product\/four-de-carbonisation-horizontal\/\">Four de carbonisation de levage<\/a><\/h3>    <ul class=\"wp-block-list\"><li>Travail par lots, compl\u00e9tant un lot de carbonisation toutes les 12 heures<\/li><li>La laine de roche \u00e0 haute temp\u00e9rature \u00e0 l'int\u00e9rieur du four de carbonisation assure la temp\u00e9rature \u00e0 l'int\u00e9rieur du four<\/li><li>La machine horizontale de fabrication de charbon de bois de noix de coco est \u00e9quip\u00e9e d'un chariot, tr\u00e8s pratique \u00e0 utiliser et de grande capacit\u00e9.<\/li><\/ul> <\/div><\/div>    <div class=\"wp-block-media-text alignwide is-stacked-on-mobile\"><figure class=\"wp-block-media-text__media\"><img loading=\"lazy\" decoding=\"async\" width=\"720\" height=\"540\" src=\"https:\/\/carbonizationplant.com\/wp-content\/uploads\/2022\/08\/small-type-continuous-charcoal-maker1-1.webp\" alt=\"fabricant de charbon de bois continu de petit type\" class=\"wp-image-120 size-full\" title=\"\"><\/figure><div class=\"wp-block-media-text__content\"> <h3 class=\"wp-block-heading\"><a href=\"https:\/\/carbonizationplant.com\/fr\/product\/continuous-charcoal-making-stove\/\">Four \u00e0 charbon continu<\/a><\/h3>    <ul class=\"wp-block-list\"><li>Le four \u00e0 charbon de bois continu peut fonctionner en continu pendant 24 heures, avec une efficacit\u00e9 de production \u00e9lev\u00e9e et un rendement \u00e9lev\u00e9.<\/li><li>La mati\u00e8re premi\u00e8re doit de pr\u00e9f\u00e9rence \u00eatre inf\u00e9rieure \u00e0 2 cm, afin que l'effet de carbonisation soit bon.<\/li><li>Le four de carbonisation continue r\u00e9alise les fonctions de collecte automatique du liquide de goudron et de vinaigre de bois et de synchronisation de la circulation des gaz combustibles.<\/li><\/ul> <\/div><\/div>    <div class=\"wp-block-media-text alignwide has-media-on-the-right is-stacked-on-mobile\"><figure class=\"wp-block-media-text__media\"><a href=\"https:\/\/carbonizationplant.com\/fr\/product\/newest-continuous-carbonization-furnace\/\"><img loading=\"lazy\" decoding=\"async\" width=\"720\" height=\"540\" src=\"https:\/\/carbonizationplant.com\/wp-content\/uploads\/2022\/08\/continuous-charcoal-maker1.webp\" alt=\"\" class=\"wp-image-119 size-full\" title=\"\"><\/a><\/figure><div class=\"wp-block-media-text__content\"> <h3 class=\"wp-block-heading\"><a href=\"https:\/\/carbonizationplant.com\/fr\/product\/newest-continuous-carbonization-furnace\/\">Machine \u00e0 charbon de bois continue avanc\u00e9e<\/a><\/h3>    <ul class=\"wp-block-list\"><li>La machine de fabrication de charbon de bois de noix de coco adopte un mode de travail de type continu.<\/li><li>L'\u00e9quipement est tr\u00e8s bien scell\u00e9, il n'y aura pas de flamme nue.<\/li><li>Pression n\u00e9gative \u00e0 l'int\u00e9rieur du four pour assurer un fonctionnement s\u00fbr, et un dispositif antid\u00e9flagrant \u00e0 l'extr\u00e9mit\u00e9 pour assurer la s\u00e9curit\u00e9 de fonctionnement.<\/li><\/ul> <\/div><\/div>    <h2 class=\"wp-block-heading\">Processus de fabrication du charbon de bois de noix de coco<\/h2>    <p>Le broyage et le s\u00e9chage des coques de noix de coco constituent la premi\u00e8re \u00e9tape. Si l'humidit\u00e9 et le volume des coques de noix de coco sont importants, il est n\u00e9cessaire d'utiliser un s\u00e9choir et un broyeur pour le traitement, la taille des coques de noix de coco peut de pr\u00e9f\u00e9rence \u00eatre inf\u00e9rieure \u00e0 2 cm, plus la taille est petite, meilleur est l'effet de carbonisation et plus le temps de carbonisation est court. requis.<\/p>    <p>Les coques de noix de coco sont automatiquement introduites dans le r\u00e9acteur de fabrication de charbon de noix de coco par un convoyeur. Apr\u00e8s pr\u00e9chauffage, la r\u00e9action de pyrolyse des coques de noix de coco d\u00e9marre \u00e0 mesure que la temp\u00e9rature augmente. Lorsque la temp\u00e9rature atteint 300-600 degr\u00e9s, du charbon de noix de coco est produit.<\/p>    <p>Compte tenu de l\u2019aspect protection de l\u2019environnement, dans le processus de fabrication du charbon de bois de noix de coco, le gaz combustible produit lors du processus de pyrolyse p\u00e9n\u00e8tre dans le joint hydraulique pour \u00e9liminer le soufre et la poussi\u00e8re. Ce processus produit du biogaz, du goudron et du vinaigre de bois liquide. La carbonisation finale des coquilles de noix de coco sera \u00e9vacu\u00e9e \u00e0 l'extr\u00e9mit\u00e9 du r\u00e9acteur via un \u00e9metteur refroidi \u00e0 l'eau \u00e0 une temp\u00e9rature d'environ 30 degr\u00e9s Celsius.<\/p>    <h2 class=\"wp-block-heading\">Prix \u200b\u200bde la machine \u00e0 charbon de bois de noix de coco<\/h2>    <p>Chaque \u00e9quipement de carbonisation de Shuliy Machinery est de haute qualit\u00e9 et \u00e0 un prix raisonnable. Nous pensons que votre investissement dans notre usine en vaut la peine. Le prix des diff\u00e9rents types de machines de fabrication de charbon de bois de noix de coco varie. Le prix d\u00e9pend du style de la machine, de la taille de la production, du prix de l'\u00e9quipement auxiliaire, du prix de l'\u00e9quipement en option et des frais d'exp\u00e9dition. Si les clients ont des exigences personnalis\u00e9es, le co\u00fbt sera modifi\u00e9. Vous pouvez nous consulter et nous vous fournirons une grille tarifaire d\u00e9taill\u00e9e.<\/p>    <h2 class=\"wp-block-heading\">Projet r\u00e9ussi de fabrication de charbon de coco<\/h2>    <p>La Malaisie est riche en ressources naturelles et l'usine locale de transformation du bois a achet\u00e9 notre grande machine de fabrication de charbon de noix de coco pour carboniser les coques de noix de coco et le bois. Ils ont choisi la machine de fabrication de charbon de bois SL-1015, qui peut produire 0,8 \u00e0 1 tonne par heure. La machine de fabrication de charbon de bois de noix de coco est d\u00e9sormais en production.<\/p>    <figure class=\"wp-block-gallery has-nested-images columns-default is-cropped wp-block-gallery-3 is-layout-flex wp-block-gallery-is-layout-flex\"> <figure class=\"wp-block-image size-large\"><img loading=\"lazy\" decoding=\"async\" width=\"720\" height=\"540\" data-id=\"114\" src=\"https:\/\/carbonizationplant.com\/wp-content\/uploads\/2022\/08\/coconut-charcoal-making-machine-1.webp\" alt=\"\" class=\"wp-image-114\" title=\"\"><\/figure>    <figure class=\"wp-block-image size-large\"><img loading=\"lazy\" decoding=\"async\" width=\"720\" height=\"540\" data-id=\"113\" src=\"https:\/\/carbonizationplant.com\/wp-content\/uploads\/2022\/08\/charcoal-machine-delivery1.webp\" alt=\"\" class=\"wp-image-113\" title=\"\"><\/figure> <\/figure>    <h2 class=\"wp-block-heading\" id=\"h-faqs-of-coconut-shell-charcoal-making-machine\">FAQ sur la machine de fabrication de charbon de bois de noix de coco<\/h2>    <div class=\"schema-faq wp-block-yoast-faq-block\"><div class=\"schema-faq-section\" id=\"faq-question-1659492735761\"><strong class=\"schema-faq-question\">Comment choisir le four de carbonisation le plus adapt\u00e9\uff1f<\/strong> <p class=\"schema-faq-answer\">Si vos mati\u00e8res premi\u00e8res sont des coques de noix de coco enti\u00e8res de grand volume, nous vous recommandons de choisir un four de carbonisation vertical ou horizontal. Si vous \u00e9crasez au pr\u00e9alable les coques de noix de coco et que les mati\u00e8res premi\u00e8res sont de petits morceaux d'environ 2 cm, dans ce cas, nous vous recommandons d'utiliser un four de carbonisation continue, le mod\u00e8le sp\u00e9cifique peut \u00eatre d\u00e9cid\u00e9 en fonction de votre production et de la zone d'usine.<\/p> <\/div> <div class=\"schema-faq-section\" id=\"faq-question-1659494872984\"><strong class=\"schema-faq-question\">Quelle est la meilleure machine de fabrication de charbon de noix de coco ?<\/strong> <p class=\"schema-faq-answer\">Chaque type de machine \u00e0 fabriquer du charbon de bois est excellent, ils ont leurs propres caract\u00e9ristiques. Seule celle qui r\u00e9pond \u00e0 vos besoins r\u00e9els est la meilleure machine.<\/p> <\/div> <div class=\"schema-faq-section\" id=\"faq-question-1659510161496\"><strong class=\"schema-faq-question\">Existe-t-il un projet r\u00e9ussi de charbon de coco \u00e0 l\u2019\u00e9tranger\u00a0?<\/strong> <p class=\"schema-faq-answer\">Shuliy Machinery a export\u00e9 des machines de fabrication de charbon de bois vers l'Angleterre, les Philippines, la Malaisie et de nombreux autres pays.<\/p> <\/div> <div class=\"schema-faq-section\" id=\"faq-question-1659510248496\"><strong class=\"schema-faq-question\">Quels sont les avantages du charbon de noix de coco ?<\/strong> <p class=\"schema-faq-answer\">Le charbon de bois de noix de coco peut \u00eatre largement utilis\u00e9 pour fabriquer du charbon de barbecue, du charbon de bois fa\u00e7onn\u00e9, du charbon de chicha, etc.<\/p> <\/div> <\/div>","protected":false},"excerpt":{"rendered":"<p>Shuliy coconut shell charcoal making machine for sale is competitive, we can provide many different types of machine according to your personal situation. The process of making charcoal does not cause environmental problems to the environment, and the final product will create a big profit for customers. Raw materials and final products Used coconut shells [&hellip;]<\/p>\n","protected":false},"author":1,"featured_media":109,"parent":0,"template":"","tags":[],"product-type":[13],"class_list":["post-105","product","type-product","status-publish","has-post-thumbnail","hentry","product-type-by-material"],"_links":{"self":[{"href":"https:\/\/carbonizationplant.com\/fr\/wp-json\/wp\/v2\/product\/105","targetHints":{"allow":["GET"]}}],"collection":[{"href":"https:\/\/carbonizationplant.com\/fr\/wp-json\/wp\/v2\/product"}],"about":[{"href":"https:\/\/carbonizationplant.com\/fr\/wp-json\/wp\/v2\/types\/product"}],"author":[{"embeddable":true,"href":"https:\/\/carbonizationplant.com\/fr\/wp-json\/wp\/v2\/users\/1"}],"wp:featuredmedia":[{"embeddable":true,"href":"https:\/\/carbonizationplant.com\/fr\/wp-json\/wp\/v2\/media\/109"}],"wp:attachment":[{"href":"https:\/\/carbonizationplant.com\/fr\/wp-json\/wp\/v2\/media?parent=105"}],"wp:term":[{"taxonomy":"post_tag","embeddable":true,"href":"https:\/\/carbonizationplant.com\/fr\/wp-json\/wp\/v2\/tags?post=105"},{"taxonomy":"product-type","embeddable":true,"href":"https:\/\/carbonizationplant.com\/fr\/wp-json\/wp\/v2\/product-type?post=105"}],"curies":[{"name":"wp","href":"https:\/\/api.w.org\/{rel}","templated":true}]}}