{"id":156,"date":"2022-08-08T07:58:08","date_gmt":"2022-08-08T07:58:08","guid":{"rendered":"https:\/\/carbonizationplant.com\/?post_type=product&#038;p=156"},"modified":"2022-09-20T06:26:16","modified_gmt":"2022-09-20T06:26:16","slug":"sewage-sludge-carbonization-machine","status":"publish","type":"product","link":"https:\/\/carbonizationplant.com\/fr\/product\/machine-de-carbonisation-des-boues-depuration\/","title":{"rendered":"Machine de carbonisation des boues d'\u00e9puration | Station d'\u00e9puration des boues d'\u00e9puration"},"content":{"rendered":"<p>La technologie de carbonisation des boues a une grande valeur d'application, non seulement pour le traitement efficace des boues, mais \u00e9galement pour l'obtention d'une valeur utile du charbon de bois. Les machines Shuliy disposent d'une machine professionnelle de carbonisation des boues d'\u00e9puration, qui constitue un traitement efficace et respectueux de l'environnement des boues d'\u00e9puration. De plus, nous proposons une large gamme d'options de services de configuration et d'installation, alors n'h\u00e9sitez pas \u00e0 nous contacter si vous en avez besoin.<\/p>   <div class=\"wp-block-image\"> <figure class=\"aligncenter size-full\"><img loading=\"lazy\" decoding=\"async\" width=\"720\" height=\"540\" src=\"https:\/\/carbonizationplant.com\/wp-content\/uploads\/2022\/08\/charcoal-making-machine-21.webp\" alt=\"\" class=\"wp-image-115\" title=\"\"><figcaption>machine de carbonisation des boues d'\u00e9puration<\/figcaption><\/figure> <\/div>   <h2 class=\"wp-block-heading\">Mati\u00e8res premi\u00e8res de la machine de carbonisation des boues d'\u00e9puration<\/h2>    <figure class=\"wp-block-gallery has-nested-images columns-default is-cropped wp-block-gallery-2 is-layout-flex wp-block-gallery-is-layout-flex\"> <figure class=\"wp-block-image size-large\"><img loading=\"lazy\" decoding=\"async\" width=\"600\" height=\"400\" data-id=\"158\" src=\"https:\/\/carbonizationplant.com\/wp-content\/uploads\/2022\/08\/industrial-sludge.webp\" alt=\"boues industrielles\" class=\"wp-image-158\" title=\"\"><figcaption>boues industrielles<\/figcaption><\/figure>    <figure class=\"wp-block-image size-large\"><img loading=\"lazy\" decoding=\"async\" width=\"720\" height=\"540\" data-id=\"159\" src=\"https:\/\/carbonizationplant.com\/wp-content\/uploads\/2022\/08\/Sewage-sludge.webp\" alt=\"Les boues d&#039;\u00e9puration\" class=\"wp-image-159\" title=\"\"><figcaption>les boues d'\u00e9puration<\/figcaption><\/figure> <\/figure>    <p class=\"translation-block\">La machine de carbonisation des boues d'\u00e9gout peut carboniser les boues d'\u00e9gout, les boues municipales, les boues d'impression et de teinture, les boues industrielles, etc. La taille des mat\u00e9riaux solides doit \u00eatre inf\u00e9rieure \u00e0 3 mm. De plus, la machine peut \u00e9galement carboniser <strong><a href=\"https:\/\/carbonizationplant.com\/fr\/product\/machine-de-fabrication-de-charbon-de-bois-de-noix-de-coco\/\"> les coques de noix de coco<\/a><\/strong>, <a href=\"https:\/\/carbonizationplant.com\/fr\/product\/bamboo-charcoal-making-machine\/\"> le bambou<\/a> et d'autres d\u00e9chets de biomasse.<\/p>    <h2 class=\"wp-block-heading\" id=\"h-sewage-sludge-carbonization-process\">Processus de carbonisation des boues d'\u00e9puration<\/h2>    <ul class=\"wp-block-list\"><li>S\u00e9chez la mati\u00e8re premi\u00e8re. Lorsque l'humidit\u00e9 d\u00e9passe 15%, un s\u00e9cheur doit \u00eatre utilis\u00e9 pour am\u00e9liorer l'efficacit\u00e9 finale de la carbonatation. Les boues d'\u00e9puration sont achemin\u00e9es vers le s\u00e9choir via un convoyeur \u00e0 bande. En pr\u00e9chauffant pendant un certain temps, les boues d'\u00e9puration peuvent \u00e9liminer l'exc\u00e8s d'humidit\u00e9 en peu de temps, raccourcissant le temps de carbonisation et am\u00e9liorant l'efficacit\u00e9 de la carbonisation.<\/li><li>Les boues s\u00e9ch\u00e9es sont transport\u00e9es vers l'unit\u00e9 de carbonisation par un convoyeur \u00e0 bande. Gr\u00e2ce \u00e0 une carbonisation \u00e0 haute temp\u00e9rature de 300 \u00e0 600 \u2103 pour produire du charbon de bois de boues d'\u00e9puration.<\/li><li>Le produit fini est refroidi par un dispositif de refroidissement par eau et d\u00e9charg\u00e9 dans le joint complet, la temp\u00e9rature finale du charbon de bois est basse, environ 30 degr\u00e9s Celsius, ce qui ne provoquera pas de br\u00fblure.<\/li><\/ul>    <h2 class=\"wp-block-heading\">Vid\u00e9o 3D de l'usine de carbonisation<\/h2>    <p>La vid\u00e9o montre le processus de travail complet de l'usine de carbonisation des boues d'\u00e9puration, les mati\u00e8res premi\u00e8res peuvent \u00eatre des copeaux de bois, de la sciure, des d\u00e9chets de biomasse et des boues d'\u00e9puration.<\/p>    <figure class=\"wp-block-embed is-type-video is-provider-youtube wp-block-embed-youtube wp-embed-aspect-16-9 wp-has-aspect-ratio\"><div class=\"wp-block-embed__wrapper\"> <iframe loading=\"lazy\" title=\"Comment fonctionne la machine de fabrication de charbon de bois en continu\u00a0? | Vid\u00e9o 3D du processus de travail du four \u00e0 charbon de bois\" width=\"500\" height=\"281\" src=\"https:\/\/www.youtube.com\/embed\/bOzrHR-9HFs?start=1&#038;feature=oembed\" frameborder=\"0\" allow=\"accelerometer; autoplay; clipboard-write; encrypted-media; gyroscope; picture-in-picture; web-share\" referrerpolicy=\"strict-origin-when-cross-origin\" allowfullscreen><\/iframe> <\/div><\/figure>    <h2 class=\"wp-block-heading\">Avantages de l'usine de carbonisation des boues d'\u00e9puration<\/h2>    <ul class=\"wp-block-list\"><li>L'usine de carbonisation des boues d'\u00e9puration est modularis\u00e9e pour un assemblage et une mise en service rapides.<\/li><li>La machine adopte une technologie d'automatisation avanc\u00e9e pour r\u00e9duire les co\u00fbts de main-d'\u0153uvre.<\/li><li>La machine adopte un contr\u00f4leur Siemens PLC S7-1500 de grande marque ou un contr\u00f4le Modbus, avec une longue dur\u00e9e de vie.<\/li><li>La machine de carbonisation des boues d'\u00e9puration dispose d'un syst\u00e8me de contr\u00f4le de r\u00e9seau physique IOT tr\u00e8s fiable, pratique pour l'acquisition et le traitement des donn\u00e9es.<\/li><\/ul>   <div class=\"wp-block-image\"> <figure class=\"aligncenter size-full\"><img loading=\"lazy\" decoding=\"async\" width=\"720\" height=\"540\" src=\"https:\/\/carbonizationplant.com\/wp-content\/uploads\/2022\/08\/continuous-charcoal-maker1.webp\" alt=\"\" class=\"wp-image-119\" title=\"\"><figcaption>Vue 3D de la machine de carbonisation des boues d'\u00e9puration<\/figcaption><\/figure> <\/div>   <h2 class=\"wp-block-heading\" id=\"h-sludge-carbonation-technology-principle\">Principe de la technologie de carbonatation des boues<\/h2>    <p>Par rapport aux m\u00e9thodes de traitement telles que le s\u00e9chage ou l'incin\u00e9ration directe, la technologie de carbonisation des boues pr\u00e9sente les caract\u00e9ristiques d'une consommation d'\u00e9nergie \u00e9lev\u00e9e, d'une teneur \u00e9lev\u00e9e en carbone dans les produits r\u00e9siduels et d'un pouvoir calorifique \u00e9lev\u00e9, ce qui est tr\u00e8s appropri\u00e9 pour le traitement des boues urbaines. L'effet d'application \u00e9lev\u00e9 de la technologie de carbonisation des boues est principalement d\u00fb au fait que la technologie peut utiliser une temp\u00e9rature \u00e9lev\u00e9e pour \u00e9liminer l'humidit\u00e9 des boues pendant le processus d'application et que la proportion de carbone dans les boues est consid\u00e9rablement augment\u00e9e. Sous l'action de la distillation s\u00e8che et de la pyrolyse, la mati\u00e8re organique se transforme en vapeur d'eau sans condensation de gaz et de carbone.<\/p>    <h2 class=\"wp-block-heading\">Param\u00e8tres de la machine de carbonisation des boues d'\u00e9puration<\/h2>    <figure class=\"wp-block-table\"><table><tbody><tr><td>Mod\u00e8le<\/td><td>SL-0812<\/td><td>SL-1015<\/td><td>SL-1218<\/td><td>SL-1320<\/td><\/tr><tr><td>Capacit\u00e9 d'alimentation horaire<\/td><td>500 kg<\/td><td>0,8 \u00e0 1\u00a0tonne<\/td><td>1,5-2 tonnes<\/td><td>2,5-3 tonnes<\/td><\/tr><tr><td>M\u00e9thode de travail<\/td><td>carbonisation continue<\/td><td><\/td><td><\/td><td><\/td><\/tr><tr><td>Taille du r\u00e9acteur<\/td><td>800mm<\/td><td>1000mm<\/td><td>1300 mm<\/td><td>1700mm<\/td><\/tr><tr><td>Mat\u00e9riaux chauffants<\/td><td>Charbon de bois, bois, diesel, gaz naturel, GPL, pellets de biomasse, etc.<\/td><td><\/td><td><\/td><td><\/td><\/tr><tr><td>Pouvoir total<\/td><td>40 kW\/h<\/td><td>55 kW\/h<\/td><td>60 kW\/h<\/td><td>72 kW\/h<\/td><\/tr><tr><td>Surface au sol (L*W*H)<\/td><td>30m*15m*7m<\/td><td>35*15*7m<\/td><td>45*15*10m<\/td><td>50*15*10m<\/td><\/tr><tr><td>Pression de fonctionnement<\/td><td>Pression constante<\/td><td>Pression constante<\/td><td>Pression constante<\/td><td>Pression constante<\/td><\/tr><tr><td>M\u00e9thode de refroidissement<\/td><td>Recyclage de l'eau de refroidissement<\/td><td><\/td><td><\/td><td><\/td><\/tr><\/tbody><\/table><\/figure>    <h2 class=\"wp-block-heading\">Exigences d'installation de l'usine de carbonisation des boues d'\u00e9puration<\/h2>    <h3 class=\"wp-block-heading\">Besoins en mati\u00e8res premi\u00e8res<\/h3>    <p>Valeur calorifique \u2018 10 MJ\/kg MS (substance brute)<br>MS \u2018 75% MS (mati\u00e8re s\u00e8che)<br>Taille du mat\u00e9riau \u2018 30 mm<\/p>    <h3 class=\"wp-block-heading\">Exigences en mati\u00e8re de personnel<\/h3>    <p>En raison de la complexit\u00e9 du processus et du processus de carbonisation des boues dans les grandes installations de carbonisation continue, les op\u00e9rateurs doivent avoir une exp\u00e9rience pertinente dans le fonctionnement de l'\u00e9quipement et doivent \u00e9galement avoir la capacit\u00e9 de g\u00e9rer des situations inattendues.<\/p>    <h3 class=\"wp-block-heading\">Exigences de connexion<\/h3>    <p>\u00c9lectricit\u00e9 (380V, triphas\u00e9), Gaz naturel (GNC, GPL) 100 mbar, Eau + eaux us\u00e9es, Azote et air comprim\u00e9, Internet<\/p>    <p>La fondation doit avoir une capacit\u00e9 de charge sup\u00e9rieure \u00e0 325 kN.<\/p>    <p>Encombrement minimum de 150 m\u00b2 pour l'usine de carbonisation.<\/p>    <h3 class=\"wp-block-heading\">Exigences de la politique<\/h3>    <p>Comprendre les conditions environnementales locales et autres conditions politiques avant les travaux de carbonisation.<\/p>","protected":false},"excerpt":{"rendered":"<p>Sludge carbonization technology has a high application value, not only for the effective treatment of sludge but also for obtaining a useful value of charcoal. Shuliy machinery has a professional sewage sludge carbonization machine, which is an efficient and environmentally friendly treatment of sewage sludge. In addition, we offer a wide range of options for [&hellip;]<\/p>\n","protected":false},"author":1,"featured_media":178,"parent":0,"template":"","tags":[],"product-type":[13],"class_list":["post-156","product","type-product","status-publish","has-post-thumbnail","hentry","product-type-by-material"],"_links":{"self":[{"href":"https:\/\/carbonizationplant.com\/fr\/wp-json\/wp\/v2\/product\/156","targetHints":{"allow":["GET"]}}],"collection":[{"href":"https:\/\/carbonizationplant.com\/fr\/wp-json\/wp\/v2\/product"}],"about":[{"href":"https:\/\/carbonizationplant.com\/fr\/wp-json\/wp\/v2\/types\/product"}],"author":[{"embeddable":true,"href":"https:\/\/carbonizationplant.com\/fr\/wp-json\/wp\/v2\/users\/1"}],"wp:featuredmedia":[{"embeddable":true,"href":"https:\/\/carbonizationplant.com\/fr\/wp-json\/wp\/v2\/media\/178"}],"wp:attachment":[{"href":"https:\/\/carbonizationplant.com\/fr\/wp-json\/wp\/v2\/media?parent=156"}],"wp:term":[{"taxonomy":"post_tag","embeddable":true,"href":"https:\/\/carbonizationplant.com\/fr\/wp-json\/wp\/v2\/tags?post=156"},{"taxonomy":"product-type","embeddable":true,"href":"https:\/\/carbonizationplant.com\/fr\/wp-json\/wp\/v2\/product-type?post=156"}],"curies":[{"name":"wp","href":"https:\/\/api.w.org\/{rel}","templated":true}]}}