{"id":165,"date":"2022-08-08T10:35:07","date_gmt":"2022-08-08T10:35:07","guid":{"rendered":"https:\/\/carbonizationplant.com\/?post_type=product&#038;p=165"},"modified":"2022-10-10T17:43:00","modified_gmt":"2022-10-10T09:43:00","slug":"newest-continuous-carbonization-furnace","status":"publish","type":"product","link":"https:\/\/carbonizationplant.com\/fr\/product\/newest-continuous-carbonization-furnace\/","title":{"rendered":"Le plus r\u00e9cent four de carbonisation continue"},"content":{"rendered":"<p>Le four de carbonisation continue est un nouveau type de machine de fabrication de charbon de bois respectueuse de l'environnement, qui adopte une m\u00e9thode de travail continue et peut fonctionner en continu pendant 3 \u00e0 5 jours. La toute derni\u00e8re machine de fabrication de charbon de bois en continu peut carboniser la biomasse telle que les coques de noix de coco, la sciure de bois, la paille, etc. Elle peut \u00e9galement carboniser les boues et les d\u00e9chets domestiques. Apr\u00e8s carbonisation, nous pouvons obtenir des produits pr\u00e9cieux, tels que le charbon de bois, l'acide ac\u00e9tique du bois et le goudron de bois, et ils ont tous une valeur \u00e9conomique \u00e9lev\u00e9e.<\/p>   <div class=\"wp-block-image\"> <figure class=\"aligncenter size-full\"><img loading=\"lazy\" decoding=\"async\" width=\"720\" height=\"540\" src=\"https:\/\/carbonizationplant.com\/wp-content\/uploads\/2022\/08\/charcoal-making-machine-21.webp\" alt=\"machine de fabrication de charbon de bois en continu \" class=\"wp-image-115\" title=\"\"><figcaption>machine de fabrication de charbon de bois en continu <\/figcaption><\/figure> <\/div>     <h2 class=\"wp-block-heading\" id=\"h-3d-video-of-continuous-charcoal-making-machine-working-process\">Vid\u00e9o 3D du processus de travail continu de la machine de fabrication de charbon de bois<\/h2>    <p>La vid\u00e9o suivante montre le processus de travail du four de carbonisation continue Shuliy, qui comprend principalement quatre \u00e9tapes. Il s'agit du s\u00e9chage des mati\u00e8res premi\u00e8res, de la carboisation \u00e0 haute temp\u00e9rature, de la collecte des sous-produits (vinaigre de bois et goudron de bois) et de l'\u00e9limination des gaz r\u00e9siduaires.<\/p>    <figure class=\"wp-block-embed is-type-video is-provider-youtube wp-block-embed-youtube wp-embed-aspect-16-9 wp-has-aspect-ratio\"><div class=\"wp-block-embed__wrapper\"> <iframe loading=\"lazy\" title=\"Comment fonctionne la machine de fabrication de charbon de bois en continu\u00a0? | Vid\u00e9o 3D du processus de travail du four \u00e0 charbon de bois\" width=\"500\" height=\"281\" src=\"https:\/\/www.youtube.com\/embed\/bOzrHR-9HFs?start=4&#038;feature=oembed\" frameborder=\"0\" allow=\"accelerometer; autoplay; clipboard-write; encrypted-media; gyroscope; picture-in-picture; web-share\" referrerpolicy=\"strict-origin-when-cross-origin\" allowfullscreen><\/iframe> <\/div><\/figure>    <h2 class=\"wp-block-heading\" id=\"h-raw-materials-of-continuous-carbonization-furnace\">Mati\u00e8res premi\u00e8res du four de carbonisation continue<\/h2>    <p>La machine de fabrication de charbon de bois en continu peut traiter diverses mati\u00e8res premi\u00e8res de biomasse, telles que la paille, la balle de riz, la sciure de bois, l'\u00e9corce, les brindilles, la bagasse, les coquilles de noix de coco, les coquilles de palmier, les coquilles d'arachide, les \u00e9corces de fruits, le marc de caf\u00e9, les noyaux d'olive, etc.<\/p>    <figure class=\"wp-block-gallery has-nested-images columns-default is-cropped wp-block-gallery-2 is-layout-flex wp-block-gallery-is-layout-flex\"> <figure class=\"wp-block-image size-large\"><img loading=\"lazy\" decoding=\"async\" width=\"720\" height=\"540\" data-id=\"43\" src=\"https:\/\/carbonizationplant.com\/wp-content\/uploads\/2022\/07\/materials1.webp\" alt=\"\" class=\"wp-image-43\" title=\"\"><\/figure>    <figure class=\"wp-block-image size-large\"><img loading=\"lazy\" decoding=\"async\" width=\"720\" height=\"540\" data-id=\"42\" src=\"https:\/\/carbonizationplant.com\/wp-content\/uploads\/2022\/07\/newest-charcoal-making-machine1.webp\" alt=\"\" class=\"wp-image-42\" title=\"\"><\/figure> <\/figure>    <p>Un four de carbonisation continue peut non seulement carboniser les mati\u00e8res premi\u00e8res de la biomasse, mais \u00e9galement carboniser les d\u00e9chets m\u00e9nagers, les d\u00e9chets de papeterie, les boues de rivi\u00e8re, les boues industrielles, etc. La carbonisation des d\u00e9chets est plus respectueuse de l'environnement que la combustion et la mise en d\u00e9charge traditionnelles, tandis que le charbon de bois obtenu apr\u00e8s la carbonisation pr\u00e9sente des avantages \u00e9conomiques. .<\/p>    <figure class=\"wp-block-gallery has-nested-images columns-default is-cropped wp-block-gallery-3 is-layout-flex wp-block-gallery-is-layout-flex\"> <figure class=\"wp-block-image size-large\"><img loading=\"lazy\" decoding=\"async\" width=\"720\" height=\"540\" data-id=\"45\" src=\"https:\/\/carbonizationplant.com\/wp-content\/uploads\/2022\/07\/raw-materials1.webp\" alt=\"\" class=\"wp-image-45\" title=\"\"><figcaption>mati\u00e8res premi\u00e8res du four de carbonisation continue<\/figcaption><\/figure> <\/figure>    <h2 class=\"wp-block-heading\" id=\"h-carbonization-effect-of-continuous-charcoal-making-machine\">Effet de carbonisation de la machine de fabrication de charbon de bois en continu<\/h2>    <p>L'effet sera bien meilleur si la taille des mati\u00e8res premi\u00e8res est inf\u00e9rieure \u00e0 3 cm. <\/p>    <figure class=\"wp-block-gallery has-nested-images columns-default is-cropped wp-block-gallery-4 is-layout-flex wp-block-gallery-is-layout-flex\"> <figure class=\"wp-block-image size-large\"><img loading=\"lazy\" decoding=\"async\" width=\"720\" height=\"597\" data-id=\"167\" src=\"https:\/\/carbonizationplant.com\/wp-content\/uploads\/2022\/08\/carbonization-effect.webp\" alt=\"\" class=\"wp-image-167\" title=\"\"><figcaption>effet de carbonisation<\/figcaption><\/figure>    <figure class=\"wp-block-image size-large\"><img loading=\"lazy\" decoding=\"async\" width=\"720\" height=\"597\" data-id=\"168\" src=\"https:\/\/carbonizationplant.com\/wp-content\/uploads\/2022\/08\/carbonization-effect-2.webp\" alt=\"effet de carbonisation \" class=\"wp-image-168\" title=\"\"><figcaption>effet de carbonisation <\/figcaption><\/figure> <\/figure>    <h2 class=\"wp-block-heading\">Processus de fabrication du charbon de bois<\/h2>    <h3 class=\"wp-block-heading\">Concassage et s\u00e9chage<\/h3>    <p class=\"translation-block\">Les mat\u00e9riaux de plus de 30 mm doivent \u00eatre broy\u00e9s d'abord. Si vos mat\u00e9riaux sont des rondins volumineux ou d'autres mat\u00e9riaux dont la taille est sup\u00e9rieure \u00e0 30 mm et que vous souhaitez obtenir du charbon de grande taille, vous pouvez choisir une <strong><a href=\"https:\/\/carbonizationplant.com\/fr\/product\/four-de-carbonisation-de-levage\/\">machine \u00e0 charbonner \u00e0 levier<\/a><\/strong> ou une <strong><a href=\"https:\/\/carbonizationplant.com\/fr\/product\/four-de-carbonisation-horizontal\/\">machine \u00e0 charbonner horizontale<\/a><\/strong>. De plus, si l'humidit\u00e9 de la mati\u00e8re premi\u00e8re est sup\u00e9rieure \u00e0 25 %, elle doit \u00eatre s\u00e9ch\u00e9e avec un s\u00e9choir, comme des coquilles de noix de coco fra\u00eeches ou des copeaux de bois qui ont tous deux une teneur en humidit\u00e9 plus \u00e9lev\u00e9e.<\/p>    <h3 class=\"wp-block-heading\">Pyrolyse du bois<\/h3>    <p>Une fois le four de carbonisation continue pr\u00e9chauff\u00e9, les mat\u00e9riaux s\u00e9ch\u00e9s sont transport\u00e9s par bande transporteuse vers le four de carbonisation principal pour la carbonisation. Lorsque la temp\u00e9rature atteint 380 degr\u00e9s Celsius, du charbon de bois est produit. En plus du charbon de bois, le r\u00e9acteur contient des gaz combustibles. Les gaz d'\u00e9chappement sont trait\u00e9s par le condenseur et peuvent \u00eatre recycl\u00e9s et r\u00e9utilis\u00e9s. De plus, de l\u2019air chaud entrera dans le s\u00e8che-linge pour fournir de la chaleur.<\/p>    <h3 class=\"wp-block-heading\">Utilisation des gaz d'\u00e9chappement<\/h3>    <p>Une partie des gaz de combustion peut \u00eatre transport\u00e9e vers le s\u00e9choir via le pipeline pour chauffer le s\u00e9choir, et les gaz de combustion restants sont \u00e9vacu\u00e9s via un syst\u00e8me de d\u00e9poussi\u00e9rage tel que le lavage \u00e0 l'eau et la pulv\u00e9risation d'eau.<\/p>    <h3 class=\"wp-block-heading\">D\u00e9charge du charbon de bois<\/h3>    <p>Le charbon de bois sera d\u00e9charg\u00e9 automatiquement \u00e0 la fin de la machine \u00e0 charbon. \u00c9tant donn\u00e9 que la machine est \u00e9quip\u00e9e d'un d\u00e9chargeur refroidi \u00e0 l'eau, la temp\u00e9rature finale du charbon de bois sera d'environ 30 degr\u00e9s.<\/p>    <h2 class=\"wp-block-heading\">Avantages du four de carbonisation du bois Shuliy<\/h2>    <h3 class=\"wp-block-heading\">Fonctionnement continu et ininterrompu<\/h3>    <p>La machine de fabrication de charbon de bois continue Shuliy peut fonctionner en continu pendant 24 heures sans aucune interruption. La m\u00e9thode de travail automatis\u00e9e garantit des heures de travail longues et stables tout en r\u00e9duisant les co\u00fbts de main-d'\u0153uvre. Cette m\u00e9thode de production de charbon de bois aide les clients \u00e0 maximiser leurs b\u00e9n\u00e9fices.<\/p>    <h3 class=\"wp-block-heading\">Garantir la s\u00e9curit\u00e9 de fonctionnement<\/h3>    <p>Bien que la temp\u00e9rature de carbonisation soit de plusieurs centaines de degr\u00e9s, la temp\u00e9rature de la coque est inf\u00e9rieure \u00e0 35 \u2103, ce qui peut garantir la s\u00e9curit\u00e9 des travailleurs. De plus, l'automate est \u00e9quip\u00e9 d'un dispositif d'alarme. Il d\u00e9clenchera automatiquement une alarme lorsque certaines pi\u00e8ces tomberont en panne.<\/p>    <h3 class=\"wp-block-heading\">Un \u00e9quipement respectueux de l'environnement<\/h3>    <p>Les gaz de combustion g\u00e9n\u00e9r\u00e9s par le four de carbonisation continue dans le processus de carbonisation sont trait\u00e9s par un dispositif de d\u00e9poussi\u00e9rage pour r\u00e9pondre aux normes d'\u00e9mission. Les machines \u00e0 charbon Shuliy sont un \u00e9quipement id\u00e9al dot\u00e9 d'un syst\u00e8me de d\u00e9poussi\u00e9rage pour nettoyer les fum\u00e9es r\u00e9siduelles.<\/p>    <h2 class=\"wp-block-heading\">Choisissez un mod\u00e8le que vous aimez<\/h2>    <figure class=\"wp-block-table\"><table><tbody><tr><td>Mod\u00e8le<\/td><td>SL-0812<\/td><td>SL-1015<\/td><td>SL-1218<\/td><td>SL-1320<\/td><\/tr><tr><td>Capacit\u00e9 d'alimentation horaire<\/td><td>500 kg<\/td><td>0,8 \u00e0 1\u00a0tonne<\/td><td>1,5-2 tonnes<\/td><td>2,5-3 tonnes<\/td><\/tr><tr><td>M\u00e9thode de travail<\/td><td>carbonisation continue<\/td><td><\/td><td><\/td><td><\/td><\/tr><tr><td>Taille du r\u00e9acteur<\/td><td>800mm<\/td><td>1000mm<\/td><td>1300 mm<\/td><td>1700mm<\/td><\/tr><tr><td>Mat\u00e9riaux chauffants<\/td><td>Charbon de bois, bois, diesel, gaz naturel, GPL, pellets de biomasse, etc.<\/td><td><\/td><td><\/td><td><\/td><\/tr><tr><td>Pouvoir total<\/td><td>40 kW\/h<\/td><td>55 kW\/h<\/td><td>60 kW\/h<\/td><td>72 kW\/h<\/td><\/tr><tr><td>Surface au sol (L*W*H)<\/td><td>30m*15m*7m<\/td><td>35*15*7m<\/td><td>45*15*10m<\/td><td>50*15*10m<\/td><\/tr><tr><td>Pression de fonctionnement<\/td><td>Pression constante<\/td><td>Pression constante<\/td><td>Pression constante<\/td><td>Pression constante<\/td><\/tr><tr><td>M\u00e9thode de refroidissement<\/td><td>Recyclage de l'eau de refroidissement<\/td><td><\/td><td><\/td><td><\/td><\/tr><\/tbody><\/table><\/figure>    <p>Les m\u00e9thodes de chauffage sont diverses, notamment les granul\u00e9s de bois, les granul\u00e9s de biomasse, le diesel, le gaz naturel, le GPL, etc. Les clients doivent faire attention \u00e0 la surface occup\u00e9e par la machine \u00e0 charbon en continu, la plus petite prendra 35*15*7 m.<\/p>    <h2 class=\"wp-block-heading\">Cas mondiaux de four de carbonisation continue<\/h2>    <figure class=\"wp-block-gallery has-nested-images columns-default is-cropped wp-block-gallery-5 is-layout-flex wp-block-gallery-is-layout-flex\"> <figure class=\"wp-block-image size-large\"><img loading=\"lazy\" decoding=\"async\" width=\"720\" height=\"540\" data-id=\"171\" src=\"https:\/\/carbonizationplant.com\/wp-content\/uploads\/2022\/08\/Shuliy-wood-carbonization-furnace-shipped-to-Malaysia1.webp\" alt=\"Four de carbonisation du bois Shuliy exp\u00e9di\u00e9 en Malaisie\" class=\"wp-image-171\" title=\"\"><figcaption>Four de carbonisation du bois Shuliy exp\u00e9di\u00e9 en Malaisie<\/figcaption><\/figure>    <figure class=\"wp-block-image size-large\"><img loading=\"lazy\" decoding=\"async\" width=\"720\" height=\"540\" data-id=\"172\" src=\"https:\/\/carbonizationplant.com\/wp-content\/uploads\/2022\/08\/Biomass-charcoal-making-machine-sent-to-Iran1.webp\" alt=\"machine de fabrication de charbon de bois de biomasse envoy\u00e9e en Iran\" class=\"wp-image-172\" title=\"\"><figcaption>machine de fabrication de charbon de bois de biomasse envoy\u00e9e en Iran<\/figcaption><\/figure> <\/figure>    <figure class=\"wp-block-gallery has-nested-images columns-default is-cropped wp-block-gallery-6 is-layout-flex wp-block-gallery-is-layout-flex\"> <figure class=\"wp-block-image size-large\"><img loading=\"lazy\" decoding=\"async\" width=\"720\" height=\"540\" data-id=\"173\" src=\"https:\/\/carbonizationplant.com\/wp-content\/uploads\/2022\/08\/continuous-charchou-makingmachin-sent-to-Germany1.webp\" alt=\"machine de fabrication de charchou continue envoy\u00e9e en Allemagne\" class=\"wp-image-173\" title=\"\"><figcaption>machine de fabrication de charchou continue envoy\u00e9e en Allemagne<\/figcaption><\/figure>    <figure class=\"wp-block-image size-large\"><img loading=\"lazy\" decoding=\"async\" width=\"720\" height=\"540\" data-id=\"174\" src=\"https:\/\/carbonizationplant.com\/wp-content\/uploads\/2022\/08\/continuous-charcoal-machine-in-Japan1.webp\" alt=\"machine \u00e0 charbon de bois continue au Japon\" class=\"wp-image-174\" title=\"\"><figcaption>machine \u00e0 charbon de bois continue au Japon<\/figcaption><\/figure> <\/figure>","protected":false},"excerpt":{"rendered":"<p>The continuous carbonization furnace is a new type of environmentally friendly charcoal making machine, which takes a continuous working method and can work continuously for 3 to 5 days. The newest continuous charcoal making machine can carbonize biomass such as coconut shells, sawdust, straw, etc. It can also carbonize sludge and domestic waste. After carbonization, [&hellip;]<\/p>\n","protected":false},"author":1,"featured_media":176,"parent":0,"template":"","tags":[],"product-type":[14],"class_list":["post-165","product","type-product","status-publish","has-post-thumbnail","hentry","product-type-by-machine-type"],"_links":{"self":[{"href":"https:\/\/carbonizationplant.com\/fr\/wp-json\/wp\/v2\/product\/165","targetHints":{"allow":["GET"]}}],"collection":[{"href":"https:\/\/carbonizationplant.com\/fr\/wp-json\/wp\/v2\/product"}],"about":[{"href":"https:\/\/carbonizationplant.com\/fr\/wp-json\/wp\/v2\/types\/product"}],"author":[{"embeddable":true,"href":"https:\/\/carbonizationplant.com\/fr\/wp-json\/wp\/v2\/users\/1"}],"wp:featuredmedia":[{"embeddable":true,"href":"https:\/\/carbonizationplant.com\/fr\/wp-json\/wp\/v2\/media\/176"}],"wp:attachment":[{"href":"https:\/\/carbonizationplant.com\/fr\/wp-json\/wp\/v2\/media?parent=165"}],"wp:term":[{"taxonomy":"post_tag","embeddable":true,"href":"https:\/\/carbonizationplant.com\/fr\/wp-json\/wp\/v2\/tags?post=165"},{"taxonomy":"product-type","embeddable":true,"href":"https:\/\/carbonizationplant.com\/fr\/wp-json\/wp\/v2\/product-type?post=165"}],"curies":[{"name":"wp","href":"https:\/\/api.w.org\/{rel}","templated":true}]}}