{"id":204,"date":"2022-08-10T09:45:34","date_gmt":"2022-08-10T09:45:34","guid":{"rendered":"https:\/\/carbonizationplant.com\/?post_type=product&#038;p=204"},"modified":"2022-10-10T17:40:46","modified_gmt":"2022-10-10T09:40:46","slug":"continuous-charcoal-making-stove","status":"publish","type":"product","link":"https:\/\/carbonizationplant.com\/fr\/product\/continuous-charcoal-making-stove\/","title":{"rendered":"Po\u00eale \u00e0 charbon de bois continu | Machine de fabrication de charbon biologique"},"content":{"rendered":"<p>Le po\u00eale \u00e0 charbon de bois continu peut transformer les mati\u00e8res premi\u00e8res de la biomasse en charbon de bois gr\u00e2ce \u00e0 la technologie de carbonisation, apportant ainsi des b\u00e9n\u00e9fices aux clients et r\u00e9alisant une utilisation efficace et rationnelle des ressources renouvelables.<\/p>   <div class=\"wp-block-image\"> <figure class=\"aligncenter size-full\"><img loading=\"lazy\" decoding=\"async\" width=\"720\" height=\"540\" src=\"https:\/\/carbonizationplant.com\/wp-content\/uploads\/2022\/09\/charcoal-making-machine1.webp\" alt=\"\" class=\"wp-image-338\" title=\"\"><\/figure> <\/div>  <div class=\"wp-block-image\"> <figure class=\"aligncenter size-full\"><img loading=\"lazy\" decoding=\"async\" width=\"720\" height=\"540\" src=\"https:\/\/carbonizationplant.com\/wp-content\/uploads\/2022\/09\/Bio-charcoal-machine1.webp\" alt=\"\" class=\"wp-image-334\" title=\"\"><\/figure> <\/div>  <div class=\"wp-block-image\"> <figure class=\"aligncenter size-full\"><img loading=\"lazy\" decoding=\"async\" width=\"720\" height=\"540\" src=\"https:\/\/carbonizationplant.com\/wp-content\/uploads\/2022\/09\/carbonizing-furnace1.webp\" alt=\"\" class=\"wp-image-336\" title=\"\"><\/figure> <\/div>   <h2 class=\"wp-block-heading\" id=\"h-raw-materials-of-continuous-charcoal-making-stove\">Mati\u00e8res premi\u00e8res du po\u00eale \u00e0 charbon de bois continu<\/h2>    <p>Le po\u00eale \u00e0 charbon de bois continu peut carboniser une vari\u00e9t\u00e9 de mat\u00e9riaux de biomasse, tels que les coquilles d'arachide, les branches, l'\u00e9corce, les coquilles de noix, la bagasse, les coquilles de noix de coco, les coquilles de palmier, la sciure de bois, etc. Avant de nourrir, deux exigences doivent \u00eatre not\u00e9es.<\/p>    <ol class=\"wp-block-list\"><li>Exigences de taille. Le mat\u00e9riau doit \u00eatre petit et fin, la taille doit \u00eatre inf\u00e9rieure \u00e0 10 cm, plus le mat\u00e9riau est petit, meilleur est l'effet de carbonisation. Les mat\u00e9riaux volumineux doivent \u00eatre trait\u00e9s au pr\u00e9alable avec un broyeur, comme les b\u00fbches et les branches.<\/li><li>Exigences en mati\u00e8re d'humidit\u00e9. Le contr\u00f4le de l'humidit\u00e9 de la mati\u00e8re premi\u00e8re en dessous de 20% peut am\u00e9liorer l'efficacit\u00e9 de la carbonisation. Si la mati\u00e8re premi\u00e8re est trop humide, un s\u00e9choir doit \u00eatre utilis\u00e9 pour s\u00e9cher la mati\u00e8re premi\u00e8re.<\/li><\/ol>   <div class=\"wp-block-image\"> <figure class=\"aligncenter size-full\"><img loading=\"lazy\" decoding=\"async\" width=\"720\" height=\"540\" src=\"https:\/\/carbonizationplant.com\/wp-content\/uploads\/2022\/08\/raw-materials-of-continuous-carbonization-furnace1.webp\" alt=\"mati\u00e8res premi\u00e8res du four de carbonisation continue\" class=\"wp-image-208\" title=\"\"><figcaption>mati\u00e8res premi\u00e8res du four de carbonisation continue<\/figcaption><\/figure> <\/div>   <h2 class=\"wp-block-heading\" id=\"h-final-product-of-bio-charcoal-making-machine\">Produit final de la machine de fabrication de charbon biologique<\/h2>    <h3 class=\"wp-block-heading\">Affichage du produit final<\/h3>    <p>Le charbon naturel pur final ne contient aucune substance chimique, est non toxique, insipide et non polluant. De plus, la teneur en eau du produit fini est inf\u00e9rieure \u00e0 5%, le pouvoir calorifique est \u00e9lev\u00e9 et la dur\u00e9e de combustion est longue.<\/p>    <figure class=\"wp-block-gallery has-nested-images columns-default is-cropped wp-block-gallery-2 is-layout-flex wp-block-gallery-is-layout-flex\"> <figure class=\"wp-block-image size-large\"><img loading=\"lazy\" decoding=\"async\" width=\"720\" height=\"597\" data-id=\"167\" src=\"https:\/\/carbonizationplant.com\/wp-content\/uploads\/2022\/08\/carbonization-effect.webp\" alt=\"\" class=\"wp-image-167\" title=\"\"><\/figure>    <figure class=\"wp-block-image size-large\"><img loading=\"lazy\" decoding=\"async\" width=\"720\" height=\"597\" data-id=\"168\" src=\"https:\/\/carbonizationplant.com\/wp-content\/uploads\/2022\/08\/carbonization-effect-2.webp\" alt=\"effet de carbonisation\" class=\"wp-image-168\" title=\"\"><\/figure> <figcaption class=\"blocks-gallery-caption\">carbonisation d'un po\u00eale \u00e0 charbon de bois continu<\/figcaption><\/figure>    <h3 class=\"wp-block-heading\">Application du charbon de bois final<\/h3>    <ul class=\"wp-block-list\"><li>Le charbon de bois fini peut \u00e9galement \u00eatre utilis\u00e9 directement dans les usines chimiques, les centrales \u00e9lectriques, etc. comme combustible.<\/li><li>Le charbon de bois fini, le charbon de coquille de noix, le charbon de coquille de noix de coco peuvent \u00eatre utilis\u00e9s pour le retraitement afin de produire du charbon de barbecue ou du charbon de narguil\u00e9, qui peuvent r\u00e9pondre aux diff\u00e9rents besoins du march\u00e9.<\/li><\/ul>    <figure class=\"wp-block-gallery has-nested-images columns-default is-cropped wp-block-gallery-3 is-layout-flex wp-block-gallery-is-layout-flex\"> <figure class=\"wp-block-image size-large\"><img loading=\"lazy\" decoding=\"async\" width=\"720\" height=\"540\" data-id=\"333\" src=\"https:\/\/carbonizationplant.com\/wp-content\/uploads\/2022\/09\/bbq-charcoal-briquettes1.webp\" alt=\"briquettes de charbon de bois pour barbecue\" class=\"wp-image-333\" title=\"\"><figcaption>briquettes de charbon de bois pour barbecue<\/figcaption><\/figure>    <figure class=\"wp-block-image size-large\"><img loading=\"lazy\" decoding=\"async\" width=\"720\" height=\"540\" data-id=\"346\" src=\"https:\/\/carbonizationplant.com\/wp-content\/uploads\/2022\/09\/shisha-charcoal-briquettes1.webp\" alt=\"briquettes de charbon de chicha\" class=\"wp-image-346\" title=\"\"><figcaption>briquettes de charbon de chicha<\/figcaption><\/figure> <\/figure>    <h2 class=\"wp-block-heading\">Structures du four continu de fabrication de charbon de bois<\/h2>    <p>La machine de fabrication continue de charbon de bois comprend principalement un \u00e9quipement d'alimentation, un h\u00f4te de carbonisation, une d\u00e9charge de condensation, des t\u00eates d'allumage, une piscine de combustion, un \u00e9quipement de purification, une armoire de distribution \u00e9lectrique, etc. La mati\u00e8re premi\u00e8re doit passer par une zone de pr\u00e9chauffage, une zone de carbonisation \u00e0 haute temp\u00e9rature et enfin par une d\u00e9charge. \u00e0 travers la zone de refroidissement.<\/p>    <div class=\"wp-block-media-text alignwide has-media-on-the-right is-stacked-on-mobile\"><figure class=\"wp-block-media-text__media\"><img loading=\"lazy\" decoding=\"async\" width=\"720\" height=\"540\" src=\"https:\/\/carbonizationplant.com\/wp-content\/uploads\/2022\/09\/feeder1.webp\" alt=\"\" class=\"wp-image-342 size-full\" title=\"\"><\/figure><div class=\"wp-block-media-text__content\"> <h3 class=\"wp-block-heading\">Convoyeur d'alimentation<\/h3>    <p>L'alimentation adopte un convoyeur \u00e0 vis, et l'ouverture d'alimentation \u00e9largie peut r\u00e9pondre \u00e0 diff\u00e9rentes tailles de mati\u00e8res premi\u00e8res et emp\u00eacher le blocage, et le processus de transport est ferm\u00e9 pour emp\u00eacher l'entr\u00e9e de corps \u00e9trangers.<\/p> <\/div><\/div>    <div class=\"wp-block-media-text alignwide is-stacked-on-mobile\"><figure class=\"wp-block-media-text__media\"><img loading=\"lazy\" decoding=\"async\" width=\"720\" height=\"540\" src=\"https:\/\/carbonizationplant.com\/wp-content\/uploads\/2022\/09\/Bio-charcoal-making-machine1.webp\" alt=\"\" class=\"wp-image-335 size-full\" title=\"\"><\/figure><div class=\"wp-block-media-text__content\"> <h3 class=\"wp-block-heading\">Ch\u00e2ssis principal du four de carbonisation.<\/h3>    <p>La machine h\u00f4te est utilis\u00e9e pour carboniser les mati\u00e8res premi\u00e8res par pyrolyse anoxique afin de produire du charbon de bois fini qualifi\u00e9. Il est principalement divis\u00e9 en tambour et t\u00eate de feu.<\/p> <\/div><\/div>    <div class=\"wp-block-media-text alignwide has-media-on-the-right is-stacked-on-mobile\"><figure class=\"wp-block-media-text__media\"><img loading=\"lazy\" decoding=\"async\" width=\"720\" height=\"540\" src=\"https:\/\/carbonizationplant.com\/wp-content\/uploads\/2022\/08\/ignition-head1.webp\" alt=\"t\u00eate d&#039;allumage\" class=\"wp-image-82 size-full\" title=\"\"><\/figure><div class=\"wp-block-media-text__content\"> <h3 class=\"wp-block-heading\">T\u00eate d'allumage de piscine br\u00fblante<\/h3>    <p>Un po\u00eale \u00e0 charbon de bois continu utilise g\u00e9n\u00e9ralement du GPL comme source de chaleur, et cette partie est le dispositif d'allumage de la machine. Le nombre de t\u00eates d'allumage varie d'un mod\u00e8le \u00e0 l'autre. Par exemple, le mod\u00e8le SL-CF1200 en a un total de 18, le mod\u00e8le SL-CF1200 a 18 t\u00eates d'allumage au total et le mod\u00e8le SL-CF1000 a 16 t\u00eates d'allumage au total.<\/p> <\/div><\/div>    <div class=\"wp-block-media-text alignwide is-stacked-on-mobile\"><figure class=\"wp-block-media-text__media\"><img loading=\"lazy\" decoding=\"async\" width=\"720\" height=\"540\" src=\"https:\/\/carbonizationplant.com\/wp-content\/uploads\/2022\/08\/mineral-wool1.webp\" alt=\"laine min\u00e9rale\" class=\"wp-image-86 size-full\" title=\"\"><\/figure><div class=\"wp-block-media-text__content\"> <h3 class=\"wp-block-heading\">Tambour du four de carbonisation<\/h3>    <p>Les rouleaux sont fabriqu\u00e9s en laine de roche haute temp\u00e9rature avec de bonnes performances d'isolation thermique et d'\u00e9tanch\u00e9it\u00e9 pour garantir que les mati\u00e8res premi\u00e8res sont enti\u00e8rement carbonis\u00e9es en l'absence d'oxyg\u00e8ne.<\/p> <\/div><\/div>    <div class=\"wp-block-media-text alignwide has-media-on-the-right is-stacked-on-mobile\"><figure class=\"wp-block-media-text__media\"><img loading=\"lazy\" decoding=\"async\" width=\"720\" height=\"540\" src=\"https:\/\/carbonizationplant.com\/wp-content\/uploads\/2022\/08\/burning-pool1.webp\" alt=\"piscine en feu\" class=\"wp-image-83 size-full\" title=\"\"><\/figure><div class=\"wp-block-media-text__content\"> <h3 class=\"wp-block-heading\">L'ext\u00e9rieur de l'h\u00f4te et de la cellule de combustion<\/h3>    <p>La cellule de combustion de la machine de fabrication de charbon de bois est fabriqu\u00e9e en acier Q235 de 4 mm d'\u00e9paisseur et en laine de roche haute temp\u00e9rature de 5 cm d'\u00e9paisseur. L'isolation thermique est bonne.<\/p> <\/div><\/div>    <div class=\"wp-block-media-text alignwide is-stacked-on-mobile\"><figure class=\"wp-block-media-text__media\"><img loading=\"lazy\" decoding=\"async\" width=\"720\" height=\"540\" src=\"https:\/\/carbonizationplant.com\/wp-content\/uploads\/2022\/08\/inside-structure-of-the-burning-pool1.webp\" alt=\"structure int\u00e9rieure de la piscine en feu\" class=\"wp-image-84 size-full\" title=\"\"><\/figure><div class=\"wp-block-media-text__content\"> <h3 class=\"wp-block-heading\">La structure interne de la cellule de combustion<\/h3>    <p>\u00c0 l'int\u00e9rieur de la cellule de combustion se trouve de la laine de roche r\u00e9sistante aux hautes temp\u00e9ratures, ce qui am\u00e9liore l'\u00e9tanch\u00e9it\u00e9 et l'isolation thermique de la machine.<\/p> <\/div><\/div>    <h2 class=\"wp-block-heading\" id=\"h-bio-charcoal-making-machine-working-process\">Processus de travail de la machine de fabrication de charbon biologique<\/h2>    <h3 class=\"wp-block-heading\">Pr\u00e9chauffer la machine<\/h3>    <p>Apr\u00e8s avoir allum\u00e9 le po\u00eale \u00e0 charbon de bois continu, il faut environ 1 heure pour r\u00e9chauffer la machine en utilisant du gaz de p\u00e9trole liqu\u00e9fi\u00e9 (GPL) pour allumer la machine, ce qui n\u00e9cessite 20 \u00e0 30 kg de GPL par allumage.<\/p>    <h3 class=\"wp-block-heading\">Mat\u00e9riaux carbonisants<\/h3>    <p>Le pr\u00e9chauffage est termin\u00e9 lorsque la temp\u00e9rature de pr\u00e9chauffage atteint 280\u00b0-330\u00b0 et que la mati\u00e8re premi\u00e8re est introduite. Apr\u00e8s 20 minutes de carbonisation, observez si des gaz inflammables sont g\u00e9n\u00e9r\u00e9s dans la cellule de combustion. Si un gaz inflammable est produit, allumez la chambre de combustion, le gaz inflammable fournira de la chaleur pour carboniser le mat\u00e9riau, plus de GPL ne sera utilis\u00e9.<\/p>    <h3 class=\"wp-block-heading\">Refroidissement et d\u00e9charge<\/h3>    <p>Le refroidissement est n\u00e9cessaire pour l'\u00e9vacuation et pour \u00e9viter une combustion spontan\u00e9e. Le po\u00eale \u00e0 charbon de bois continu est \u00e9quip\u00e9 d'un double condenseur, le mat\u00e9riau carbonis\u00e9 est \u00e9vacu\u00e9 de l'int\u00e9rieur et l'ext\u00e9rieur est rempli d'eau en circulation pour le refroidissement, la temp\u00e9rature de d\u00e9charge finale est de 30 degr\u00e9s Celsius.<\/p>    <h2 class=\"wp-block-heading\">Conception avanc\u00e9e d'un po\u00eale \u00e0 charbon de bois continu<\/h2>    <ul class=\"wp-block-list\"><li>Le four de carbonisation r\u00e9alise le processus de production d'alimentation continue, de carbonisation continue et de carbonisation continue, ce qui r\u00e9sout le probl\u00e8me selon lequel l'\u00e9quipement de carbonisation traditionnel ne peut pas \u00eatre carbonis\u00e9 en continu et am\u00e9liore l'efficacit\u00e9 de la production.<\/li><li>Le four de carbonisation continue adopte un syst\u00e8me de contr\u00f4le intelligent, avec un niveau d'automatisation \u00e9lev\u00e9 et un travail de carbonisation plus efficace.<\/li><li>L'\u00e9quipement professionnel de d\u00e9senfumage peut traiter les gaz d'\u00e9chappement produits lors d'un feu de charbon de bois, ce qui ne polluera pas l'environnement. Utiliser du gaz liqu\u00e9fi\u00e9 et du gaz combustible pour g\u00e9n\u00e9rer de la chaleur, sans abattre d'arbres et en prot\u00e9geant l'environnement.<\/li><li>Dans le processus de carbonisation, le po\u00eale \u00e0 charbon de bois continu peut collecter automatiquement le goudron, le vinaigre de bois liquide et le gaz combustible pour r\u00e9aliser une utilisation efficace et compl\u00e8te des \u00e9nergies renouvelables.<\/li><\/ul>    <h2 class=\"wp-block-heading\">\u00c9quipement de purification du po\u00eale \u00e0 charbon de bois continu<\/h2>   <div class=\"wp-block-image\"> <figure class=\"aligncenter size-full\"><img loading=\"lazy\" decoding=\"async\" width=\"720\" height=\"540\" src=\"https:\/\/carbonizationplant.com\/wp-content\/uploads\/2022\/09\/Purification-equipment-of-continuous-charcoal-making-stove1.webp\" alt=\"\u00e9quipement de purification du po\u00eale \u00e0 charbon de bois continu\" class=\"wp-image-345\" title=\"\"><figcaption>\u00e9quipement de purification du po\u00eale \u00e0 charbon de bois continu<\/figcaption><\/figure> <\/div>   <p>L'\u00e9quipement de purification adopte le principe de purification de l'air et utilise des coquilles d'arachide, des copeaux, etc. comme moyen pour filtrer les gaz combustibles g\u00e9n\u00e9r\u00e9s \u00e0 l'int\u00e9rieur du four de carbonisation et r\u00e9duire la pollution.<\/p>    <p>Par rapport \u00e0 la purification de l'eau d'origine, aucun colmatage ne se produira, et cela peut \u00e9galement r\u00e9duire les rejets d'eaux us\u00e9es et prot\u00e9ger l'environnement. Le mat\u00e9riau filtrant les gaz de combustion utilise des coquilles et des copeaux d'arachide, et il peut \u00eatre remplac\u00e9 une fois tous les six mois, ce qui permet d'\u00e9conomiser consid\u00e9rablement de l'\u00e9nergie.<\/p>    <h2 class=\"wp-block-heading\">Choisissez un mod\u00e8le que vous aimez<\/h2>   <div class=\"wp-block-image\"> <figure class=\"aligncenter size-full\"><img loading=\"lazy\" decoding=\"async\" width=\"720\" height=\"540\" src=\"https:\/\/carbonizationplant.com\/wp-content\/uploads\/2022\/08\/small-type-continuous-charcoal-maker1-1.webp\" alt=\"fabricant de charbon de bois continu de petit type\" class=\"wp-image-120\" title=\"\"><figcaption>Affichage 3D d'un fabricant de charbon de bois continu<\/figcaption><\/figure> <\/div>   <p>Les donn\u00e9es suivantes sont les param\u00e8tres techniques du po\u00eale \u00e0 charbon de bois continu, vous pouvez choisir celui dont vous avez besoin ou contacter notre responsable commercial pour consulter le mod\u00e8le dont vous avez besoin.  <\/p>    <figure class=\"wp-block-table\"><table><tbody><tr><td>Mod\u00e8le<\/td><td>SL-CF800<\/td><td>SL-CF1000<\/td><td>SL-CF1200<\/td><\/tr><tr><td>M\u00e9thode de travail<\/td><td>Type continu<\/td><td>Type continu<\/td><td>Type continu<\/td><\/tr><tr><td>Diam\u00e8tre (mm)<\/td><td>800<\/td><td>1000<\/td><td>1200<\/td><\/tr><tr><td>Capacit\u00e9 (kg\/h)<\/td><td>200-300<\/td><td>400-500<\/td><td>500-600<\/td><\/tr><tr><td>Puissance principale (kw)<\/td><td>18.5<\/td><td>20<\/td><td>25<\/td><\/tr><tr><td>Temp\u00e9rature de carbonisation (\u2103)<\/td><td>500-800<\/td><td>500-800<\/td><td>500-800<\/td><\/tr><tr><td>Puissance du ventilateur (kw)<\/td><td>5.5<\/td><td>5.5<\/td><td>5.5<\/td><\/tr><\/tbody><\/table><\/figure>    <h2 class=\"wp-block-heading\">Cas mondiaux de machine de carbonisation continue<\/h2>    <h3 class=\"wp-block-heading\">Machine \u00e0 charbon envoy\u00e9e au Ghana<\/h3>    <p class=\"translation-block\">F\u00e9licitations ! Un client du Ghana a r\u00e9cemment choisi la machine \u00e0 charbon Shuliy, maintenant la <a href=\"https:\/\/carbonizationplant.com\/fr\/Info\/continuous-charcoal-making-kiln-sent-to-ghana\/\">machine est exp\u00e9di\u00e9e au Ghana<\/a>. La machine \u00e0 charbon sera utilis\u00e9e pour fabriquer du charbon de coque de noix de coco et du charbon de coque de palme.<\/p>    <figure class=\"wp-block-gallery has-nested-images columns-default is-cropped wp-block-gallery-4 is-layout-flex wp-block-gallery-is-layout-flex\"> <figure class=\"wp-block-image size-large\"><a href=\"https:\/\/carbonizationplant.com\/fr\/Info\/continuous-charcoal-making-kiln-sent-to-ghana\/\"><img loading=\"lazy\" decoding=\"async\" width=\"720\" height=\"540\" data-id=\"209\" src=\"https:\/\/carbonizationplant.com\/wp-content\/uploads\/2022\/08\/charcaoal-machine-to-Ghana1.webp\" alt=\"machine \u00e0 charbon de bois au Ghana\" class=\"wp-image-209\" title=\"\"><\/a><figcaption>machine \u00e0 charbon de bois au Ghana<\/figcaption><\/figure>    <figure class=\"wp-block-image size-large\"><a href=\"https:\/\/carbonizationplant.com\/fr\/Info\/continuous-charcoal-making-kiln-sent-to-ghana\/\"><img loading=\"lazy\" decoding=\"async\" width=\"720\" height=\"540\" data-id=\"210\" src=\"https:\/\/carbonizationplant.com\/wp-content\/uploads\/2022\/08\/charcoal-making-machine-shipped-to-Ghana1.webp\" alt=\"machine de fabrication de charbon de bois exp\u00e9di\u00e9e au Ghana\" class=\"wp-image-210\" title=\"\"><\/a><figcaption>machine de fabrication de charbon de bois exp\u00e9di\u00e9e au Ghana<\/figcaption><\/figure> <\/figure>    <h3 class=\"wp-block-heading\">Po\u00eale \u00e0 charbon de bois continu au Royaume-Uni<\/h3>    <p class=\"translation-block\">Notre <a href=\"https:\/\/carbonizationplant.com\/fr\/Info\/continuous-carbonizing-furnace-exported-to-the-uk\/\">client au Royaume-Uni<\/a> est dans l'industrie du charbon de bois et son activit\u00e9 principale consiste \u00e0 carboniser des copeaux de bois et \u00e0 envoyer les copeaux de bois carbonis\u00e9s aux centrales \u00e9lectriques pour les utiliser comme combustible. Apr\u00e8s avoir consult\u00e9 notre site Web, il s'est int\u00e9ress\u00e9 \u00e0 notre \u00e9quipement de carbonisation et nous a contact\u00e9s. Beco, le responsable de compte, a recommand\u00e9 la machine \u00e0 charbon SL-1200, avec une capacit\u00e9 de 500-600 kg par heure, la production r\u00e9pond aux besoins du client et le prix est dans le budget du client. Ainsi, la machine a \u00e9t\u00e9 rapidement achet\u00e9e.<\/p>    <figure class=\"wp-block-gallery has-nested-images columns-default is-cropped wp-block-gallery-5 is-layout-flex wp-block-gallery-is-layout-flex\"> <figure class=\"wp-block-image size-large\"><a href=\"https:\/\/carbonizationplant.com\/fr\/Info\/continuous-carbonizing-furnace-exported-to-the-uk\/\"><img loading=\"lazy\" decoding=\"async\" width=\"720\" height=\"540\" data-id=\"57\" src=\"https:\/\/carbonizationplant.com\/wp-content\/uploads\/2022\/07\/charcoal-machine1.webp\" alt=\"\" class=\"wp-image-57\" title=\"\"><\/a><figcaption>Four de carbonisation continue au Royaume-Uni<\/figcaption><\/figure>    <figure class=\"wp-block-image size-large\"><a href=\"https:\/\/carbonizationplant.com\/fr\/Info\/continuous-carbonizing-furnace-exported-to-the-uk\/\"><img loading=\"lazy\" decoding=\"async\" width=\"720\" height=\"540\" data-id=\"61\" src=\"https:\/\/carbonizationplant.com\/wp-content\/uploads\/2022\/07\/continuous-charcoal-machine-to-England1.webp\" alt=\"\" class=\"wp-image-61\" title=\"\"><\/a><figcaption>machine \u00e0 charbon de bois continue exp\u00e9di\u00e9e en Angleterre<\/figcaption><\/figure> <\/figure>    <h3 class=\"wp-block-heading\">Four de carbonisation continue en Ouganda<\/h3>    <p class=\"translation-block\">La machinerie \u00e0 charbon Shuliy <a href=\"https:\/\/carbonizationplant.com\/fr\/Info\/charcoal-manufacturing-plant-in-uganda\/\">a export\u00e9 des machines \u00e0 charbon vers l'Ouganda<\/a>, notre client ougandais a achet\u00e9 une ligne de production de charbon compl\u00e8te aupr\u00e8s de notre entreprise, leurs mati\u00e8res premi\u00e8res sont des copeaux de bois et le produit final est des briquettes de charbon. <\/p>    <p>Avec l'aide de notre personnel technique, le client a install\u00e9 l'usine de fabrication de charbon de bois et a commenc\u00e9 \u00e0 produire officiellement du charbon de bois qualifi\u00e9. Si vous en avez besoin, nous pouvons vous \u00e9quiper d'une ligne compl\u00e8te de production de charbon de bois, comprenant un broyeur \u00e0 bois, un four \u00e0 charbon, une machine \u00e0 charbon, etc.<\/p>    <figure class=\"wp-block-gallery has-nested-images columns-default is-cropped wp-block-gallery-6 is-layout-flex wp-block-gallery-is-layout-flex\"> <figure class=\"wp-block-image size-large\"><a href=\"https:\/\/carbonizationplant.com\/fr\/Info\/charcoal-manufacturing-plant-in-uganda\/\"><img loading=\"lazy\" decoding=\"async\" width=\"720\" height=\"540\" data-id=\"248\" src=\"https:\/\/carbonizationplant.com\/wp-content\/uploads\/2022\/08\/our-Chinese-engineer-and-our-Uganda-customer-1.webp\" alt=\"notre ing\u00e9nieur chinois et notre client ougandais\" class=\"wp-image-248\" title=\"\"><\/a><figcaption>notre ing\u00e9nieur chinois et notre client ougandais <\/figcaption><\/figure>    <figure class=\"wp-block-image size-large\"><a href=\"https:\/\/carbonizationplant.com\/fr\/Info\/charcoal-manufacturing-plant-in-uganda\/\"><img loading=\"lazy\" decoding=\"async\" width=\"720\" height=\"540\" data-id=\"241\" src=\"https:\/\/carbonizationplant.com\/wp-content\/uploads\/2022\/08\/continuous-carbonization-furnace1.webp\" alt=\"four de carbonisation continue\" class=\"wp-image-241\" title=\"\"><\/a><figcaption>four de carbonisation continue<\/figcaption><\/figure> <\/figure>    <p>La vid\u00e9o montre le processus de fabrication du charbon de bois en Ouganda.<\/p>    <figure class=\"wp-block-embed is-type-video is-provider-youtube wp-block-embed-youtube wp-embed-aspect-16-9 wp-has-aspect-ratio\"><div class=\"wp-block-embed__wrapper\"> <iframe loading=\"lazy\" title=\"Comment fabriquer des briquettes de charbon de bois en Ouganda ? | Fabriquer des briquettes de charbon de bois \u00e0 partir du broyage du bois\u00a0!\" width=\"500\" height=\"281\" src=\"https:\/\/www.youtube.com\/embed\/DaCiipJMVK0?start=14&#038;feature=oembed\" frameborder=\"0\" allow=\"accelerometer; autoplay; clipboard-write; encrypted-media; gyroscope; picture-in-picture; web-share\" referrerpolicy=\"strict-origin-when-cross-origin\" allowfullscreen><\/iframe> <\/div><\/figure>    <h3 class=\"wp-block-heading\">Po\u00eale \u00e0 charbon de bois continu en Indon\u00e9sie<\/h3>    <p class=\"translation-block\">Un <a href=\"https:\/\/carbonizationplant.com\/fr\/Info\/continuous-carbonizing-stove-indonesia\/\">client d'Indon\u00e9sie a achet\u00e9 notre four de carbonisation<\/a>, qui est principalement utilis\u00e9 pour carboniser des copeaux de bois, et les copeaux de bois carbonis\u00e9s sont ensuite transform\u00e9s en poudre de charbon pour la production de charbon \u00e0 chicha.<\/p>    <figure class=\"wp-block-gallery has-nested-images columns-default is-cropped wp-block-gallery-7 is-layout-flex wp-block-gallery-is-layout-flex\"> <figure class=\"wp-block-image size-large\"><a href=\"https:\/\/carbonizationplant.com\/fr\/Info\/continuous-carbonizing-stove-indonesia\/\"><img loading=\"lazy\" decoding=\"async\" width=\"720\" height=\"540\" data-id=\"339\" src=\"https:\/\/carbonizationplant.com\/wp-content\/uploads\/2022\/09\/Continuous-Carbonizing-Stove-Shipped-to-Indonesia1.webp\" alt=\"\" class=\"wp-image-339\" title=\"\"><\/a><figcaption>Po\u00eale \u00e0 charbon de bois continu en Indon\u00e9sie<\/figcaption><\/figure>    <figure class=\"wp-block-image size-large\"><a href=\"https:\/\/carbonizationplant.com\/fr\/Info\/continuous-carbonizing-stove-indonesia\/\"><img loading=\"lazy\" decoding=\"async\" width=\"720\" height=\"540\" data-id=\"337\" src=\"https:\/\/carbonizationplant.com\/wp-content\/uploads\/2022\/09\/Carbonizing-Stove-Shipped-to-Indonesia1.webp\" alt=\"Po\u00eale \u00e0 carbonisation continue exp\u00e9di\u00e9 en Indon\u00e9sie\" class=\"wp-image-337\" title=\"\"><\/a><figcaption>chargement et livraison<\/figcaption><\/figure> <\/figure>","protected":false},"excerpt":{"rendered":"<p>The continuous charcoal making stove can turn biomass raw materials into charcoal through charring technology, bringing profit to customers and realizing the efficient and rational use of renewable resources. Raw materials of continuous charcoal making stove Continuous charcoal making stove can carbonize a variety of biomass materials, such as peanut shells, branches, bark, walnut shells, [&hellip;]<\/p>\n","protected":false},"author":1,"featured_media":206,"parent":0,"template":"","tags":[],"product-type":[14],"class_list":["post-204","product","type-product","status-publish","has-post-thumbnail","hentry","product-type-by-machine-type"],"_links":{"self":[{"href":"https:\/\/carbonizationplant.com\/fr\/wp-json\/wp\/v2\/product\/204","targetHints":{"allow":["GET"]}}],"collection":[{"href":"https:\/\/carbonizationplant.com\/fr\/wp-json\/wp\/v2\/product"}],"about":[{"href":"https:\/\/carbonizationplant.com\/fr\/wp-json\/wp\/v2\/types\/product"}],"author":[{"embeddable":true,"href":"https:\/\/carbonizationplant.com\/fr\/wp-json\/wp\/v2\/users\/1"}],"wp:featuredmedia":[{"embeddable":true,"href":"https:\/\/carbonizationplant.com\/fr\/wp-json\/wp\/v2\/media\/206"}],"wp:attachment":[{"href":"https:\/\/carbonizationplant.com\/fr\/wp-json\/wp\/v2\/media?parent=204"}],"wp:term":[{"taxonomy":"post_tag","embeddable":true,"href":"https:\/\/carbonizationplant.com\/fr\/wp-json\/wp\/v2\/tags?post=204"},{"taxonomy":"product-type","embeddable":true,"href":"https:\/\/carbonizationplant.com\/fr\/wp-json\/wp\/v2\/product-type?post=204"}],"curies":[{"name":"wp","href":"https:\/\/api.w.org\/{rel}","templated":true}]}}