{"id":69,"date":"2022-08-01T08:40:17","date_gmt":"2022-08-01T08:40:17","guid":{"rendered":"https:\/\/carbonizationplant.com\/?post_type=product&#038;p=69"},"modified":"2024-03-26T18:11:15","modified_gmt":"2024-03-26T10:11:15","slug":"rice-husk-charcoal-making-machine","status":"publish","type":"product","link":"https:\/\/carbonizationplant.com\/fr\/product\/machine-de-fabrication-de-charbon-de-bois-de-balle-de-riz\/","title":{"rendered":"Machine de fabrication de charbon de bois de balle de riz | Carboniseur de coque de riz"},"content":{"rendered":"<p>La machine de fabrication de charbon de bois de balle de riz est un \u00e9quipement populaire pour la production de balle de riz carbonis\u00e9e. la balle de riz carbonis\u00e9e est une nouvelle source d'\u00e9nergie permettant de fournir de la chaleur \u00e0 l'industrie ou \u00e0 d'autres \u00e9quipements et constitue une alternative aux sources d'\u00e9nergie traditionnelles. Shuliy Machinery propose deux types de machines \u00e0 carboniser les balles de riz, y compris le type continu. Avec le manque croissant de sources d'\u00e9nergie telles que le p\u00e9trole, le march\u00e9 du charbon de bois de balle de riz en tant que source d'\u00e9nergie alternative continuera de cro\u00eetre, et c'est le moment d'investir dans une machine de fabrication de charbon de bois de balle de riz pour saisir l'opportunit\u00e9 du march\u00e9 et cr\u00e9er des b\u00e9n\u00e9fices substantiels. .<\/p>   <div class=\"wp-block-image\"> <figure class=\"aligncenter size-full\"><img loading=\"lazy\" decoding=\"async\" width=\"800\" height=\"533\" src=\"https:\/\/carbonizationplant.com\/wp-content\/uploads\/2022\/08\/carbonized-rice-hull.webp\" alt=\"coque de riz carbonis\u00e9e\" class=\"wp-image-81\" title=\"\"><figcaption class=\"wp-element-caption\">coque de riz carbonis\u00e9e<\/figcaption><\/figure> <\/div>   <h2 class=\"wp-block-heading\" id=\"h-rice-husk-charcoal-making-machine-for-sale\">Machine de fabrication de charbon de bois de balle de riz \u00e0 vendre<\/h2>    <p>Le groupe Shuliy propose \u00e0 ses clients deux fours de carbonisation de balle de riz diff\u00e9rents, leurs deux m\u00e9thodes de travail \u00e9tant continues. Ils sont durables et respectueux de l'environnement. De plus, la machine peut \u00eatre appliqu\u00e9e sur des copeaux de bois carbonis\u00e9s, des coques de noix de coco ou d'autres mat\u00e9riaux. Indiquez-nous les mati\u00e8res premi\u00e8res dont vous avez besoin pour carboniser et nous vous offrirons un service personnalis\u00e9.<\/p>   <div class=\"wp-block-image\"> <figure class=\"aligncenter size-full\"><a href=\"https:\/\/carbonizationplant.com\/fr\/product\/newest-continuous-carbonization-furnace\/\"><img loading=\"lazy\" decoding=\"async\" width=\"720\" height=\"540\" src=\"https:\/\/carbonizationplant.com\/wp-content\/uploads\/2022\/07\/continuous-charcoal-making-machine-21.webp\" alt=\"machine de fabrication de charbon de bois en continu\" class=\"wp-image-41\" title=\"\"><\/a><figcaption class=\"wp-element-caption\">machine de fabrication de charbon de bois en continu<\/figcaption><\/figure> <\/div>   <figure class=\"wp-block-table\"><table><tbody><tr><td>Mod\u00e8le<\/td><td>SL-0812<\/td><td>SL-1015<\/td><td>SL-1218<\/td><td>SL-1320<\/td><\/tr><tr><td>Capacit\u00e9 d'alimentation horaire<\/td><td>500 kg<\/td><td>0,8 \u00e0 1\u00a0tonne<\/td><td>1,5-2 tonnes<\/td><td>2,5-3 tonnes<\/td><\/tr><tr><td>M\u00e9thode de travail<\/td><td>Carbonisation continue<\/td><td><\/td><td><\/td><td><\/td><\/tr><tr><td>Taille du r\u00e9acteur<\/td><td>800mm<\/td><td>1000mm<\/td><td>1300 mm<\/td><td>1700mm<\/td><\/tr><tr><td>Mat\u00e9riaux chauffants<\/td><td>Charbon de bois, bois, diesel, gaz naturel, GPL, pellets de biomasse, etc.<\/td><td><\/td><td><\/td><td><\/td><\/tr><tr><td>Pouvoir total<\/td><td>40 kW\/h<\/td><td>55 kW\/h<\/td><td>60 kW\/h<\/td><td>72 kW\/h<\/td><\/tr><tr><td>Surface au sol (L*W*H)<\/td><td>30m*15m*7m<\/td><td>35*15*7m<\/td><td>45*15*10m<\/td><td>50*15*10m<\/td><\/tr><tr><td>Pression de fonctionnement<\/td><td>Pression constante<\/td><td>Pression constante<\/td><td>Pression constante<\/td><td>Pression constante<\/td><\/tr><tr><td>M\u00e9thode de refroidissement<\/td><td>Recyclage de l'eau de refroidissement<\/td><td><\/td><td><\/td><td><\/td><\/tr><\/tbody><\/table><\/figure>   <div class=\"wp-block-image\"> <figure class=\"aligncenter size-full\"><a href=\"https:\/\/carbonizationplant.com\/fr\/product\/continuous-charcoal-making-stove\/\"><img loading=\"lazy\" decoding=\"async\" width=\"720\" height=\"540\" src=\"https:\/\/carbonizationplant.com\/wp-content\/uploads\/2022\/07\/continuous-charcoal-making-machine1.webp\" alt=\"\" class=\"wp-image-40\" title=\"\"><\/a><figcaption class=\"wp-element-caption\">Machine continue de fabrication de charbon de bois de balle de riz<\/figcaption><\/figure> <\/div>   <figure class=\"wp-block-table\"><table><tbody><tr><td>Mod\u00e8le<\/td><td>SL-CF800<\/td><td>SL-CF1000<\/td><td>SL-CF1200<\/td><\/tr><tr><td>Diam\u00e8tre (mm)<\/td><td>800<\/td><td>1000<\/td><td>1200<\/td><\/tr><tr><td>Capacit\u00e9 (kg\/h)<\/td><td>400-600<\/td><td>800-1000<\/td><td>1200-1500<\/td><\/tr><tr><td>Puissance principale (kw)<\/td><td>18.5<\/td><td>18.5<\/td><td>20<\/td><\/tr><tr><td>Temp\u00e9rature de carbonisation (\u2103)<\/td><td>500-800<\/td><td>500-800<\/td><td>500-800<\/td><\/tr><tr><td>Puissance du ventilateur (kw)<\/td><td>5.5<\/td><td>5.5<\/td><td>5.5<\/td><\/tr><\/tbody><\/table><\/figure>    <h2 class=\"wp-block-heading\" id=\"h-rice-hull-carbonizer-design\"><strong>Conception du carboniseur de coque de riz<\/strong><\/h2>    <h3 class=\"wp-block-heading\"><strong><a href=\"https:\/\/carbonizationplant.com\/fr\/product\/continuous-charcoal-making-stove\/\">Machine \u00e0 charbon en continu <\/a><\/strong><\/h3>    <p>Cette machine de fabrication de charbon de bois de balle de riz comprend principalement une alimentation en spirale, une alimentation plate, une machine principale, une d\u00e9charge de condensation, une t\u00eate de flamme, une piscine de combustion, un \u00e9quipement de purification, une armoire de distribution d'\u00e9nergie, etc. La machine est principalement divis\u00e9e en trois zones de travail, qui sont une zone de pr\u00e9chauffage, zone de carbonisation \u00e0 haute temp\u00e9rature et zone de refroidissement.<\/p>    <div class=\"wp-block-media-text alignwide is-stacked-on-mobile\"><figure class=\"wp-block-media-text__media\"><img loading=\"lazy\" decoding=\"async\" width=\"720\" height=\"540\" src=\"https:\/\/carbonizationplant.com\/wp-content\/uploads\/2022\/08\/ignition-head1.webp\" alt=\"t\u00eate d&#039;allumage\" class=\"wp-image-82 size-full\" title=\"\"><\/figure><div class=\"wp-block-media-text__content\"> <h2 class=\"wp-block-heading\"><strong>T\u00eate d'allumage de piscine br\u00fblante<\/strong><\/h2>    <p>Le nombre de t\u00eates d'allumage varie d'un mod\u00e8le \u00e0 l'autre, par exemple, le mod\u00e8le SL-CF1200 dispose de 18 t\u00eates d'allumage au total. Nous les utilisons comme dispositifs d'allumage lorsque nous choisissons le GPL comme source de chaleur.<\/p> <\/div><\/div>    <div class=\"wp-block-media-text alignwide has-media-on-the-right is-stacked-on-mobile\"><div class=\"wp-block-media-text__content\"> <h2 class=\"wp-block-heading\"><strong> Cellule de combustion<\/strong><\/h2> <\/div><figure class=\"wp-block-media-text__media\"><img loading=\"lazy\" decoding=\"async\" width=\"720\" height=\"540\" src=\"https:\/\/carbonizationplant.com\/wp-content\/uploads\/2022\/08\/burning-pool1.webp\" alt=\"piscine en feu\" class=\"wp-image-83 size-full\" title=\"\"><\/figure><\/div>    <div class=\"wp-block-media-text alignwide is-stacked-on-mobile\"><figure class=\"wp-block-media-text__media\"><img loading=\"lazy\" decoding=\"async\" width=\"720\" height=\"540\" src=\"https:\/\/carbonizationplant.com\/wp-content\/uploads\/2022\/08\/inside-structure-of-the-burning-pool1.webp\" alt=\"structure int\u00e9rieure de la piscine en feu\" class=\"wp-image-84 size-full\" title=\"\"><\/figure><div class=\"wp-block-media-text__content\"> <h2 class=\"wp-block-heading\"><strong>Structure interne de la cellule de combustion<\/strong><\/h2>    <p>Il est fabriqu\u00e9 en acier Q235 de 4 mm d'\u00e9paisseur et en laine de roche haute temp\u00e9rature de 5 cm d'\u00e9paisseur, qui pr\u00e9sente une bonne isolation thermique et assure l'effet de carbonisation.<\/p> <\/div><\/div>    <div class=\"wp-block-media-text alignwide has-media-on-the-right is-stacked-on-mobile\"><div class=\"wp-block-media-text__content\"> <h2 class=\"wp-block-heading\"><strong>Conception \u00e0 l'int\u00e9rieur du carboniseur de balle de riz<\/strong><\/h2>    <p>La machine de fabrication de charbon de bois de balle de riz adopte une plaque en acier inoxydable 310s et de la laine de roche, ce qui am\u00e9liore l'\u00e9tanch\u00e9it\u00e9 et la conservation de la chaleur.<\/p> <\/div><figure class=\"wp-block-media-text__media\"><img loading=\"lazy\" decoding=\"async\" width=\"720\" height=\"540\" src=\"https:\/\/carbonizationplant.com\/wp-content\/uploads\/2022\/08\/mineral-wool1.webp\" alt=\"laine min\u00e9rale\" class=\"wp-image-86 size-full\" title=\"\"><\/figure><\/div>    <h3 class=\"wp-block-heading\">Four de carbonisation continue le plus r\u00e9cent<\/h3>    <figure class=\"wp-block-embed is-type-video is-provider-youtube wp-block-embed-youtube wp-embed-aspect-16-9 wp-has-aspect-ratio\"><div class=\"wp-block-embed__wrapper\"> <iframe loading=\"lazy\" title=\"Comment fonctionne la machine de fabrication de charbon de bois en continu\u00a0? | Vid\u00e9o 3D du processus de travail du four \u00e0 charbon de bois\" width=\"500\" height=\"281\" src=\"https:\/\/www.youtube.com\/embed\/bOzrHR-9HFs?start=1&#038;feature=oembed\" frameborder=\"0\" allow=\"accelerometer; autoplay; clipboard-write; encrypted-media; gyroscope; picture-in-picture; web-share\" referrerpolicy=\"strict-origin-when-cross-origin\" allowfullscreen><\/iframe> <\/div><\/figure>    <h2 class=\"wp-block-heading\">FAQ de la machine de fabrication de charbon de bois de balle de riz<\/h2>   <div id=\"rank-math-faq\" class=\"rank-math-block\"> <div class=\"rank-math-list\"> <div id=\"faq-question-1711447351470\" class=\"rank-math-list-item\"> <h3 class=\"rank-math-question\">Y a-t-il des exigences concernant la balle de riz\u00a0?<\/h3> <div class=\"rank-math-answer\">  <p>La teneur en humidit\u00e9 des mati\u00e8res premi\u00e8res doit \u00eatre inf\u00e9rieure \u00e0 20%. Si la teneur en humidit\u00e9 est \u00e9lev\u00e9e, elle doit \u00eatre s\u00e9ch\u00e9e au pr\u00e9alable avec un \u00e9quipement de s\u00e9chage.<\/p>  <\/div> <\/div> <div id=\"faq-question-1711447418724\" class=\"rank-math-list-item\"> <h3 class=\"rank-math-question\">Cet \u00e9quipement peut-il utiliser des coques d'arachide pour fabriquer du charbon de bois\u00a0?<\/h3> <div class=\"rank-math-answer\">  <p>Bien entendu, tout mat\u00e9riau inf\u00e9rieur \u00e0 10 centim\u00e8tres est acceptable, comme les coques de cacahu\u00e8tes, les \u00e9pis de ma\u00efs, les tiges de sorgho, les coques de noix de coco, la bagasse de canne \u00e0 sucre, la sciure de bois, etc.<\/p>  <\/div> <\/div> <div id=\"faq-question-1711447606358\" class=\"rank-math-list-item\"> <h3 class=\"rank-math-question\">Les sous-produits de la combustion sont-ils polluants ?<\/h3> <div class=\"rank-math-answer\">  <p>Le goudron de bois et le vinaigre de bois produits par nos \u00e9quipements sont dot\u00e9s d'un \u00e9quipement anti-br\u00fblure, qui br\u00fblera le goudron de bois et le vinaigre de bois sans provoquer de pollution.<\/p>  <\/div> <\/div> <\/div> <\/div>   <h2 class=\"wp-block-heading\"><strong>Processus de fabrication du charbon de bois de coque de riz<\/strong><\/h2>    <ul class=\"wp-block-list\"> <li>Apr\u00e8s avoir allum\u00e9 la machine de fabrication de charbon de bois de balle de riz, la machine est allum\u00e9e avec du gaz de p\u00e9trole liqu\u00e9fi\u00e9 (GPL). La machine doit \u00eatre pr\u00e9chauff\u00e9e pendant environ 1 heure et il faut 20 \u00e0 30 kg de GPL pour s'enflammer une fois. (L'ensemble du processus ne doit allumer le GPL qu'une seule fois).<\/li>    <li>Lorsque la temp\u00e9rature dans la zone de pr\u00e9chauffage atteint 280\u00b0-330\u00b0, ajoutez des mati\u00e8res premi\u00e8res telles que des balles de riz et des copeaux de bois.<\/li>    <li>Allumez la chambre de combustion. Apr\u00e8s une carbonisation de 10 \u00e0 20 minutes, observez la chambre de combustion. Si du gaz combustible est produit, \u00e9teignez le br\u00fbleur et utilisez ces gaz comme combustible, plus de GPL.<\/li>    <li>Comme la balle de riz carbonis\u00e9e est trop chaude, elle doit \u00eatre refroidie avant d'\u00eatre d\u00e9charg\u00e9e. Le four de carbonisation est \u00e9quip\u00e9 d'un double condenseur pour aider \u00e0 refroidir le charbon de bois de balle de riz.<\/li> <\/ul>    <h2 class=\"wp-block-heading\"><strong>Pourquoi choisir la machine de fabrication de charbon de bois de balle de riz Shuliy\u00a0?<\/strong><\/h2>    <p>La machine \u00e0 charbon Shuliy produit du charbon de bois de balle de riz d'excellente qualit\u00e9. Apr\u00e8s des exp\u00e9riences en usine, il a \u00e9t\u00e9 constat\u00e9 que ces charbons de bois de balle de riz deviendront un solide noir granuleux apr\u00e8s avoir \u00e9t\u00e9 \u00e9cras\u00e9s \u00e0 la main et ne seront pas p\u00e9tris en p\u00e2te ou en sable. Une partie du charbon de bois de balle de riz vendu sur le march\u00e9 se transformera en cendres lorsqu'on le frotte \u00e0 la main, ce qui est de mauvaise qualit\u00e9 et aura un effet n\u00e9faste sur l'acier lorsqu'il est utilis\u00e9 dans la fabrication de l'acier.<\/p>    <h2 class=\"wp-block-heading\">Utilisation de coque de riz carbonis\u00e9e<\/h2>    <ul class=\"wp-block-list\"> <li>La balle de riz carbonis\u00e9e peut \u00eatre utilis\u00e9e dans la production industrielle et constitue un excellent mat\u00e9riau pour fournir de la chaleur pour la production d'acier et de fer. L\u2019utilisation de coques de riz carbonis\u00e9es peut r\u00e9duire la consommation d\u2019\u00e9nergie et est rentable.<\/li>    <li>Dans l\u2019agriculture, certains investisseurs utilisent le charbon de bois final de la balle de riz comme mati\u00e8re premi\u00e8re pour la fabrication d\u2019engrais et d\u2019amendement du sol. Les coques de riz carbonis\u00e9es avec un pH sup\u00e9rieur \u00e0 7,0 peuvent neutraliser les sols acides et \u00e9viter l'acidification du sol. De plus, le m\u00e9lange de coques de riz carbonis\u00e9es dans le milieu peut rendre le sol sableux plus r\u00e9tenteur d'eau et aider les plantes \u00e0 pousser.<\/li>    <li>De nombreux clients retraitent \u00e9galement les coques de riz carbonis\u00e9es en les broyant en poudre et en ajoutant des liants pour fabriquer diff\u00e9rentes formes de blocs de charbon de bois pouvant \u00eatre utilis\u00e9s pour le chauffage domestique, le charbon de barbecue, etc.<\/li> <\/ul>","protected":false},"excerpt":{"rendered":"<p>Rice husk charcoal making machine is a piece of popular equipment for producing carbonized rice husk. carbonized rice hull is a new energy source to provide heat for industry or other equipment and is an alternative to traditional energy sources. Shuliy Machinery offers two types of rice husk charring machines, including and continuous type. With [&hellip;]<\/p>\n","protected":false},"author":1,"featured_media":71,"parent":0,"template":"","tags":[9],"product-type":[13],"class_list":["post-69","product","type-product","status-publish","has-post-thumbnail","hentry","tag-charcoal-making-machine","product-type-by-material"],"_links":{"self":[{"href":"https:\/\/carbonizationplant.com\/fr\/wp-json\/wp\/v2\/product\/69","targetHints":{"allow":["GET"]}}],"collection":[{"href":"https:\/\/carbonizationplant.com\/fr\/wp-json\/wp\/v2\/product"}],"about":[{"href":"https:\/\/carbonizationplant.com\/fr\/wp-json\/wp\/v2\/types\/product"}],"author":[{"embeddable":true,"href":"https:\/\/carbonizationplant.com\/fr\/wp-json\/wp\/v2\/users\/1"}],"wp:featuredmedia":[{"embeddable":true,"href":"https:\/\/carbonizationplant.com\/fr\/wp-json\/wp\/v2\/media\/71"}],"wp:attachment":[{"href":"https:\/\/carbonizationplant.com\/fr\/wp-json\/wp\/v2\/media?parent=69"}],"wp:term":[{"taxonomy":"post_tag","embeddable":true,"href":"https:\/\/carbonizationplant.com\/fr\/wp-json\/wp\/v2\/tags?post=69"},{"taxonomy":"product-type","embeddable":true,"href":"https:\/\/carbonizationplant.com\/fr\/wp-json\/wp\/v2\/product-type?post=69"}],"curies":[{"name":"wp","href":"https:\/\/api.w.org\/{rel}","templated":true}]}}