{"id":87,"date":"2022-08-02T07:55:41","date_gmt":"2022-08-02T07:55:41","guid":{"rendered":"https:\/\/carbonizationplant.com\/?post_type=product&#038;p=87"},"modified":"2024-03-28T09:09:39","modified_gmt":"2024-03-28T01:09:39","slug":"wood-charcoal-making-machine","status":"publish","type":"product","link":"https:\/\/carbonizationplant.com\/fr\/product\/wood-charcoal-making-machine\/","title":{"rendered":"Machine de fabrication de charbon de bois | Four de carbonisation de b\u00fbches"},"content":{"rendered":"<p>La machine de fabrication de charbon de bois est largement utilis\u00e9e dans diverses usines de charbon de bois. Certains pays disposent d\u2019abondantes ressources en bois, comme le Royaume-Uni, les Philippines, l\u2019Indon\u00e9sie, la Tha\u00eflande, etc. Si vous utilisez le four de carbonisation pour transformer ces bois en charbon de bois, vous obtiendrez un retour consid\u00e9rable. Shuliy propose d\u00e9sormais deux types de fours de carbonisation du bois, notamment une machine de carbonisation verticale et une machine de carbonisation horizontale.<\/p>    <figure class=\"wp-block-gallery has-nested-images columns-default is-cropped wp-block-gallery-2 is-layout-flex wp-block-gallery-is-layout-flex\"> <figure class=\"wp-block-image size-large\"><img loading=\"lazy\" decoding=\"async\" width=\"1568\" height=\"1045\" data-id=\"90\" src=\"https:\/\/carbonizationplant.com\/wp-content\/uploads\/2022\/08\/wood-logs-.webp\" alt=\"b\u00fbches de bois\" class=\"wp-image-90\" title=\"\"><figcaption class=\"wp-element-caption\">b\u00fbches de bois<\/figcaption><\/figure>    <figure class=\"wp-block-image size-large\"><img loading=\"lazy\" decoding=\"async\" width=\"500\" height=\"500\" data-id=\"89\" src=\"https:\/\/carbonizationplant.com\/wp-content\/uploads\/2022\/08\/wood-charcoal.webp\" alt=\"charbon de bois\" class=\"wp-image-89\" title=\"\"><figcaption class=\"wp-element-caption\">charbon de bois<\/figcaption><\/figure> <\/figure>    <h2 class=\"wp-block-heading\" id=\"h-hoisting-carbonization-furnace-for-sale\">Four de carbonisation de levage \u00e0 vendre<\/h2>    <p class=\"translation-block\">Le <strong><a href=\"https:\/\/carbonizationplant.com\/fr\/product\/four-de-carbonisation-de-levage\/\">four de carbonisation \u00e0 levage<\/a><\/strong> est \u00e9galement appel\u00e9 four de carbonisation vertical, c'est un \u00e9quipement id\u00e9al pour la distillation ana\u00e9robie et la carbonisation. Il adopte un syst\u00e8me avanc\u00e9 de refroidissement par vapeur, qui peut \u00e9conomiser beaucoup de chaleur. Le four de carbonisation vertical est un \u00e9quipement id\u00e9al pour la carbonisation des b\u00fbches et des blocs de bois.<\/p>    <figure class=\"wp-block-gallery has-nested-images columns-default is-cropped wp-block-gallery-3 is-layout-flex wp-block-gallery-is-layout-flex\"> <figure class=\"wp-block-image size-large\"><img loading=\"lazy\" decoding=\"async\" width=\"720\" height=\"540\" data-id=\"92\" src=\"https:\/\/carbonizationplant.com\/wp-content\/uploads\/2022\/08\/ourter-shell-of-the-carbonizing-furnace1.webp\" alt=\"coque ext\u00e9rieure du four de carbonisation\" class=\"wp-image-92\" title=\"\"><figcaption class=\"wp-element-caption\">coque ext\u00e9rieure de la machine de fabrication de charbon de bois<\/figcaption><\/figure>    <figure class=\"wp-block-image size-large\"><img loading=\"lazy\" decoding=\"async\" width=\"720\" height=\"540\" data-id=\"93\" src=\"https:\/\/carbonizationplant.com\/wp-content\/uploads\/2022\/08\/three-inner-tanks-for-continuously-working1.webp\" alt=\"trois r\u00e9servoirs int\u00e9rieurs pour un travail continu\" class=\"wp-image-93\" title=\"\"><figcaption class=\"wp-element-caption\">trois r\u00e9servoirs int\u00e9rieurs pour un travail continu<\/figcaption><\/figure> <\/figure>    <h3 class=\"wp-block-heading\">Vid\u00e9o d'une machine de fabrication de charbon de bois<\/h3>    <figure class=\"wp-block-embed is-type-video is-provider-youtube wp-block-embed-youtube wp-embed-aspect-16-9 wp-has-aspect-ratio\"><div class=\"wp-block-embed__wrapper\"> <iframe loading=\"lazy\" title=\"Machine de fabrication de charbon de bois \u00e0 vendre | Four de carbonisation de levage pour b\u00fbches, coques de coco et bambou\" width=\"500\" height=\"281\" src=\"https:\/\/www.youtube.com\/embed\/AhiE6lVFOnk?feature=oembed\" frameborder=\"0\" allow=\"accelerometer; autoplay; clipboard-write; encrypted-media; gyroscope; picture-in-picture; web-share\" referrerpolicy=\"strict-origin-when-cross-origin\" allowfullscreen><\/iframe> <\/div><\/figure>    <h3 class=\"wp-block-heading\">Param\u00e8tres du four de carbonisation vertical<\/h3>    <figure class=\"wp-block-table\"><table><tbody><tr><td>Mod\u00e8le<\/td><td>SL-C1500<\/td><\/tr><tr><td>Dimension<\/td><td>1940mm*1900mm*1900mm<\/td><\/tr><tr><td>Taille du r\u00e9servoir int\u00e9rieur<\/td><td>1500mm*1500mm<\/td><\/tr><tr><td>\u00c9paisseur de la vessie ext\u00e9rieure<\/td><td>6mm<\/td><\/tr><tr><td>Capacit\u00e9 de sortie<\/td><td>2500-3000kg\/24 heures<\/td><\/tr><tr><td>Capacit\u00e9 de chargement<\/td><td>2600-3000kg\/par 8 heures<\/td><\/tr><tr><td>Poids<\/td><td>2,8 tonnes<\/td><\/tr><\/tbody><\/table><\/figure>    <h3 class=\"wp-block-heading\" id=\"h-advantages-of-hoisting-carbonization-furnace\">Avantages du four de carbonisation de levage<\/h3>    <ul class=\"wp-block-list\"> <li>Chaque four de carbonisation vertical peut carboniser 50 \u00e0 80 kg de mat\u00e9riaux dans un four. Si le client a une production importante, plusieurs fours de carbonisation peuvent fonctionner en m\u00eame temps et le client lui-m\u00eame peut d\u00e9cider librement du nombre de fours de carbonisation en fonction de la production. l'op\u00e9ration est tr\u00e8s flexible et contr\u00f4lable.<\/li>    <li>Chaque four de carbonisation vertical est \u00e9quip\u00e9 d'un rev\u00eatement int\u00e9rieur suppl\u00e9mentaire. Lorsque la carbonisation d'un four est termin\u00e9e, il n'est pas n\u00e9cessaire d'intervalle de temps, mettez directement un autre plein de mati\u00e8res premi\u00e8res dans le Dan int\u00e9rieur pour carboniser, de mani\u00e8re \u00e0 augmenter l'efficacit\u00e9.<\/li>    <li>Le combustible pour la machine de fabrication de charbon de bois est le bois, le charbon de bois, les granul\u00e9s de bois, etc. Ces combustibles sont bon march\u00e9 et faciles \u00e0 obtenir. Le processus de carbonisation permet d'\u00e9conomiser du carburant, le carburant produira du gaz combustible apr\u00e8s avoir br\u00fbl\u00e9 pendant un certain temps, ces gaz seront utilis\u00e9s comme carburant, il n'est pas n\u00e9cessaire d'y ajouter du bois ou du charbon.<\/li>    <li>L'ensemble du four de carbonisation couvre une petite surface, ce qui convient tr\u00e8s bien aux petites et moyennes usines de carbonisation.<\/li> <\/ul>    <h2 class=\"wp-block-heading\">Four de carbonisation horizontal \u00e0 vendre<\/h2>    <p class=\"translation-block\">Un <strong><a href=\"https:\/\/carbonizationplant.com\/fr\/product\/four-de-carbonisation-horizontal\/\">four de carbonisation horizontal<\/a><\/strong> est un \u00e9quipement de carbonisation pour le traitement du charbon de bois, adapt\u00e9 \u00e0 la carbonisation de mati\u00e8res premi\u00e8res volumineuses, telles que le bambou, les b\u00fbches, les b\u00e2tons de biomasse, les coques de noix de coco, etc.<\/p>    <figure class=\"wp-block-gallery has-nested-images columns-default is-cropped wp-block-gallery-4 is-layout-flex wp-block-gallery-is-layout-flex\"> <figure class=\"wp-block-image size-large\"><img loading=\"lazy\" decoding=\"async\" width=\"720\" height=\"540\" data-id=\"94\" src=\"https:\/\/carbonizationplant.com\/wp-content\/uploads\/2022\/08\/horizontal-charcoal-furnace1.webp\" alt=\"\" class=\"wp-image-94\" title=\"\"><figcaption class=\"wp-element-caption\">four \u00e0 charbon horizontal<\/figcaption><\/figure>    <figure class=\"wp-block-image size-large\"><img loading=\"lazy\" decoding=\"async\" width=\"720\" height=\"540\" data-id=\"95\" src=\"https:\/\/carbonizationplant.com\/wp-content\/uploads\/2022\/08\/structures-of-horizontal-carbonization-furnace1.webp\" alt=\" four de carbonisation horizontal\" class=\"wp-image-95\" title=\"\"><figcaption class=\"wp-element-caption\"> four de carbonisation horizontal<\/figcaption><\/figure> <\/figure>    <h3 class=\"wp-block-heading\">Param\u00e8tres du four de carbonisation horizontal<\/h3>    <figure class=\"wp-block-table\"><table><tbody><tr><td>Taper<\/td><td>Capacit\u00e9<\/td><td>Poids<\/td><td>Taille<\/td><\/tr><tr><td>SL-C1300&nbsp;&nbsp;<\/td><td>900-1200kg\/12-14h<\/td><td>2500 kg<\/td><td>3*1,7*2,2 m<\/td><\/tr><tr><td>SL-C1500&nbsp;<\/td><td>1500-2000kg\/12-14h<\/td><td>4000kg<\/td><td>4,5*1,9*2,3m<\/td><\/tr><tr><td>SL-C1900&nbsp;&nbsp;<\/td><td>2500-3000kg\/12-14h<\/td><td>5500 kg<\/td><td>5*2,3*2,5m<\/td><\/tr><\/tbody><\/table><\/figure>    <h3 class=\"wp-block-heading\">Vid\u00e9o d'une machine de fabrication de charbon de bois<\/h3>    <figure class=\"wp-block-embed is-type-video is-provider-youtube wp-block-embed-youtube wp-embed-aspect-16-9 wp-has-aspect-ratio\"><div class=\"wp-block-embed__wrapper\"> <iframe loading=\"lazy\" title=\"Four de carbonisation horizontal pour b\u00fbches, blocs de bois et bambou\" width=\"500\" height=\"281\" src=\"https:\/\/www.youtube.com\/embed\/pq6ped8C1RY?start=25&#038;feature=oembed\" frameborder=\"0\" allow=\"accelerometer; autoplay; clipboard-write; encrypted-media; gyroscope; picture-in-picture; web-share\" referrerpolicy=\"strict-origin-when-cross-origin\" allowfullscreen><\/iframe> <\/div><\/figure>    <h3 class=\"wp-block-heading\" id=\"h-advantages-of-horizontal-carbonization-furnace\">Avantages du four de carbonisation horizontal<\/h3>    <ul class=\"wp-block-list\"> <li>La machine horizontale de fabrication de charbon de bois a une grande production, la production minimale est de 900 kg de mat\u00e9riau carbonis\u00e9 toutes les 12 heures et la production maximale est de 3 000 kg de mat\u00e9riau carbonis\u00e9 toutes les petites 12 heures.<\/li>    <li>Le four de carbonisation horizontal est \u00e9quip\u00e9 de rails de guidage et de chariots, remplissez le chariot de mat\u00e9riaux, poussez-le dans le four \u00e0 travers les rails de guidage et retirez-le directement une fois la carbonisation termin\u00e9e, ce qui est tr\u00e8s pratique \u00e0 utiliser et utilise pleinement l'espace \u00e0 l'int\u00e9rieur du four.<\/li>    <li>\u00c0 l'int\u00e9rieur de la machine horizontale de fabrication de charbon de bois se trouve de la laine de roche \u00e0 haute temp\u00e9rature, qui emp\u00eache la perte de temp\u00e9rature pendant la carbonisation et assure l'effet de carbonisation.<\/li> <\/ul>    <h2 class=\"wp-block-heading\">FAQ de la machine \u00e0 charbon de bois<\/h2>   <div id=\"rank-math-faq\" class=\"rank-math-block\"> <div class=\"rank-math-list\"> <div id=\"faq-question-1711587750434\" class=\"rank-math-list-item\"> <h3 class=\"rank-math-question\">La grue du four de carbonisation de levage est-elle automatique\u00a0?<\/h3> <div class=\"rank-math-answer\">  <p>Oui, les travailleurs doivent uniquement faire fonctionner la grue.<\/p>  <\/div> <\/div> <div id=\"faq-question-1711587945158\" class=\"rank-math-list-item\"> <h3 class=\"rank-math-question\">Quel est le mat\u00e9riau de la machine ?<\/h3> <div class=\"rank-math-answer\">  <p>La machine est enti\u00e8rement fabriqu\u00e9e en acier et est tr\u00e8s durable.<\/p>  <\/div> <\/div> <div id=\"faq-question-1711588044604\" class=\"rank-math-list-item\"> <h3 class=\"rank-math-question\">Combien de temps faut-il pour br\u00fbler un four ?<\/h3> <div class=\"rank-math-answer\">  <p>Habituellement, c'est 8 \u00e0 10 heures. De plus, le temps de refroidissement prend encore 8 \u00e0 10 heures.<\/p>  <\/div> <\/div> <\/div> <\/div>   <h2 class=\"wp-block-heading\">Pourquoi choisir la machine \u00e0 charbon de bois Shuliy\u00a0?<\/h2>    <ol class=\"wp-block-list\"> <li>Vari\u00e9t\u00e9 de mod\u00e8les. Nous proposons \u00e0 nos clients une large gamme d\u2019\u00e9quipements de carbonisation. Ainsi, quel que soit le mat\u00e9riau que vous souhaitez traiter, nous pouvons trouver le meilleur \u00e9quipement de carbonisation pour vous.<\/li>    <li>Conception non polluante. Les probl\u00e8mes environnementaux sont devenus un probl\u00e8me s\u00e9rieux dont nous devrions nous pr\u00e9occuper, notamment en Asie et en Afrique. La machine de fabrication de charbon de bois Shuliy est id\u00e9ale avec un syst\u00e8me de d\u00e9poussi\u00e9rage pour nettoyer la fum\u00e9e r\u00e9siduelle.<\/li>    <li>Service attentionn\u00e9. Shuliy Machinery fournira un excellent service avant et apr\u00e8s-vente, un support technique et des solutions \u00e0 nos clients. Si vous avez besoin de notre machine et de nos services de fabrication de charbon de bois, n'h\u00e9sitez pas \u00e0 nous contacter d\u00e8s maintenant.<\/li> <\/ol>","protected":false},"excerpt":{"rendered":"<p>Wood charcoal making machine is widely used in various charcoal plants. Some countries have abundant wood resources, such as UK, Philippines, Indonesia, Thailand, etc. If you use the carbonization furnace to turn these woods into charcoal, you will get a considerable return. Now Shuliy provides two types of wood carbonization furnace, including vertical carbonization machine [&hellip;]<\/p>\n","protected":false},"author":1,"featured_media":91,"parent":0,"template":"","tags":[12],"product-type":[13],"class_list":["post-87","product","type-product","status-publish","has-post-thumbnail","hentry","tag-wood-charcoal-making-machine","product-type-by-material"],"_links":{"self":[{"href":"https:\/\/carbonizationplant.com\/fr\/wp-json\/wp\/v2\/product\/87","targetHints":{"allow":["GET"]}}],"collection":[{"href":"https:\/\/carbonizationplant.com\/fr\/wp-json\/wp\/v2\/product"}],"about":[{"href":"https:\/\/carbonizationplant.com\/fr\/wp-json\/wp\/v2\/types\/product"}],"author":[{"embeddable":true,"href":"https:\/\/carbonizationplant.com\/fr\/wp-json\/wp\/v2\/users\/1"}],"wp:featuredmedia":[{"embeddable":true,"href":"https:\/\/carbonizationplant.com\/fr\/wp-json\/wp\/v2\/media\/91"}],"wp:attachment":[{"href":"https:\/\/carbonizationplant.com\/fr\/wp-json\/wp\/v2\/media?parent=87"}],"wp:term":[{"taxonomy":"post_tag","embeddable":true,"href":"https:\/\/carbonizationplant.com\/fr\/wp-json\/wp\/v2\/tags?post=87"},{"taxonomy":"product-type","embeddable":true,"href":"https:\/\/carbonizationplant.com\/fr\/wp-json\/wp\/v2\/product-type?post=87"}],"curies":[{"name":"wp","href":"https:\/\/api.w.org\/{rel}","templated":true}]}}