{"id":2,"date":"2022-07-28T09:57:16","date_gmt":"2022-07-28T09:57:16","guid":{"rendered":"https:\/\/carbonizationplant.com\/?page_id=2"},"modified":"2022-12-02T15:40:52","modified_gmt":"2022-12-02T07:40:52","slug":"about-us","status":"publish","type":"page","link":"https:\/\/carbonizationplant.com\/pt\/about-us\/","title":{"rendered":"Sobre n\u00f3s"},"content":{"rendered":"<h2 class=\"wp-block-heading\">CULTURA DA EMPRESA<\/h2>    <p>A Shuliy Machinery sempre aderiu \u00e0 miss\u00e3o de \u201cpermitir que as m\u00e1quinas chinesas mudem todos os cantos do mundo\u201d. Fazemos todo o poss\u00edvel para agregar valor aos clientes, permitir que nossas m\u00e1quinas ajudem os clientes na produ\u00e7\u00e3o e opera\u00e7\u00e3o, melhorar a efici\u00eancia da produ\u00e7\u00e3o e gerar lucros mais elevados.<\/p>    <figure class=\"wp-block-image size-full\"><img loading=\"lazy\" decoding=\"async\" width=\"1024\" height=\"536\" src=\"https:\/\/carbonizationplant.com\/wp-content\/uploads\/2022\/08\/shuliy-machinery-1024x536-1.webp\" alt=\"\" class=\"wp-image-151\" title=\"\"><\/figure>    <h2 class=\"wp-block-heading\" id=\"h-what-we-do\">O QUE N\u00d3S FAZEMOS<\/h2>    <p>Promovemos solu\u00e7\u00f5es de carboniza\u00e7\u00e3o de biomassa, m\u00e1quina de carboniza\u00e7\u00e3o de carv\u00e3o vegetal e implementa\u00e7\u00e3o de projetos espec\u00edficos no mercado global. A gama de carboniza\u00e7\u00e3o inclui combust\u00edveis de biomassa, incluindo toras, bambu, casca de arroz, cascas de coco, cascas de palmeira, etc. Tamb\u00e9m pode ser usado para carbonizar lodo de esgoto e lixo dom\u00e9stico.<\/p>    <h2 class=\"wp-block-heading\" id=\"h-why-choose-us\">Porque escolher-nos<\/h2>    <ul class=\"wp-block-list\"> <li>Especializada na fabrica\u00e7\u00e3o de equipamentos para carv\u00e3o, todos os produtos da Shuliy foram certificados pela ISO, SGS, CE, etc.<\/li>    <li>O escopo de aplica\u00e7\u00e3o \u00e9 mais abrangente. As m\u00e1quinas de carv\u00e3o da Shuliy podem lidar com todos os tipos de biomassa e lodo de esgoto industrial. E os clientes podem escolher entre uma ampla variedade de modelos e op\u00e7\u00f5es de m\u00e1quinas.<\/li>    <li>Shuliy Machinery oferece um excelente sistema de servi\u00e7o p\u00f3s-venda. Depois que a carvoaria chegar em sua cidade sem problemas, forneceremos orienta\u00e7\u00e3o on-line remota para ajud\u00e1-lo a instalar o equipamento ou enviaremos nossos t\u00e9cnicos ao exterior para orienta\u00e7\u00e3o no local. Recentemente, nossa biomassa <a href=\"https:\/\/carbonizationplant.com\/pt\/Info\/biomass-charcoal-making-machine-exported-to-guinea\/\"><strong>m\u00e1quina de fazer carv\u00e3o foi exportada para a Guin\u00e9<\/strong><\/a>, e devido ao grande volume de produ\u00e7\u00e3o do cliente, enviamos nossos t\u00e9cnicos para a Guin\u00e9 para prestar servi\u00e7o de instala\u00e7\u00e3o, e agora a planta foi instalada e colocada em produ\u00e7\u00e3o.<\/li> <\/ul>   <div class=\"wp-block-image\"> <figure class=\"aligncenter size-full\"><img loading=\"lazy\" decoding=\"async\" width=\"1900\" height=\"800\" src=\"https:\/\/carbonizationplant.com\/wp-content\/uploads\/2022\/08\/CETificate.webp\" alt=\"\" class=\"wp-image-231\" title=\"\"><\/figure> <\/div>   <h2 class=\"wp-block-heading\">ONDE ESTAMOS<\/h2>    <p>Shuliy Machinery est\u00e1 localizada na Zona de Desenvolvimento Econ\u00f4mico de Zhengzhou, Henan, China. Bem-vindo a visitar a f\u00e1brica Shuliy a qualquer momento!<\/p>    <figure class=\"wp-block-image size-full\"><img loading=\"lazy\" decoding=\"async\" width=\"720\" height=\"540\" src=\"https:\/\/carbonizationplant.com\/wp-content\/uploads\/2022\/08\/location-1.webp\" alt=\"\" class=\"wp-image-223\" title=\"\"><\/figure>    <div class=\"wp-block-shuliy-wp-blocks-heading\" style=\"padding:0 0 0 0 ;margin:20px auto 0 auto \"><h2 class=\"wp-block-shuliy-wp-blocks-heading__content\" placeholder=\"heading content\" style=\"justify-content:flex-start;font-size:24px\"><\/h2><\/div>    <div class=\"wp-block-shuliy-wp-blocks-heading\" style=\"padding:0 0 0 0 ;margin:20px auto 0 auto \"><h2 class=\"wp-block-shuliy-wp-blocks-heading__content\" placeholder=\"heading content\" style=\"justify-content:flex-start;font-size:24px\"><\/h2><\/div>","protected":false},"excerpt":{"rendered":"<p>COMPANY CULTURE Shuliy Machinery has always adhered to the mission of &#8220;letting Chinese machines change every corner of the world&#8221;. We do everything possible to provide value to customers, let our machines help customers in production and operation, improve production efficiency, and create more high profits. WHAT WE DO We promote biomass carbonization solutions, charcoal [&hellip;]<\/p>\n","protected":false},"author":1,"featured_media":0,"parent":0,"menu_order":0,"comment_status":"closed","ping_status":"open","template":"","meta":{"footnotes":""},"class_list":["post-2","page","type-page","status-publish","hentry"],"_links":{"self":[{"href":"https:\/\/carbonizationplant.com\/pt\/wp-json\/wp\/v2\/pages\/2","targetHints":{"allow":["GET"]}}],"collection":[{"href":"https:\/\/carbonizationplant.com\/pt\/wp-json\/wp\/v2\/pages"}],"about":[{"href":"https:\/\/carbonizationplant.com\/pt\/wp-json\/wp\/v2\/types\/page"}],"author":[{"embeddable":true,"href":"https:\/\/carbonizationplant.com\/pt\/wp-json\/wp\/v2\/users\/1"}],"replies":[{"embeddable":true,"href":"https:\/\/carbonizationplant.com\/pt\/wp-json\/wp\/v2\/comments?post=2"}],"version-history":[{"count":0,"href":"https:\/\/carbonizationplant.com\/pt\/wp-json\/wp\/v2\/pages\/2\/revisions"}],"wp:attachment":[{"href":"https:\/\/carbonizationplant.com\/pt\/wp-json\/wp\/v2\/media?parent=2"}],"curies":[{"name":"wp","href":"https:\/\/api.w.org\/{rel}","templated":true}]}}