{"id":105,"date":"2022-08-03T07:46:43","date_gmt":"2022-08-03T07:46:43","guid":{"rendered":"https:\/\/carbonizationplant.com\/?post_type=product&#038;p=105"},"modified":"2022-10-10T17:25:23","modified_gmt":"2022-10-10T09:25:23","slug":"coconut-shell-charcoal-making-machine","status":"publish","type":"product","link":"https:\/\/carbonizationplant.com\/pt\/product\/maquina-de-fazer-carvao-de-casca-de-coco\/","title":{"rendered":"Melhor m\u00e1quina para fazer carv\u00e3o com casca de coco"},"content":{"rendered":"<p>A m\u00e1quina para fazer carv\u00e3o com casca de coco Shuliy para venda \u00e9 competitiva, podemos fornecer muitos tipos diferentes de m\u00e1quina de acordo com sua situa\u00e7\u00e3o pessoal. O processo de fabrica\u00e7\u00e3o do carv\u00e3o vegetal n\u00e3o causa problemas ambientais ao meio ambiente, e o produto final gerar\u00e1 um grande lucro para os clientes. <\/p>   <div class=\"wp-block-image\"> <figure class=\"aligncenter size-full\"><img loading=\"lazy\" decoding=\"async\" width=\"720\" height=\"540\" src=\"https:\/\/carbonizationplant.com\/wp-content\/uploads\/2022\/08\/charcoal-making-machine-21.webp\" alt=\"\" class=\"wp-image-115\" title=\"\"><figcaption>m\u00e1quina de fazer carv\u00e3o de casca de coco<\/figcaption><\/figure> <\/div>   <h2 class=\"wp-block-heading\">Mat\u00e9rias-primas e produtos finais<\/h2>    <p>Cascas de coco usadas est\u00e3o por toda parte e, se as cascas de coco descartadas forem jogadas fora ou queimadas, elas n\u00e3o ser\u00e3o totalmente utilizadas. No entanto, fazer carv\u00e3o a partir de cascas de coco pode aumentar o seu valor comercial. O carv\u00e3o final de casca de coco pode ser uma mat\u00e9ria-prima de alta qualidade para fazer carv\u00e3o para churrasco e carv\u00e3o para narguil\u00e9.<\/p>    <figure class=\"wp-block-gallery has-nested-images columns-default is-cropped wp-block-gallery-2 is-layout-flex wp-block-gallery-is-layout-flex\"> <figure class=\"wp-block-image size-large\"><img loading=\"lazy\" decoding=\"async\" width=\"720\" height=\"540\" data-id=\"107\" src=\"https:\/\/carbonizationplant.com\/wp-content\/uploads\/2022\/08\/coconut-shells-.webp\" alt=\"cascas de coco\" class=\"wp-image-107\" title=\"\"><figcaption>cascas de coco<\/figcaption><\/figure>    <figure class=\"wp-block-image size-large\"><img loading=\"lazy\" decoding=\"async\" width=\"500\" height=\"500\" data-id=\"108\" src=\"https:\/\/carbonizationplant.com\/wp-content\/uploads\/2022\/08\/coconut-shell-charcoal.webp\" alt=\"carv\u00e3o de casca de coco\" class=\"wp-image-108\" title=\"\"><figcaption>carv\u00e3o de casca de coco<\/figcaption><\/figure> <\/figure>    <p> <\/p>    <h2 class=\"wp-block-heading\">Dados t\u00e9cnicos da m\u00e1quina de fazer carv\u00e3o de casca de coco<\/h2>    <figure class=\"wp-block-table\"><table><tbody><tr><td>Modelo<\/td><td>SL-0812<\/td><td>SL-1015<\/td><td>SL-1218<\/td><td>SL-1320<\/td><\/tr><tr><td>Capacidade de alimenta\u00e7\u00e3o por hora<\/td><td>500kg<\/td><td>0,8-1\u00a0toneladas<\/td><td>1,5-2 toneladas<\/td><td>2,5-3 toneladas<\/td><\/tr><tr><td>M\u00e9todo de trabalho<\/td><td>carboniza\u00e7\u00e3o\u00a0cont\u00ednua<\/td><td><\/td><td><\/td><td><\/td><\/tr><tr><td>Tamanho do reator<\/td><td>800mm<\/td><td>1000mm<\/td><td>1300 mm<\/td><td>1700 mm<\/td><\/tr><tr><td>Materiais de aquecimento<\/td><td>Carv\u00e3o vegetal, madeira, diesel, g\u00e1s natural, GLP, pellets de biomassa, etc.<\/td><td><\/td><td><\/td><td><\/td><\/tr><tr><td>Poder total<\/td><td>40 kw\/h<\/td><td>55 kw\/h<\/td><td>60 kw\/h<\/td><td>72 kw\/h<\/td><\/tr><tr><td>\u00c1rea \u00fatil (C*L*A)<\/td><td>30m*15m*7m<\/td><td>35*15*7m<\/td><td>45*15*10m<\/td><td>50*15*10m<\/td><\/tr><tr><td>Press\u00e3o de opera\u00e7\u00e3o<\/td><td>Press\u00e3o constante<\/td><td>Press\u00e3o constante<\/td><td>Press\u00e3o constante<\/td><td>Press\u00e3o constante<\/td><\/tr><tr><td>M\u00e9todo de resfriamento<\/td><td>Reciclagem de resfriamento de \u00e1gua<\/td><td><\/td><td><\/td><td><\/td><\/tr><\/tbody><\/table><\/figure>    <h2 class=\"wp-block-heading\">M\u00e1quina de carv\u00e3o de casca de coco Shuliy para venda<\/h2>    <p>O grupo Shuliy fornece quatro tipos de m\u00e1quinas para fazer carv\u00e3o de coco para os clientes, incluindo dois tipos de lote e dois tipos cont\u00ednuos. Os tipos de lote s\u00e3o forno de carboniza\u00e7\u00e3o de eleva\u00e7\u00e3o e horizontal, s\u00e3o muito mais adequados para pequenas carvoarias. <\/p>    <p>Os tipos cont\u00ednuos s\u00e3o pequenas m\u00e1quinas de carv\u00e3o cont\u00ednuo e m\u00e1quinas de pir\u00f3lise de carv\u00e3o. Al\u00e9m disso, os clientes podem escolher o forno a carv\u00e3o mais adequado para voc\u00ea de acordo com o tamanho da mat\u00e9ria-prima, instala\u00e7\u00e3o, \u00e1rea \u00fatil e n\u00edvel de automa\u00e7\u00e3o. Envie-nos suas necessidades e recomendaremos a m\u00e1quina de fazer carv\u00e3o com casca de coco certa para voc\u00ea.<\/p>    <div class=\"wp-block-media-text alignwide is-stacked-on-mobile\"><figure class=\"wp-block-media-text__media\"><a href=\"https:\/\/carbonizationplant.com\/pt\/product\/forno-de-carbonizacao-de-elevacao\/\"><img loading=\"lazy\" decoding=\"async\" width=\"720\" height=\"540\" src=\"https:\/\/carbonizationplant.com\/wp-content\/uploads\/2022\/08\/vertical-charcoal-making-machine1.webp\" alt=\"m\u00e1quina vertical de fazer carv\u00e3o\" class=\"wp-image-116 size-full\" title=\"\"><\/a><\/figure><div class=\"wp-block-media-text__content\"> <h3 class=\"wp-block-heading\"><a href=\"https:\/\/carbonizationplant.com\/pt\/product\/forno-de-carbonizacao-de-elevacao\/\">Fornalha de carboniza\u00e7\u00e3o de eleva\u00e7\u00e3o<\/a><\/h3>    <ul class=\"wp-block-list\"><li>Trabalho em lote, completando um lote de carv\u00e3o a cada 6-8 horas<\/li><li>Opera\u00e7\u00e3o simples e tecnologia f\u00e1cil de aprender.<\/li><li>Cada m\u00e1quina vertical de fabrica\u00e7\u00e3o de carv\u00e3o \u00e9 equipada com revestimento interno extra para melhorar a efici\u00eancia da carboniza\u00e7\u00e3o<\/li><\/ul> <\/div><\/div>    <div class=\"wp-block-media-text alignwide has-media-on-the-right is-stacked-on-mobile\"><figure class=\"wp-block-media-text__media\"><a href=\"https:\/\/carbonizationplant.com\/pt\/product\/forno-de-carbonizacao-horizontal\/\"><img loading=\"lazy\" decoding=\"async\" width=\"720\" height=\"540\" src=\"https:\/\/carbonizationplant.com\/wp-content\/uploads\/2022\/08\/horizontal-charcoal-making-machine1.webp\" alt=\"m\u00e1quina de fazer carv\u00e3o horizontal\" class=\"wp-image-118 size-full\" title=\"\"><\/a><\/figure><div class=\"wp-block-media-text__content\"> <h3 class=\"wp-block-heading\"><a href=\"https:\/\/carbonizationplant.com\/pt\/product\/forno-de-carbonizacao-horizontal\/\">Fornalha de carboniza\u00e7\u00e3o de eleva\u00e7\u00e3o<\/a><\/h3>    <ul class=\"wp-block-list\"><li>Trabalho em lote, completando um lote de carboniza\u00e7\u00e3o a cada 12 horas<\/li><li>A l\u00e3 de rocha de alta temperatura dentro do forno de carboniza\u00e7\u00e3o garante a temperatura dentro do forno<\/li><li>A m\u00e1quina horizontal para fazer carv\u00e3o com casca de coco \u00e9 equipada com um carrinho, que \u00e9 muito pr\u00e1tico de operar e tem grande capacidade.<\/li><\/ul> <\/div><\/div>    <div class=\"wp-block-media-text alignwide is-stacked-on-mobile\"><figure class=\"wp-block-media-text__media\"><img loading=\"lazy\" decoding=\"async\" width=\"720\" height=\"540\" src=\"https:\/\/carbonizationplant.com\/wp-content\/uploads\/2022\/08\/small-type-continuous-charcoal-maker1-1.webp\" alt=\"fabricante de carv\u00e3o cont\u00ednuo de tipo pequeno\" class=\"wp-image-120 size-full\" title=\"\"><\/figure><div class=\"wp-block-media-text__content\"> <h3 class=\"wp-block-heading\"><a href=\"https:\/\/carbonizationplant.com\/pt\/product\/continuous-charcoal-making-stove\/\">Forno a carv\u00e3o cont\u00ednuo<\/a><\/h3>    <ul class=\"wp-block-list\"><li>O forno cont\u00ednuo a carv\u00e3o pode funcionar continuamente por 24 horas, com alta efici\u00eancia de produ\u00e7\u00e3o e alto rendimento.<\/li><li>A mat\u00e9ria-prima deve preferencialmente ter menos de 2cm, para que o efeito de carboniza\u00e7\u00e3o seja bom.<\/li><li>O forno de carboniza\u00e7\u00e3o cont\u00ednua realiza as fun\u00e7\u00f5es de coleta autom\u00e1tica de alcatr\u00e3o e vinagre de madeira e sincroniza\u00e7\u00e3o da circula\u00e7\u00e3o de g\u00e1s combust\u00edvel.<\/li><\/ul> <\/div><\/div>    <div class=\"wp-block-media-text alignwide has-media-on-the-right is-stacked-on-mobile\"><figure class=\"wp-block-media-text__media\"><a href=\"https:\/\/carbonizationplant.com\/pt\/product\/newest-continuous-carbonization-furnace\/\"><img loading=\"lazy\" decoding=\"async\" width=\"720\" height=\"540\" src=\"https:\/\/carbonizationplant.com\/wp-content\/uploads\/2022\/08\/continuous-charcoal-maker1.webp\" alt=\"\" class=\"wp-image-119 size-full\" title=\"\"><\/a><\/figure><div class=\"wp-block-media-text__content\"> <h3 class=\"wp-block-heading\"><a href=\"https:\/\/carbonizationplant.com\/pt\/product\/newest-continuous-carbonization-furnace\/\">M\u00e1quina avan\u00e7ada de carv\u00e3o cont\u00ednuo<\/a><\/h3>    <ul class=\"wp-block-list\"><li>A m\u00e1quina para fazer carv\u00e3o de casca de coco adota um modo de trabalho de tipo cont\u00ednuo.<\/li><li>O equipamento est\u00e1 muito bem vedado, n\u00e3o haver\u00e1 chama aberta.<\/li><li>Press\u00e3o negativa dentro do forno para garantir uma opera\u00e7\u00e3o segura e um dispositivo \u00e0 prova de explos\u00e3o na extremidade para garantir a seguran\u00e7a operacional.<\/li><\/ul> <\/div><\/div>    <h2 class=\"wp-block-heading\">Processo de fabrica\u00e7\u00e3o de carv\u00e3o de casca de coco<\/h2>    <p>Esmagar e secar as cascas do coco \u00e9 o primeiro passo. Se a umidade e o volume das cascas de coco forem grandes, \u00e9 necess\u00e1rio utilizar secador e triturador para processamento, o tamanho das cascas de coco pode ser preferencialmente menor que 2cm, quanto menor o tamanho melhor ser\u00e1 o efeito de carboniza\u00e7\u00e3o e menor ser\u00e1 o tempo de carboniza\u00e7\u00e3o obrigat\u00f3rio.<\/p>    <p>As cascas de coco s\u00e3o alimentadas automaticamente no reator de fabrica\u00e7\u00e3o de carbono da casca de coco por um transportador. Ap\u00f3s o pr\u00e9-aquecimento, a rea\u00e7\u00e3o de pir\u00f3lise da casca do coco come\u00e7a \u00e0 medida que a temperatura aumenta. Quando a temperatura atinge 300-600 graus, \u00e9 feito carv\u00e3o de casca de coco.<\/p>    <p>Considerando o aspecto de prote\u00e7\u00e3o ambiental, no processo de fabrica\u00e7\u00e3o do carv\u00e3o vegetal com casca de coco, o g\u00e1s combust\u00edvel produzido no processo de pir\u00f3lise entra no selo d'\u00e1gua para remover enxofre e poeira. Nesse processo s\u00e3o produzidos biog\u00e1s, alcatr\u00e3o e vinagre de madeira l\u00edquido. O carv\u00e3o final da casca do coco ser\u00e1 descarregado no final do reator atrav\u00e9s de um emissor resfriado a \u00e1gua a uma temperatura de cerca de 30 graus Celsius.<\/p>    <h2 class=\"wp-block-heading\">Pre\u00e7o da m\u00e1quina de carv\u00e3o com casca de coco<\/h2>    <p>Cada equipamento de carboniza\u00e7\u00e3o da Shuliy Machinery \u00e9 de alta qualidade e pre\u00e7o razo\u00e1vel. Acreditamos que vale a pena o seu investimento em nossa f\u00e1brica. O pre\u00e7o dos diferentes tipos de m\u00e1quina para fazer carv\u00e3o com casca de coco varia. O pre\u00e7o \u00e9 afetado pelo estilo da m\u00e1quina, pelo tamanho da produ\u00e7\u00e3o, pelo pre\u00e7o do equipamento auxiliar, pelo pre\u00e7o do equipamento opcional e pelo custo de envio. Se os clientes tiverem requisitos personalizados, o custo ser\u00e1 alterado. Pode consultar-nos e fornecer-lhe-emos uma lista de pre\u00e7os detalhada.<\/p>    <h2 class=\"wp-block-heading\">Projeto bem-sucedido de produ\u00e7\u00e3o de carv\u00e3o de coco<\/h2>    <p>A Mal\u00e1sia \u00e9 rica em recursos naturais e a f\u00e1brica local de processamento de madeira comprou nossa grande m\u00e1quina de fazer carv\u00e3o de casca de coco para carbonizar cascas de coco e madeira. Eles escolheram a m\u00e1quina de fazer carv\u00e3o SL-1015, que pode produzir de 0,8 a 1 tonelada por hora. Agora a m\u00e1quina para fazer carv\u00e3o com casca de coco est\u00e1 em produ\u00e7\u00e3o.<\/p>    <figure class=\"wp-block-gallery has-nested-images columns-default is-cropped wp-block-gallery-3 is-layout-flex wp-block-gallery-is-layout-flex\"> <figure class=\"wp-block-image size-large\"><img loading=\"lazy\" decoding=\"async\" width=\"720\" height=\"540\" data-id=\"114\" src=\"https:\/\/carbonizationplant.com\/wp-content\/uploads\/2022\/08\/coconut-charcoal-making-machine-1.webp\" alt=\"\" class=\"wp-image-114\" title=\"\"><\/figure>    <figure class=\"wp-block-image size-large\"><img loading=\"lazy\" decoding=\"async\" width=\"720\" height=\"540\" data-id=\"113\" src=\"https:\/\/carbonizationplant.com\/wp-content\/uploads\/2022\/08\/charcoal-machine-delivery1.webp\" alt=\"\" class=\"wp-image-113\" title=\"\"><\/figure> <\/figure>    <h2 class=\"wp-block-heading\" id=\"h-faqs-of-coconut-shell-charcoal-making-machine\">Perguntas frequentes sobre m\u00e1quina de fazer carv\u00e3o com casca de coco<\/h2>    <div class=\"schema-faq wp-block-yoast-faq-block\"><div class=\"schema-faq-section\" id=\"faq-question-1659492735761\"><strong class=\"schema-faq-question\">Como escolher o forno de carboniza\u00e7\u00e3o mais adequado\uff1f<\/strong> <p class=\"schema-faq-answer\">Se sua mat\u00e9ria-prima s\u00e3o cascas de coco inteiras e de grande volume, recomendamos que voc\u00ea escolha um forno de carboniza\u00e7\u00e3o vertical ou horizontal. Se voc\u00ea triturar previamente a casca do coco e a mat\u00e9ria-prima forem pequenos peda\u00e7os de cerca de 2 cm, neste caso recomendamos o uso de forno de carboniza\u00e7\u00e3o cont\u00ednua, o modelo espec\u00edfico pode ser decidido de acordo com sua produ\u00e7\u00e3o e \u00e1rea de f\u00e1brica.<\/p> <\/div> <div class=\"schema-faq-section\" id=\"faq-question-1659494872984\"><strong class=\"schema-faq-question\">Qual \u00e9 a melhor m\u00e1quina para fazer carv\u00e3o de coco?<\/strong> <p class=\"schema-faq-answer\">Cada tipo de m\u00e1quina de fazer carv\u00e3o \u00e9 excelente, possui caracter\u00edsticas pr\u00f3prias. Somente aquela que atende \u00e0s suas reais necessidades \u00e9 a melhor m\u00e1quina.<\/p> <\/div> <div class=\"schema-faq-section\" id=\"faq-question-1659510161496\"><strong class=\"schema-faq-question\">Existe algum projeto bem-sucedido de carv\u00e3o de coco no exterior?<\/strong> <p class=\"schema-faq-answer\">A Shuliy Machinery exportou m\u00e1quinas para fazer carv\u00e3o para Inglaterra, Filipinas, Mal\u00e1sia e muitos outros pa\u00edses.<\/p> <\/div> <div class=\"schema-faq-section\" id=\"faq-question-1659510248496\"><strong class=\"schema-faq-question\">Quais s\u00e3o as vantagens do carv\u00e3o de casca de coco?<\/strong> <p class=\"schema-faq-answer\">O carv\u00e3o de casca de coco pode ser amplamente utilizado para fabricar carv\u00e3o para churrasco, carv\u00e3o moldado, carv\u00e3o shisha e assim por diante.<\/p> <\/div> <\/div>","protected":false},"excerpt":{"rendered":"<p>Shuliy coconut shell charcoal making machine for sale is competitive, we can provide many different types of machine according to your personal situation. The process of making charcoal does not cause environmental problems to the environment, and the final product will create a big profit for customers. Raw materials and final products Used coconut shells [&hellip;]<\/p>\n","protected":false},"author":1,"featured_media":109,"parent":0,"template":"","tags":[],"product-type":[13],"class_list":["post-105","product","type-product","status-publish","has-post-thumbnail","hentry","product-type-by-material"],"_links":{"self":[{"href":"https:\/\/carbonizationplant.com\/pt\/wp-json\/wp\/v2\/product\/105","targetHints":{"allow":["GET"]}}],"collection":[{"href":"https:\/\/carbonizationplant.com\/pt\/wp-json\/wp\/v2\/product"}],"about":[{"href":"https:\/\/carbonizationplant.com\/pt\/wp-json\/wp\/v2\/types\/product"}],"author":[{"embeddable":true,"href":"https:\/\/carbonizationplant.com\/pt\/wp-json\/wp\/v2\/users\/1"}],"wp:featuredmedia":[{"embeddable":true,"href":"https:\/\/carbonizationplant.com\/pt\/wp-json\/wp\/v2\/media\/109"}],"wp:attachment":[{"href":"https:\/\/carbonizationplant.com\/pt\/wp-json\/wp\/v2\/media?parent=105"}],"wp:term":[{"taxonomy":"post_tag","embeddable":true,"href":"https:\/\/carbonizationplant.com\/pt\/wp-json\/wp\/v2\/tags?post=105"},{"taxonomy":"product-type","embeddable":true,"href":"https:\/\/carbonizationplant.com\/pt\/wp-json\/wp\/v2\/product-type?post=105"}],"curies":[{"name":"wp","href":"https:\/\/api.w.org\/{rel}","templated":true}]}}