{"id":156,"date":"2022-08-08T07:58:08","date_gmt":"2022-08-08T07:58:08","guid":{"rendered":"https:\/\/carbonizationplant.com\/?post_type=product&#038;p=156"},"modified":"2022-09-20T06:26:16","modified_gmt":"2022-09-20T06:26:16","slug":"sewage-sludge-carbonization-machine","status":"publish","type":"product","link":"https:\/\/carbonizationplant.com\/pt\/product\/maquina-de-carbonizacao-de-lodo-de-esgoto\/","title":{"rendered":"M\u00e1quina de carboniza\u00e7\u00e3o de lodo de esgoto | Esta\u00e7\u00e3o de tratamento de lodo de esgoto"},"content":{"rendered":"<p>A tecnologia de carboniza\u00e7\u00e3o de lamas tem um elevado valor de aplica\u00e7\u00e3o, n\u00e3o s\u00f3 para o tratamento eficaz de lamas, mas tamb\u00e9m para a obten\u00e7\u00e3o de um valor \u00fatil de carv\u00e3o vegetal. As m\u00e1quinas Shuliy possuem uma m\u00e1quina profissional de carboniza\u00e7\u00e3o de lodo de esgoto, que \u00e9 um tratamento eficiente e ecologicamente correto de lodo de esgoto. Al\u00e9m disso, oferecemos uma ampla gama de op\u00e7\u00f5es de servi\u00e7os de configura\u00e7\u00e3o e instala\u00e7\u00e3o, portanto entre em contato conosco caso tenha necessidade.<\/p>   <div class=\"wp-block-image\"> <figure class=\"aligncenter size-full\"><img loading=\"lazy\" decoding=\"async\" width=\"720\" height=\"540\" src=\"https:\/\/carbonizationplant.com\/wp-content\/uploads\/2022\/08\/charcoal-making-machine-21.webp\" alt=\"\" class=\"wp-image-115\" title=\"\"><figcaption>m\u00e1quina de carboniza\u00e7\u00e3o de lodo de esgoto<\/figcaption><\/figure> <\/div>   <h2 class=\"wp-block-heading\">Mat\u00e9rias-primas da m\u00e1quina de carboniza\u00e7\u00e3o de lodo de esgoto<\/h2>    <figure class=\"wp-block-gallery has-nested-images columns-default is-cropped wp-block-gallery-2 is-layout-flex wp-block-gallery-is-layout-flex\"> <figure class=\"wp-block-image size-large\"><img loading=\"lazy\" decoding=\"async\" width=\"600\" height=\"400\" data-id=\"158\" src=\"https:\/\/carbonizationplant.com\/wp-content\/uploads\/2022\/08\/industrial-sludge.webp\" alt=\"lama industrial\" class=\"wp-image-158\" title=\"\"><figcaption>lama industrial<\/figcaption><\/figure>    <figure class=\"wp-block-image size-large\"><img loading=\"lazy\" decoding=\"async\" width=\"720\" height=\"540\" data-id=\"159\" src=\"https:\/\/carbonizationplant.com\/wp-content\/uploads\/2022\/08\/Sewage-sludge.webp\" alt=\"Lodo de esgoto\" class=\"wp-image-159\" title=\"\"><figcaption>lodo de esgoto<\/figcaption><\/figure> <\/figure>    <p class=\"translation-block\">A m\u00e1quina de carboniza\u00e7\u00e3o de lodo de esgoto pode carbonizar lodo de esgoto, lodo municipal, lodo de impress\u00e3o e tingimento, lodo industrial e assim por diante, o tamanho dos materiais s\u00f3lidos deve ser inferior a 3mm. Al\u00e9m disso, a m\u00e1quina tamb\u00e9m pode carbonizar<strong><a href=\"https:\/\/carbonizationplant.com\/pt\/product\/maquina-de-fazer-carvao-de-casca-de-coco\/\"> cascas de coco<\/a><\/strong>,<a href=\"https:\/\/carbonizationplant.com\/pt\/product\/bamboo-charcoal-making-machine\/\"> bambu<\/a>, e outros res\u00edduos de biomassa.<\/p>    <h2 class=\"wp-block-heading\" id=\"h-sewage-sludge-carbonization-process\">Processo de carboniza\u00e7\u00e3o de lodo de esgoto<\/h2>    <ul class=\"wp-block-list\"><li>Seque a mat\u00e9ria-prima. Quando a umidade ultrapassar 15%, um secador deve ser utilizado para melhorar a efici\u00eancia da carbonata\u00e7\u00e3o final. O lodo de esgoto \u00e9 alimentado no secador por meio de uma correia transportadora. Ao pr\u00e9-aquecer por um per\u00edodo de tempo, o lodo de esgoto pode remover o excesso de umidade em um curto espa\u00e7o de tempo, encurtando o tempo de carboniza\u00e7\u00e3o e melhorando a efici\u00eancia da carboniza\u00e7\u00e3o.<\/li><li>O lodo seco \u00e9 transportado para a estrutura principal de carboniza\u00e7\u00e3o por uma correia transportadora. Atrav\u00e9s da carboniza\u00e7\u00e3o em alta temperatura de 300-600 \u2103 para produzir carv\u00e3o de lodo de esgoto.<\/li><li>O produto acabado \u00e9 resfriado por um dispositivo de refrigera\u00e7\u00e3o a \u00e1gua e descarregado em veda\u00e7\u00e3o total, a temperatura final do carv\u00e3o \u00e9 baixa, cerca de 30 graus Celsius, o que n\u00e3o causa queima.<\/li><\/ul>    <h2 class=\"wp-block-heading\">V\u00eddeo 3D da planta de carboniza\u00e7\u00e3o<\/h2>    <p>O v\u00eddeo mostra todo o processo de trabalho da planta de carboniza\u00e7\u00e3o de lodo de esgoto, as mat\u00e9rias-primas podem ser cavacos de madeira, serragem, res\u00edduos de biomassa e lodo de esgoto.<\/p>    <figure class=\"wp-block-embed is-type-video is-provider-youtube wp-block-embed-youtube wp-embed-aspect-16-9 wp-has-aspect-ratio\"><div class=\"wp-block-embed__wrapper\"> <iframe loading=\"lazy\" title=\"Como funciona a m\u00e1quina de fazer carv\u00e3o cont\u00ednuo? | V\u00eddeo 3D do processo de trabalho do forno a carv\u00e3o\" width=\"500\" height=\"281\" src=\"https:\/\/www.youtube.com\/embed\/bOzrHR-9HFs?start=1&#038;feature=oembed\" frameborder=\"0\" allow=\"accelerometer; autoplay; clipboard-write; encrypted-media; gyroscope; picture-in-picture; web-share\" referrerpolicy=\"strict-origin-when-cross-origin\" allowfullscreen><\/iframe> <\/div><\/figure>    <h2 class=\"wp-block-heading\">Vantagens da planta de carboniza\u00e7\u00e3o de lodo de esgoto<\/h2>    <ul class=\"wp-block-list\"><li>A planta de carboniza\u00e7\u00e3o de lodo de esgoto \u00e9 modularizada para r\u00e1pida montagem e comissionamento.<\/li><li>A m\u00e1quina adota tecnologia de automa\u00e7\u00e3o avan\u00e7ada para economizar custos de m\u00e3o de obra.<\/li><li>A m\u00e1quina adota controlador Siemens PLC S7-1500 de grande marca ou controle Modbus, com longa vida \u00fatil.<\/li><li>A m\u00e1quina de carboniza\u00e7\u00e3o de lodo de esgoto possui um sistema de controle de rede f\u00edsica IOT altamente confi\u00e1vel, que \u00e9 conveniente para aquisi\u00e7\u00e3o e processamento de dados.<\/li><\/ul>   <div class=\"wp-block-image\"> <figure class=\"aligncenter size-full\"><img loading=\"lazy\" decoding=\"async\" width=\"720\" height=\"540\" src=\"https:\/\/carbonizationplant.com\/wp-content\/uploads\/2022\/08\/continuous-charcoal-maker1.webp\" alt=\"\" class=\"wp-image-119\" title=\"\"><figcaption>Vista 3D da m\u00e1quina de carboniza\u00e7\u00e3o de lodo de esgoto<\/figcaption><\/figure> <\/div>   <h2 class=\"wp-block-heading\" id=\"h-sludge-carbonation-technology-principle\">Princ\u00edpio da tecnologia de carbonata\u00e7\u00e3o de lodo<\/h2>    <p>Em compara\u00e7\u00e3o com m\u00e9todos de tratamento como secagem ou incinera\u00e7\u00e3o direta, a tecnologia de carboniza\u00e7\u00e3o de lodo tem caracter\u00edsticas de alto consumo de energia, alto teor de carbono em produtos residuais e grande poder calor\u00edfico, o que \u00e9 muito adequado para tratamento de lodo urbano. O alto efeito de aplica\u00e7\u00e3o da tecnologia de carboniza\u00e7\u00e3o de lodo ocorre principalmente porque a tecnologia pode usar alta temperatura para remover a umidade do lodo durante o processo de aplica\u00e7\u00e3o, e a propor\u00e7\u00e3o de carbono no lodo aumenta bastante. Sob a a\u00e7\u00e3o da destila\u00e7\u00e3o a seco e da pir\u00f3lise, a mat\u00e9ria org\u00e2nica \u00e9 convertida em vapor d'\u00e1gua sem condensa\u00e7\u00e3o de g\u00e1s e carbono.<\/p>    <h2 class=\"wp-block-heading\">Par\u00e2metros da m\u00e1quina de carboniza\u00e7\u00e3o de lodo de esgoto<\/h2>    <figure class=\"wp-block-table\"><table><tbody><tr><td>Modelo<\/td><td>SL-0812<\/td><td>SL-1015<\/td><td>SL-1218<\/td><td>SL-1320<\/td><\/tr><tr><td>Capacidade de alimenta\u00e7\u00e3o por hora<\/td><td>500kg<\/td><td>0,8-1\u00a0toneladas<\/td><td>1,5-2 toneladas<\/td><td>2,5-3 toneladas<\/td><\/tr><tr><td>M\u00e9todo de trabalho<\/td><td>carboniza\u00e7\u00e3o\u00a0cont\u00ednua<\/td><td><\/td><td><\/td><td><\/td><\/tr><tr><td>Tamanho do reator<\/td><td>800mm<\/td><td>1000mm<\/td><td>1300 mm<\/td><td>1700 mm<\/td><\/tr><tr><td>Materiais de aquecimento<\/td><td>Carv\u00e3o vegetal, madeira, diesel, g\u00e1s natural, GLP, pellets de biomassa, etc.<\/td><td><\/td><td><\/td><td><\/td><\/tr><tr><td>Poder total<\/td><td>40 kw\/h<\/td><td>55 kw\/h<\/td><td>60 kw\/h<\/td><td>72 kw\/h<\/td><\/tr><tr><td>\u00c1rea \u00fatil (C*L*A)<\/td><td>30m*15m*7m<\/td><td>35*15*7m<\/td><td>45*15*10m<\/td><td>50*15*10m<\/td><\/tr><tr><td>Press\u00e3o de opera\u00e7\u00e3o<\/td><td>Press\u00e3o constante<\/td><td>Press\u00e3o constante<\/td><td>Press\u00e3o constante<\/td><td>Press\u00e3o constante<\/td><\/tr><tr><td>M\u00e9todo de resfriamento<\/td><td>Reciclagem de resfriamento de \u00e1gua<\/td><td><\/td><td><\/td><td><\/td><\/tr><\/tbody><\/table><\/figure>    <h2 class=\"wp-block-heading\">Requisitos de instala\u00e7\u00e3o da planta de carboniza\u00e7\u00e3o de lodo de esgoto<\/h2>    <h3 class=\"wp-block-heading\">Requisitos de mat\u00e9ria-prima<\/h3>    <p>Valor calor\u00edfico \u2018 10 MJ\/kg MS (subst\u00e2ncia bruta)<br>MS \u2018 75% MS (mat\u00e9ria seca)<br>Tamanho do material \u2018 30 mm<\/p>    <h3 class=\"wp-block-heading\">Requisitos de pessoal<\/h3>    <p>Devido \u00e0 complexidade do processo e do processo de carboniza\u00e7\u00e3o de lamas em grandes plantas de carboniza\u00e7\u00e3o cont\u00ednua, os operadores precisam ter experi\u00eancia relevante na opera\u00e7\u00e3o do equipamento e tamb\u00e9m precisam ter a capacidade de lidar com situa\u00e7\u00f5es inesperadas.<\/p>    <h3 class=\"wp-block-heading\">Requisitos de conex\u00e3o<\/h3>    <p>Eletricidade (380V, trif\u00e1sica) , G\u00e1s natural (GNC, GPL) 100 mbar, \u00c1gua + \u00e1guas residuais, Nitrog\u00e9nio e ar comprimido, Internet<\/p>    <p>A funda\u00e7\u00e3o precisa ter uma capacidade de carga superior a 325 kN.<\/p>    <p>Requisito de espa\u00e7o m\u00ednimo de 150 m\u00b2 para planta de carboniza\u00e7\u00e3o.<\/p>    <h3 class=\"wp-block-heading\">Requisitos de pol\u00edtica<\/h3>    <p>Entenda as condi\u00e7\u00f5es ambientais locais e outras condi\u00e7\u00f5es pol\u00edticas antes do trabalho de carboniza\u00e7\u00e3o.<\/p>","protected":false},"excerpt":{"rendered":"<p>Sludge carbonization technology has a high application value, not only for the effective treatment of sludge but also for obtaining a useful value of charcoal. Shuliy machinery has a professional sewage sludge carbonization machine, which is an efficient and environmentally friendly treatment of sewage sludge. In addition, we offer a wide range of options for [&hellip;]<\/p>\n","protected":false},"author":1,"featured_media":178,"parent":0,"template":"","tags":[],"product-type":[13],"class_list":["post-156","product","type-product","status-publish","has-post-thumbnail","hentry","product-type-by-material"],"_links":{"self":[{"href":"https:\/\/carbonizationplant.com\/pt\/wp-json\/wp\/v2\/product\/156","targetHints":{"allow":["GET"]}}],"collection":[{"href":"https:\/\/carbonizationplant.com\/pt\/wp-json\/wp\/v2\/product"}],"about":[{"href":"https:\/\/carbonizationplant.com\/pt\/wp-json\/wp\/v2\/types\/product"}],"author":[{"embeddable":true,"href":"https:\/\/carbonizationplant.com\/pt\/wp-json\/wp\/v2\/users\/1"}],"wp:featuredmedia":[{"embeddable":true,"href":"https:\/\/carbonizationplant.com\/pt\/wp-json\/wp\/v2\/media\/178"}],"wp:attachment":[{"href":"https:\/\/carbonizationplant.com\/pt\/wp-json\/wp\/v2\/media?parent=156"}],"wp:term":[{"taxonomy":"post_tag","embeddable":true,"href":"https:\/\/carbonizationplant.com\/pt\/wp-json\/wp\/v2\/tags?post=156"},{"taxonomy":"product-type","embeddable":true,"href":"https:\/\/carbonizationplant.com\/pt\/wp-json\/wp\/v2\/product-type?post=156"}],"curies":[{"name":"wp","href":"https:\/\/api.w.org\/{rel}","templated":true}]}}