{"id":165,"date":"2022-08-08T10:35:07","date_gmt":"2022-08-08T10:35:07","guid":{"rendered":"https:\/\/carbonizationplant.com\/?post_type=product&#038;p=165"},"modified":"2022-10-10T17:43:00","modified_gmt":"2022-10-10T09:43:00","slug":"newest-continuous-carbonization-furnace","status":"publish","type":"product","link":"https:\/\/carbonizationplant.com\/pt\/product\/newest-continuous-carbonization-furnace\/","title":{"rendered":"O mais novo forno de carboniza\u00e7\u00e3o cont\u00ednua"},"content":{"rendered":"<p>O forno de carboniza\u00e7\u00e3o cont\u00ednua \u00e9 um novo tipo de m\u00e1quina para fazer carv\u00e3o ecol\u00f3gico, que utiliza um m\u00e9todo de trabalho cont\u00ednuo e pode funcionar continuamente por 3 a 5 dias. A mais nova m\u00e1quina de produ\u00e7\u00e3o cont\u00ednua de carv\u00e3o vegetal pode carbonizar biomassa, como cascas de coco, serragem, palha, etc. Ap\u00f3s a carboniza\u00e7\u00e3o, podemos obter alguns produtos valiosos, como carv\u00e3o vegetal, \u00e1cido ac\u00e9tico de madeira e alcatr\u00e3o de madeira, e todos eles possuem alto valor econ\u00f4mico.<\/p>   <div class=\"wp-block-image\"> <figure class=\"aligncenter size-full\"><img loading=\"lazy\" decoding=\"async\" width=\"720\" height=\"540\" src=\"https:\/\/carbonizationplant.com\/wp-content\/uploads\/2022\/08\/charcoal-making-machine-21.webp\" alt=\"m\u00e1quina cont\u00ednua de fazer carv\u00e3o \" class=\"wp-image-115\" title=\"\"><figcaption>m\u00e1quina cont\u00ednua de fazer carv\u00e3o <\/figcaption><\/figure> <\/div>     <h2 class=\"wp-block-heading\" id=\"h-3d-video-of-continuous-charcoal-making-machine-working-process\">V\u00eddeo 3D do processo de trabalho cont\u00ednuo da m\u00e1quina de fazer carv\u00e3o<\/h2>    <p>O v\u00eddeo a seguir mostra o processo de trabalho do forno de carboniza\u00e7\u00e3o cont\u00ednua Shuliy, que inclui principalmente quatro etapas. S\u00e3o secagem de mat\u00e9ria-prima, carboiza\u00e7\u00e3o em alta temperatura, coleta de subprodutos (vinagre de madeira e alcatr\u00e3o de madeira) e remo\u00e7\u00e3o de gases residuais.<\/p>    <figure class=\"wp-block-embed is-type-video is-provider-youtube wp-block-embed-youtube wp-embed-aspect-16-9 wp-has-aspect-ratio\"><div class=\"wp-block-embed__wrapper\"> <iframe loading=\"lazy\" title=\"Como funciona a m\u00e1quina de fazer carv\u00e3o cont\u00ednuo? | V\u00eddeo 3D do processo de trabalho do forno a carv\u00e3o\" width=\"500\" height=\"281\" src=\"https:\/\/www.youtube.com\/embed\/bOzrHR-9HFs?start=4&#038;feature=oembed\" frameborder=\"0\" allow=\"accelerometer; autoplay; clipboard-write; encrypted-media; gyroscope; picture-in-picture; web-share\" referrerpolicy=\"strict-origin-when-cross-origin\" allowfullscreen><\/iframe> <\/div><\/figure>    <h2 class=\"wp-block-heading\" id=\"h-raw-materials-of-continuous-carbonization-furnace\">Mat\u00e9rias-primas do forno de carboniza\u00e7\u00e3o cont\u00ednua<\/h2>    <p>A m\u00e1quina de produ\u00e7\u00e3o cont\u00ednua de carv\u00e3o vegetal pode processar diversas mat\u00e9rias-primas de biomassa, como palha, casca de arroz, serragem, casca, galhos, baga\u00e7o, casca de coco, casca de palma, casca de amendoim, casca de fruta, borra de caf\u00e9, caro\u00e7o de azeitona, etc.<\/p>    <figure class=\"wp-block-gallery has-nested-images columns-default is-cropped wp-block-gallery-2 is-layout-flex wp-block-gallery-is-layout-flex\"> <figure class=\"wp-block-image size-large\"><img loading=\"lazy\" decoding=\"async\" width=\"720\" height=\"540\" data-id=\"43\" src=\"https:\/\/carbonizationplant.com\/wp-content\/uploads\/2022\/07\/materials1.webp\" alt=\"\" class=\"wp-image-43\" title=\"\"><\/figure>    <figure class=\"wp-block-image size-large\"><img loading=\"lazy\" decoding=\"async\" width=\"720\" height=\"540\" data-id=\"42\" src=\"https:\/\/carbonizationplant.com\/wp-content\/uploads\/2022\/07\/newest-charcoal-making-machine1.webp\" alt=\"\" class=\"wp-image-42\" title=\"\"><\/figure> <\/figure>    <p>Um forno de carboniza\u00e7\u00e3o cont\u00ednua pode n\u00e3o apenas carbonizar mat\u00e9rias-primas de biomassa, mas tamb\u00e9m carbonizar res\u00edduos dom\u00e9sticos, res\u00edduos de f\u00e1bricas de papel, lodo de rio, lodo industrial, etc. A carboniza\u00e7\u00e3o do lixo \u00e9 mais ecologicamente correta do que a queima tradicional e o aterro, enquanto o carv\u00e3o obtido ap\u00f3s a carboniza\u00e7\u00e3o traz benef\u00edcios econ\u00f4micos .<\/p>    <figure class=\"wp-block-gallery has-nested-images columns-default is-cropped wp-block-gallery-3 is-layout-flex wp-block-gallery-is-layout-flex\"> <figure class=\"wp-block-image size-large\"><img loading=\"lazy\" decoding=\"async\" width=\"720\" height=\"540\" data-id=\"45\" src=\"https:\/\/carbonizationplant.com\/wp-content\/uploads\/2022\/07\/raw-materials1.webp\" alt=\"\" class=\"wp-image-45\" title=\"\"><figcaption>mat\u00e9rias-primas do forno de carboniza\u00e7\u00e3o cont\u00ednua<\/figcaption><\/figure> <\/figure>    <h2 class=\"wp-block-heading\" id=\"h-carbonization-effect-of-continuous-charcoal-making-machine\">Efeito de carboniza\u00e7\u00e3o da m\u00e1quina cont\u00ednua de fabrica\u00e7\u00e3o de carv\u00e3o vegetal<\/h2>    <p>O efeito ser\u00e1 muito melhor se o tamanho da mat\u00e9ria-prima for inferior a 3 cm. <\/p>    <figure class=\"wp-block-gallery has-nested-images columns-default is-cropped wp-block-gallery-4 is-layout-flex wp-block-gallery-is-layout-flex\"> <figure class=\"wp-block-image size-large\"><img loading=\"lazy\" decoding=\"async\" width=\"720\" height=\"597\" data-id=\"167\" src=\"https:\/\/carbonizationplant.com\/wp-content\/uploads\/2022\/08\/carbonization-effect.webp\" alt=\"\" class=\"wp-image-167\" title=\"\"><figcaption>efeito de carboniza\u00e7\u00e3o<\/figcaption><\/figure>    <figure class=\"wp-block-image size-large\"><img loading=\"lazy\" decoding=\"async\" width=\"720\" height=\"597\" data-id=\"168\" src=\"https:\/\/carbonizationplant.com\/wp-content\/uploads\/2022\/08\/carbonization-effect-2.webp\" alt=\"efeito de carboniza\u00e7\u00e3o \" class=\"wp-image-168\" title=\"\"><figcaption>efeito de carboniza\u00e7\u00e3o <\/figcaption><\/figure> <\/figure>    <h2 class=\"wp-block-heading\">Processo de fabrica\u00e7\u00e3o de carv\u00e3o vegetal<\/h2>    <h3 class=\"wp-block-heading\">Esmagamento e secagem<\/h3>    <p class=\"translation-block\">Materiais com mais de 30 mm precisam ser esmagados primeiro. Se os seus materiais s\u00e3o troncos grandes ou outros materiais com tamanho superior a 30 mm e pretende obter carv\u00e3o de grande dimens\u00e3o, pode escolher uma <strong><a href=\"https:\/\/carbonizationplant.com\/pt\/product\/forno-de-carbonizacao-de-elevacao\/\">m\u00e1quina de carboniza\u00e7\u00e3o com i\u00e7amento<\/a><\/strong> ou uma <strong><a href=\"https:\/\/carbonizationplant.com\/pt\/product\/forno-de-carbonizacao-horizontal\/\">m\u00e1quina de carboniza\u00e7\u00e3o horizontal<\/a><\/strong>. Al\u00e9m disso, se a umidade da mat\u00e9ria-prima for superior a 25%, \u00e9 necess\u00e1rio sec\u00e1-la com um secador, como cascas de coco fresco ou aparas de madeira, que ambos apresentam um teor de umidade mais elevado.<\/p>    <h3 class=\"wp-block-heading\">Pir\u00f3lise de Madeira<\/h3>    <p>Ap\u00f3s o pr\u00e9-aquecimento do forno de carboniza\u00e7\u00e3o cont\u00ednua, os materiais secos s\u00e3o transportados por correia transportadora para o forno de carboniza\u00e7\u00e3o principal para carboniza\u00e7\u00e3o. Quando a temperatura chega a 380 graus Celsius, o carv\u00e3o \u00e9 produzido. Al\u00e9m do carv\u00e3o, existem gases combust\u00edveis no reator. Os gases de exaust\u00e3o s\u00e3o tratados pelo condensador e podem ser reciclados e reutilizados. Al\u00e9m disso, um pouco de ar quente entrar\u00e1 na secadora para fornecer calor.<\/p>    <h3 class=\"wp-block-heading\">Utiliza\u00e7\u00e3o de gases de escape<\/h3>    <p>Uma parte do g\u00e1s de combust\u00e3o pode ser transportada para o secador atrav\u00e9s da tubula\u00e7\u00e3o para aquecimento do secador, e o g\u00e1s de combust\u00e3o restante \u00e9 descarregado atrav\u00e9s de um sistema de remo\u00e7\u00e3o de poeira, como lavagem e pulveriza\u00e7\u00e3o de \u00e1gua.<\/p>    <h3 class=\"wp-block-heading\">Descarga carv\u00e3o vegetal<\/h3>    <p>O carv\u00e3o ser\u00e1 descarregado automaticamente no final da m\u00e1quina de carv\u00e3o. J\u00e1 a m\u00e1quina \u00e9 equipada com descarregador refrigerado a \u00e1gua, o que far\u00e1 com que a temperatura final do carv\u00e3o fique em torno de 30 graus.<\/p>    <h2 class=\"wp-block-heading\">Vantagens do forno de carboniza\u00e7\u00e3o de madeira Shuliy<\/h2>    <h3 class=\"wp-block-heading\">Opera\u00e7\u00e3o cont\u00ednua ininterrupta<\/h3>    <p>A m\u00e1quina de fazer carv\u00e3o cont\u00ednuo Shuliy pode funcionar continuamente por 24 horas sem qualquer interrup\u00e7\u00e3o. O m\u00e9todo de trabalho automatizado garante horas de trabalho longas e est\u00e1veis, ao mesmo tempo que reduz os custos trabalhistas. Este m\u00e9todo de produ\u00e7\u00e3o de carv\u00e3o ajuda os clientes a maximizar seus benef\u00edcios.<\/p>    <h3 class=\"wp-block-heading\">Garantir a seguran\u00e7a da opera\u00e7\u00e3o<\/h3>    <p>Embora a temperatura de carboniza\u00e7\u00e3o seja de v\u00e1rias centenas de graus, a temperatura da casca est\u00e1 abaixo de 35\u00b0C, o que pode garantir a seguran\u00e7a dos trabalhadores. Al\u00e9m disso, o PLC \u00e9 montado com um dispositivo de alarme. Ele ir\u00e1 alarmar automaticamente quando certas pe\u00e7as falharem.<\/p>    <h3 class=\"wp-block-heading\">Equipamentos ecologicamente corretos<\/h3>    <p>O g\u00e1s de combust\u00e3o gerado pelo forno de carboniza\u00e7\u00e3o cont\u00ednua no processo de carboniza\u00e7\u00e3o \u00e9 tratado por um dispositivo de remo\u00e7\u00e3o de poeira para atender aos padr\u00f5es de emiss\u00e3o. As m\u00e1quinas de carv\u00e3o Shuliy s\u00e3o equipamentos ideais com sistema de remo\u00e7\u00e3o de poeira para limpar os gases residuais.<\/p>    <h2 class=\"wp-block-heading\">Escolha um modelo que voc\u00ea gosta<\/h2>    <figure class=\"wp-block-table\"><table><tbody><tr><td>Modelo<\/td><td>SL-0812<\/td><td>SL-1015<\/td><td>SL-1218<\/td><td>SL-1320<\/td><\/tr><tr><td>Capacidade de alimenta\u00e7\u00e3o por hora<\/td><td>500kg<\/td><td>0,8-1\u00a0toneladas<\/td><td>1,5-2 toneladas<\/td><td>2,5-3 toneladas<\/td><\/tr><tr><td>M\u00e9todo de trabalho<\/td><td>carboniza\u00e7\u00e3o\u00a0cont\u00ednua<\/td><td><\/td><td><\/td><td><\/td><\/tr><tr><td>Tamanho do reator<\/td><td>800mm<\/td><td>1000mm<\/td><td>1300 mm<\/td><td>1700 mm<\/td><\/tr><tr><td>Materiais de aquecimento<\/td><td>Carv\u00e3o vegetal, madeira, diesel, g\u00e1s natural, GLP, pellets de biomassa, etc.<\/td><td><\/td><td><\/td><td><\/td><\/tr><tr><td>Poder total<\/td><td>40 kw\/h<\/td><td>55 kw\/h<\/td><td>60 kw\/h<\/td><td>72 kw\/h<\/td><\/tr><tr><td>\u00c1rea \u00fatil (C*L*A)<\/td><td>30m*15m*7m<\/td><td>35*15*7m<\/td><td>45*15*10m<\/td><td>50*15*10m<\/td><\/tr><tr><td>Press\u00e3o de opera\u00e7\u00e3o<\/td><td>Press\u00e3o constante<\/td><td>Press\u00e3o constante<\/td><td>Press\u00e3o constante<\/td><td>Press\u00e3o constante<\/td><\/tr><tr><td>M\u00e9todo de resfriamento<\/td><td>Reciclagem de resfriamento de \u00e1gua<\/td><td><\/td><td><\/td><td><\/td><\/tr><\/tbody><\/table><\/figure>    <p>Os m\u00e9todos de aquecimento s\u00e3o diversos, incluindo pellets de madeira, pellets de biomassa, diesel, g\u00e1s natural, GLP, etc. O cliente deve prestar aten\u00e7\u00e3o \u00e0 \u00e1rea ocupada pela m\u00e1quina de carv\u00e3o cont\u00ednuo, a menor ocupar\u00e1 35 * 15 * 7m.<\/p>    <h2 class=\"wp-block-heading\">Casos globais de forno de carboniza\u00e7\u00e3o cont\u00ednua<\/h2>    <figure class=\"wp-block-gallery has-nested-images columns-default is-cropped wp-block-gallery-5 is-layout-flex wp-block-gallery-is-layout-flex\"> <figure class=\"wp-block-image size-large\"><img loading=\"lazy\" decoding=\"async\" width=\"720\" height=\"540\" data-id=\"171\" src=\"https:\/\/carbonizationplant.com\/wp-content\/uploads\/2022\/08\/Shuliy-wood-carbonization-furnace-shipped-to-Malaysia1.webp\" alt=\"Forno de carboniza\u00e7\u00e3o de madeira Shuliy enviado para a Mal\u00e1sia\" class=\"wp-image-171\" title=\"\"><figcaption>Forno de carboniza\u00e7\u00e3o de madeira Shuliy enviado para a Mal\u00e1sia<\/figcaption><\/figure>    <figure class=\"wp-block-image size-large\"><img loading=\"lazy\" decoding=\"async\" width=\"720\" height=\"540\" data-id=\"172\" src=\"https:\/\/carbonizationplant.com\/wp-content\/uploads\/2022\/08\/Biomass-charcoal-making-machine-sent-to-Iran1.webp\" alt=\"m\u00e1quina de fazer carv\u00e3o de biomassa enviada ao Ir\u00e3\" class=\"wp-image-172\" title=\"\"><figcaption>m\u00e1quina de fazer carv\u00e3o de biomassa enviada ao Ir\u00e3<\/figcaption><\/figure> <\/figure>    <figure class=\"wp-block-gallery has-nested-images columns-default is-cropped wp-block-gallery-6 is-layout-flex wp-block-gallery-is-layout-flex\"> <figure class=\"wp-block-image size-large\"><img loading=\"lazy\" decoding=\"async\" width=\"720\" height=\"540\" data-id=\"173\" src=\"https:\/\/carbonizationplant.com\/wp-content\/uploads\/2022\/08\/continuous-charchou-makingmachin-sent-to-Germany1.webp\" alt=\"m\u00e1quina de fazer charchou cont\u00ednua enviada para a Alemanha\" class=\"wp-image-173\" title=\"\"><figcaption>m\u00e1quina de fazer charchou cont\u00ednua enviada para a Alemanha<\/figcaption><\/figure>    <figure class=\"wp-block-image size-large\"><img loading=\"lazy\" decoding=\"async\" width=\"720\" height=\"540\" data-id=\"174\" src=\"https:\/\/carbonizationplant.com\/wp-content\/uploads\/2022\/08\/continuous-charcoal-machine-in-Japan1.webp\" alt=\"m\u00e1quina cont\u00ednua de carv\u00e3o vegetal no Jap\u00e3o\" class=\"wp-image-174\" title=\"\"><figcaption>m\u00e1quina cont\u00ednua de carv\u00e3o vegetal no Jap\u00e3o<\/figcaption><\/figure> <\/figure>","protected":false},"excerpt":{"rendered":"<p>The continuous carbonization furnace is a new type of environmentally friendly charcoal making machine, which takes a continuous working method and can work continuously for 3 to 5 days. The newest continuous charcoal making machine can carbonize biomass such as coconut shells, sawdust, straw, etc. It can also carbonize sludge and domestic waste. After carbonization, [&hellip;]<\/p>\n","protected":false},"author":1,"featured_media":176,"parent":0,"template":"","tags":[],"product-type":[14],"class_list":["post-165","product","type-product","status-publish","has-post-thumbnail","hentry","product-type-by-machine-type"],"_links":{"self":[{"href":"https:\/\/carbonizationplant.com\/pt\/wp-json\/wp\/v2\/product\/165","targetHints":{"allow":["GET"]}}],"collection":[{"href":"https:\/\/carbonizationplant.com\/pt\/wp-json\/wp\/v2\/product"}],"about":[{"href":"https:\/\/carbonizationplant.com\/pt\/wp-json\/wp\/v2\/types\/product"}],"author":[{"embeddable":true,"href":"https:\/\/carbonizationplant.com\/pt\/wp-json\/wp\/v2\/users\/1"}],"wp:featuredmedia":[{"embeddable":true,"href":"https:\/\/carbonizationplant.com\/pt\/wp-json\/wp\/v2\/media\/176"}],"wp:attachment":[{"href":"https:\/\/carbonizationplant.com\/pt\/wp-json\/wp\/v2\/media?parent=165"}],"wp:term":[{"taxonomy":"post_tag","embeddable":true,"href":"https:\/\/carbonizationplant.com\/pt\/wp-json\/wp\/v2\/tags?post=165"},{"taxonomy":"product-type","embeddable":true,"href":"https:\/\/carbonizationplant.com\/pt\/wp-json\/wp\/v2\/product-type?post=165"}],"curies":[{"name":"wp","href":"https:\/\/api.w.org\/{rel}","templated":true}]}}