{"id":204,"date":"2022-08-10T09:45:34","date_gmt":"2022-08-10T09:45:34","guid":{"rendered":"https:\/\/carbonizationplant.com\/?post_type=product&#038;p=204"},"modified":"2022-10-10T17:40:46","modified_gmt":"2022-10-10T09:40:46","slug":"continuous-charcoal-making-stove","status":"publish","type":"product","link":"https:\/\/carbonizationplant.com\/pt\/product\/continuous-charcoal-making-stove\/","title":{"rendered":"Fog\u00e3o cont\u00ednuo para produ\u00e7\u00e3o de carv\u00e3o | M\u00e1quina para fazer bio carv\u00e3o"},"content":{"rendered":"<p>O fog\u00e3o cont\u00ednuo para produ\u00e7\u00e3o de carv\u00e3o vegetal pode transformar mat\u00e9ria-prima de biomassa em carv\u00e3o vegetal por meio da tecnologia de carboniza\u00e7\u00e3o, trazendo lucro aos clientes e realizando o uso eficiente e racional de recursos renov\u00e1veis.<\/p>   <div class=\"wp-block-image\"> <figure class=\"aligncenter size-full\"><img loading=\"lazy\" decoding=\"async\" width=\"720\" height=\"540\" src=\"https:\/\/carbonizationplant.com\/wp-content\/uploads\/2022\/09\/charcoal-making-machine1.webp\" alt=\"\" class=\"wp-image-338\" title=\"\"><\/figure> <\/div>  <div class=\"wp-block-image\"> <figure class=\"aligncenter size-full\"><img loading=\"lazy\" decoding=\"async\" width=\"720\" height=\"540\" src=\"https:\/\/carbonizationplant.com\/wp-content\/uploads\/2022\/09\/Bio-charcoal-machine1.webp\" alt=\"\" class=\"wp-image-334\" title=\"\"><\/figure> <\/div>  <div class=\"wp-block-image\"> <figure class=\"aligncenter size-full\"><img loading=\"lazy\" decoding=\"async\" width=\"720\" height=\"540\" src=\"https:\/\/carbonizationplant.com\/wp-content\/uploads\/2022\/09\/carbonizing-furnace1.webp\" alt=\"\" class=\"wp-image-336\" title=\"\"><\/figure> <\/div>   <h2 class=\"wp-block-heading\" id=\"h-raw-materials-of-continuous-charcoal-making-stove\">Mat\u00e9rias-primas de fog\u00e3o cont\u00ednuo para produ\u00e7\u00e3o de carv\u00e3o<\/h2>    <p>O fog\u00e3o cont\u00ednuo para produ\u00e7\u00e3o de carv\u00e3o vegetal pode carbonizar uma variedade de materiais de biomassa, como cascas de amendoim, galhos, cascas, cascas de nozes, baga\u00e7o, cascas de coco, cascas de palmeira, serragem, etc.<\/p>    <ol class=\"wp-block-list\"><li>Requisitos de tamanho. O material precisa ser pequeno e fino, o tamanho deve ser inferior a 10 cm, quanto menor o material melhor ser\u00e1 o efeito de carboniza\u00e7\u00e3o. Materiais com grandes volumes precisam ser processados \u200b\u200bpreviamente com triturador, como toras e galhos.<\/li><li>Requisitos de umidade. Controlar a umidade da mat\u00e9ria-prima abaixo de 20% pode melhorar a efici\u00eancia da carboniza\u00e7\u00e3o. Se a mat\u00e9ria-prima estiver muito \u00famida, deve-se usar um secador para secar a mat\u00e9ria-prima.<\/li><\/ol>   <div class=\"wp-block-image\"> <figure class=\"aligncenter size-full\"><img loading=\"lazy\" decoding=\"async\" width=\"720\" height=\"540\" src=\"https:\/\/carbonizationplant.com\/wp-content\/uploads\/2022\/08\/raw-materials-of-continuous-carbonization-furnace1.webp\" alt=\"mat\u00e9rias-primas do forno de carboniza\u00e7\u00e3o cont\u00ednua\" class=\"wp-image-208\" title=\"\"><figcaption>mat\u00e9rias-primas do forno de carboniza\u00e7\u00e3o cont\u00ednua<\/figcaption><\/figure> <\/div>   <h2 class=\"wp-block-heading\" id=\"h-final-product-of-bio-charcoal-making-machine\">Produto final da m\u00e1quina de fazer biocarv\u00e3o<\/h2>    <h3 class=\"wp-block-heading\">Exibi\u00e7\u00e3o do produto final<\/h3>    <p>O carv\u00e3o natural puro final n\u00e3o cont\u00e9m subst\u00e2ncias qu\u00edmicas, \u00e9 at\u00f3xico, ins\u00edpido e n\u00e3o poluente. Al\u00e9m disso, o teor de \u00e1gua do produto acabado est\u00e1 dentro de 5%, o valor calor\u00edfico \u00e9 alto e o tempo de queima \u00e9 longo.<\/p>    <figure class=\"wp-block-gallery has-nested-images columns-default is-cropped wp-block-gallery-2 is-layout-flex wp-block-gallery-is-layout-flex\"> <figure class=\"wp-block-image size-large\"><img loading=\"lazy\" decoding=\"async\" width=\"720\" height=\"597\" data-id=\"167\" src=\"https:\/\/carbonizationplant.com\/wp-content\/uploads\/2022\/08\/carbonization-effect.webp\" alt=\"\" class=\"wp-image-167\" title=\"\"><\/figure>    <figure class=\"wp-block-image size-large\"><img loading=\"lazy\" decoding=\"async\" width=\"720\" height=\"597\" data-id=\"168\" src=\"https:\/\/carbonizationplant.com\/wp-content\/uploads\/2022\/08\/carbonization-effect-2.webp\" alt=\"efeito de carboniza\u00e7\u00e3o\" class=\"wp-image-168\" title=\"\"><\/figure> <figcaption class=\"blocks-gallery-caption\">carboniza\u00e7\u00e3o de fog\u00e3o cont\u00ednuo para produ\u00e7\u00e3o de carv\u00e3o<\/figcaption><\/figure>    <h3 class=\"wp-block-heading\">Aplica\u00e7\u00e3o de carv\u00e3o final<\/h3>    <ul class=\"wp-block-list\"><li>O carv\u00e3o acabado tamb\u00e9m pode ser usado diretamente em f\u00e1bricas de produtos qu\u00edmicos, usinas de energia, etc., como combust\u00edvel.<\/li><li>O carv\u00e3o de madeira acabado, carv\u00e3o de casca de noz, carv\u00e3o de casca de coco pode ser usado para reprocessamento para produzir carv\u00e3o para churrasco ou carv\u00e3o para narguil\u00e9, que pode atender \u00e0s diversas necessidades do mercado.<\/li><\/ul>    <figure class=\"wp-block-gallery has-nested-images columns-default is-cropped wp-block-gallery-3 is-layout-flex wp-block-gallery-is-layout-flex\"> <figure class=\"wp-block-image size-large\"><img loading=\"lazy\" decoding=\"async\" width=\"720\" height=\"540\" data-id=\"333\" src=\"https:\/\/carbonizationplant.com\/wp-content\/uploads\/2022\/09\/bbq-charcoal-briquettes1.webp\" alt=\"briquetes de carv\u00e3o para churrasco\" class=\"wp-image-333\" title=\"\"><figcaption>briquetes de carv\u00e3o para churrasco<\/figcaption><\/figure>    <figure class=\"wp-block-image size-large\"><img loading=\"lazy\" decoding=\"async\" width=\"720\" height=\"540\" data-id=\"346\" src=\"https:\/\/carbonizationplant.com\/wp-content\/uploads\/2022\/09\/shisha-charcoal-briquettes1.webp\" alt=\"briquetes de carv\u00e3o shisha\" class=\"wp-image-346\" title=\"\"><figcaption>briquetes de carv\u00e3o shisha<\/figcaption><\/figure> <\/figure>    <h2 class=\"wp-block-heading\">Estruturas de forno cont\u00ednuo para produ\u00e7\u00e3o de carv\u00e3o vegetal<\/h2>    <p>A m\u00e1quina cont\u00ednua de produ\u00e7\u00e3o de carv\u00e3o vegetal inclui principalmente equipamento de alimenta\u00e7\u00e3o, hospedeiro de carboniza\u00e7\u00e3o, descarga de condensa\u00e7\u00e3o, cabe\u00e7otes de igni\u00e7\u00e3o, piscina de combust\u00e3o, equipamento de purifica\u00e7\u00e3o, gabinete de distribui\u00e7\u00e3o de energia, etc. atrav\u00e9s da zona de resfriamento.<\/p>    <div class=\"wp-block-media-text alignwide has-media-on-the-right is-stacked-on-mobile\"><figure class=\"wp-block-media-text__media\"><img loading=\"lazy\" decoding=\"async\" width=\"720\" height=\"540\" src=\"https:\/\/carbonizationplant.com\/wp-content\/uploads\/2022\/09\/feeder1.webp\" alt=\"\" class=\"wp-image-342 size-full\" title=\"\"><\/figure><div class=\"wp-block-media-text__content\"> <h3 class=\"wp-block-heading\">Transportador de alimenta\u00e7\u00e3o<\/h3>    <p>A alimenta\u00e7\u00e3o adota rosca transportadora, e a abertura de alimenta\u00e7\u00e3o ampliada pode atender diferentes tamanhos de mat\u00e9rias-primas e evitar emperramento, e o processo de transporte \u00e9 fechado para evitar a entrada de objetos estranhos.<\/p> <\/div><\/div>    <div class=\"wp-block-media-text alignwide is-stacked-on-mobile\"><figure class=\"wp-block-media-text__media\"><img loading=\"lazy\" decoding=\"async\" width=\"720\" height=\"540\" src=\"https:\/\/carbonizationplant.com\/wp-content\/uploads\/2022\/09\/Bio-charcoal-making-machine1.webp\" alt=\"\" class=\"wp-image-335 size-full\" title=\"\"><\/figure><div class=\"wp-block-media-text__content\"> <h3 class=\"wp-block-heading\">Mainframe do forno de carboniza\u00e7\u00e3o.<\/h3>    <p>A m\u00e1quina hospedeira \u00e9 usada para carbonizar as mat\u00e9rias-primas por pir\u00f3lise an\u00f3xica para produzir carv\u00e3o acabado qualificado. \u00c9 dividido principalmente em tambor e cabe\u00e7a de fogo.<\/p> <\/div><\/div>    <div class=\"wp-block-media-text alignwide has-media-on-the-right is-stacked-on-mobile\"><figure class=\"wp-block-media-text__media\"><img loading=\"lazy\" decoding=\"async\" width=\"720\" height=\"540\" src=\"https:\/\/carbonizationplant.com\/wp-content\/uploads\/2022\/08\/ignition-head1.webp\" alt=\"cabe\u00e7a de igni\u00e7\u00e3o\" class=\"wp-image-82 size-full\" title=\"\"><\/figure><div class=\"wp-block-media-text__content\"> <h3 class=\"wp-block-heading\">Cabe\u00e7a de igni\u00e7\u00e3o de piscina em chamas<\/h3>    <p>Um fog\u00e3o cont\u00ednuo para produ\u00e7\u00e3o de carv\u00e3o geralmente usa GLP como fonte de calor, e esta parte \u00e9 o dispositivo de igni\u00e7\u00e3o da m\u00e1quina. O n\u00famero de cabe\u00e7as de igni\u00e7\u00e3o varia de modelo para modelo. Por exemplo, o modelo SL-CF1200 tem um total de 18, o modelo SL-CF1200 tem 18 cabe\u00e7as de igni\u00e7\u00e3o no total e o modelo SL-CF1000 tem 16 cabe\u00e7as de igni\u00e7\u00e3o no total.<\/p> <\/div><\/div>    <div class=\"wp-block-media-text alignwide is-stacked-on-mobile\"><figure class=\"wp-block-media-text__media\"><img loading=\"lazy\" decoding=\"async\" width=\"720\" height=\"540\" src=\"https:\/\/carbonizationplant.com\/wp-content\/uploads\/2022\/08\/mineral-wool1.webp\" alt=\"l\u00e3 mineral\" class=\"wp-image-86 size-full\" title=\"\"><\/figure><div class=\"wp-block-media-text__content\"> <h3 class=\"wp-block-heading\">Tambor do forno de carboniza\u00e7\u00e3o<\/h3>    <p>Os rolos s\u00e3o feitos de l\u00e3 de rocha de alta temperatura com bom isolamento t\u00e9rmico e desempenho de veda\u00e7\u00e3o para garantir que as mat\u00e9rias-primas sejam totalmente carbonizadas na aus\u00eancia de oxig\u00eanio.<\/p> <\/div><\/div>    <div class=\"wp-block-media-text alignwide has-media-on-the-right is-stacked-on-mobile\"><figure class=\"wp-block-media-text__media\"><img loading=\"lazy\" decoding=\"async\" width=\"720\" height=\"540\" src=\"https:\/\/carbonizationplant.com\/wp-content\/uploads\/2022\/08\/burning-pool1.webp\" alt=\"piscina em chamas\" class=\"wp-image-83 size-full\" title=\"\"><\/figure><div class=\"wp-block-media-text__content\"> <h3 class=\"wp-block-heading\">O exterior do hospedeiro e da c\u00e9lula de combust\u00e3o<\/h3>    <p>A c\u00e9lula de combust\u00e3o da m\u00e1quina de fazer carv\u00e3o \u00e9 feita de a\u00e7o Q235 com 4 mm de espessura e l\u00e3 de rocha de alta temperatura com 5 cm de espessura. O isolamento t\u00e9rmico \u00e9 bom.<\/p> <\/div><\/div>    <div class=\"wp-block-media-text alignwide is-stacked-on-mobile\"><figure class=\"wp-block-media-text__media\"><img loading=\"lazy\" decoding=\"async\" width=\"720\" height=\"540\" src=\"https:\/\/carbonizationplant.com\/wp-content\/uploads\/2022\/08\/inside-structure-of-the-burning-pool1.webp\" alt=\"estrutura interna da piscina em chamas\" class=\"wp-image-84 size-full\" title=\"\"><\/figure><div class=\"wp-block-media-text__content\"> <h3 class=\"wp-block-heading\">A estrutura interna da c\u00e9lula de combust\u00e3o<\/h3>    <p>Dentro da c\u00e9lula de combust\u00e3o existe l\u00e3 de rocha resistente a altas temperaturas, o que melhora a veda\u00e7\u00e3o e o isolamento t\u00e9rmico da m\u00e1quina.<\/p> <\/div><\/div>    <h2 class=\"wp-block-heading\" id=\"h-bio-charcoal-making-machine-working-process\">Processo de trabalho da m\u00e1quina de fazer bio carv\u00e3o<\/h2>    <h3 class=\"wp-block-heading\">Pr\u00e9-aquecer a m\u00e1quina<\/h3>    <p>Depois de ligar o fog\u00e3o cont\u00ednuo para fazer carv\u00e3o, leva cerca de 1 hora para aquecer a m\u00e1quina usando g\u00e1s liquefeito de petr\u00f3leo (GLP) para acender a m\u00e1quina, o que requer 20-30kg de GLP por igni\u00e7\u00e3o.<\/p>    <h3 class=\"wp-block-heading\">Carboniza\u00e7\u00e3o de materiais<\/h3>    <p>O pr\u00e9-aquecimento \u00e9 conclu\u00eddo quando a temperatura de pr\u00e9-aquecimento atinge 280\u00b0-330\u00b0 e a mat\u00e9ria-prima \u00e9 alimentada. Ap\u00f3s 20 minutos de carboniza\u00e7\u00e3o, observe se h\u00e1 gera\u00e7\u00e3o de g\u00e1s inflam\u00e1vel na c\u00e9lula de combust\u00e3o. Se for produzido g\u00e1s inflam\u00e1vel, acenda a c\u00e2mara de combust\u00e3o, o g\u00e1s inflam\u00e1vel fornecer\u00e1 calor para carbonizar o material, n\u00e3o ser\u00e1 utilizado mais GLP.<\/p>    <h3 class=\"wp-block-heading\">Resfriamento e descarga<\/h3>    <p>O resfriamento \u00e9 necess\u00e1rio para a descarga e para evitar a combust\u00e3o espont\u00e2nea. O fog\u00e3o de carvoaria cont\u00ednua \u00e9 equipado com condensador duplo, o material carbonizado \u00e9 descarregado por dentro e por fora \u00e9 preenchido com \u00e1gua circulante para resfriamento, a temperatura de descarga final \u00e9 de 30 graus Celsius.<\/p>    <h2 class=\"wp-block-heading\">Design avan\u00e7ado de fog\u00e3o cont\u00ednuo para produ\u00e7\u00e3o de carv\u00e3o<\/h2>    <ul class=\"wp-block-list\"><li>O forno de carboniza\u00e7\u00e3o realiza o processo de produ\u00e7\u00e3o de alimenta\u00e7\u00e3o cont\u00ednua, carboniza\u00e7\u00e3o cont\u00ednua e carboniza\u00e7\u00e3o cont\u00ednua, o que resolve o problema de que o equipamento de carboniza\u00e7\u00e3o tradicional n\u00e3o pode ser carbonizado continuamente e melhora a efici\u00eancia da produ\u00e7\u00e3o.<\/li><li>O forno de carboniza\u00e7\u00e3o cont\u00ednua adota um sistema de controle inteligente, com alto n\u00edvel de automa\u00e7\u00e3o e trabalho de carboniza\u00e7\u00e3o mais eficiente.<\/li><li>O equipamento profissional de exaust\u00e3o de fuma\u00e7a pode lidar com os gases de exaust\u00e3o produzidos durante um inc\u00eandio de carv\u00e3o, que n\u00e3o poluir\u00e1 o meio ambiente. Utilizar g\u00e1s liquefeito e g\u00e1s combust\u00edvel para gerar calor, sem derrubar \u00e1rvores e proteger o meio ambiente.<\/li><li>No processo de carboniza\u00e7\u00e3o, o fog\u00e3o cont\u00ednuo para produ\u00e7\u00e3o de carv\u00e3o pode coletar automaticamente alcatr\u00e3o, l\u00edquido de vinagre de madeira e g\u00e1s combust\u00edvel para realizar o uso eficiente e abrangente de energia renov\u00e1vel.<\/li><\/ul>    <h2 class=\"wp-block-heading\">Equipamento de purifica\u00e7\u00e3o de fog\u00e3o cont\u00ednuo para produ\u00e7\u00e3o de carv\u00e3o<\/h2>   <div class=\"wp-block-image\"> <figure class=\"aligncenter size-full\"><img loading=\"lazy\" decoding=\"async\" width=\"720\" height=\"540\" src=\"https:\/\/carbonizationplant.com\/wp-content\/uploads\/2022\/09\/Purification-equipment-of-continuous-charcoal-making-stove1.webp\" alt=\"equipamento de purifica\u00e7\u00e3o de fog\u00e3o cont\u00ednuo para produ\u00e7\u00e3o de carv\u00e3o\" class=\"wp-image-345\" title=\"\"><figcaption>equipamento de purifica\u00e7\u00e3o de fog\u00e3o cont\u00ednuo para produ\u00e7\u00e3o de carv\u00e3o<\/figcaption><\/figure> <\/div>   <p>O equipamento de purifica\u00e7\u00e3o adota o princ\u00edpio de purifica\u00e7\u00e3o do ar e utiliza res\u00edduos de cascas de amendoim, aparas, etc. como meio para filtrar os gases combust\u00edveis gerados dentro do forno de carboniza\u00e7\u00e3o e reduzir a polui\u00e7\u00e3o.<\/p>    <p>Em compara\u00e7\u00e3o com a purifica\u00e7\u00e3o de \u00e1gua original, n\u00e3o ocorrer\u00e1 entupimento e tamb\u00e9m pode reduzir a descarga de esgoto e proteger o meio ambiente. O material de filtragem de gases de combust\u00e3o utiliza cascas e aparas de amendoim e pode ser substitu\u00eddo uma vez a cada seis meses, o que economiza bastante energia.<\/p>    <h2 class=\"wp-block-heading\">Escolha um modelo que voc\u00ea gosta<\/h2>   <div class=\"wp-block-image\"> <figure class=\"aligncenter size-full\"><img loading=\"lazy\" decoding=\"async\" width=\"720\" height=\"540\" src=\"https:\/\/carbonizationplant.com\/wp-content\/uploads\/2022\/08\/small-type-continuous-charcoal-maker1-1.webp\" alt=\"fabricante de carv\u00e3o cont\u00ednuo de tipo pequeno\" class=\"wp-image-120\" title=\"\"><figcaption>Exibi\u00e7\u00e3o 3D de fabricante de carv\u00e3o cont\u00ednuo<\/figcaption><\/figure> <\/div>   <p>Os dados a seguir s\u00e3o os par\u00e2metros t\u00e9cnicos do fog\u00e3o a carv\u00e3o cont\u00ednuo, voc\u00ea pode escolher o que precisa ou entrar em contato com nosso gerente de vendas para consultar o modelo que voc\u00ea precisa.  <\/p>    <figure class=\"wp-block-table\"><table><tbody><tr><td>Modelo<\/td><td>SL-CF800<\/td><td>SL-CF1000<\/td><td>SL-CF1200<\/td><\/tr><tr><td>M\u00e9todo de trabalho<\/td><td>Tipo Cont\u00ednuo<\/td><td>Tipo Cont\u00ednuo<\/td><td>Tipo Cont\u00ednuo<\/td><\/tr><tr><td>Di\u00e2metro (mm)<\/td><td>800<\/td><td>1000<\/td><td>1200<\/td><\/tr><tr><td>Capacidade (kg\/h)<\/td><td>200-300<\/td><td>400-500<\/td><td>500-600<\/td><\/tr><tr><td>Pot\u00eancia principal (kw)<\/td><td>18.5<\/td><td>20<\/td><td>25<\/td><\/tr><tr><td>Temperatura de carboniza\u00e7\u00e3o (\u2103)<\/td><td>500-800<\/td><td>500-800<\/td><td>500-800<\/td><\/tr><tr><td>Pot\u00eancia do ventilador (kw)<\/td><td>5.5<\/td><td>5.5<\/td><td>5.5<\/td><\/tr><\/tbody><\/table><\/figure>    <h2 class=\"wp-block-heading\">Casos globais de m\u00e1quina de carboniza\u00e7\u00e3o cont\u00ednua<\/h2>    <h3 class=\"wp-block-heading\">M\u00e1quina de carv\u00e3o enviada para Gana<\/h3>    <p class=\"translation-block\">Parab\u00e9ns! Um cliente do Gana escolheu recentemente a m\u00e1quina de fazer carv\u00e3o Shuliy, agora a <a href=\"https:\/\/carbonizationplant.com\/pt\/Info\/continuous-charcoal-making-kiln-sent-to-ghana\/\">m\u00e1quina foi enviada para Gana<\/a>. A m\u00e1quina de fazer carv\u00e3o ser\u00e1 usada para fazer carv\u00e3o de casca de coco e carv\u00e3o de casca de palma.<\/p>    <figure class=\"wp-block-gallery has-nested-images columns-default is-cropped wp-block-gallery-4 is-layout-flex wp-block-gallery-is-layout-flex\"> <figure class=\"wp-block-image size-large\"><a href=\"https:\/\/carbonizationplant.com\/pt\/Info\/continuous-charcoal-making-kiln-sent-to-ghana\/\"><img loading=\"lazy\" decoding=\"async\" width=\"720\" height=\"540\" data-id=\"209\" src=\"https:\/\/carbonizationplant.com\/wp-content\/uploads\/2022\/08\/charcaoal-machine-to-Ghana1.webp\" alt=\"m\u00e1quina de carv\u00e3o para Gana\" class=\"wp-image-209\" title=\"\"><\/a><figcaption>m\u00e1quina de carv\u00e3o para Gana<\/figcaption><\/figure>    <figure class=\"wp-block-image size-large\"><a href=\"https:\/\/carbonizationplant.com\/pt\/Info\/continuous-charcoal-making-kiln-sent-to-ghana\/\"><img loading=\"lazy\" decoding=\"async\" width=\"720\" height=\"540\" data-id=\"210\" src=\"https:\/\/carbonizationplant.com\/wp-content\/uploads\/2022\/08\/charcoal-making-machine-shipped-to-Ghana1.webp\" alt=\"m\u00e1quina de fazer carv\u00e3o enviada para Gana\" class=\"wp-image-210\" title=\"\"><\/a><figcaption>m\u00e1quina de fazer carv\u00e3o enviada para Gana<\/figcaption><\/figure> <\/figure>    <h3 class=\"wp-block-heading\">Fog\u00e3o cont\u00ednuo para fazer carv\u00e3o no Reino Unido<\/h3>    <p class=\"translation-block\">O nosso <a href=\"https:\/\/carbonizationplant.com\/pt\/Info\/continuous-carbonizing-furnace-exported-to-the-uk\/\">cliente no Reino Unido<\/a> est\u00e1 na ind\u00fastria do carv\u00e3o vegetal e o seu principal neg\u00f3cio \u00e9 carbonizar lascas de madeira e enviar as lascas de madeira carbonizadas para centrais el\u00e9tricas para uso como combust\u00edvel. Ap\u00f3s navegar pelo nosso site, ele ficou interessado no nosso equipamento de carboniza\u00e7\u00e3o e entrou em contato connosco. Beco, o gerente de contas, recomendou a m\u00e1quina de carv\u00e3o SL-1200, com uma produ\u00e7\u00e3o de 500-600 kg por hora, a produ\u00e7\u00e3o atende \u00e0s necessidades do cliente e o pre\u00e7o est\u00e1 dentro do or\u00e7amento do cliente. Assim, a m\u00e1quina foi rapidamente comprada.<\/p>    <figure class=\"wp-block-gallery has-nested-images columns-default is-cropped wp-block-gallery-5 is-layout-flex wp-block-gallery-is-layout-flex\"> <figure class=\"wp-block-image size-large\"><a href=\"https:\/\/carbonizationplant.com\/pt\/Info\/continuous-carbonizing-furnace-exported-to-the-uk\/\"><img loading=\"lazy\" decoding=\"async\" width=\"720\" height=\"540\" data-id=\"57\" src=\"https:\/\/carbonizationplant.com\/wp-content\/uploads\/2022\/07\/charcoal-machine1.webp\" alt=\"\" class=\"wp-image-57\" title=\"\"><\/a><figcaption>Forno de carboniza\u00e7\u00e3o cont\u00ednua no Reino Unido<\/figcaption><\/figure>    <figure class=\"wp-block-image size-large\"><a href=\"https:\/\/carbonizationplant.com\/pt\/Info\/continuous-carbonizing-furnace-exported-to-the-uk\/\"><img loading=\"lazy\" decoding=\"async\" width=\"720\" height=\"540\" data-id=\"61\" src=\"https:\/\/carbonizationplant.com\/wp-content\/uploads\/2022\/07\/continuous-charcoal-machine-to-England1.webp\" alt=\"\" class=\"wp-image-61\" title=\"\"><\/a><figcaption>m\u00e1quina cont\u00ednua de carv\u00e3o enviada para a Inglaterra<\/figcaption><\/figure> <\/figure>    <h3 class=\"wp-block-heading\">Forno de carboniza\u00e7\u00e3o cont\u00ednua de Uganda<\/h3>    <p class=\"translation-block\">A Shuliy charcoal machinery <a href=\"https:\/\/carbonizationplant.com\/pt\/Info\/charcoal-manufacturing-plant-in-uganda\/\">exportou m\u00e1quinas de carv\u00e3o para Uganda<\/a>, o nosso cliente ugand\u00eas comprou uma linha de produ\u00e7\u00e3o de carv\u00e3o completa da nossa empresa, a sua mat\u00e9ria-prima s\u00e3o aparas de madeira e o produto final s\u00e3o briquetes de carv\u00e3o. <\/p>    <p>Com a ajuda de nossa equipe t\u00e9cnica, o cliente instalou a f\u00e1brica de carv\u00e3o vegetal e passou a produzir oficialmente carv\u00e3o qualificado. Se precisar, podemos equip\u00e1-lo com uma linha completa de produ\u00e7\u00e3o de carv\u00e3o vegetal, incluindo triturador de madeira, forno a carv\u00e3o, m\u00e1quina de carv\u00e3o, etc.<\/p>    <figure class=\"wp-block-gallery has-nested-images columns-default is-cropped wp-block-gallery-6 is-layout-flex wp-block-gallery-is-layout-flex\"> <figure class=\"wp-block-image size-large\"><a href=\"https:\/\/carbonizationplant.com\/pt\/Info\/charcoal-manufacturing-plant-in-uganda\/\"><img loading=\"lazy\" decoding=\"async\" width=\"720\" height=\"540\" data-id=\"248\" src=\"https:\/\/carbonizationplant.com\/wp-content\/uploads\/2022\/08\/our-Chinese-engineer-and-our-Uganda-customer-1.webp\" alt=\"nosso engenheiro chin\u00eas e nosso cliente de Uganda\" class=\"wp-image-248\" title=\"\"><\/a><figcaption>nosso engenheiro chin\u00eas e nosso cliente de Uganda <\/figcaption><\/figure>    <figure class=\"wp-block-image size-large\"><a href=\"https:\/\/carbonizationplant.com\/pt\/Info\/charcoal-manufacturing-plant-in-uganda\/\"><img loading=\"lazy\" decoding=\"async\" width=\"720\" height=\"540\" data-id=\"241\" src=\"https:\/\/carbonizationplant.com\/wp-content\/uploads\/2022\/08\/continuous-carbonization-furnace1.webp\" alt=\"forno de carboniza\u00e7\u00e3o cont\u00ednua\" class=\"wp-image-241\" title=\"\"><\/a><figcaption>forno de carboniza\u00e7\u00e3o cont\u00ednua<\/figcaption><\/figure> <\/figure>    <p>O v\u00eddeo mostra o processo de produ\u00e7\u00e3o de carv\u00e3o em Uganda.<\/p>    <figure class=\"wp-block-embed is-type-video is-provider-youtube wp-block-embed-youtube wp-embed-aspect-16-9 wp-has-aspect-ratio\"><div class=\"wp-block-embed__wrapper\"> <iframe loading=\"lazy\" title=\"Como fazer briquete de carv\u00e3o em Uganda? | Fazendo briquete de carv\u00e3o a partir de tritura\u00e7\u00e3o de madeira!\" width=\"500\" height=\"281\" src=\"https:\/\/www.youtube.com\/embed\/DaCiipJMVK0?start=14&#038;feature=oembed\" frameborder=\"0\" allow=\"accelerometer; autoplay; clipboard-write; encrypted-media; gyroscope; picture-in-picture; web-share\" referrerpolicy=\"strict-origin-when-cross-origin\" allowfullscreen><\/iframe> <\/div><\/figure>    <h3 class=\"wp-block-heading\">Fog\u00e3o cont\u00ednuo para produ\u00e7\u00e3o de carv\u00e3o na Indon\u00e9sia<\/h3>    <p class=\"translation-block\">Um <a href=\"https:\/\/carbonizationplant.com\/pt\/Info\/continuous-carbonizing-stove-indonesia\/\">cliente da Indon\u00e9sia comprou o nosso forno de carboniza\u00e7\u00e3o<\/a>, que \u00e9 usado principalmente para carbonizar aparas de madeira, e as aparas de madeira carbonizadas s\u00e3o depois processadas em p\u00f3 de carv\u00e3o para a produ\u00e7\u00e3o de carv\u00e3o de shisha.<\/p>    <figure class=\"wp-block-gallery has-nested-images columns-default is-cropped wp-block-gallery-7 is-layout-flex wp-block-gallery-is-layout-flex\"> <figure class=\"wp-block-image size-large\"><a href=\"https:\/\/carbonizationplant.com\/pt\/Info\/continuous-carbonizing-stove-indonesia\/\"><img loading=\"lazy\" decoding=\"async\" width=\"720\" height=\"540\" data-id=\"339\" src=\"https:\/\/carbonizationplant.com\/wp-content\/uploads\/2022\/09\/Continuous-Carbonizing-Stove-Shipped-to-Indonesia1.webp\" alt=\"\" class=\"wp-image-339\" title=\"\"><\/a><figcaption>Fog\u00e3o cont\u00ednuo para produ\u00e7\u00e3o de carv\u00e3o na Indon\u00e9sia<\/figcaption><\/figure>    <figure class=\"wp-block-image size-large\"><a href=\"https:\/\/carbonizationplant.com\/pt\/Info\/continuous-carbonizing-stove-indonesia\/\"><img loading=\"lazy\" decoding=\"async\" width=\"720\" height=\"540\" data-id=\"337\" src=\"https:\/\/carbonizationplant.com\/wp-content\/uploads\/2022\/09\/Carbonizing-Stove-Shipped-to-Indonesia1.webp\" alt=\"Fog\u00e3o de carboniza\u00e7\u00e3o cont\u00ednua enviado para a Indon\u00e9sia\" class=\"wp-image-337\" title=\"\"><\/a><figcaption>carregamento e entrega<\/figcaption><\/figure> <\/figure>","protected":false},"excerpt":{"rendered":"<p>The continuous charcoal making stove can turn biomass raw materials into charcoal through charring technology, bringing profit to customers and realizing the efficient and rational use of renewable resources. Raw materials of continuous charcoal making stove Continuous charcoal making stove can carbonize a variety of biomass materials, such as peanut shells, branches, bark, walnut shells, [&hellip;]<\/p>\n","protected":false},"author":1,"featured_media":206,"parent":0,"template":"","tags":[],"product-type":[14],"class_list":["post-204","product","type-product","status-publish","has-post-thumbnail","hentry","product-type-by-machine-type"],"_links":{"self":[{"href":"https:\/\/carbonizationplant.com\/pt\/wp-json\/wp\/v2\/product\/204","targetHints":{"allow":["GET"]}}],"collection":[{"href":"https:\/\/carbonizationplant.com\/pt\/wp-json\/wp\/v2\/product"}],"about":[{"href":"https:\/\/carbonizationplant.com\/pt\/wp-json\/wp\/v2\/types\/product"}],"author":[{"embeddable":true,"href":"https:\/\/carbonizationplant.com\/pt\/wp-json\/wp\/v2\/users\/1"}],"wp:featuredmedia":[{"embeddable":true,"href":"https:\/\/carbonizationplant.com\/pt\/wp-json\/wp\/v2\/media\/206"}],"wp:attachment":[{"href":"https:\/\/carbonizationplant.com\/pt\/wp-json\/wp\/v2\/media?parent=204"}],"wp:term":[{"taxonomy":"post_tag","embeddable":true,"href":"https:\/\/carbonizationplant.com\/pt\/wp-json\/wp\/v2\/tags?post=204"},{"taxonomy":"product-type","embeddable":true,"href":"https:\/\/carbonizationplant.com\/pt\/wp-json\/wp\/v2\/product-type?post=204"}],"curies":[{"name":"wp","href":"https:\/\/api.w.org\/{rel}","templated":true}]}}