{"id":69,"date":"2022-08-01T08:40:17","date_gmt":"2022-08-01T08:40:17","guid":{"rendered":"https:\/\/carbonizationplant.com\/?post_type=product&#038;p=69"},"modified":"2024-03-26T18:11:15","modified_gmt":"2024-03-26T10:11:15","slug":"rice-husk-charcoal-making-machine","status":"publish","type":"product","link":"https:\/\/carbonizationplant.com\/pt\/product\/maquina-de-fazer-carvao-de-casca-de-arroz\/","title":{"rendered":"M\u00e1quina para fazer carv\u00e3o de casca de arroz | Carbonizador de casca de arroz"},"content":{"rendered":"<p>A m\u00e1quina para fazer carv\u00e3o de casca de arroz \u00e9 um equipamento popular para a produ\u00e7\u00e3o de casca de arroz carbonizada. A casca de arroz carbonizada \u00e9 uma nova fonte de energia para fornecer calor para a ind\u00fastria ou outros equipamentos e \u00e9 uma alternativa \u00e0s fontes de energia tradicionais. A Shuliy Machinery oferece dois tipos de m\u00e1quinas de carboniza\u00e7\u00e3o de casca de arroz, incluindo um tipo cont\u00ednuo. Com a crescente falta de fontes de energia como o petr\u00f3leo, o mercado de carv\u00e3o vegetal de casca de arroz como fonte de energia alternativa continuar\u00e1 a crescer, e este \u00e9 o momento de investir em uma m\u00e1quina de produ\u00e7\u00e3o de carv\u00e3o vegetal de casca de arroz para aproveitar a oportunidade de mercado e criar lucros substanciais .<\/p>   <div class=\"wp-block-image\"> <figure class=\"aligncenter size-full\"><img loading=\"lazy\" decoding=\"async\" width=\"800\" height=\"533\" src=\"https:\/\/carbonizationplant.com\/wp-content\/uploads\/2022\/08\/carbonized-rice-hull.webp\" alt=\"casca de arroz carbonizada\" class=\"wp-image-81\" title=\"\"><figcaption class=\"wp-element-caption\">casca de arroz carbonizada<\/figcaption><\/figure> <\/div>   <h2 class=\"wp-block-heading\" id=\"h-rice-husk-charcoal-making-machine-for-sale\">Venda m\u00e1quina de fazer carv\u00e3o de casca de arroz<\/h2>    <p>O grupo Shuliy fornece dois fornos diferentes de carboniza\u00e7\u00e3o de casca de arroz para os clientes, ambos com m\u00e9todos de trabalho cont\u00ednuos. Eles s\u00e3o dur\u00e1veis \u200b\u200be ecol\u00f3gicos. Al\u00e9m disso, a m\u00e1quina pode ser aplicada em cavacos de madeira carbonizada, cascas de coco ou outros materiais. Diga-nos as mat\u00e9rias-primas que voc\u00ea precisa para carbonizar e lhe daremos um atendimento personalizado.<\/p>   <div class=\"wp-block-image\"> <figure class=\"aligncenter size-full\"><a href=\"https:\/\/carbonizationplant.com\/pt\/product\/newest-continuous-carbonization-furnace\/\"><img loading=\"lazy\" decoding=\"async\" width=\"720\" height=\"540\" src=\"https:\/\/carbonizationplant.com\/wp-content\/uploads\/2022\/07\/continuous-charcoal-making-machine-21.webp\" alt=\"m\u00e1quina cont\u00ednua de fazer carv\u00e3o\" class=\"wp-image-41\" title=\"\"><\/a><figcaption class=\"wp-element-caption\">m\u00e1quina cont\u00ednua de fazer carv\u00e3o<\/figcaption><\/figure> <\/div>   <figure class=\"wp-block-table\"><table><tbody><tr><td>Modelo<\/td><td>SL-0812<\/td><td>SL-1015<\/td><td>SL-1218<\/td><td>SL-1320<\/td><\/tr><tr><td>Capacidade de alimenta\u00e7\u00e3o por hora<\/td><td>500kg<\/td><td>0,8-1\u00a0toneladas<\/td><td>1,5-2 toneladas<\/td><td>2,5-3 toneladas<\/td><\/tr><tr><td>M\u00e9todo de trabalho<\/td><td>Carboniza\u00e7\u00e3o\u00a0cont\u00ednua<\/td><td><\/td><td><\/td><td><\/td><\/tr><tr><td>Tamanho do reator<\/td><td>800mm<\/td><td>1000mm<\/td><td>1300 mm<\/td><td>1700 mm<\/td><\/tr><tr><td>Materiais de aquecimento<\/td><td>Carv\u00e3o vegetal, madeira, diesel, g\u00e1s natural, GLP, pellets de biomassa, etc.<\/td><td><\/td><td><\/td><td><\/td><\/tr><tr><td>Poder total<\/td><td>40 kw\/h<\/td><td>55 kw\/h<\/td><td>60 kw\/h<\/td><td>72 kw\/h<\/td><\/tr><tr><td>\u00c1rea \u00fatil (C*L*A)<\/td><td>30m*15m*7m<\/td><td>35*15*7m<\/td><td>45*15*10m<\/td><td>50*15*10m<\/td><\/tr><tr><td>Press\u00e3o de opera\u00e7\u00e3o<\/td><td>Press\u00e3o constante<\/td><td>Press\u00e3o constante<\/td><td>Press\u00e3o constante<\/td><td>Press\u00e3o constante<\/td><\/tr><tr><td>M\u00e9todo de resfriamento<\/td><td>Reciclagem de resfriamento de \u00e1gua<\/td><td><\/td><td><\/td><td><\/td><\/tr><\/tbody><\/table><\/figure>   <div class=\"wp-block-image\"> <figure class=\"aligncenter size-full\"><a href=\"https:\/\/carbonizationplant.com\/pt\/product\/continuous-charcoal-making-stove\/\"><img loading=\"lazy\" decoding=\"async\" width=\"720\" height=\"540\" src=\"https:\/\/carbonizationplant.com\/wp-content\/uploads\/2022\/07\/continuous-charcoal-making-machine1.webp\" alt=\"\" class=\"wp-image-40\" title=\"\"><\/a><figcaption class=\"wp-element-caption\">m\u00e1quina cont\u00ednua de fazer carv\u00e3o de casca de arroz<\/figcaption><\/figure> <\/div>   <figure class=\"wp-block-table\"><table><tbody><tr><td>Modelo<\/td><td>SL-CF800<\/td><td>SL-CF1000<\/td><td>SL-CF1200<\/td><\/tr><tr><td>Di\u00e2metro (mm)<\/td><td>800<\/td><td>1000<\/td><td>1200<\/td><\/tr><tr><td>Capacidade (kg\/h)<\/td><td>400-600<\/td><td>800-1000<\/td><td>1200-1500<\/td><\/tr><tr><td>Pot\u00eancia principal (kw)<\/td><td>18.5<\/td><td>18.5<\/td><td>20<\/td><\/tr><tr><td>Temperatura de carboniza\u00e7\u00e3o (\u2103)<\/td><td>500-800<\/td><td>500-800<\/td><td>500-800<\/td><\/tr><tr><td>Pot\u00eancia do ventilador (kw)<\/td><td>5.5<\/td><td>5.5<\/td><td>5.5<\/td><\/tr><\/tbody><\/table><\/figure>    <h2 class=\"wp-block-heading\" id=\"h-rice-hull-carbonizer-design\"><strong>Projeto do carbonizador de casca de arroz<\/strong><\/h2>    <h3 class=\"wp-block-heading\"><strong><a href=\"https:\/\/carbonizationplant.com\/pt\/product\/continuous-charcoal-making-stove\/\">M\u00e1quina cont\u00ednua de carv\u00e3o <\/a><\/strong><\/h3>    <p>Esta m\u00e1quina para fazer carv\u00e3o de casca de arroz inclui principalmente alimenta\u00e7\u00e3o em espiral, alimenta\u00e7\u00e3o plana, m\u00e1quina principal, descarga de condensa\u00e7\u00e3o, cabe\u00e7a de chama, piscina de combust\u00e3o, equipamento de purifica\u00e7\u00e3o, gabinete de distribui\u00e7\u00e3o de energia, etc. \u00e1rea de carboniza\u00e7\u00e3o de alta temperatura e \u00e1rea de resfriamento.<\/p>    <div class=\"wp-block-media-text alignwide is-stacked-on-mobile\"><figure class=\"wp-block-media-text__media\"><img loading=\"lazy\" decoding=\"async\" width=\"720\" height=\"540\" src=\"https:\/\/carbonizationplant.com\/wp-content\/uploads\/2022\/08\/ignition-head1.webp\" alt=\"cabe\u00e7a de igni\u00e7\u00e3o\" class=\"wp-image-82 size-full\" title=\"\"><\/figure><div class=\"wp-block-media-text__content\"> <h2 class=\"wp-block-heading\"><strong>Cabe\u00e7a de igni\u00e7\u00e3o de piscina em chamas<\/strong><\/h2>    <p>O n\u00famero de cabe\u00e7as de igni\u00e7\u00e3o varia de modelo para modelo, por exemplo, o modelo SL-CF1200 possui 18 cabe\u00e7as de igni\u00e7\u00e3o no total. N\u00f3s os usamos como dispositivos de igni\u00e7\u00e3o ao escolher o GLP como fonte de calor.<\/p> <\/div><\/div>    <div class=\"wp-block-media-text alignwide has-media-on-the-right is-stacked-on-mobile\"><div class=\"wp-block-media-text__content\"> <h2 class=\"wp-block-heading\"><strong> C\u00e9lula de combust\u00e3o<\/strong><\/h2> <\/div><figure class=\"wp-block-media-text__media\"><img loading=\"lazy\" decoding=\"async\" width=\"720\" height=\"540\" src=\"https:\/\/carbonizationplant.com\/wp-content\/uploads\/2022\/08\/burning-pool1.webp\" alt=\"piscina em chamas\" class=\"wp-image-83 size-full\" title=\"\"><\/figure><\/div>    <div class=\"wp-block-media-text alignwide is-stacked-on-mobile\"><figure class=\"wp-block-media-text__media\"><img loading=\"lazy\" decoding=\"async\" width=\"720\" height=\"540\" src=\"https:\/\/carbonizationplant.com\/wp-content\/uploads\/2022\/08\/inside-structure-of-the-burning-pool1.webp\" alt=\"estrutura interna da piscina em chamas\" class=\"wp-image-84 size-full\" title=\"\"><\/figure><div class=\"wp-block-media-text__content\"> <h2 class=\"wp-block-heading\"><strong>Estrutura interna da c\u00e9lula de combust\u00e3o<\/strong><\/h2>    <p>\u00c9 feito de a\u00e7o Q235 com 4 mm de espessura e l\u00e3 de rocha de alta temperatura com 5 cm de espessura, que possui bom isolamento t\u00e9rmico e garante o efeito de carboniza\u00e7\u00e3o.<\/p> <\/div><\/div>    <div class=\"wp-block-media-text alignwide has-media-on-the-right is-stacked-on-mobile\"><div class=\"wp-block-media-text__content\"> <h2 class=\"wp-block-heading\"><strong>Projeto dentro do carbonizador de casca de arroz<\/strong><\/h2>    <p>A m\u00e1quina para fazer carv\u00e3o de casca de arroz adota uma placa de a\u00e7o inoxid\u00e1vel 310s e l\u00e3 de rocha, o que melhora a veda\u00e7\u00e3o e a preserva\u00e7\u00e3o do calor.<\/p> <\/div><figure class=\"wp-block-media-text__media\"><img loading=\"lazy\" decoding=\"async\" width=\"720\" height=\"540\" src=\"https:\/\/carbonizationplant.com\/wp-content\/uploads\/2022\/08\/mineral-wool1.webp\" alt=\"l\u00e3 mineral\" class=\"wp-image-86 size-full\" title=\"\"><\/figure><\/div>    <h3 class=\"wp-block-heading\">Mais novo tipo de forno de carboniza\u00e7\u00e3o cont\u00ednua<\/h3>    <figure class=\"wp-block-embed is-type-video is-provider-youtube wp-block-embed-youtube wp-embed-aspect-16-9 wp-has-aspect-ratio\"><div class=\"wp-block-embed__wrapper\"> <iframe loading=\"lazy\" title=\"Como funciona a m\u00e1quina de fazer carv\u00e3o cont\u00ednuo? | V\u00eddeo 3D do processo de trabalho do forno a carv\u00e3o\" width=\"500\" height=\"281\" src=\"https:\/\/www.youtube.com\/embed\/bOzrHR-9HFs?start=1&#038;feature=oembed\" frameborder=\"0\" allow=\"accelerometer; autoplay; clipboard-write; encrypted-media; gyroscope; picture-in-picture; web-share\" referrerpolicy=\"strict-origin-when-cross-origin\" allowfullscreen><\/iframe> <\/div><\/figure>    <h2 class=\"wp-block-heading\">Perguntas frequentes sobre m\u00e1quina de fazer carv\u00e3o de casca de arroz<\/h2>   <div id=\"rank-math-faq\" class=\"rank-math-block\"> <div class=\"rank-math-list\"> <div id=\"faq-question-1711447351470\" class=\"rank-math-list-item\"> <h3 class=\"rank-math-question\">H\u00e1 algum requisito para casca de arroz?<\/h3> <div class=\"rank-math-answer\">  <p>O teor de umidade das mat\u00e9rias-primas precisa ser inferior a 20%. Se o teor de umidade for alto, ser\u00e1 necess\u00e1rio sec\u00e1-lo previamente com equipamento de secagem.<\/p>  <\/div> <\/div> <div id=\"faq-question-1711447418724\" class=\"rank-math-list-item\"> <h3 class=\"rank-math-question\">Esse equipamento pode usar casca de amendoim para fazer carv\u00e3o?<\/h3> <div class=\"rank-math-answer\">  <p>Claro que qualquer material abaixo de 10 cent\u00edmetros \u00e9 aceit\u00e1vel, como cascas de amendoim, espigas de milho, talos de sorgo, cascas de coco, baga\u00e7o de cana, serragem, etc.<\/p>  <\/div> <\/div> <div id=\"faq-question-1711447606358\" class=\"rank-math-list-item\"> <h3 class=\"rank-math-question\">Os subprodutos da combust\u00e3o causam polui\u00e7\u00e3o?<\/h3> <div class=\"rank-math-answer\">  <p>O alcatr\u00e3o e o vinagre de madeira produzidos pelos nossos equipamentos possuem equipamento anti-queima, que queima o alcatr\u00e3o e o vinagre de madeira sem causar polui\u00e7\u00e3o.<\/p>  <\/div> <\/div> <\/div> <\/div>   <h2 class=\"wp-block-heading\"><strong>Processo de fabrica\u00e7\u00e3o de carv\u00e3o de casca de arroz<\/strong><\/h2>    <ul class=\"wp-block-list\"> <li>Ap\u00f3s ligar a m\u00e1quina de fazer carv\u00e3o de casca de arroz, a m\u00e1quina \u00e9 iluminada com g\u00e1s liquefeito de petr\u00f3leo (GLP). A m\u00e1quina precisa ser pr\u00e9-aquecida por cerca de 1 hora e leva 20-30kg de GLP para acender uma vez. (Todo o processo s\u00f3 precisa acender o GLP uma vez)<\/li>    <li>Quando a temperatura na zona de pr\u00e9-aquecimento atingir 280\u00b0-330\u00b0, coloque mat\u00e9rias-primas como casca de arroz e lascas de madeira.<\/li>    <li>Acenda a c\u00e2mara de combust\u00e3o. Ap\u00f3s carbonizar por 10-20 minutos, observe a c\u00e2mara de combust\u00e3o. Se for produzido g\u00e1s combust\u00edvel, desligue o queimador e use esses gases como combust\u00edvel, n\u00e3o mais GLP.<\/li>    <li>Como a casca de arroz carbonizada est\u00e1 muito quente, ela precisa ser resfriada antes de ser descarregada. O forno de carboniza\u00e7\u00e3o \u00e9 equipado com condensador duplo para auxiliar no resfriamento do carv\u00e3o de casca de arroz.<\/li> <\/ul>    <h2 class=\"wp-block-heading\"><strong>Por que escolher a m\u00e1quina para fazer carv\u00e3o com casca de arroz Shuliy?<\/strong><\/h2>    <p>A m\u00e1quina de carv\u00e3o Shuliy produz carv\u00e3o de casca de arroz de excelente qualidade. Ap\u00f3s experimentos na f\u00e1brica, descobriu-se que esse carv\u00e3o de casca de arroz se tornar\u00e1 s\u00f3lido preto granular ap\u00f3s ser esmagado \u00e0 m\u00e3o e n\u00e3o ser\u00e1 amassado at\u00e9 formar massa ou areia. Parte do carv\u00e3o de casca de arroz vendido no mercado se transformar\u00e1 em cinza quando esfregado manualmente, o que \u00e9 de baixa qualidade e ter\u00e1 um efeito negativo no a\u00e7o quando utilizado na siderurgia.<\/p>    <h2 class=\"wp-block-heading\">Uso de casca de arroz carbonizada<\/h2>    <ul class=\"wp-block-list\"> <li>A casca de arroz carbonizada pode ser utilizada na produ\u00e7\u00e3o industrial e \u00e9 um excelente material para fornecer calor para a produ\u00e7\u00e3o de a\u00e7o e ferro. O uso de cascas de arroz carbonizadas pode reduzir o consumo de energia e \u00e9 econ\u00f4mico.<\/li>    <li>Na agricultura, alguns investidores utilizam o carv\u00e3o final da casca de arroz como mat\u00e9ria-prima para fertilizantes e condicionadores de solo. Cascas de arroz carbonizadas com valor de Ph acima de 7,0 podem neutralizar o solo \u00e1cido e evitar a acidifica\u00e7\u00e3o do solo. Al\u00e9m disso, misturar cascas de arroz carbonizadas no meio pode tornar o solo arenoso mais retentor de \u00e1gua e ajudar as plantas a crescer.<\/li>    <li>Existem tamb\u00e9m muitos clientes que reprocessam cascas de arroz carbonizadas, moendo-as at\u00e9 virar p\u00f3 e adicionando aglutinantes para fazer v\u00e1rios formatos de blocos de carv\u00e3o que podem ser usados \u200b\u200bpara aquecimento dom\u00e9stico e carv\u00e3o para churrasco, etc.<\/li> <\/ul>","protected":false},"excerpt":{"rendered":"<p>Rice husk charcoal making machine is a piece of popular equipment for producing carbonized rice husk. carbonized rice hull is a new energy source to provide heat for industry or other equipment and is an alternative to traditional energy sources. Shuliy Machinery offers two types of rice husk charring machines, including and continuous type. With [&hellip;]<\/p>\n","protected":false},"author":1,"featured_media":71,"parent":0,"template":"","tags":[9],"product-type":[13],"class_list":["post-69","product","type-product","status-publish","has-post-thumbnail","hentry","tag-charcoal-making-machine","product-type-by-material"],"_links":{"self":[{"href":"https:\/\/carbonizationplant.com\/pt\/wp-json\/wp\/v2\/product\/69","targetHints":{"allow":["GET"]}}],"collection":[{"href":"https:\/\/carbonizationplant.com\/pt\/wp-json\/wp\/v2\/product"}],"about":[{"href":"https:\/\/carbonizationplant.com\/pt\/wp-json\/wp\/v2\/types\/product"}],"author":[{"embeddable":true,"href":"https:\/\/carbonizationplant.com\/pt\/wp-json\/wp\/v2\/users\/1"}],"wp:featuredmedia":[{"embeddable":true,"href":"https:\/\/carbonizationplant.com\/pt\/wp-json\/wp\/v2\/media\/71"}],"wp:attachment":[{"href":"https:\/\/carbonizationplant.com\/pt\/wp-json\/wp\/v2\/media?parent=69"}],"wp:term":[{"taxonomy":"post_tag","embeddable":true,"href":"https:\/\/carbonizationplant.com\/pt\/wp-json\/wp\/v2\/tags?post=69"},{"taxonomy":"product-type","embeddable":true,"href":"https:\/\/carbonizationplant.com\/pt\/wp-json\/wp\/v2\/product-type?post=69"}],"curies":[{"name":"wp","href":"https:\/\/api.w.org\/{rel}","templated":true}]}}