{"id":87,"date":"2022-08-02T07:55:41","date_gmt":"2022-08-02T07:55:41","guid":{"rendered":"https:\/\/carbonizationplant.com\/?post_type=product&#038;p=87"},"modified":"2024-03-28T09:09:39","modified_gmt":"2024-03-28T01:09:39","slug":"wood-charcoal-making-machine","status":"publish","type":"product","link":"https:\/\/carbonizationplant.com\/pt\/product\/maquina-de-fazer-carvao-de-madeira\/","title":{"rendered":"M\u00e1quina para fazer carv\u00e3o de madeira | Forno de carboniza\u00e7\u00e3o de toras"},"content":{"rendered":"<p>A m\u00e1quina para fazer carv\u00e3o de madeira \u00e9 amplamente utilizada em v\u00e1rias f\u00e1bricas de carv\u00e3o. Alguns pa\u00edses possuem recursos madeireiros abundantes, como Reino Unido, Filipinas, Indon\u00e9sia, Tail\u00e2ndia, etc. Se voc\u00ea usar o forno de carboniza\u00e7\u00e3o para transformar essas madeiras em carv\u00e3o, obter\u00e1 um retorno consider\u00e1vel. Agora Shuliy fornece dois tipos de forno de carboniza\u00e7\u00e3o de madeira, incluindo m\u00e1quina de carboniza\u00e7\u00e3o vertical e m\u00e1quina de carboniza\u00e7\u00e3o horizontal.<\/p>    <figure class=\"wp-block-gallery has-nested-images columns-default is-cropped wp-block-gallery-2 is-layout-flex wp-block-gallery-is-layout-flex\"> <figure class=\"wp-block-image size-large\"><img loading=\"lazy\" decoding=\"async\" width=\"1568\" height=\"1045\" data-id=\"90\" src=\"https:\/\/carbonizationplant.com\/wp-content\/uploads\/2022\/08\/wood-logs-.webp\" alt=\"troncos de madeira\" class=\"wp-image-90\" title=\"\"><figcaption class=\"wp-element-caption\">troncos de madeira<\/figcaption><\/figure>    <figure class=\"wp-block-image size-large\"><img loading=\"lazy\" decoding=\"async\" width=\"500\" height=\"500\" data-id=\"89\" src=\"https:\/\/carbonizationplant.com\/wp-content\/uploads\/2022\/08\/wood-charcoal.webp\" alt=\"carv\u00e3o vegetal\" class=\"wp-image-89\" title=\"\"><figcaption class=\"wp-element-caption\">carv\u00e3o vegetal<\/figcaption><\/figure> <\/figure>    <h2 class=\"wp-block-heading\" id=\"h-hoisting-carbonization-furnace-for-sale\">Venda forno de carboniza\u00e7\u00e3o de eleva\u00e7\u00e3o<\/h2>    <p class=\"translation-block\"><strong><a href=\"https:\/\/carbonizationplant.com\/pt\/product\/forno-de-carbonizacao-de-elevacao\/\">Forno de carboniza\u00e7\u00e3o suspenso<\/a><\/strong> tamb\u00e9m \u00e9 chamado de forno de carboniza\u00e7\u00e3o vertical, que \u00e9 um equipamento ideal para destila\u00e7\u00e3o anaer\u00f3bica e carboniza\u00e7\u00e3o. Ele adota um sistema avan\u00e7ado de resfriamento a vapor, que pode economizar muito calor. O forno de carboniza\u00e7\u00e3o vertical \u00e9 um equipamento ideal para carbonizar toras e blocos de madeira.<\/p>    <figure class=\"wp-block-gallery has-nested-images columns-default is-cropped wp-block-gallery-3 is-layout-flex wp-block-gallery-is-layout-flex\"> <figure class=\"wp-block-image size-large\"><img loading=\"lazy\" decoding=\"async\" width=\"720\" height=\"540\" data-id=\"92\" src=\"https:\/\/carbonizationplant.com\/wp-content\/uploads\/2022\/08\/ourter-shell-of-the-carbonizing-furnace1.webp\" alt=\"nossa carca\u00e7a do forno de carboniza\u00e7\u00e3o\" class=\"wp-image-92\" title=\"\"><figcaption class=\"wp-element-caption\">casca externa da m\u00e1quina de fazer carv\u00e3o de madeira<\/figcaption><\/figure>    <figure class=\"wp-block-image size-large\"><img loading=\"lazy\" decoding=\"async\" width=\"720\" height=\"540\" data-id=\"93\" src=\"https:\/\/carbonizationplant.com\/wp-content\/uploads\/2022\/08\/three-inner-tanks-for-continuously-working1.webp\" alt=\"tr\u00eas tanques internos para trabalho cont\u00ednuo\" class=\"wp-image-93\" title=\"\"><figcaption class=\"wp-element-caption\">tr\u00eas tanques internos para trabalho cont\u00ednuo<\/figcaption><\/figure> <\/figure>    <h3 class=\"wp-block-heading\">V\u00eddeo da m\u00e1quina de fazer carv\u00e3o de madeira<\/h3>    <figure class=\"wp-block-embed is-type-video is-provider-youtube wp-block-embed-youtube wp-embed-aspect-16-9 wp-has-aspect-ratio\"><div class=\"wp-block-embed__wrapper\"> <iframe loading=\"lazy\" title=\"Venda m\u00e1quina de fazer carv\u00e3o | Forno de carboniza\u00e7\u00e3o de talha para toras e casca de coco e bambu\" width=\"500\" height=\"281\" src=\"https:\/\/www.youtube.com\/embed\/AhiE6lVFOnk?feature=oembed\" frameborder=\"0\" allow=\"accelerometer; autoplay; clipboard-write; encrypted-media; gyroscope; picture-in-picture; web-share\" referrerpolicy=\"strict-origin-when-cross-origin\" allowfullscreen><\/iframe> <\/div><\/figure>    <h3 class=\"wp-block-heading\">Par\u00e2metros do forno de carboniza\u00e7\u00e3o vertical<\/h3>    <figure class=\"wp-block-table\"><table><tbody><tr><td>Modelo<\/td><td>SL-C1500<\/td><\/tr><tr><td>Dimens\u00e3o<\/td><td>1940mm*1900mm*1900mm<\/td><\/tr><tr><td>Tamanho do tanque interno<\/td><td>1500mm*1500mm<\/td><\/tr><tr><td>Espessura externa da bexiga<\/td><td>6mm<\/td><\/tr><tr><td>Capacidade de sa\u00edda<\/td><td>2500-3000kg\/24 horas<\/td><\/tr><tr><td>Capacidade de carregamento<\/td><td>2600-3000kg\/por 8 horas<\/td><\/tr><tr><td>Peso<\/td><td>2,8t<\/td><\/tr><\/tbody><\/table><\/figure>    <h3 class=\"wp-block-heading\" id=\"h-advantages-of-hoisting-carbonization-furnace\">Vantagens de i\u00e7ar o forno de carboniza\u00e7\u00e3o<\/h3>    <ul class=\"wp-block-list\"> <li>Cada forno de carboniza\u00e7\u00e3o vertical pode carbonizar 50-80kg de materiais em um forno, se o cliente tiver uma grande produ\u00e7\u00e3o, v\u00e1rios fornos de carboniza\u00e7\u00e3o podem funcionar ao mesmo tempo, e o pr\u00f3prio cliente pode decidir livremente o n\u00famero de fornos de carboniza\u00e7\u00e3o de acordo com a produ\u00e7\u00e3o, a opera\u00e7\u00e3o \u00e9 muito flex\u00edvel e control\u00e1vel.<\/li>    <li>Cada forno de carboniza\u00e7\u00e3o vertical \u00e9 equipado com forro interno extra, quando a carboniza\u00e7\u00e3o de um forno \u00e9 finalizada, n\u00e3o h\u00e1 necessidade de intervalo de tempo, colocar diretamente outro cheio de mat\u00e9ria-prima no dan interno para carbonizar, de modo a aumentar a efici\u00eancia.<\/li>    <li>O combust\u00edvel para a m\u00e1quina de fazer carv\u00e3o vegetal \u00e9 madeira, carv\u00e3o vegetal, pellets de madeira, etc. Esses combust\u00edveis s\u00e3o baratos e f\u00e1ceis de obter. O processo de carboniza\u00e7\u00e3o economiza combust\u00edvel, o combust\u00edvel produzir\u00e1 g\u00e1s combust\u00edvel ap\u00f3s a queima por um per\u00edodo de tempo, esses gases ser\u00e3o utilizados como combust\u00edvel, sem necessidade de adi\u00e7\u00e3o de madeira ou carv\u00e3o.<\/li>    <li>Todo o forno de carboniza\u00e7\u00e3o cobre uma pequena \u00e1rea, o que \u00e9 muito adequado para pequenas e m\u00e9dias f\u00e1bricas de carboniza\u00e7\u00e3o.<\/li> <\/ul>    <h2 class=\"wp-block-heading\">Forno de carboniza\u00e7\u00e3o horizontal para venda<\/h2>    <p class=\"translation-block\">Um <strong><a href=\"https:\/\/carbonizationplant.com\/pt\/product\/forno-de-carbonizacao-horizontal\/\">forno de carboniza\u00e7\u00e3o horizontal<\/a><\/strong> \u00e9 um equipamento de carboniza\u00e7\u00e3o para processar carv\u00e3o, adequado para carbonizar mat\u00e9rias-primas volumosas, como bambu, toras, varas de biomassa, cascas de coco, etc.<\/p>    <figure class=\"wp-block-gallery has-nested-images columns-default is-cropped wp-block-gallery-4 is-layout-flex wp-block-gallery-is-layout-flex\"> <figure class=\"wp-block-image size-large\"><img loading=\"lazy\" decoding=\"async\" width=\"720\" height=\"540\" data-id=\"94\" src=\"https:\/\/carbonizationplant.com\/wp-content\/uploads\/2022\/08\/horizontal-charcoal-furnace1.webp\" alt=\"\" class=\"wp-image-94\" title=\"\"><figcaption class=\"wp-element-caption\">forno a carv\u00e3o horizontal<\/figcaption><\/figure>    <figure class=\"wp-block-image size-large\"><img loading=\"lazy\" decoding=\"async\" width=\"720\" height=\"540\" data-id=\"95\" src=\"https:\/\/carbonizationplant.com\/wp-content\/uploads\/2022\/08\/structures-of-horizontal-carbonization-furnace1.webp\" alt=\" forno de carboniza\u00e7\u00e3o horizontal\" class=\"wp-image-95\" title=\"\"><figcaption class=\"wp-element-caption\"> forno de carboniza\u00e7\u00e3o horizontal<\/figcaption><\/figure> <\/figure>    <h3 class=\"wp-block-heading\">Par\u00e2metros do forno de carboniza\u00e7\u00e3o horizontal<\/h3>    <figure class=\"wp-block-table\"><table><tbody><tr><td>Tipo<\/td><td>Capacidade<\/td><td>Peso<\/td><td>Tamanho<\/td><\/tr><tr><td>SL-C1300&nbsp;&nbsp;<\/td><td>900-1200kg\/12-14h<\/td><td>2500kg<\/td><td>3*1,7*2,2m<\/td><\/tr><tr><td>SL-C1500&nbsp;<\/td><td>1500-2000kg\/12-14h<\/td><td>4000kg<\/td><td>4,5*1,9*2,3m<\/td><\/tr><tr><td>SL-C1900&nbsp;&nbsp;<\/td><td>2500-3000kg\/12-14h<\/td><td>5500kg<\/td><td>5*2,3*2,5m<\/td><\/tr><\/tbody><\/table><\/figure>    <h3 class=\"wp-block-heading\">V\u00eddeo da m\u00e1quina de fazer carv\u00e3o de madeira<\/h3>    <figure class=\"wp-block-embed is-type-video is-provider-youtube wp-block-embed-youtube wp-embed-aspect-16-9 wp-has-aspect-ratio\"><div class=\"wp-block-embed__wrapper\"> <iframe loading=\"lazy\" title=\"Forno de carboniza\u00e7\u00e3o horizontal para toras e blocos de madeira e bambu\" width=\"500\" height=\"281\" src=\"https:\/\/www.youtube.com\/embed\/pq6ped8C1RY?start=25&#038;feature=oembed\" frameborder=\"0\" allow=\"accelerometer; autoplay; clipboard-write; encrypted-media; gyroscope; picture-in-picture; web-share\" referrerpolicy=\"strict-origin-when-cross-origin\" allowfullscreen><\/iframe> <\/div><\/figure>    <h3 class=\"wp-block-heading\" id=\"h-advantages-of-horizontal-carbonization-furnace\">Vantagens do forno de carboniza\u00e7\u00e3o horizontal<\/h3>    <ul class=\"wp-block-list\"> <li>A m\u00e1quina horizontal para fazer carv\u00e3o de madeira tem uma grande produ\u00e7\u00e3o, a produ\u00e7\u00e3o m\u00ednima \u00e9 de 900 kg de material carbonizado a cada 12 horas e a produ\u00e7\u00e3o m\u00e1xima \u00e9 de 3.000 kg de material carbonizado a cada 12 horas.<\/li>    <li>O forno de carboniza\u00e7\u00e3o horizontal \u00e9 equipado com trilhos-guia e carrinhos, enche o carrinho com materiais, empurra-o para dentro do forno atrav\u00e9s dos trilhos-guia e puxa-o para fora diretamente ap\u00f3s o t\u00e9rmino da carboniza\u00e7\u00e3o, o que \u00e9 muito conveniente de operar e aproveita ao m\u00e1ximo o espa\u00e7o dentro da fornalha.<\/li>    <li>Dentro da m\u00e1quina horizontal para fazer carv\u00e3o de madeira h\u00e1 l\u00e3 de rocha de alta temperatura, que evita que a temperatura se perca durante a carboniza\u00e7\u00e3o e garante o efeito de carboniza\u00e7\u00e3o.<\/li> <\/ul>    <h2 class=\"wp-block-heading\">Perguntas frequentes sobre m\u00e1quina de carv\u00e3o vegetal<\/h2>   <div id=\"rank-math-faq\" class=\"rank-math-block\"> <div class=\"rank-math-list\"> <div id=\"faq-question-1711587750434\" class=\"rank-math-list-item\"> <h3 class=\"rank-math-question\">O guindaste do forno de carboniza\u00e7\u00e3o de eleva\u00e7\u00e3o \u00e9 autom\u00e1tico?<\/h3> <div class=\"rank-math-answer\">  <p>Sim, os trabalhadores s\u00f3 precisam operar o guindaste.<\/p>  <\/div> <\/div> <div id=\"faq-question-1711587945158\" class=\"rank-math-list-item\"> <h3 class=\"rank-math-question\">Qual \u00e9 o material da m\u00e1quina?<\/h3> <div class=\"rank-math-answer\">  <p>A m\u00e1quina \u00e9 feita inteiramente de a\u00e7o e \u00e9 muito dur\u00e1vel.<\/p>  <\/div> <\/div> <div id=\"faq-question-1711588044604\" class=\"rank-math-list-item\"> <h3 class=\"rank-math-question\">Quanto tempo leva para queimar uma fornalha?<\/h3> <div class=\"rank-math-answer\">  <p>Normalmente s\u00e3o de 8 a 10 horas. Al\u00e9m disso, o tempo de resfriamento leva mais 8 a 10 horas.<\/p>  <\/div> <\/div> <\/div> <\/div>   <h2 class=\"wp-block-heading\">Por que escolher a m\u00e1quina de carv\u00e3o vegetal Shuliy?<\/h2>    <ol class=\"wp-block-list\"> <li>Variedade de modelos. Temos uma ampla gama de equipamentos de carboniza\u00e7\u00e3o para os clientes escolherem, portanto, n\u00e3o importa o material que voc\u00ea deseja processar, podemos encontrar o melhor equipamento de carboniza\u00e7\u00e3o para voc\u00ea.<\/li>    <li>Design n\u00e3o poluente. Os problemas ambientais tornaram-se uma quest\u00e3o s\u00e9ria com a qual nos dever\u00edamos preocupar, especialmente na \u00c1sia e em \u00c1frica. A m\u00e1quina para fazer carv\u00e3o Shuliy \u00e9 ideal com um sistema de remo\u00e7\u00e3o de poeira para limpar a fuma\u00e7a residual.<\/li>    <li>Servi\u00e7o atencioso. Shuliy Machinery fornecer\u00e1 excelente servi\u00e7o pr\u00e9 e p\u00f3s-venda, suporte t\u00e9cnico e solu\u00e7\u00f5es aos nossos clientes. Se voc\u00ea precisar de nossa m\u00e1quina e servi\u00e7os para fazer carv\u00e3o vegetal, n\u00e3o hesite em nos contatar agora mesmo.<\/li> <\/ol>","protected":false},"excerpt":{"rendered":"<p>Wood charcoal making machine is widely used in various charcoal plants. Some countries have abundant wood resources, such as UK, Philippines, Indonesia, Thailand, etc. If you use the carbonization furnace to turn these woods into charcoal, you will get a considerable return. Now Shuliy provides two types of wood carbonization furnace, including vertical carbonization machine [&hellip;]<\/p>\n","protected":false},"author":1,"featured_media":91,"parent":0,"template":"","tags":[12],"product-type":[13],"class_list":["post-87","product","type-product","status-publish","has-post-thumbnail","hentry","tag-wood-charcoal-making-machine","product-type-by-material"],"_links":{"self":[{"href":"https:\/\/carbonizationplant.com\/pt\/wp-json\/wp\/v2\/product\/87","targetHints":{"allow":["GET"]}}],"collection":[{"href":"https:\/\/carbonizationplant.com\/pt\/wp-json\/wp\/v2\/product"}],"about":[{"href":"https:\/\/carbonizationplant.com\/pt\/wp-json\/wp\/v2\/types\/product"}],"author":[{"embeddable":true,"href":"https:\/\/carbonizationplant.com\/pt\/wp-json\/wp\/v2\/users\/1"}],"wp:featuredmedia":[{"embeddable":true,"href":"https:\/\/carbonizationplant.com\/pt\/wp-json\/wp\/v2\/media\/91"}],"wp:attachment":[{"href":"https:\/\/carbonizationplant.com\/pt\/wp-json\/wp\/v2\/media?parent=87"}],"wp:term":[{"taxonomy":"post_tag","embeddable":true,"href":"https:\/\/carbonizationplant.com\/pt\/wp-json\/wp\/v2\/tags?post=87"},{"taxonomy":"product-type","embeddable":true,"href":"https:\/\/carbonizationplant.com\/pt\/wp-json\/wp\/v2\/product-type?post=87"}],"curies":[{"name":"wp","href":"https:\/\/api.w.org\/{rel}","templated":true}]}}